{"id":12677,"date":"2025-11-07T00:21:28","date_gmt":"2025-11-07T00:21:28","guid":{"rendered":"https:\/\/teterete.com\/mx\/?post_type=product&#038;p=12677"},"modified":"2026-01-17T15:16:19","modified_gmt":"2026-01-17T15:16:19","slug":"tablas-artesanales","status":"publish","type":"product","link":"https:\/\/teterete.com\/mx\/producto\/tablas-artesanales\/","title":{"rendered":"Tabla Artesanales para botana o Portacalientes"},"content":{"rendered":"<p>Variedad de tablas para quesos, botana o portacalientes artesanales elaborados en madera de parota.<\/p>\n<p>Medidas: 19 x 33 cms<\/p>\n","protected":false},"excerpt":{"rendered":"<p><strong class=\"ng-star-inserted\"><span class=\"ng-star-inserted\">Tabla de Quesos Artesanal con Mango Decorado:<\/span><\/strong><span class=\"ng-star-inserted\"> Una robusta tabla de madera, ideal para presentar quesos, embutido, botanas o portacalientes. Su mango pintado a mano con motivos mexicanos a\u00f1ade un toque de elegancia y originalidad.<\/span><\/p>\n","protected":false},"featured_media":12784,"comment_status":"open","ping_status":"closed","template":"","meta":{"_acf_changed":false,"sfsi_plus_gutenberg_text_before_share":"","sfsi_plus_gutenberg_show_text_before_share":"","sfsi_plus_gutenberg_icon_type":"","sfsi_plus_gutenberg_icon_alignemt":"","sfsi_plus_gutenburg_max_per_row":""},"product_brand":[],"product_cat":[1584,346,682],"product_tag":[2657,2631,1392,2658],"class_list":{"0":"post-12677","1":"product","2":"type-product","3":"status-publish","4":"has-post-thumbnail","6":"product_cat-mesa-mexicana","7":"product_cat-servicio-de-mesa","8":"product_cat-terraza","9":"product_tag-portacalientes","10":"product_tag-tabla-botanera","11":"product_tag-tabla-para-quesos","12":"product_tag-tablas-artesanales","13":"product_shipping_class-fast-delivery","15":"first","16":"instock","17":"taxable","18":"shipping-taxable","19":"purchasable","20":"product-type-simple"},"acf":[],"yoast_head":"<!-- This site is optimized with the Yoast SEO plugin v27.5 - https:\/\/yoast.com\/product\/yoast-seo-wordpress\/ -->\n<title>Tabla Artesanales para botana o Portacalientes -<\/title>\n<meta name=\"description\" content=\"Tabla de Quesos Artesanal con Mango Decorado: Una robusta tabla de madera, ideal para presentar quesos, embutido, botanas o portacalientes.\" \/>\n<meta name=\"robots\" content=\"index, follow, max-snippet:-1, max-image-preview:large, max-video-preview:-1\" \/>\n<link rel=\"canonical\" href=\"https:\/\/teterete.com\/mx\/producto\/tablas-artesanales\/\" \/>\n<meta property=\"og:locale\" content=\"es_ES\" \/>\n<meta property=\"og:type\" content=\"article\" \/>\n<meta property=\"og:title\" content=\"Tabla Artesanales para botana o Portacalientes -\" \/>\n<meta property=\"og:description\" content=\"Tabla de Quesos Artesanal con Mango Decorado: Una robusta tabla de madera, ideal para presentar quesos, embutido, botanas o portacalientes.\" \/>\n<meta property=\"og:url\" content=\"https:\/\/teterete.com\/mx\/producto\/tablas-artesanales\/\" \/>\n<meta property=\"article:publisher\" content=\"https:\/\/www.facebook.com\/TetereteHome\/\" \/>\n<meta property=\"article:modified_time\" content=\"2026-01-17T15:16:19+00:00\" \/>\n<meta property=\"og:image\" content=\"https:\/\/teterete.com\/mx\/wp-content\/uploads\/2025\/11\/juego-de-tablas.jpeg\" \/>\n\t<meta property=\"og:image:width\" content=\"1600\" \/>\n\t<meta property=\"og:image:height\" content=\"1572\" \/>\n\t<meta property=\"og:image:type\" content=\"image\/jpeg\" \/>\n<meta name=\"twitter:card\" content=\"summary_large_image\" \/>\n<meta name=\"twitter:site\" content=\"@Teterete_Home\" \/>\n<meta name=\"twitter:label1\" content=\"Tiempo de lectura\" \/>\n\t<meta name=\"twitter:data1\" content=\"1 minuto\" \/>\n<script type=\"application\/ld+json\" class=\"yoast-schema-graph\">{\"@context\":\"https:\\\/\\\/schema.org\",\"@graph\":[{\"@type\":\"WebPage\",\"@id\":\"https:\\\/\\\/teterete.com\\\/mx\\\/producto\\\/tablas-artesanales\\\/\",\"url\":\"https:\\\/\\\/teterete.com\\\/mx\\\/producto\\\/tablas-artesanales\\\/\",\"name\":\"Tabla Artesanales para botana o Portacalientes -\",\"isPartOf\":{\"@id\":\"https:\\\/\\\/teterete.com\\\/mx\\\/#website\"},\"primaryImageOfPage\":{\"@id\":\"https:\\\/\\\/teterete.com\\\/mx\\\/producto\\\/tablas-artesanales\\\/#primaryimage\"},\"image\":{\"@id\":\"https:\\\/\\\/teterete.com\\\/mx\\\/producto\\\/tablas-artesanales\\\/#primaryimage\"},\"thumbnailUrl\":\"https:\\\/\\\/teterete.com\\\/mx\\\/wp-content\\\/uploads\\\/2025\\\/11\\\/juego-de-tablas.jpeg\",\"datePublished\":\"2025-11-07T00:21:28+00:00\",\"dateModified\":\"2026-01-17T15:16:19+00:00\",\"description\":\"Tabla de Quesos Artesanal con Mango Decorado: Una robusta tabla de madera, ideal para presentar quesos, embutido, botanas o portacalientes.\",\"breadcrumb\":{\"@id\":\"https:\\\/\\\/teterete.com\\\/mx\\\/producto\\\/tablas-artesanales\\\/#breadcrumb\"},\"inLanguage\":\"es\",\"potentialAction\":[{\"@type\":\"ReadAction\",\"target\":[\"https:\\\/\\\/teterete.com\\\/mx\\\/producto\\\/tablas-artesanales\\\/\"]}]},{\"@type\":\"ImageObject\",\"inLanguage\":\"es\",\"@id\":\"https:\\\/\\\/teterete.com\\\/mx\\\/producto\\\/tablas-artesanales\\\/#primaryimage\",\"url\":\"https:\\\/\\\/teterete.com\\\/mx\\\/wp-content\\\/uploads\\\/2025\\\/11\\\/juego-de-tablas.jpeg\",\"contentUrl\":\"https:\\\/\\\/teterete.com\\\/mx\\\/wp-content\\\/uploads\\\/2025\\\/11\\\/juego-de-tablas.jpeg\",\"width\":1600,\"height\":1572,\"caption\":\"Juego de Tablas de Madera\"},{\"@type\":\"BreadcrumbList\",\"@id\":\"https:\\\/\\\/teterete.com\\\/mx\\\/producto\\\/tablas-artesanales\\\/#breadcrumb\",\"itemListElement\":[{\"@type\":\"ListItem\",\"position\":1,\"name\":\"Home\",\"item\":\"https:\\\/\\\/teterete.com\\\/mx\\\/\"},{\"@type\":\"ListItem\",\"position\":2,\"name\":\"Productos\",\"item\":\"https:\\\/\\\/teterete.com\\\/mx\\\/shop\\\/\"},{\"@type\":\"ListItem\",\"position\":3,\"name\":\"Tabla Artesanales para botana o Portacalientes\"}]},{\"@type\":\"WebSite\",\"@id\":\"https:\\\/\\\/teterete.com\\\/mx\\\/#website\",\"url\":\"https:\\\/\\\/teterete.com\\\/mx\\\/\",\"name\":\"\",\"description\":\"Tienda en L\u00ednea de Fina Artesanias y Dise\u00f1o Mexicano. Bellas piezas elaboradas a mano por los mejores artesanos del pa\u00eds as\u00ed como piezas de dise\u00f1o y decoraci\u00f3n con inspiraci\u00f3n artesanal.\",\"potentialAction\":[{\"@type\":\"SearchAction\",\"target\":{\"@type\":\"EntryPoint\",\"urlTemplate\":\"https:\\\/\\\/teterete.com\\\/mx\\\/?s={search_term_string}\"},\"query-input\":{\"@type\":\"PropertyValueSpecification\",\"valueRequired\":true,\"valueName\":\"search_term_string\"}}],\"inLanguage\":\"es\"}]}<\/script>\n<!-- \/ Yoast SEO plugin. -->","yoast_head_json":{"title":"Tabla Artesanales para botana o Portacalientes -","description":"Tabla de Quesos Artesanal con Mango Decorado: Una robusta tabla de madera, ideal para presentar quesos, embutido, botanas o portacalientes.","robots":{"index":"index","follow":"follow","max-snippet":"max-snippet:-1","max-image-preview":"max-image-preview:large","max-video-preview":"max-video-preview:-1"},"canonical":"https:\/\/teterete.com\/mx\/producto\/tablas-artesanales\/","og_locale":"es_ES","og_type":"article","og_title":"Tabla Artesanales para botana o Portacalientes -","og_description":"Tabla de Quesos Artesanal con Mango Decorado: Una robusta tabla de madera, ideal para presentar quesos, embutido, botanas o portacalientes.","og_url":"https:\/\/teterete.com\/mx\/producto\/tablas-artesanales\/","article_publisher":"https:\/\/www.facebook.com\/TetereteHome\/","article_modified_time":"2026-01-17T15:16:19+00:00","og_image":[{"width":1600,"height":1572,"url":"https:\/\/teterete.com\/mx\/wp-content\/uploads\/2025\/11\/juego-de-tablas.jpeg","type":"image\/jpeg"}],"twitter_card":"summary_large_image","twitter_site":"@Teterete_Home","twitter_misc":{"Tiempo de lectura":"1 minuto"},"schema":{"@context":"https:\/\/schema.org","@graph":[{"@type":"WebPage","@id":"https:\/\/teterete.com\/mx\/producto\/tablas-artesanales\/","url":"https:\/\/teterete.com\/mx\/producto\/tablas-artesanales\/","name":"Tabla Artesanales para botana o Portacalientes -","isPartOf":{"@id":"https:\/\/teterete.com\/mx\/#website"},"primaryImageOfPage":{"@id":"https:\/\/teterete.com\/mx\/producto\/tablas-artesanales\/#primaryimage"},"image":{"@id":"https:\/\/teterete.com\/mx\/producto\/tablas-artesanales\/#primaryimage"},"thumbnailUrl":"https:\/\/teterete.com\/mx\/wp-content\/uploads\/2025\/11\/juego-de-tablas.jpeg","datePublished":"2025-11-07T00:21:28+00:00","dateModified":"2026-01-17T15:16:19+00:00","description":"Tabla de Quesos Artesanal con Mango Decorado: Una robusta tabla de madera, ideal para presentar quesos, embutido, botanas o portacalientes.","breadcrumb":{"@id":"https:\/\/teterete.com\/mx\/producto\/tablas-artesanales\/#breadcrumb"},"inLanguage":"es","potentialAction":[{"@type":"ReadAction","target":["https:\/\/teterete.com\/mx\/producto\/tablas-artesanales\/"]}]},{"@type":"ImageObject","inLanguage":"es","@id":"https:\/\/teterete.com\/mx\/producto\/tablas-artesanales\/#primaryimage","url":"https:\/\/teterete.com\/mx\/wp-content\/uploads\/2025\/11\/juego-de-tablas.jpeg","contentUrl":"https:\/\/teterete.com\/mx\/wp-content\/uploads\/2025\/11\/juego-de-tablas.jpeg","width":1600,"height":1572,"caption":"Juego de Tablas de Madera"},{"@type":"BreadcrumbList","@id":"https:\/\/teterete.com\/mx\/producto\/tablas-artesanales\/#breadcrumb","itemListElement":[{"@type":"ListItem","position":1,"name":"Home","item":"https:\/\/teterete.com\/mx\/"},{"@type":"ListItem","position":2,"name":"Productos","item":"https:\/\/teterete.com\/mx\/shop\/"},{"@type":"ListItem","position":3,"name":"Tabla Artesanales para botana o Portacalientes"}]},{"@type":"WebSite","@id":"https:\/\/teterete.com\/mx\/#website","url":"https:\/\/teterete.com\/mx\/","name":"","description":"Tienda en L\u00ednea de Fina Artesanias y Dise\u00f1o Mexicano. Bellas piezas elaboradas a mano por los mejores artesanos del pa\u00eds as\u00ed como piezas de dise\u00f1o y decoraci\u00f3n con inspiraci\u00f3n artesanal.","potentialAction":[{"@type":"SearchAction","target":{"@type":"EntryPoint","urlTemplate":"https:\/\/teterete.com\/mx\/?s={search_term_string}"},"query-input":{"@type":"PropertyValueSpecification","valueRequired":true,"valueName":"search_term_string"}}],"inLanguage":"es"}]}},"_links":{"self":[{"href":"https:\/\/teterete.com\/mx\/wp-json\/wp\/v2\/product\/12677","targetHints":{"allow":["GET"]}}],"collection":[{"href":"https:\/\/teterete.com\/mx\/wp-json\/wp\/v2\/product"}],"about":[{"href":"https:\/\/teterete.com\/mx\/wp-json\/wp\/v2\/types\/product"}],"replies":[{"embeddable":true,"href":"https:\/\/teterete.com\/mx\/wp-json\/wp\/v2\/comments?post=12677"}],"wp:featuredmedia":[{"embeddable":true,"href":"https:\/\/teterete.com\/mx\/wp-json\/wp\/v2\/media\/12784"}],"wp:attachment":[{"href":"https:\/\/teterete.com\/mx\/wp-json\/wp\/v2\/media?parent=12677"}],"wp:term":[{"taxonomy":"product_brand","embeddable":true,"href":"https:\/\/teterete.com\/mx\/wp-json\/wp\/v2\/product_brand?post=12677"},{"taxonomy":"product_cat","embeddable":true,"href":"https:\/\/teterete.com\/mx\/wp-json\/wp\/v2\/product_cat?post=12677"},{"taxonomy":"product_tag","embeddable":true,"href":"https:\/\/teterete.com\/mx\/wp-json\/wp\/v2\/product_tag?post=12677"}],"curies":[{"name":"wp","href":"https:\/\/api.w.org\/{rel}","templated":true}]}}