{"id":12680,"date":"2025-11-07T01:04:14","date_gmt":"2025-11-07T01:04:14","guid":{"rendered":"https:\/\/teterete.com\/mx\/?post_type=product&#038;p=12680"},"modified":"2025-11-07T01:35:43","modified_gmt":"2025-11-07T01:35:43","slug":"pina-de-barro-michoacan","status":"publish","type":"product","link":"https:\/\/teterete.com\/mx\/producto\/pina-de-barro-michoacan\/","title":{"rendered":"Pi\u00f1a de Barro Michoac\u00e1n"},"content":{"rendered":"<p class=\"ng-star-inserted\"><span class=\"ng-star-inserted\">Presentada en una hermosa caja de regalo, adornada con un lazo de terciopelo verde y un ramillete festivo de pino y bayas, esta pi\u00f1a viene acompa\u00f1ada de una etiqueta con un mensaje navide\u00f1o, lista para ser entregada. Es el obsequio perfecto para:<\/span><\/p>\n<ul class=\"ng-star-inserted\">\n<li class=\"ng-star-inserted\">\n<p class=\"ng-star-inserted\"><span class=\"ng-star-inserted\">Amantes de la decoraci\u00f3n con un toque artesanal.<\/span><\/p>\n<\/li>\n<li class=\"ng-star-inserted\">\n<p class=\"ng-star-inserted\"><span class=\"ng-star-inserted\">Quienes aprecian el trabajo manual y la cultura mexicana.<\/span><\/p>\n<\/li>\n<li class=\"ng-star-inserted\">\n<p class=\"ng-star-inserted\"><span class=\"ng-star-inserted\">Celebrar la Navidad con un s\u00edmbolo de prosperidad y bienvenida.<\/span><\/p>\n<\/li>\n<\/ul>\n<p class=\"ng-star-inserted\"><span class=\"ng-star-inserted\">Esta pi\u00f1a artesanal de Michoac\u00e1n es m\u00e1s que un adorno; es una historia, una tradici\u00f3n y un pedazo de M\u00e9xico que ilumina tu hogar o el de tus seres queridos.<\/span><\/p>\n<p>Medidas: 40 cms alto por 30 cms de ancho<\/p>\n","protected":false},"excerpt":{"rendered":"<p class=\"ng-star-inserted\"><span class=\"ng-star-inserted\">Envuelve la magia de la artesan\u00eda mexicana en estas fiestas con nuestra exquisita pi\u00f1a decorativa, elaborada a mano por maestros artesanos de Michoac\u00e1n. Esta pieza no es solo un objeto decorativo, sino una representaci\u00f3n de la rica tradici\u00f3n y el detalle minucioso que caracteriza al arte popular de la regi\u00f3n.<\/span><\/p>\n<p class=\"ng-star-inserted\"><span class=\"ng-star-inserted\">Cada pi\u00f1a est\u00e1 meticulosamente elaborada, capturando la belleza natural y la textura de una pi\u00f1a real, desde su base escamada hasta sus delicadas hojas superiores. Su color natural y la calidez del barro aportan un toque r\u00fastico y elegante a cualquier espacio.<\/span><\/p>\n","protected":false},"featured_media":12685,"comment_status":"open","ping_status":"closed","template":"","meta":{"_acf_changed":false,"sfsi_plus_gutenberg_text_before_share":"","sfsi_plus_gutenberg_show_text_before_share":"","sfsi_plus_gutenberg_icon_type":"","sfsi_plus_gutenberg_icon_alignemt":"","sfsi_plus_gutenburg_max_per_row":""},"product_brand":[],"product_cat":[354,2322,1865,350],"product_tag":[236,646,2632,2633,1002],"class_list":{"0":"post-12680","1":"product","2":"type-product","3":"status-publish","4":"has-post-thumbnail","6":"product_cat-barro-decorativo","7":"product_cat-kist-artesanales","8":"product_cat-adornos-navidenos","9":"product_cat-piezas-unicas","10":"product_tag-arte-mexicano","11":"product_tag-piezas-decorativas-mexicanas","12":"product_tag-pina-artesanal","13":"product_tag-pina-de-michoacan","14":"product_tag-regalos-mexicanos","15":"product_shipping_class-big-size","17":"first","18":"onbackorder","19":"taxable","20":"shipping-taxable","21":"purchasable","22":"product-type-simple"},"acf":[],"yoast_head":"<!-- This site is optimized with the Yoast SEO plugin v27.5 - https:\/\/yoast.com\/product\/yoast-seo-wordpress\/ -->\n<title>Pi\u00f1a de Barro Michoac\u00e1n -<\/title>\n<meta name=\"description\" content=\"Descubre nuestra pi\u00f1a artesanal de barro de Michoac\u00e1n, M\u00e9xico. Una pieza \u00fanica de decoraci\u00f3n, s\u00edmbolo de prosperidad y un regalo ideal para Navidad\" \/>\n<meta name=\"robots\" content=\"index, follow, max-snippet:-1, max-image-preview:large, max-video-preview:-1\" \/>\n<link rel=\"canonical\" href=\"https:\/\/teterete.com\/mx\/producto\/pina-de-barro-michoacan\/\" \/>\n<meta property=\"og:locale\" content=\"es_ES\" \/>\n<meta property=\"og:type\" content=\"article\" \/>\n<meta property=\"og:title\" content=\"Pi\u00f1a de Barro Michoac\u00e1n -\" \/>\n<meta property=\"og:description\" content=\"Descubre nuestra pi\u00f1a artesanal de barro de Michoac\u00e1n, M\u00e9xico. Una pieza \u00fanica de decoraci\u00f3n, s\u00edmbolo de prosperidad y un regalo ideal para Navidad\" \/>\n<meta property=\"og:url\" content=\"https:\/\/teterete.com\/mx\/producto\/pina-de-barro-michoacan\/\" \/>\n<meta property=\"article:publisher\" content=\"https:\/\/www.facebook.com\/TetereteHome\/\" \/>\n<meta property=\"article:modified_time\" content=\"2025-11-07T01:35:43+00:00\" \/>\n<meta property=\"og:image\" content=\"https:\/\/teterete.com\/mx\/wp-content\/uploads\/2025\/11\/pina-artesanal-navidad.jpeg\" \/>\n\t<meta property=\"og:image:width\" content=\"1080\" \/>\n\t<meta property=\"og:image:height\" content=\"1080\" \/>\n\t<meta property=\"og:image:type\" content=\"image\/jpeg\" \/>\n<meta name=\"twitter:card\" content=\"summary_large_image\" \/>\n<meta name=\"twitter:site\" content=\"@Teterete_Home\" \/>\n<meta name=\"twitter:label1\" content=\"Tiempo de lectura\" \/>\n\t<meta name=\"twitter:data1\" content=\"1 minuto\" \/>\n<script type=\"application\/ld+json\" class=\"yoast-schema-graph\">{\"@context\":\"https:\\\/\\\/schema.org\",\"@graph\":[{\"@type\":\"WebPage\",\"@id\":\"https:\\\/\\\/teterete.com\\\/mx\\\/producto\\\/pina-de-barro-michoacan\\\/\",\"url\":\"https:\\\/\\\/teterete.com\\\/mx\\\/producto\\\/pina-de-barro-michoacan\\\/\",\"name\":\"Pi\u00f1a de Barro Michoac\u00e1n -\",\"isPartOf\":{\"@id\":\"https:\\\/\\\/teterete.com\\\/mx\\\/#website\"},\"primaryImageOfPage\":{\"@id\":\"https:\\\/\\\/teterete.com\\\/mx\\\/producto\\\/pina-de-barro-michoacan\\\/#primaryimage\"},\"image\":{\"@id\":\"https:\\\/\\\/teterete.com\\\/mx\\\/producto\\\/pina-de-barro-michoacan\\\/#primaryimage\"},\"thumbnailUrl\":\"https:\\\/\\\/teterete.com\\\/mx\\\/wp-content\\\/uploads\\\/2025\\\/11\\\/pina-artesanal-navidad.jpeg\",\"datePublished\":\"2025-11-07T01:04:14+00:00\",\"dateModified\":\"2025-11-07T01:35:43+00:00\",\"description\":\"Descubre nuestra pi\u00f1a artesanal de barro de Michoac\u00e1n, M\u00e9xico. Una pieza \u00fanica de decoraci\u00f3n, s\u00edmbolo de prosperidad y un regalo ideal para Navidad\",\"breadcrumb\":{\"@id\":\"https:\\\/\\\/teterete.com\\\/mx\\\/producto\\\/pina-de-barro-michoacan\\\/#breadcrumb\"},\"inLanguage\":\"es\",\"potentialAction\":[{\"@type\":\"ReadAction\",\"target\":[\"https:\\\/\\\/teterete.com\\\/mx\\\/producto\\\/pina-de-barro-michoacan\\\/\"]}]},{\"@type\":\"ImageObject\",\"inLanguage\":\"es\",\"@id\":\"https:\\\/\\\/teterete.com\\\/mx\\\/producto\\\/pina-de-barro-michoacan\\\/#primaryimage\",\"url\":\"https:\\\/\\\/teterete.com\\\/mx\\\/wp-content\\\/uploads\\\/2025\\\/11\\\/pina-artesanal-navidad.jpeg\",\"contentUrl\":\"https:\\\/\\\/teterete.com\\\/mx\\\/wp-content\\\/uploads\\\/2025\\\/11\\\/pina-artesanal-navidad.jpeg\",\"width\":1080,\"height\":1080},{\"@type\":\"BreadcrumbList\",\"@id\":\"https:\\\/\\\/teterete.com\\\/mx\\\/producto\\\/pina-de-barro-michoacan\\\/#breadcrumb\",\"itemListElement\":[{\"@type\":\"ListItem\",\"position\":1,\"name\":\"Home\",\"item\":\"https:\\\/\\\/teterete.com\\\/mx\\\/\"},{\"@type\":\"ListItem\",\"position\":2,\"name\":\"Productos\",\"item\":\"https:\\\/\\\/teterete.com\\\/mx\\\/shop\\\/\"},{\"@type\":\"ListItem\",\"position\":3,\"name\":\"Pi\u00f1a de Barro Michoac\u00e1n\"}]},{\"@type\":\"WebSite\",\"@id\":\"https:\\\/\\\/teterete.com\\\/mx\\\/#website\",\"url\":\"https:\\\/\\\/teterete.com\\\/mx\\\/\",\"name\":\"\",\"description\":\"Tienda en L\u00ednea de Fina Artesanias y Dise\u00f1o Mexicano. Bellas piezas elaboradas a mano por los mejores artesanos del pa\u00eds as\u00ed como piezas de dise\u00f1o y decoraci\u00f3n con inspiraci\u00f3n artesanal.\",\"potentialAction\":[{\"@type\":\"SearchAction\",\"target\":{\"@type\":\"EntryPoint\",\"urlTemplate\":\"https:\\\/\\\/teterete.com\\\/mx\\\/?s={search_term_string}\"},\"query-input\":{\"@type\":\"PropertyValueSpecification\",\"valueRequired\":true,\"valueName\":\"search_term_string\"}}],\"inLanguage\":\"es\"}]}<\/script>\n<!-- \/ Yoast SEO plugin. -->","yoast_head_json":{"title":"Pi\u00f1a de Barro Michoac\u00e1n -","description":"Descubre nuestra pi\u00f1a artesanal de barro de Michoac\u00e1n, M\u00e9xico. Una pieza \u00fanica de decoraci\u00f3n, s\u00edmbolo de prosperidad y un regalo ideal para Navidad","robots":{"index":"index","follow":"follow","max-snippet":"max-snippet:-1","max-image-preview":"max-image-preview:large","max-video-preview":"max-video-preview:-1"},"canonical":"https:\/\/teterete.com\/mx\/producto\/pina-de-barro-michoacan\/","og_locale":"es_ES","og_type":"article","og_title":"Pi\u00f1a de Barro Michoac\u00e1n -","og_description":"Descubre nuestra pi\u00f1a artesanal de barro de Michoac\u00e1n, M\u00e9xico. Una pieza \u00fanica de decoraci\u00f3n, s\u00edmbolo de prosperidad y un regalo ideal para Navidad","og_url":"https:\/\/teterete.com\/mx\/producto\/pina-de-barro-michoacan\/","article_publisher":"https:\/\/www.facebook.com\/TetereteHome\/","article_modified_time":"2025-11-07T01:35:43+00:00","og_image":[{"width":1080,"height":1080,"url":"https:\/\/teterete.com\/mx\/wp-content\/uploads\/2025\/11\/pina-artesanal-navidad.jpeg","type":"image\/jpeg"}],"twitter_card":"summary_large_image","twitter_site":"@Teterete_Home","twitter_misc":{"Tiempo de lectura":"1 minuto"},"schema":{"@context":"https:\/\/schema.org","@graph":[{"@type":"WebPage","@id":"https:\/\/teterete.com\/mx\/producto\/pina-de-barro-michoacan\/","url":"https:\/\/teterete.com\/mx\/producto\/pina-de-barro-michoacan\/","name":"Pi\u00f1a de Barro Michoac\u00e1n -","isPartOf":{"@id":"https:\/\/teterete.com\/mx\/#website"},"primaryImageOfPage":{"@id":"https:\/\/teterete.com\/mx\/producto\/pina-de-barro-michoacan\/#primaryimage"},"image":{"@id":"https:\/\/teterete.com\/mx\/producto\/pina-de-barro-michoacan\/#primaryimage"},"thumbnailUrl":"https:\/\/teterete.com\/mx\/wp-content\/uploads\/2025\/11\/pina-artesanal-navidad.jpeg","datePublished":"2025-11-07T01:04:14+00:00","dateModified":"2025-11-07T01:35:43+00:00","description":"Descubre nuestra pi\u00f1a artesanal de barro de Michoac\u00e1n, M\u00e9xico. Una pieza \u00fanica de decoraci\u00f3n, s\u00edmbolo de prosperidad y un regalo ideal para Navidad","breadcrumb":{"@id":"https:\/\/teterete.com\/mx\/producto\/pina-de-barro-michoacan\/#breadcrumb"},"inLanguage":"es","potentialAction":[{"@type":"ReadAction","target":["https:\/\/teterete.com\/mx\/producto\/pina-de-barro-michoacan\/"]}]},{"@type":"ImageObject","inLanguage":"es","@id":"https:\/\/teterete.com\/mx\/producto\/pina-de-barro-michoacan\/#primaryimage","url":"https:\/\/teterete.com\/mx\/wp-content\/uploads\/2025\/11\/pina-artesanal-navidad.jpeg","contentUrl":"https:\/\/teterete.com\/mx\/wp-content\/uploads\/2025\/11\/pina-artesanal-navidad.jpeg","width":1080,"height":1080},{"@type":"BreadcrumbList","@id":"https:\/\/teterete.com\/mx\/producto\/pina-de-barro-michoacan\/#breadcrumb","itemListElement":[{"@type":"ListItem","position":1,"name":"Home","item":"https:\/\/teterete.com\/mx\/"},{"@type":"ListItem","position":2,"name":"Productos","item":"https:\/\/teterete.com\/mx\/shop\/"},{"@type":"ListItem","position":3,"name":"Pi\u00f1a de Barro Michoac\u00e1n"}]},{"@type":"WebSite","@id":"https:\/\/teterete.com\/mx\/#website","url":"https:\/\/teterete.com\/mx\/","name":"","description":"Tienda en L\u00ednea de Fina Artesanias y Dise\u00f1o Mexicano. Bellas piezas elaboradas a mano por los mejores artesanos del pa\u00eds as\u00ed como piezas de dise\u00f1o y decoraci\u00f3n con inspiraci\u00f3n artesanal.","potentialAction":[{"@type":"SearchAction","target":{"@type":"EntryPoint","urlTemplate":"https:\/\/teterete.com\/mx\/?s={search_term_string}"},"query-input":{"@type":"PropertyValueSpecification","valueRequired":true,"valueName":"search_term_string"}}],"inLanguage":"es"}]}},"_links":{"self":[{"href":"https:\/\/teterete.com\/mx\/wp-json\/wp\/v2\/product\/12680","targetHints":{"allow":["GET"]}}],"collection":[{"href":"https:\/\/teterete.com\/mx\/wp-json\/wp\/v2\/product"}],"about":[{"href":"https:\/\/teterete.com\/mx\/wp-json\/wp\/v2\/types\/product"}],"replies":[{"embeddable":true,"href":"https:\/\/teterete.com\/mx\/wp-json\/wp\/v2\/comments?post=12680"}],"wp:featuredmedia":[{"embeddable":true,"href":"https:\/\/teterete.com\/mx\/wp-json\/wp\/v2\/media\/12685"}],"wp:attachment":[{"href":"https:\/\/teterete.com\/mx\/wp-json\/wp\/v2\/media?parent=12680"}],"wp:term":[{"taxonomy":"product_brand","embeddable":true,"href":"https:\/\/teterete.com\/mx\/wp-json\/wp\/v2\/product_brand?post=12680"},{"taxonomy":"product_cat","embeddable":true,"href":"https:\/\/teterete.com\/mx\/wp-json\/wp\/v2\/product_cat?post=12680"},{"taxonomy":"product_tag","embeddable":true,"href":"https:\/\/teterete.com\/mx\/wp-json\/wp\/v2\/product_tag?post=12680"}],"curies":[{"name":"wp","href":"https:\/\/api.w.org\/{rel}","templated":true}]}}