{"id":12693,"date":"2025-11-07T14:43:01","date_gmt":"2025-11-07T14:43:01","guid":{"rendered":"https:\/\/teterete.com\/mx\/?post_type=product&#038;p=12693"},"modified":"2025-11-07T14:43:02","modified_gmt":"2025-11-07T14:43:02","slug":"canasta-artesanal-navidena","status":"publish","type":"product","link":"https:\/\/teterete.com\/mx\/producto\/canasta-artesanal-navidena\/","title":{"rendered":"Canasta Artesanal Navide\u00f1a"},"content":{"rendered":"<p>Canasta artesanal fina en fibra natural elaborado por artesanos del Estado de M\u00e9xico en mimbre.<\/p>\n<p>Medidas: 26 cms de di\u00e1metro<\/p>\n<ul>\n<li>1 set de 4 manteles individuales<\/li>\n<li>4 servilletas elaboradas en telar de pedal<\/li>\n<li>4 porta servilletas<\/li>\n<\/ul>\n<p>Adorno navide\u00f1o.<\/p>\n","protected":false},"excerpt":{"rendered":"<p class=\"p1\">Esta canasta artesanal combina tradici\u00f3n, dise\u00f1o y funcionalidad. Tejida en mimbre natural, incluye un set de individuales y servilletas elaborados en telar de pedal, piezas que reflejan la delicadeza y el saber ancestral de los artesanos mexicanos. Los porta-servilletas, elaborados en palma, a\u00f1aden un toque natural y org\u00e1nico que complementa la mesa con elegancia discreta.<br \/>\nIdeal como obsequio navide\u00f1o o detalle corporativo, este conjunto celebra la belleza del trabajo hecho a mano y transforma cada mesa en un espacio lleno de calidez y autenticidad mexicana.<\/p>\n","protected":false},"featured_media":12695,"comment_status":"open","ping_status":"closed","template":"","meta":{"sfsi_plus_gutenberg_text_before_share":"","sfsi_plus_gutenberg_show_text_before_share":"","sfsi_plus_gutenberg_icon_type":"","sfsi_plus_gutenberg_icon_alignemt":"","sfsi_plus_gutenburg_max_per_row":""},"product_cat":[2322,1865,683,347],"product_tag":[376,1553,2637,1002,223],"acf":[],"yoast_head":"<!-- This site is optimized with the Yoast SEO plugin v23.5 - https:\/\/yoast.com\/wordpress\/plugins\/seo\/ -->\n<title>Canasta Artesanal Navide\u00f1a -<\/title>\n<meta name=\"description\" content=\"Canasta navide\u00f1a artesanal elaborada en mimbre natural con un set de individuales y servilletas tejidas en telar de pedal, acompa\u00f1adas de porta-servilletas de palma. Un regalo elegante que celebra el arte textil mexicano.\" \/>\n<meta name=\"robots\" content=\"index, follow, max-snippet:-1, max-image-preview:large, max-video-preview:-1\" \/>\n<link rel=\"canonical\" href=\"https:\/\/teterete.com\/mx\/producto\/canasta-artesanal-navidena\/\" \/>\n<meta property=\"og:locale\" content=\"es_ES\" \/>\n<meta property=\"og:type\" content=\"article\" \/>\n<meta property=\"og:title\" content=\"Canasta Artesanal Navide\u00f1a -\" \/>\n<meta property=\"og:description\" content=\"Canasta navide\u00f1a artesanal elaborada en mimbre natural con un set de individuales y servilletas tejidas en telar de pedal, acompa\u00f1adas de porta-servilletas de palma. Un regalo elegante que celebra el arte textil mexicano.\" \/>\n<meta property=\"og:url\" content=\"https:\/\/teterete.com\/mx\/producto\/canasta-artesanal-navidena\/\" \/>\n<meta property=\"article:publisher\" content=\"https:\/\/www.facebook.com\/TetereteHome\/\" \/>\n<meta property=\"article:modified_time\" content=\"2025-11-07T14:43:02+00:00\" \/>\n<meta property=\"og:image\" content=\"https:\/\/teterete.com\/mx\/wp-content\/uploads\/2025\/11\/canasta-navidena-artesanal.jpg\" \/>\n\t<meta property=\"og:image:width\" content=\"1063\" \/>\n\t<meta property=\"og:image:height\" content=\"1080\" \/>\n\t<meta property=\"og:image:type\" content=\"image\/jpeg\" \/>\n<meta name=\"twitter:card\" content=\"summary_large_image\" \/>\n<meta name=\"twitter:site\" content=\"@Teterete_Home\" \/>\n<meta name=\"twitter:label1\" content=\"Tiempo de lectura\" \/>\n\t<meta name=\"twitter:data1\" content=\"1 minuto\" \/>\n<script type=\"application\/ld+json\" class=\"yoast-schema-graph\">{\"@context\":\"https:\/\/schema.org\",\"@graph\":[{\"@type\":\"WebPage\",\"@id\":\"https:\/\/teterete.com\/mx\/producto\/canasta-artesanal-navidena\/\",\"url\":\"https:\/\/teterete.com\/mx\/producto\/canasta-artesanal-navidena\/\",\"name\":\"Canasta Artesanal Navide\u00f1a -\",\"isPartOf\":{\"@id\":\"https:\/\/teterete.com\/mx\/#website\"},\"primaryImageOfPage\":{\"@id\":\"https:\/\/teterete.com\/mx\/producto\/canasta-artesanal-navidena\/#primaryimage\"},\"image\":{\"@id\":\"https:\/\/teterete.com\/mx\/producto\/canasta-artesanal-navidena\/#primaryimage\"},\"thumbnailUrl\":\"https:\/\/teterete.com\/mx\/wp-content\/uploads\/2025\/11\/canasta-navidena-artesanal.jpg\",\"datePublished\":\"2025-11-07T14:43:01+00:00\",\"dateModified\":\"2025-11-07T14:43:02+00:00\",\"description\":\"Canasta navide\u00f1a artesanal elaborada en mimbre natural con un set de individuales y servilletas tejidas en telar de pedal, acompa\u00f1adas de porta-servilletas de palma. Un regalo elegante que celebra el arte textil mexicano.\",\"breadcrumb\":{\"@id\":\"https:\/\/teterete.com\/mx\/producto\/canasta-artesanal-navidena\/#breadcrumb\"},\"inLanguage\":\"es\",\"potentialAction\":[{\"@type\":\"ReadAction\",\"target\":[\"https:\/\/teterete.com\/mx\/producto\/canasta-artesanal-navidena\/\"]}]},{\"@type\":\"ImageObject\",\"inLanguage\":\"es\",\"@id\":\"https:\/\/teterete.com\/mx\/producto\/canasta-artesanal-navidena\/#primaryimage\",\"url\":\"https:\/\/teterete.com\/mx\/wp-content\/uploads\/2025\/11\/canasta-navidena-artesanal.jpg\",\"contentUrl\":\"https:\/\/teterete.com\/mx\/wp-content\/uploads\/2025\/11\/canasta-navidena-artesanal.jpg\",\"width\":1063,\"height\":1080,\"caption\":\"Canasta Navide\u00f1a Artesanal\"},{\"@type\":\"BreadcrumbList\",\"@id\":\"https:\/\/teterete.com\/mx\/producto\/canasta-artesanal-navidena\/#breadcrumb\",\"itemListElement\":[{\"@type\":\"ListItem\",\"position\":1,\"name\":\"Home\",\"item\":\"https:\/\/teterete.com\/mx\/\"},{\"@type\":\"ListItem\",\"position\":2,\"name\":\"Productos\",\"item\":\"https:\/\/teterete.com\/mx\/shop\/\"},{\"@type\":\"ListItem\",\"position\":3,\"name\":\"Canasta Artesanal Navide\u00f1a\"}]},{\"@type\":\"WebSite\",\"@id\":\"https:\/\/teterete.com\/mx\/#website\",\"url\":\"https:\/\/teterete.com\/mx\/\",\"name\":\"\",\"description\":\"Tienda en L\u00ednea de Fina Artesanias y Dise\u00f1o Mexicano. Bellas piezas elaboradas a mano por los mejores artesanos del pa\u00eds as\u00ed como piezas de dise\u00f1o y decoraci\u00f3n con inspiraci\u00f3n artesanal.\",\"potentialAction\":[{\"@type\":\"SearchAction\",\"target\":{\"@type\":\"EntryPoint\",\"urlTemplate\":\"https:\/\/teterete.com\/mx\/?s={search_term_string}\"},\"query-input\":{\"@type\":\"PropertyValueSpecification\",\"valueRequired\":true,\"valueName\":\"search_term_string\"}}],\"inLanguage\":\"es\"}]}<\/script>\n<!-- \/ Yoast SEO plugin. -->","yoast_head_json":{"title":"Canasta Artesanal Navide\u00f1a -","description":"Canasta navide\u00f1a artesanal elaborada en mimbre natural con un set de individuales y servilletas tejidas en telar de pedal, acompa\u00f1adas de porta-servilletas de palma. Un regalo elegante que celebra el arte textil mexicano.","robots":{"index":"index","follow":"follow","max-snippet":"max-snippet:-1","max-image-preview":"max-image-preview:large","max-video-preview":"max-video-preview:-1"},"canonical":"https:\/\/teterete.com\/mx\/producto\/canasta-artesanal-navidena\/","og_locale":"es_ES","og_type":"article","og_title":"Canasta Artesanal Navide\u00f1a -","og_description":"Canasta navide\u00f1a artesanal elaborada en mimbre natural con un set de individuales y servilletas tejidas en telar de pedal, acompa\u00f1adas de porta-servilletas de palma. Un regalo elegante que celebra el arte textil mexicano.","og_url":"https:\/\/teterete.com\/mx\/producto\/canasta-artesanal-navidena\/","article_publisher":"https:\/\/www.facebook.com\/TetereteHome\/","article_modified_time":"2025-11-07T14:43:02+00:00","og_image":[{"width":1063,"height":1080,"url":"https:\/\/teterete.com\/mx\/wp-content\/uploads\/2025\/11\/canasta-navidena-artesanal.jpg","type":"image\/jpeg"}],"twitter_card":"summary_large_image","twitter_site":"@Teterete_Home","twitter_misc":{"Tiempo de lectura":"1 minuto"},"schema":{"@context":"https:\/\/schema.org","@graph":[{"@type":"WebPage","@id":"https:\/\/teterete.com\/mx\/producto\/canasta-artesanal-navidena\/","url":"https:\/\/teterete.com\/mx\/producto\/canasta-artesanal-navidena\/","name":"Canasta Artesanal Navide\u00f1a -","isPartOf":{"@id":"https:\/\/teterete.com\/mx\/#website"},"primaryImageOfPage":{"@id":"https:\/\/teterete.com\/mx\/producto\/canasta-artesanal-navidena\/#primaryimage"},"image":{"@id":"https:\/\/teterete.com\/mx\/producto\/canasta-artesanal-navidena\/#primaryimage"},"thumbnailUrl":"https:\/\/teterete.com\/mx\/wp-content\/uploads\/2025\/11\/canasta-navidena-artesanal.jpg","datePublished":"2025-11-07T14:43:01+00:00","dateModified":"2025-11-07T14:43:02+00:00","description":"Canasta navide\u00f1a artesanal elaborada en mimbre natural con un set de individuales y servilletas tejidas en telar de pedal, acompa\u00f1adas de porta-servilletas de palma. Un regalo elegante que celebra el arte textil mexicano.","breadcrumb":{"@id":"https:\/\/teterete.com\/mx\/producto\/canasta-artesanal-navidena\/#breadcrumb"},"inLanguage":"es","potentialAction":[{"@type":"ReadAction","target":["https:\/\/teterete.com\/mx\/producto\/canasta-artesanal-navidena\/"]}]},{"@type":"ImageObject","inLanguage":"es","@id":"https:\/\/teterete.com\/mx\/producto\/canasta-artesanal-navidena\/#primaryimage","url":"https:\/\/teterete.com\/mx\/wp-content\/uploads\/2025\/11\/canasta-navidena-artesanal.jpg","contentUrl":"https:\/\/teterete.com\/mx\/wp-content\/uploads\/2025\/11\/canasta-navidena-artesanal.jpg","width":1063,"height":1080,"caption":"Canasta Navide\u00f1a Artesanal"},{"@type":"BreadcrumbList","@id":"https:\/\/teterete.com\/mx\/producto\/canasta-artesanal-navidena\/#breadcrumb","itemListElement":[{"@type":"ListItem","position":1,"name":"Home","item":"https:\/\/teterete.com\/mx\/"},{"@type":"ListItem","position":2,"name":"Productos","item":"https:\/\/teterete.com\/mx\/shop\/"},{"@type":"ListItem","position":3,"name":"Canasta Artesanal Navide\u00f1a"}]},{"@type":"WebSite","@id":"https:\/\/teterete.com\/mx\/#website","url":"https:\/\/teterete.com\/mx\/","name":"","description":"Tienda en L\u00ednea de Fina Artesanias y Dise\u00f1o Mexicano. Bellas piezas elaboradas a mano por los mejores artesanos del pa\u00eds as\u00ed como piezas de dise\u00f1o y decoraci\u00f3n con inspiraci\u00f3n artesanal.","potentialAction":[{"@type":"SearchAction","target":{"@type":"EntryPoint","urlTemplate":"https:\/\/teterete.com\/mx\/?s={search_term_string}"},"query-input":{"@type":"PropertyValueSpecification","valueRequired":true,"valueName":"search_term_string"}}],"inLanguage":"es"}]}},"_links":{"self":[{"href":"https:\/\/teterete.com\/mx\/wp-json\/wp\/v2\/product\/12693"}],"collection":[{"href":"https:\/\/teterete.com\/mx\/wp-json\/wp\/v2\/product"}],"about":[{"href":"https:\/\/teterete.com\/mx\/wp-json\/wp\/v2\/types\/product"}],"replies":[{"embeddable":true,"href":"https:\/\/teterete.com\/mx\/wp-json\/wp\/v2\/comments?post=12693"}],"wp:featuredmedia":[{"embeddable":true,"href":"https:\/\/teterete.com\/mx\/wp-json\/wp\/v2\/media\/12695"}],"wp:attachment":[{"href":"https:\/\/teterete.com\/mx\/wp-json\/wp\/v2\/media?parent=12693"}],"wp:term":[{"taxonomy":"product_cat","embeddable":true,"href":"https:\/\/teterete.com\/mx\/wp-json\/wp\/v2\/product_cat?post=12693"},{"taxonomy":"product_tag","embeddable":true,"href":"https:\/\/teterete.com\/mx\/wp-json\/wp\/v2\/product_tag?post=12693"}],"curies":[{"name":"wp","href":"https:\/\/api.w.org\/{rel}","templated":true}]}}