{"id":12696,"date":"2025-11-07T15:16:55","date_gmt":"2025-11-07T15:16:55","guid":{"rendered":"https:\/\/teterete.com\/mx\/?post_type=product&#038;p=12696"},"modified":"2025-11-07T15:18:46","modified_gmt":"2025-11-07T15:18:46","slug":"set-de-madera-artesanal","status":"publish","type":"product","link":"https:\/\/teterete.com\/mx\/producto\/set-de-madera-artesanal\/","title":{"rendered":"Set de Madera Artesanal"},"content":{"rendered":"<p>Este set artesanal de madera de parota celebra la maestr\u00eda de los artesanos de Jalisco:<\/p>\n<p>Puedes armar tu set de acuerdo a lo que necesites seleccionando entre las piezas elaboradas a mano:<\/p>\n<p>Tortillero<\/p>\n<p>Caja de T\u00e9<\/p>\n<p>Tabla de Quesos<\/p>\n<p>Salsero<\/p>\n<p>&nbsp;<\/p>\n","protected":false},"excerpt":{"rendered":"<p>Este set artesanal de madera de parota celebra la maestr\u00eda de los artesanos de Jalisco a trav\u00e9s de un dise\u00f1o que combina funcionalidad y arte. Cada pieza \u2014tortillero, servilletero, caja de t\u00e9 y tabla botanera\u2014 est\u00e1 finamente pintada a mano con motivos inspirados en la naturaleza y los colores de M\u00e9xico. El resultado es un conjunto elegante y contempor\u00e1neo que realza cualquier mesa con un toque de autenticidad y calidez artesanal. Ideal para regalar o para disfrutar en casa, cada elemento refleja el valor del trabajo hecho a mano y la riqueza del dise\u00f1o mexicano.<\/p>\n","protected":false},"featured_media":12705,"comment_status":"open","ping_status":"closed","template":"","meta":{"sfsi_plus_gutenberg_text_before_share":"","sfsi_plus_gutenberg_show_text_before_share":"","sfsi_plus_gutenberg_icon_type":"","sfsi_plus_gutenberg_icon_alignemt":"","sfsi_plus_gutenburg_max_per_row":""},"product_cat":[2322,1584,1865,346],"product_tag":[2640,1010,1002,2638,2629,837,2639],"acf":[],"yoast_head":"<!-- This site is optimized with the Yoast SEO plugin v23.5 - https:\/\/yoast.com\/wordpress\/plugins\/seo\/ -->\n<title>Set de Madera Artesanal -<\/title>\n<meta name=\"description\" content=\"Set artesanal en madera de parota pintado a mano por artesanos de Jalisco. Incluye tortillero, servilletero, caja de t\u00e9 y tabla botanera, piezas \u00fanicas que fusionan arte, color y tradici\u00f3n mexicana.\" \/>\n<meta name=\"robots\" content=\"index, follow, max-snippet:-1, max-image-preview:large, max-video-preview:-1\" \/>\n<link rel=\"canonical\" href=\"https:\/\/teterete.com\/mx\/producto\/set-de-madera-artesanal\/\" \/>\n<meta property=\"og:locale\" content=\"es_ES\" \/>\n<meta property=\"og:type\" content=\"article\" \/>\n<meta property=\"og:title\" content=\"Set de Madera Artesanal -\" \/>\n<meta property=\"og:description\" content=\"Set artesanal en madera de parota pintado a mano por artesanos de Jalisco. Incluye tortillero, servilletero, caja de t\u00e9 y tabla botanera, piezas \u00fanicas que fusionan arte, color y tradici\u00f3n mexicana.\" \/>\n<meta property=\"og:url\" content=\"https:\/\/teterete.com\/mx\/producto\/set-de-madera-artesanal\/\" \/>\n<meta property=\"article:publisher\" content=\"https:\/\/www.facebook.com\/TetereteHome\/\" \/>\n<meta property=\"article:modified_time\" content=\"2025-11-07T15:18:46+00:00\" \/>\n<meta property=\"og:image\" content=\"https:\/\/teterete.com\/mx\/wp-content\/uploads\/2025\/11\/Set-Artesanal-Madera.jpeg\" \/>\n\t<meta property=\"og:image:width\" content=\"1080\" \/>\n\t<meta property=\"og:image:height\" content=\"1080\" \/>\n\t<meta property=\"og:image:type\" content=\"image\/jpeg\" \/>\n<meta name=\"twitter:card\" content=\"summary_large_image\" \/>\n<meta name=\"twitter:site\" content=\"@Teterete_Home\" \/>\n<meta name=\"twitter:label1\" content=\"Tiempo de lectura\" \/>\n\t<meta name=\"twitter:data1\" content=\"1 minuto\" \/>\n<script type=\"application\/ld+json\" class=\"yoast-schema-graph\">{\"@context\":\"https:\/\/schema.org\",\"@graph\":[{\"@type\":\"WebPage\",\"@id\":\"https:\/\/teterete.com\/mx\/producto\/set-de-madera-artesanal\/\",\"url\":\"https:\/\/teterete.com\/mx\/producto\/set-de-madera-artesanal\/\",\"name\":\"Set de Madera Artesanal -\",\"isPartOf\":{\"@id\":\"https:\/\/teterete.com\/mx\/#website\"},\"primaryImageOfPage\":{\"@id\":\"https:\/\/teterete.com\/mx\/producto\/set-de-madera-artesanal\/#primaryimage\"},\"image\":{\"@id\":\"https:\/\/teterete.com\/mx\/producto\/set-de-madera-artesanal\/#primaryimage\"},\"thumbnailUrl\":\"https:\/\/teterete.com\/mx\/wp-content\/uploads\/2025\/11\/Set-Artesanal-Madera.jpeg\",\"datePublished\":\"2025-11-07T15:16:55+00:00\",\"dateModified\":\"2025-11-07T15:18:46+00:00\",\"description\":\"Set artesanal en madera de parota pintado a mano por artesanos de Jalisco. Incluye tortillero, servilletero, caja de t\u00e9 y tabla botanera, piezas \u00fanicas que fusionan arte, color y tradici\u00f3n mexicana.\",\"breadcrumb\":{\"@id\":\"https:\/\/teterete.com\/mx\/producto\/set-de-madera-artesanal\/#breadcrumb\"},\"inLanguage\":\"es\",\"potentialAction\":[{\"@type\":\"ReadAction\",\"target\":[\"https:\/\/teterete.com\/mx\/producto\/set-de-madera-artesanal\/\"]}]},{\"@type\":\"ImageObject\",\"inLanguage\":\"es\",\"@id\":\"https:\/\/teterete.com\/mx\/producto\/set-de-madera-artesanal\/#primaryimage\",\"url\":\"https:\/\/teterete.com\/mx\/wp-content\/uploads\/2025\/11\/Set-Artesanal-Madera.jpeg\",\"contentUrl\":\"https:\/\/teterete.com\/mx\/wp-content\/uploads\/2025\/11\/Set-Artesanal-Madera.jpeg\",\"width\":1080,\"height\":1080,\"caption\":\"Set Artesanal de Madera\"},{\"@type\":\"BreadcrumbList\",\"@id\":\"https:\/\/teterete.com\/mx\/producto\/set-de-madera-artesanal\/#breadcrumb\",\"itemListElement\":[{\"@type\":\"ListItem\",\"position\":1,\"name\":\"Home\",\"item\":\"https:\/\/teterete.com\/mx\/\"},{\"@type\":\"ListItem\",\"position\":2,\"name\":\"Productos\",\"item\":\"https:\/\/teterete.com\/mx\/shop\/\"},{\"@type\":\"ListItem\",\"position\":3,\"name\":\"Set de Madera Artesanal\"}]},{\"@type\":\"WebSite\",\"@id\":\"https:\/\/teterete.com\/mx\/#website\",\"url\":\"https:\/\/teterete.com\/mx\/\",\"name\":\"\",\"description\":\"Tienda en L\u00ednea de Fina Artesanias y Dise\u00f1o Mexicano. Bellas piezas elaboradas a mano por los mejores artesanos del pa\u00eds as\u00ed como piezas de dise\u00f1o y decoraci\u00f3n con inspiraci\u00f3n artesanal.\",\"potentialAction\":[{\"@type\":\"SearchAction\",\"target\":{\"@type\":\"EntryPoint\",\"urlTemplate\":\"https:\/\/teterete.com\/mx\/?s={search_term_string}\"},\"query-input\":{\"@type\":\"PropertyValueSpecification\",\"valueRequired\":true,\"valueName\":\"search_term_string\"}}],\"inLanguage\":\"es\"}]}<\/script>\n<!-- \/ Yoast SEO plugin. -->","yoast_head_json":{"title":"Set de Madera Artesanal -","description":"Set artesanal en madera de parota pintado a mano por artesanos de Jalisco. Incluye tortillero, servilletero, caja de t\u00e9 y tabla botanera, piezas \u00fanicas que fusionan arte, color y tradici\u00f3n mexicana.","robots":{"index":"index","follow":"follow","max-snippet":"max-snippet:-1","max-image-preview":"max-image-preview:large","max-video-preview":"max-video-preview:-1"},"canonical":"https:\/\/teterete.com\/mx\/producto\/set-de-madera-artesanal\/","og_locale":"es_ES","og_type":"article","og_title":"Set de Madera Artesanal -","og_description":"Set artesanal en madera de parota pintado a mano por artesanos de Jalisco. Incluye tortillero, servilletero, caja de t\u00e9 y tabla botanera, piezas \u00fanicas que fusionan arte, color y tradici\u00f3n mexicana.","og_url":"https:\/\/teterete.com\/mx\/producto\/set-de-madera-artesanal\/","article_publisher":"https:\/\/www.facebook.com\/TetereteHome\/","article_modified_time":"2025-11-07T15:18:46+00:00","og_image":[{"width":1080,"height":1080,"url":"https:\/\/teterete.com\/mx\/wp-content\/uploads\/2025\/11\/Set-Artesanal-Madera.jpeg","type":"image\/jpeg"}],"twitter_card":"summary_large_image","twitter_site":"@Teterete_Home","twitter_misc":{"Tiempo de lectura":"1 minuto"},"schema":{"@context":"https:\/\/schema.org","@graph":[{"@type":"WebPage","@id":"https:\/\/teterete.com\/mx\/producto\/set-de-madera-artesanal\/","url":"https:\/\/teterete.com\/mx\/producto\/set-de-madera-artesanal\/","name":"Set de Madera Artesanal -","isPartOf":{"@id":"https:\/\/teterete.com\/mx\/#website"},"primaryImageOfPage":{"@id":"https:\/\/teterete.com\/mx\/producto\/set-de-madera-artesanal\/#primaryimage"},"image":{"@id":"https:\/\/teterete.com\/mx\/producto\/set-de-madera-artesanal\/#primaryimage"},"thumbnailUrl":"https:\/\/teterete.com\/mx\/wp-content\/uploads\/2025\/11\/Set-Artesanal-Madera.jpeg","datePublished":"2025-11-07T15:16:55+00:00","dateModified":"2025-11-07T15:18:46+00:00","description":"Set artesanal en madera de parota pintado a mano por artesanos de Jalisco. Incluye tortillero, servilletero, caja de t\u00e9 y tabla botanera, piezas \u00fanicas que fusionan arte, color y tradici\u00f3n mexicana.","breadcrumb":{"@id":"https:\/\/teterete.com\/mx\/producto\/set-de-madera-artesanal\/#breadcrumb"},"inLanguage":"es","potentialAction":[{"@type":"ReadAction","target":["https:\/\/teterete.com\/mx\/producto\/set-de-madera-artesanal\/"]}]},{"@type":"ImageObject","inLanguage":"es","@id":"https:\/\/teterete.com\/mx\/producto\/set-de-madera-artesanal\/#primaryimage","url":"https:\/\/teterete.com\/mx\/wp-content\/uploads\/2025\/11\/Set-Artesanal-Madera.jpeg","contentUrl":"https:\/\/teterete.com\/mx\/wp-content\/uploads\/2025\/11\/Set-Artesanal-Madera.jpeg","width":1080,"height":1080,"caption":"Set Artesanal de Madera"},{"@type":"BreadcrumbList","@id":"https:\/\/teterete.com\/mx\/producto\/set-de-madera-artesanal\/#breadcrumb","itemListElement":[{"@type":"ListItem","position":1,"name":"Home","item":"https:\/\/teterete.com\/mx\/"},{"@type":"ListItem","position":2,"name":"Productos","item":"https:\/\/teterete.com\/mx\/shop\/"},{"@type":"ListItem","position":3,"name":"Set de Madera Artesanal"}]},{"@type":"WebSite","@id":"https:\/\/teterete.com\/mx\/#website","url":"https:\/\/teterete.com\/mx\/","name":"","description":"Tienda en L\u00ednea de Fina Artesanias y Dise\u00f1o Mexicano. Bellas piezas elaboradas a mano por los mejores artesanos del pa\u00eds as\u00ed como piezas de dise\u00f1o y decoraci\u00f3n con inspiraci\u00f3n artesanal.","potentialAction":[{"@type":"SearchAction","target":{"@type":"EntryPoint","urlTemplate":"https:\/\/teterete.com\/mx\/?s={search_term_string}"},"query-input":{"@type":"PropertyValueSpecification","valueRequired":true,"valueName":"search_term_string"}}],"inLanguage":"es"}]}},"_links":{"self":[{"href":"https:\/\/teterete.com\/mx\/wp-json\/wp\/v2\/product\/12696"}],"collection":[{"href":"https:\/\/teterete.com\/mx\/wp-json\/wp\/v2\/product"}],"about":[{"href":"https:\/\/teterete.com\/mx\/wp-json\/wp\/v2\/types\/product"}],"replies":[{"embeddable":true,"href":"https:\/\/teterete.com\/mx\/wp-json\/wp\/v2\/comments?post=12696"}],"wp:featuredmedia":[{"embeddable":true,"href":"https:\/\/teterete.com\/mx\/wp-json\/wp\/v2\/media\/12705"}],"wp:attachment":[{"href":"https:\/\/teterete.com\/mx\/wp-json\/wp\/v2\/media?parent=12696"}],"wp:term":[{"taxonomy":"product_cat","embeddable":true,"href":"https:\/\/teterete.com\/mx\/wp-json\/wp\/v2\/product_cat?post=12696"},{"taxonomy":"product_tag","embeddable":true,"href":"https:\/\/teterete.com\/mx\/wp-json\/wp\/v2\/product_tag?post=12696"}],"curies":[{"name":"wp","href":"https:\/\/api.w.org\/{rel}","templated":true}]}}