{"id":12708,"date":"2025-11-07T16:27:32","date_gmt":"2025-11-07T16:27:32","guid":{"rendered":"https:\/\/teterete.com\/mx\/?post_type=product&#038;p=12708"},"modified":"2025-11-07T16:27:33","modified_gmt":"2025-11-07T16:27:33","slug":"molcajete-con-dulces-mexicanos","status":"publish","type":"product","link":"https:\/\/teterete.com\/mx\/producto\/molcajete-con-dulces-mexicanos\/","title":{"rendered":"Molcajete con Dulces Mexicanos"},"content":{"rendered":"<p>Molcajete mediano pintado a mano con t\u00e9cnica de capulineado por artesano de Michoac\u00e1n.<\/p>\n<p>Medida: 17. 5 cms cap para 600 ml<\/p>\n<p>Dulces mexicanos o chocolates 200 gr.<\/p>\n<p>&nbsp;<\/p>\n","protected":false},"excerpt":{"rendered":"<p>Bello molcajete artesanal elaborado por artesanos michoacanos bajo la t\u00e9cnica de capulineado en diversidad de colores, con cuchara para servicio y con dulces tradicionales mexicanos o chocolates premium.<\/p>\n","protected":false},"featured_media":12628,"comment_status":"open","ping_status":"closed","template":"","meta":{"_acf_changed":false,"sfsi_plus_gutenberg_text_before_share":"","sfsi_plus_gutenberg_show_text_before_share":"","sfsi_plus_gutenberg_icon_type":"","sfsi_plus_gutenberg_icon_alignemt":"","sfsi_plus_gutenburg_max_per_row":""},"product_brand":[],"product_cat":[354,2322,1584,1865,2057,346],"product_tag":[2642,1783,1002,2641],"class_list":{"0":"post-12708","1":"product","2":"type-product","3":"status-publish","4":"has-post-thumbnail","6":"product_cat-barro-decorativo","7":"product_cat-kist-artesanales","8":"product_cat-mesa-mexicana","9":"product_cat-adornos-navidenos","10":"product_cat-regalos-mama","11":"product_cat-servicio-de-mesa","12":"product_tag-dulces-mexicanos","13":"product_tag-molcajete-artesanal","14":"product_tag-regalos-mexicanos","15":"product_tag-set-de-molcajete-y-dulces","16":"product_shipping_class-standard","18":"first","19":"onbackorder","20":"taxable","21":"shipping-taxable","22":"purchasable","23":"product-type-simple"},"acf":[],"yoast_head":"<!-- This site is optimized with the Yoast SEO plugin v27.6 - https:\/\/yoast.com\/product\/yoast-seo-wordpress\/ -->\n<title>Molcajete con Dulces Mexicanos -<\/title>\n<meta name=\"description\" content=\"Esta Navidad, sorprende con piezas artesanales \u00fanicas. Descubre nuestros sets exclusivos hechos a mano y personalizados sobre pedido.\" \/>\n<meta name=\"robots\" content=\"index, follow, max-snippet:-1, max-image-preview:large, max-video-preview:-1\" \/>\n<link rel=\"canonical\" href=\"https:\/\/teterete.com\/mx\/producto\/molcajete-con-dulces-mexicanos\/\" \/>\n<meta property=\"og:locale\" content=\"es_ES\" \/>\n<meta property=\"og:type\" content=\"article\" \/>\n<meta property=\"og:title\" content=\"Molcajete con Dulces Mexicanos -\" \/>\n<meta property=\"og:description\" content=\"Esta Navidad, sorprende con piezas artesanales \u00fanicas. Descubre nuestros sets exclusivos hechos a mano y personalizados sobre pedido.\" \/>\n<meta property=\"og:url\" content=\"https:\/\/teterete.com\/mx\/producto\/molcajete-con-dulces-mexicanos\/\" \/>\n<meta property=\"article:publisher\" content=\"https:\/\/www.facebook.com\/TetereteHome\/\" \/>\n<meta property=\"article:modified_time\" content=\"2025-11-07T16:27:33+00:00\" \/>\n<meta property=\"og:image\" content=\"https:\/\/teterete.com\/mx\/wp-content\/uploads\/2025\/11\/molcajete-navideno.jpg\" \/>\n\t<meta property=\"og:image:width\" content=\"1024\" \/>\n\t<meta property=\"og:image:height\" content=\"1024\" \/>\n\t<meta property=\"og:image:type\" content=\"image\/jpeg\" \/>\n<meta name=\"twitter:card\" content=\"summary_large_image\" \/>\n<meta name=\"twitter:site\" content=\"@Teterete_Home\" \/>\n<meta name=\"twitter:label1\" content=\"Tiempo de lectura\" \/>\n\t<meta name=\"twitter:data1\" content=\"1 minuto\" \/>\n<script type=\"application\/ld+json\" class=\"yoast-schema-graph\">{\"@context\":\"https:\\\/\\\/schema.org\",\"@graph\":[{\"@type\":\"WebPage\",\"@id\":\"https:\\\/\\\/teterete.com\\\/mx\\\/producto\\\/molcajete-con-dulces-mexicanos\\\/\",\"url\":\"https:\\\/\\\/teterete.com\\\/mx\\\/producto\\\/molcajete-con-dulces-mexicanos\\\/\",\"name\":\"Molcajete con Dulces Mexicanos -\",\"isPartOf\":{\"@id\":\"https:\\\/\\\/teterete.com\\\/mx\\\/#website\"},\"primaryImageOfPage\":{\"@id\":\"https:\\\/\\\/teterete.com\\\/mx\\\/producto\\\/molcajete-con-dulces-mexicanos\\\/#primaryimage\"},\"image\":{\"@id\":\"https:\\\/\\\/teterete.com\\\/mx\\\/producto\\\/molcajete-con-dulces-mexicanos\\\/#primaryimage\"},\"thumbnailUrl\":\"https:\\\/\\\/teterete.com\\\/mx\\\/wp-content\\\/uploads\\\/2025\\\/11\\\/molcajete-navideno.jpg\",\"datePublished\":\"2025-11-07T16:27:32+00:00\",\"dateModified\":\"2025-11-07T16:27:33+00:00\",\"description\":\"Esta Navidad, sorprende con piezas artesanales \u00fanicas. Descubre nuestros sets exclusivos hechos a mano y personalizados sobre pedido.\",\"breadcrumb\":{\"@id\":\"https:\\\/\\\/teterete.com\\\/mx\\\/producto\\\/molcajete-con-dulces-mexicanos\\\/#breadcrumb\"},\"inLanguage\":\"es\",\"potentialAction\":[{\"@type\":\"ReadAction\",\"target\":[\"https:\\\/\\\/teterete.com\\\/mx\\\/producto\\\/molcajete-con-dulces-mexicanos\\\/\"]}]},{\"@type\":\"ImageObject\",\"inLanguage\":\"es\",\"@id\":\"https:\\\/\\\/teterete.com\\\/mx\\\/producto\\\/molcajete-con-dulces-mexicanos\\\/#primaryimage\",\"url\":\"https:\\\/\\\/teterete.com\\\/mx\\\/wp-content\\\/uploads\\\/2025\\\/11\\\/molcajete-navideno.jpg\",\"contentUrl\":\"https:\\\/\\\/teterete.com\\\/mx\\\/wp-content\\\/uploads\\\/2025\\\/11\\\/molcajete-navideno.jpg\",\"width\":1024,\"height\":1024,\"caption\":\"Molcajete Navide\u00f1o\"},{\"@type\":\"BreadcrumbList\",\"@id\":\"https:\\\/\\\/teterete.com\\\/mx\\\/producto\\\/molcajete-con-dulces-mexicanos\\\/#breadcrumb\",\"itemListElement\":[{\"@type\":\"ListItem\",\"position\":1,\"name\":\"Home\",\"item\":\"https:\\\/\\\/teterete.com\\\/mx\\\/\"},{\"@type\":\"ListItem\",\"position\":2,\"name\":\"Productos\",\"item\":\"https:\\\/\\\/teterete.com\\\/mx\\\/shop\\\/\"},{\"@type\":\"ListItem\",\"position\":3,\"name\":\"Molcajete con Dulces Mexicanos\"}]},{\"@type\":\"WebSite\",\"@id\":\"https:\\\/\\\/teterete.com\\\/mx\\\/#website\",\"url\":\"https:\\\/\\\/teterete.com\\\/mx\\\/\",\"name\":\"\",\"description\":\"Tienda en L\u00ednea de Fina Artesanias y Dise\u00f1o Mexicano. Bellas piezas elaboradas a mano por los mejores artesanos del pa\u00eds as\u00ed como piezas de dise\u00f1o y decoraci\u00f3n con inspiraci\u00f3n artesanal.\",\"potentialAction\":[{\"@type\":\"SearchAction\",\"target\":{\"@type\":\"EntryPoint\",\"urlTemplate\":\"https:\\\/\\\/teterete.com\\\/mx\\\/?s={search_term_string}\"},\"query-input\":{\"@type\":\"PropertyValueSpecification\",\"valueRequired\":true,\"valueName\":\"search_term_string\"}}],\"inLanguage\":\"es\"}]}<\/script>\n<!-- \/ Yoast SEO plugin. -->","yoast_head_json":{"title":"Molcajete con Dulces Mexicanos -","description":"Esta Navidad, sorprende con piezas artesanales \u00fanicas. Descubre nuestros sets exclusivos hechos a mano y personalizados sobre pedido.","robots":{"index":"index","follow":"follow","max-snippet":"max-snippet:-1","max-image-preview":"max-image-preview:large","max-video-preview":"max-video-preview:-1"},"canonical":"https:\/\/teterete.com\/mx\/producto\/molcajete-con-dulces-mexicanos\/","og_locale":"es_ES","og_type":"article","og_title":"Molcajete con Dulces Mexicanos -","og_description":"Esta Navidad, sorprende con piezas artesanales \u00fanicas. Descubre nuestros sets exclusivos hechos a mano y personalizados sobre pedido.","og_url":"https:\/\/teterete.com\/mx\/producto\/molcajete-con-dulces-mexicanos\/","article_publisher":"https:\/\/www.facebook.com\/TetereteHome\/","article_modified_time":"2025-11-07T16:27:33+00:00","og_image":[{"width":1024,"height":1024,"url":"https:\/\/teterete.com\/mx\/wp-content\/uploads\/2025\/11\/molcajete-navideno.jpg","type":"image\/jpeg"}],"twitter_card":"summary_large_image","twitter_site":"@Teterete_Home","twitter_misc":{"Tiempo de lectura":"1 minuto"},"schema":{"@context":"https:\/\/schema.org","@graph":[{"@type":"WebPage","@id":"https:\/\/teterete.com\/mx\/producto\/molcajete-con-dulces-mexicanos\/","url":"https:\/\/teterete.com\/mx\/producto\/molcajete-con-dulces-mexicanos\/","name":"Molcajete con Dulces Mexicanos -","isPartOf":{"@id":"https:\/\/teterete.com\/mx\/#website"},"primaryImageOfPage":{"@id":"https:\/\/teterete.com\/mx\/producto\/molcajete-con-dulces-mexicanos\/#primaryimage"},"image":{"@id":"https:\/\/teterete.com\/mx\/producto\/molcajete-con-dulces-mexicanos\/#primaryimage"},"thumbnailUrl":"https:\/\/teterete.com\/mx\/wp-content\/uploads\/2025\/11\/molcajete-navideno.jpg","datePublished":"2025-11-07T16:27:32+00:00","dateModified":"2025-11-07T16:27:33+00:00","description":"Esta Navidad, sorprende con piezas artesanales \u00fanicas. Descubre nuestros sets exclusivos hechos a mano y personalizados sobre pedido.","breadcrumb":{"@id":"https:\/\/teterete.com\/mx\/producto\/molcajete-con-dulces-mexicanos\/#breadcrumb"},"inLanguage":"es","potentialAction":[{"@type":"ReadAction","target":["https:\/\/teterete.com\/mx\/producto\/molcajete-con-dulces-mexicanos\/"]}]},{"@type":"ImageObject","inLanguage":"es","@id":"https:\/\/teterete.com\/mx\/producto\/molcajete-con-dulces-mexicanos\/#primaryimage","url":"https:\/\/teterete.com\/mx\/wp-content\/uploads\/2025\/11\/molcajete-navideno.jpg","contentUrl":"https:\/\/teterete.com\/mx\/wp-content\/uploads\/2025\/11\/molcajete-navideno.jpg","width":1024,"height":1024,"caption":"Molcajete Navide\u00f1o"},{"@type":"BreadcrumbList","@id":"https:\/\/teterete.com\/mx\/producto\/molcajete-con-dulces-mexicanos\/#breadcrumb","itemListElement":[{"@type":"ListItem","position":1,"name":"Home","item":"https:\/\/teterete.com\/mx\/"},{"@type":"ListItem","position":2,"name":"Productos","item":"https:\/\/teterete.com\/mx\/shop\/"},{"@type":"ListItem","position":3,"name":"Molcajete con Dulces Mexicanos"}]},{"@type":"WebSite","@id":"https:\/\/teterete.com\/mx\/#website","url":"https:\/\/teterete.com\/mx\/","name":"","description":"Tienda en L\u00ednea de Fina Artesanias y Dise\u00f1o Mexicano. Bellas piezas elaboradas a mano por los mejores artesanos del pa\u00eds as\u00ed como piezas de dise\u00f1o y decoraci\u00f3n con inspiraci\u00f3n artesanal.","potentialAction":[{"@type":"SearchAction","target":{"@type":"EntryPoint","urlTemplate":"https:\/\/teterete.com\/mx\/?s={search_term_string}"},"query-input":{"@type":"PropertyValueSpecification","valueRequired":true,"valueName":"search_term_string"}}],"inLanguage":"es"}]}},"_links":{"self":[{"href":"https:\/\/teterete.com\/mx\/wp-json\/wp\/v2\/product\/12708","targetHints":{"allow":["GET"]}}],"collection":[{"href":"https:\/\/teterete.com\/mx\/wp-json\/wp\/v2\/product"}],"about":[{"href":"https:\/\/teterete.com\/mx\/wp-json\/wp\/v2\/types\/product"}],"replies":[{"embeddable":true,"href":"https:\/\/teterete.com\/mx\/wp-json\/wp\/v2\/comments?post=12708"}],"wp:featuredmedia":[{"embeddable":true,"href":"https:\/\/teterete.com\/mx\/wp-json\/wp\/v2\/media\/12628"}],"wp:attachment":[{"href":"https:\/\/teterete.com\/mx\/wp-json\/wp\/v2\/media?parent=12708"}],"wp:term":[{"taxonomy":"product_brand","embeddable":true,"href":"https:\/\/teterete.com\/mx\/wp-json\/wp\/v2\/product_brand?post=12708"},{"taxonomy":"product_cat","embeddable":true,"href":"https:\/\/teterete.com\/mx\/wp-json\/wp\/v2\/product_cat?post=12708"},{"taxonomy":"product_tag","embeddable":true,"href":"https:\/\/teterete.com\/mx\/wp-json\/wp\/v2\/product_tag?post=12708"}],"curies":[{"name":"wp","href":"https:\/\/api.w.org\/{rel}","templated":true}]}}