{"id":12721,"date":"2025-11-13T20:14:06","date_gmt":"2025-11-13T20:14:06","guid":{"rendered":"https:\/\/teterete.com\/mx\/?post_type=product&#038;p=12721"},"modified":"2026-03-24T22:09:53","modified_gmt":"2026-03-24T22:09:53","slug":"collar-huichol-de-chaquira-azul","status":"publish","type":"product","link":"https:\/\/teterete.com\/mx\/producto\/collar-huichol-de-chaquira-azul\/","title":{"rendered":"Collar Huichol de Chaquira Azul"},"content":{"rendered":"<p>Elaborado por artesanos de Jalisco, tejido a mano en chaquira.<\/p>\n<p>Medidas:<\/p>\n<p>Largo: 44 cms<\/p>\n<p>Medall\u00f3n: 8 cms de di\u00e1metro<\/p>\n<p>Color: Azul y Negro<\/p>\n<p>&nbsp;<\/p>\n","protected":false},"excerpt":{"rendered":"<p>Descubre la belleza ancestral de M\u00e9xico con nuestro collar de chaquira artesanal. Elaborado meticulosamente por talentosos artesanos huicholes, cada pieza es una explosi\u00f3n de color y cultura. Un accesorio vibrante que cuenta una historia de tradici\u00f3n y arte, perfecto para realzar tu estilo con un toque \u00fanico y significativo<\/p>\n","protected":false},"featured_media":12715,"comment_status":"open","ping_status":"closed","template":"","meta":{"sfsi_plus_gutenberg_text_before_share":"","sfsi_plus_gutenberg_show_text_before_share":"","sfsi_plus_gutenberg_icon_type":"","sfsi_plus_gutenberg_icon_alignemt":"","sfsi_plus_gutenburg_max_per_row":""},"product_cat":[2646,1671,1263,2057,658,61],"product_tag":[230,1605,1121,2643,1030,1025],"acf":[],"yoast_head":"<!-- This site is optimized with the Yoast SEO plugin v23.5 - https:\/\/yoast.com\/wordpress\/plugins\/seo\/ -->\n<title>Collar Huichol de Chaquira Azul -<\/title>\n<meta name=\"description\" content=\"Collar de chaquira huichol hecho a mano. Arte y tradici\u00f3n mexicana en una pieza vibrante. Compra joyer\u00eda artesanal aut\u00e9ntica elaborada por artesanos.\" \/>\n<meta name=\"robots\" content=\"index, follow, max-snippet:-1, max-image-preview:large, max-video-preview:-1\" \/>\n<link rel=\"canonical\" href=\"https:\/\/teterete.com\/mx\/producto\/collar-huichol-de-chaquira-azul\/\" \/>\n<meta property=\"og:locale\" content=\"es_ES\" \/>\n<meta property=\"og:type\" content=\"article\" \/>\n<meta property=\"og:title\" content=\"Collar Huichol de Chaquira Azul -\" \/>\n<meta property=\"og:description\" content=\"Collar de chaquira huichol hecho a mano. Arte y tradici\u00f3n mexicana en una pieza vibrante. Compra joyer\u00eda artesanal aut\u00e9ntica elaborada por artesanos.\" \/>\n<meta property=\"og:url\" content=\"https:\/\/teterete.com\/mx\/producto\/collar-huichol-de-chaquira-azul\/\" \/>\n<meta property=\"article:publisher\" content=\"https:\/\/www.facebook.com\/TetereteHome\/\" \/>\n<meta property=\"article:modified_time\" content=\"2026-03-24T22:09:53+00:00\" \/>\n<meta property=\"og:image\" content=\"https:\/\/teterete.com\/mx\/wp-content\/uploads\/2025\/11\/collar-huichol-artesanal.png\" \/>\n\t<meta property=\"og:image:width\" content=\"1024\" \/>\n\t<meta property=\"og:image:height\" content=\"1024\" \/>\n\t<meta property=\"og:image:type\" content=\"image\/png\" \/>\n<meta name=\"twitter:card\" content=\"summary_large_image\" \/>\n<meta name=\"twitter:site\" content=\"@Teterete_Home\" \/>\n<meta name=\"twitter:label1\" content=\"Tiempo de lectura\" \/>\n\t<meta name=\"twitter:data1\" content=\"1 minuto\" \/>\n<script type=\"application\/ld+json\" class=\"yoast-schema-graph\">{\"@context\":\"https:\/\/schema.org\",\"@graph\":[{\"@type\":\"WebPage\",\"@id\":\"https:\/\/teterete.com\/mx\/producto\/collar-huichol-de-chaquira-azul\/\",\"url\":\"https:\/\/teterete.com\/mx\/producto\/collar-huichol-de-chaquira-azul\/\",\"name\":\"Collar Huichol de Chaquira Azul -\",\"isPartOf\":{\"@id\":\"https:\/\/teterete.com\/mx\/#website\"},\"primaryImageOfPage\":{\"@id\":\"https:\/\/teterete.com\/mx\/producto\/collar-huichol-de-chaquira-azul\/#primaryimage\"},\"image\":{\"@id\":\"https:\/\/teterete.com\/mx\/producto\/collar-huichol-de-chaquira-azul\/#primaryimage\"},\"thumbnailUrl\":\"https:\/\/teterete.com\/mx\/wp-content\/uploads\/2025\/11\/collar-huichol-artesanal.png\",\"datePublished\":\"2025-11-13T20:14:06+00:00\",\"dateModified\":\"2026-03-24T22:09:53+00:00\",\"description\":\"Collar de chaquira huichol hecho a mano. Arte y tradici\u00f3n mexicana en una pieza vibrante. Compra joyer\u00eda artesanal aut\u00e9ntica elaborada por artesanos.\",\"breadcrumb\":{\"@id\":\"https:\/\/teterete.com\/mx\/producto\/collar-huichol-de-chaquira-azul\/#breadcrumb\"},\"inLanguage\":\"es\",\"potentialAction\":[{\"@type\":\"ReadAction\",\"target\":[\"https:\/\/teterete.com\/mx\/producto\/collar-huichol-de-chaquira-azul\/\"]}]},{\"@type\":\"ImageObject\",\"inLanguage\":\"es\",\"@id\":\"https:\/\/teterete.com\/mx\/producto\/collar-huichol-de-chaquira-azul\/#primaryimage\",\"url\":\"https:\/\/teterete.com\/mx\/wp-content\/uploads\/2025\/11\/collar-huichol-artesanal.png\",\"contentUrl\":\"https:\/\/teterete.com\/mx\/wp-content\/uploads\/2025\/11\/collar-huichol-artesanal.png\",\"width\":1024,\"height\":1024,\"caption\":\"Collar Huichol Artesanal\"},{\"@type\":\"BreadcrumbList\",\"@id\":\"https:\/\/teterete.com\/mx\/producto\/collar-huichol-de-chaquira-azul\/#breadcrumb\",\"itemListElement\":[{\"@type\":\"ListItem\",\"position\":1,\"name\":\"Home\",\"item\":\"https:\/\/teterete.com\/mx\/\"},{\"@type\":\"ListItem\",\"position\":2,\"name\":\"Productos\",\"item\":\"https:\/\/teterete.com\/mx\/shop\/\"},{\"@type\":\"ListItem\",\"position\":3,\"name\":\"Collar Huichol de Chaquira Azul\"}]},{\"@type\":\"WebSite\",\"@id\":\"https:\/\/teterete.com\/mx\/#website\",\"url\":\"https:\/\/teterete.com\/mx\/\",\"name\":\"\",\"description\":\"Tienda en L\u00ednea de Fina Artesanias y Dise\u00f1o Mexicano. Bellas piezas elaboradas a mano por los mejores artesanos del pa\u00eds as\u00ed como piezas de dise\u00f1o y decoraci\u00f3n con inspiraci\u00f3n artesanal.\",\"potentialAction\":[{\"@type\":\"SearchAction\",\"target\":{\"@type\":\"EntryPoint\",\"urlTemplate\":\"https:\/\/teterete.com\/mx\/?s={search_term_string}\"},\"query-input\":{\"@type\":\"PropertyValueSpecification\",\"valueRequired\":true,\"valueName\":\"search_term_string\"}}],\"inLanguage\":\"es\"}]}<\/script>\n<!-- \/ Yoast SEO plugin. -->","yoast_head_json":{"title":"Collar Huichol de Chaquira Azul -","description":"Collar de chaquira huichol hecho a mano. Arte y tradici\u00f3n mexicana en una pieza vibrante. Compra joyer\u00eda artesanal aut\u00e9ntica elaborada por artesanos.","robots":{"index":"index","follow":"follow","max-snippet":"max-snippet:-1","max-image-preview":"max-image-preview:large","max-video-preview":"max-video-preview:-1"},"canonical":"https:\/\/teterete.com\/mx\/producto\/collar-huichol-de-chaquira-azul\/","og_locale":"es_ES","og_type":"article","og_title":"Collar Huichol de Chaquira Azul -","og_description":"Collar de chaquira huichol hecho a mano. Arte y tradici\u00f3n mexicana en una pieza vibrante. Compra joyer\u00eda artesanal aut\u00e9ntica elaborada por artesanos.","og_url":"https:\/\/teterete.com\/mx\/producto\/collar-huichol-de-chaquira-azul\/","article_publisher":"https:\/\/www.facebook.com\/TetereteHome\/","article_modified_time":"2026-03-24T22:09:53+00:00","og_image":[{"width":1024,"height":1024,"url":"https:\/\/teterete.com\/mx\/wp-content\/uploads\/2025\/11\/collar-huichol-artesanal.png","type":"image\/png"}],"twitter_card":"summary_large_image","twitter_site":"@Teterete_Home","twitter_misc":{"Tiempo de lectura":"1 minuto"},"schema":{"@context":"https:\/\/schema.org","@graph":[{"@type":"WebPage","@id":"https:\/\/teterete.com\/mx\/producto\/collar-huichol-de-chaquira-azul\/","url":"https:\/\/teterete.com\/mx\/producto\/collar-huichol-de-chaquira-azul\/","name":"Collar Huichol de Chaquira Azul -","isPartOf":{"@id":"https:\/\/teterete.com\/mx\/#website"},"primaryImageOfPage":{"@id":"https:\/\/teterete.com\/mx\/producto\/collar-huichol-de-chaquira-azul\/#primaryimage"},"image":{"@id":"https:\/\/teterete.com\/mx\/producto\/collar-huichol-de-chaquira-azul\/#primaryimage"},"thumbnailUrl":"https:\/\/teterete.com\/mx\/wp-content\/uploads\/2025\/11\/collar-huichol-artesanal.png","datePublished":"2025-11-13T20:14:06+00:00","dateModified":"2026-03-24T22:09:53+00:00","description":"Collar de chaquira huichol hecho a mano. Arte y tradici\u00f3n mexicana en una pieza vibrante. Compra joyer\u00eda artesanal aut\u00e9ntica elaborada por artesanos.","breadcrumb":{"@id":"https:\/\/teterete.com\/mx\/producto\/collar-huichol-de-chaquira-azul\/#breadcrumb"},"inLanguage":"es","potentialAction":[{"@type":"ReadAction","target":["https:\/\/teterete.com\/mx\/producto\/collar-huichol-de-chaquira-azul\/"]}]},{"@type":"ImageObject","inLanguage":"es","@id":"https:\/\/teterete.com\/mx\/producto\/collar-huichol-de-chaquira-azul\/#primaryimage","url":"https:\/\/teterete.com\/mx\/wp-content\/uploads\/2025\/11\/collar-huichol-artesanal.png","contentUrl":"https:\/\/teterete.com\/mx\/wp-content\/uploads\/2025\/11\/collar-huichol-artesanal.png","width":1024,"height":1024,"caption":"Collar Huichol Artesanal"},{"@type":"BreadcrumbList","@id":"https:\/\/teterete.com\/mx\/producto\/collar-huichol-de-chaquira-azul\/#breadcrumb","itemListElement":[{"@type":"ListItem","position":1,"name":"Home","item":"https:\/\/teterete.com\/mx\/"},{"@type":"ListItem","position":2,"name":"Productos","item":"https:\/\/teterete.com\/mx\/shop\/"},{"@type":"ListItem","position":3,"name":"Collar Huichol de Chaquira Azul"}]},{"@type":"WebSite","@id":"https:\/\/teterete.com\/mx\/#website","url":"https:\/\/teterete.com\/mx\/","name":"","description":"Tienda en L\u00ednea de Fina Artesanias y Dise\u00f1o Mexicano. Bellas piezas elaboradas a mano por los mejores artesanos del pa\u00eds as\u00ed como piezas de dise\u00f1o y decoraci\u00f3n con inspiraci\u00f3n artesanal.","potentialAction":[{"@type":"SearchAction","target":{"@type":"EntryPoint","urlTemplate":"https:\/\/teterete.com\/mx\/?s={search_term_string}"},"query-input":{"@type":"PropertyValueSpecification","valueRequired":true,"valueName":"search_term_string"}}],"inLanguage":"es"}]}},"_links":{"self":[{"href":"https:\/\/teterete.com\/mx\/wp-json\/wp\/v2\/product\/12721"}],"collection":[{"href":"https:\/\/teterete.com\/mx\/wp-json\/wp\/v2\/product"}],"about":[{"href":"https:\/\/teterete.com\/mx\/wp-json\/wp\/v2\/types\/product"}],"replies":[{"embeddable":true,"href":"https:\/\/teterete.com\/mx\/wp-json\/wp\/v2\/comments?post=12721"}],"wp:featuredmedia":[{"embeddable":true,"href":"https:\/\/teterete.com\/mx\/wp-json\/wp\/v2\/media\/12715"}],"wp:attachment":[{"href":"https:\/\/teterete.com\/mx\/wp-json\/wp\/v2\/media?parent=12721"}],"wp:term":[{"taxonomy":"product_cat","embeddable":true,"href":"https:\/\/teterete.com\/mx\/wp-json\/wp\/v2\/product_cat?post=12721"},{"taxonomy":"product_tag","embeddable":true,"href":"https:\/\/teterete.com\/mx\/wp-json\/wp\/v2\/product_tag?post=12721"}],"curies":[{"name":"wp","href":"https:\/\/api.w.org\/{rel}","templated":true}]}}