{"id":12754,"date":"2025-12-27T18:53:44","date_gmt":"2025-12-27T18:53:44","guid":{"rendered":"https:\/\/teterete.com\/mx\/?post_type=product&#038;p=12754"},"modified":"2026-03-19T20:58:46","modified_gmt":"2026-03-19T20:58:46","slug":"platos-artesanales-de-barro","status":"publish","type":"product","link":"https:\/\/teterete.com\/mx\/producto\/platos-artesanales-de-barro\/","title":{"rendered":"Platos Artesanales de Barro de Metzontla"},"content":{"rendered":"<p>T\u00e9cnica: Barro bru\u00f1ido moldeado a mano<\/p>\n<p class=\"p1\">Vajilla artesanal elaborada por alfareros de Metzontla, Puebla. Cada plato est\u00e1 hecho a mano, con ligeras variaciones que la hacen \u00fanica. Elige la medida de tus platos y arma tu vajilla a tu propio ritmo.<\/p>\n<ul>\n<li>Plato postre 15 cms<\/li>\n<li>Plato Ensalada 20 cms<\/li>\n<li>Bowl Sopero 17 cms<\/li>\n<li>Plato Trinche o Principal 28 cms<\/li>\n<li>Taza para caf\u00e9 o chocolate 9\/10 cms<\/li>\n<\/ul>\n<p>En caso de no contar con inventarios el tiempo de producci\u00f3n es de 3-4 semanas.<\/p>\n","protected":false},"excerpt":{"rendered":"<p class=\"p1\">Esta vajilla artesanal es elaborada a mano por alfareros de Metzontla, Puebla, una comunidad reconocida por su tradici\u00f3n cer\u00e1mica transmitida de generaci\u00f3n en generaci\u00f3n. Cada pieza es modelada cuidadosamente, dando como resultado platos con car\u00e1cter propio, textura sutil y un acabado aut\u00e9ntico que celebra el trabajo artesanal mexicano.<\/p>\n<p class=\"p1\">Gracias a su dise\u00f1o atemporal y funcional, esta vajilla es ideal tanto para el uso diario como para ocasiones especiales. Puedes seleccionar la medida de cada plato seg\u00fan tus necesidades y combinar tama\u00f1os para crear una vajilla personalizada que se adapte a tu estilo de vida y forma de servir.<\/p>\n<p class=\"p1\">Al ser piezas hechas a mano, cada plato presenta ligeras variaciones en forma, tono y textura, lo que garantiza que tu vajilla sea \u00fanica. Al elegir esta colecci\u00f3n, apoyas el trabajo de comunidades artesanas y llevas a tu mesa un objeto con historia, tradici\u00f3n y dise\u00f1o contempor\u00e1neo.<\/p>\n","protected":false},"featured_media":12755,"comment_status":"open","ping_status":"closed","template":"","meta":{"sfsi_plus_gutenberg_text_before_share":"","sfsi_plus_gutenberg_show_text_before_share":"","sfsi_plus_gutenberg_icon_type":"","sfsi_plus_gutenberg_icon_alignemt":"","sfsi_plus_gutenburg_max_per_row":""},"product_cat":[1584,60],"product_tag":[1581,2654,2006,2655,2656,2457,1840,1672],"acf":[],"yoast_head":"<!-- This site is optimized with the Yoast SEO plugin v23.5 - https:\/\/yoast.com\/wordpress\/plugins\/seo\/ -->\n<title>Platos Artesanales de Barro de Metzontla -<\/title>\n<meta name=\"description\" content=\"Platos Artesanales elaborados por alfareros de Metzontla, Puebla. Cada plato de est\u00e1 hecho a mano, Elige la medida de tus platos y arma tu vajilla a tu propio ritmo.\" \/>\n<meta name=\"robots\" content=\"index, follow, max-snippet:-1, max-image-preview:large, max-video-preview:-1\" \/>\n<link rel=\"canonical\" href=\"https:\/\/teterete.com\/mx\/producto\/platos-artesanales-de-barro\/\" \/>\n<meta property=\"og:locale\" content=\"es_ES\" \/>\n<meta property=\"og:type\" content=\"article\" \/>\n<meta property=\"og:title\" content=\"Platos Artesanales de Barro de Metzontla -\" \/>\n<meta property=\"og:description\" content=\"Platos Artesanales elaborados por alfareros de Metzontla, Puebla. Cada plato de est\u00e1 hecho a mano, Elige la medida de tus platos y arma tu vajilla a tu propio ritmo.\" \/>\n<meta property=\"og:url\" content=\"https:\/\/teterete.com\/mx\/producto\/platos-artesanales-de-barro\/\" \/>\n<meta property=\"article:publisher\" content=\"https:\/\/www.facebook.com\/TetereteHome\/\" \/>\n<meta property=\"article:modified_time\" content=\"2026-03-19T20:58:46+00:00\" \/>\n<meta property=\"og:image\" content=\"https:\/\/teterete.com\/mx\/wp-content\/uploads\/2025\/12\/Platos-de-metzontla-puebla.jpg\" \/>\n\t<meta property=\"og:image:width\" content=\"1080\" \/>\n\t<meta property=\"og:image:height\" content=\"1080\" \/>\n\t<meta property=\"og:image:type\" content=\"image\/jpeg\" \/>\n<meta name=\"twitter:card\" content=\"summary_large_image\" \/>\n<meta name=\"twitter:site\" content=\"@Teterete_Home\" \/>\n<meta name=\"twitter:label1\" content=\"Tiempo de lectura\" \/>\n\t<meta name=\"twitter:data1\" content=\"1 minuto\" \/>\n<script type=\"application\/ld+json\" class=\"yoast-schema-graph\">{\"@context\":\"https:\/\/schema.org\",\"@graph\":[{\"@type\":\"WebPage\",\"@id\":\"https:\/\/teterete.com\/mx\/producto\/platos-artesanales-de-barro\/\",\"url\":\"https:\/\/teterete.com\/mx\/producto\/platos-artesanales-de-barro\/\",\"name\":\"Platos Artesanales de Barro de Metzontla -\",\"isPartOf\":{\"@id\":\"https:\/\/teterete.com\/mx\/#website\"},\"primaryImageOfPage\":{\"@id\":\"https:\/\/teterete.com\/mx\/producto\/platos-artesanales-de-barro\/#primaryimage\"},\"image\":{\"@id\":\"https:\/\/teterete.com\/mx\/producto\/platos-artesanales-de-barro\/#primaryimage\"},\"thumbnailUrl\":\"https:\/\/teterete.com\/mx\/wp-content\/uploads\/2025\/12\/Platos-de-metzontla-puebla.jpg\",\"datePublished\":\"2025-12-27T18:53:44+00:00\",\"dateModified\":\"2026-03-19T20:58:46+00:00\",\"description\":\"Platos Artesanales elaborados por alfareros de Metzontla, Puebla. Cada plato de est\u00e1 hecho a mano, Elige la medida de tus platos y arma tu vajilla a tu propio ritmo.\",\"breadcrumb\":{\"@id\":\"https:\/\/teterete.com\/mx\/producto\/platos-artesanales-de-barro\/#breadcrumb\"},\"inLanguage\":\"es\",\"potentialAction\":[{\"@type\":\"ReadAction\",\"target\":[\"https:\/\/teterete.com\/mx\/producto\/platos-artesanales-de-barro\/\"]}]},{\"@type\":\"ImageObject\",\"inLanguage\":\"es\",\"@id\":\"https:\/\/teterete.com\/mx\/producto\/platos-artesanales-de-barro\/#primaryimage\",\"url\":\"https:\/\/teterete.com\/mx\/wp-content\/uploads\/2025\/12\/Platos-de-metzontla-puebla.jpg\",\"contentUrl\":\"https:\/\/teterete.com\/mx\/wp-content\/uploads\/2025\/12\/Platos-de-metzontla-puebla.jpg\",\"width\":1080,\"height\":1080,\"caption\":\"Platos de Metzontla Puebla\"},{\"@type\":\"BreadcrumbList\",\"@id\":\"https:\/\/teterete.com\/mx\/producto\/platos-artesanales-de-barro\/#breadcrumb\",\"itemListElement\":[{\"@type\":\"ListItem\",\"position\":1,\"name\":\"Home\",\"item\":\"https:\/\/teterete.com\/mx\/\"},{\"@type\":\"ListItem\",\"position\":2,\"name\":\"Productos\",\"item\":\"https:\/\/teterete.com\/mx\/shop\/\"},{\"@type\":\"ListItem\",\"position\":3,\"name\":\"Platos Artesanales de Barro de Metzontla\"}]},{\"@type\":\"WebSite\",\"@id\":\"https:\/\/teterete.com\/mx\/#website\",\"url\":\"https:\/\/teterete.com\/mx\/\",\"name\":\"\",\"description\":\"Tienda en L\u00ednea de Fina Artesanias y Dise\u00f1o Mexicano. Bellas piezas elaboradas a mano por los mejores artesanos del pa\u00eds as\u00ed como piezas de dise\u00f1o y decoraci\u00f3n con inspiraci\u00f3n artesanal.\",\"potentialAction\":[{\"@type\":\"SearchAction\",\"target\":{\"@type\":\"EntryPoint\",\"urlTemplate\":\"https:\/\/teterete.com\/mx\/?s={search_term_string}\"},\"query-input\":{\"@type\":\"PropertyValueSpecification\",\"valueRequired\":true,\"valueName\":\"search_term_string\"}}],\"inLanguage\":\"es\"}]}<\/script>\n<!-- \/ Yoast SEO plugin. -->","yoast_head_json":{"title":"Platos Artesanales de Barro de Metzontla -","description":"Platos Artesanales elaborados por alfareros de Metzontla, Puebla. Cada plato de est\u00e1 hecho a mano, Elige la medida de tus platos y arma tu vajilla a tu propio ritmo.","robots":{"index":"index","follow":"follow","max-snippet":"max-snippet:-1","max-image-preview":"max-image-preview:large","max-video-preview":"max-video-preview:-1"},"canonical":"https:\/\/teterete.com\/mx\/producto\/platos-artesanales-de-barro\/","og_locale":"es_ES","og_type":"article","og_title":"Platos Artesanales de Barro de Metzontla -","og_description":"Platos Artesanales elaborados por alfareros de Metzontla, Puebla. Cada plato de est\u00e1 hecho a mano, Elige la medida de tus platos y arma tu vajilla a tu propio ritmo.","og_url":"https:\/\/teterete.com\/mx\/producto\/platos-artesanales-de-barro\/","article_publisher":"https:\/\/www.facebook.com\/TetereteHome\/","article_modified_time":"2026-03-19T20:58:46+00:00","og_image":[{"width":1080,"height":1080,"url":"https:\/\/teterete.com\/mx\/wp-content\/uploads\/2025\/12\/Platos-de-metzontla-puebla.jpg","type":"image\/jpeg"}],"twitter_card":"summary_large_image","twitter_site":"@Teterete_Home","twitter_misc":{"Tiempo de lectura":"1 minuto"},"schema":{"@context":"https:\/\/schema.org","@graph":[{"@type":"WebPage","@id":"https:\/\/teterete.com\/mx\/producto\/platos-artesanales-de-barro\/","url":"https:\/\/teterete.com\/mx\/producto\/platos-artesanales-de-barro\/","name":"Platos Artesanales de Barro de Metzontla -","isPartOf":{"@id":"https:\/\/teterete.com\/mx\/#website"},"primaryImageOfPage":{"@id":"https:\/\/teterete.com\/mx\/producto\/platos-artesanales-de-barro\/#primaryimage"},"image":{"@id":"https:\/\/teterete.com\/mx\/producto\/platos-artesanales-de-barro\/#primaryimage"},"thumbnailUrl":"https:\/\/teterete.com\/mx\/wp-content\/uploads\/2025\/12\/Platos-de-metzontla-puebla.jpg","datePublished":"2025-12-27T18:53:44+00:00","dateModified":"2026-03-19T20:58:46+00:00","description":"Platos Artesanales elaborados por alfareros de Metzontla, Puebla. Cada plato de est\u00e1 hecho a mano, Elige la medida de tus platos y arma tu vajilla a tu propio ritmo.","breadcrumb":{"@id":"https:\/\/teterete.com\/mx\/producto\/platos-artesanales-de-barro\/#breadcrumb"},"inLanguage":"es","potentialAction":[{"@type":"ReadAction","target":["https:\/\/teterete.com\/mx\/producto\/platos-artesanales-de-barro\/"]}]},{"@type":"ImageObject","inLanguage":"es","@id":"https:\/\/teterete.com\/mx\/producto\/platos-artesanales-de-barro\/#primaryimage","url":"https:\/\/teterete.com\/mx\/wp-content\/uploads\/2025\/12\/Platos-de-metzontla-puebla.jpg","contentUrl":"https:\/\/teterete.com\/mx\/wp-content\/uploads\/2025\/12\/Platos-de-metzontla-puebla.jpg","width":1080,"height":1080,"caption":"Platos de Metzontla Puebla"},{"@type":"BreadcrumbList","@id":"https:\/\/teterete.com\/mx\/producto\/platos-artesanales-de-barro\/#breadcrumb","itemListElement":[{"@type":"ListItem","position":1,"name":"Home","item":"https:\/\/teterete.com\/mx\/"},{"@type":"ListItem","position":2,"name":"Productos","item":"https:\/\/teterete.com\/mx\/shop\/"},{"@type":"ListItem","position":3,"name":"Platos Artesanales de Barro de Metzontla"}]},{"@type":"WebSite","@id":"https:\/\/teterete.com\/mx\/#website","url":"https:\/\/teterete.com\/mx\/","name":"","description":"Tienda en L\u00ednea de Fina Artesanias y Dise\u00f1o Mexicano. Bellas piezas elaboradas a mano por los mejores artesanos del pa\u00eds as\u00ed como piezas de dise\u00f1o y decoraci\u00f3n con inspiraci\u00f3n artesanal.","potentialAction":[{"@type":"SearchAction","target":{"@type":"EntryPoint","urlTemplate":"https:\/\/teterete.com\/mx\/?s={search_term_string}"},"query-input":{"@type":"PropertyValueSpecification","valueRequired":true,"valueName":"search_term_string"}}],"inLanguage":"es"}]}},"_links":{"self":[{"href":"https:\/\/teterete.com\/mx\/wp-json\/wp\/v2\/product\/12754"}],"collection":[{"href":"https:\/\/teterete.com\/mx\/wp-json\/wp\/v2\/product"}],"about":[{"href":"https:\/\/teterete.com\/mx\/wp-json\/wp\/v2\/types\/product"}],"replies":[{"embeddable":true,"href":"https:\/\/teterete.com\/mx\/wp-json\/wp\/v2\/comments?post=12754"}],"wp:featuredmedia":[{"embeddable":true,"href":"https:\/\/teterete.com\/mx\/wp-json\/wp\/v2\/media\/12755"}],"wp:attachment":[{"href":"https:\/\/teterete.com\/mx\/wp-json\/wp\/v2\/media?parent=12754"}],"wp:term":[{"taxonomy":"product_cat","embeddable":true,"href":"https:\/\/teterete.com\/mx\/wp-json\/wp\/v2\/product_cat?post=12754"},{"taxonomy":"product_tag","embeddable":true,"href":"https:\/\/teterete.com\/mx\/wp-json\/wp\/v2\/product_tag?post=12754"}],"curies":[{"name":"wp","href":"https:\/\/api.w.org\/{rel}","templated":true}]}}