{"id":12788,"date":"2026-01-21T21:41:30","date_gmt":"2026-01-21T21:41:30","guid":{"rendered":"https:\/\/teterete.com\/mx\/?post_type=product&#038;p=12788"},"modified":"2026-01-21T21:49:31","modified_gmt":"2026-01-21T21:49:31","slug":"hamaca-maya","status":"publish","type":"product","link":"https:\/\/teterete.com\/mx\/producto\/hamaca-maya\/","title":{"rendered":"Hamaca Maya"},"content":{"rendered":"<p>El cuerpo de la hamaca fue urdido con una puntada simple en el cuerpo y sus brazos tejidos con macram\u00e9, lo que la hace ideal para colocarla en cualquier espacio<\/p>\n<p><b>T\u00e9cnica artesanal: <\/b>Urdido<br \/>\n<b>Medida: <\/b>415 &#8211; 430 cm<br \/>\n<b>Material: <\/b>Algod\u00f3n<\/p>\n<p>Color: Crudo, Naranja, Rojo y Vino<\/p>\n<p>**Incluye par de sogas y bolsa de manta para guardarla.<\/p>\n","protected":false},"excerpt":{"rendered":"<p>La Hamaca Maya, elaborada en el taller Los Flamboyanes (San Antonio Yaxche, Campeche), combina rojo, naranja, vino y crudo. Tejida con puntada simple y macram\u00e9, rinde homenaje a la calidez familiar y al talento artesanal femenino.<\/p>\n","protected":false},"featured_media":12790,"comment_status":"open","ping_status":"closed","template":"","meta":{"sfsi_plus_gutenberg_text_before_share":"","sfsi_plus_gutenberg_show_text_before_share":"","sfsi_plus_gutenberg_icon_type":"","sfsi_plus_gutenberg_icon_alignemt":"","sfsi_plus_gutenburg_max_per_row":""},"product_cat":[2166,2057,682],"product_tag":[236,232,1413,1414,1412,248,223,1188],"acf":[],"yoast_head":"<!-- This site is optimized with the Yoast SEO plugin v23.5 - https:\/\/yoast.com\/wordpress\/plugins\/seo\/ -->\n<title>Hamaca Maya -<\/title>\n<meta name=\"description\" content=\"La Hamaca Maya, elaborada en Campeche, combina rojo, naranja, vino y crudo. Tejida con puntada simple y macram\u00e9, rinde homenaje a la calidez familiar y al talento artesanal femenino.\" \/>\n<meta name=\"robots\" content=\"index, follow, max-snippet:-1, max-image-preview:large, max-video-preview:-1\" \/>\n<link rel=\"canonical\" href=\"https:\/\/teterete.com\/mx\/producto\/hamaca-maya\/\" \/>\n<meta property=\"og:locale\" content=\"es_ES\" \/>\n<meta property=\"og:type\" content=\"article\" \/>\n<meta property=\"og:title\" content=\"Hamaca Maya -\" \/>\n<meta property=\"og:description\" content=\"La Hamaca Maya, elaborada en Campeche, combina rojo, naranja, vino y crudo. Tejida con puntada simple y macram\u00e9, rinde homenaje a la calidez familiar y al talento artesanal femenino.\" \/>\n<meta property=\"og:url\" content=\"https:\/\/teterete.com\/mx\/producto\/hamaca-maya\/\" \/>\n<meta property=\"article:publisher\" content=\"https:\/\/www.facebook.com\/TetereteHome\/\" \/>\n<meta property=\"article:modified_time\" content=\"2026-01-21T21:49:31+00:00\" \/>\n<meta property=\"og:image\" content=\"https:\/\/teterete.com\/mx\/wp-content\/uploads\/2026\/01\/hamaca-de-campeche.jpg.webp\" \/>\n\t<meta property=\"og:image:width\" content=\"1000\" \/>\n\t<meta property=\"og:image:height\" content=\"1000\" \/>\n\t<meta property=\"og:image:type\" content=\"image\/webp\" \/>\n<meta name=\"twitter:card\" content=\"summary_large_image\" \/>\n<meta name=\"twitter:site\" content=\"@Teterete_Home\" \/>\n<meta name=\"twitter:label1\" content=\"Tiempo de lectura\" \/>\n\t<meta name=\"twitter:data1\" content=\"1 minuto\" \/>\n<script type=\"application\/ld+json\" class=\"yoast-schema-graph\">{\"@context\":\"https:\/\/schema.org\",\"@graph\":[{\"@type\":\"WebPage\",\"@id\":\"https:\/\/teterete.com\/mx\/producto\/hamaca-maya\/\",\"url\":\"https:\/\/teterete.com\/mx\/producto\/hamaca-maya\/\",\"name\":\"Hamaca Maya -\",\"isPartOf\":{\"@id\":\"https:\/\/teterete.com\/mx\/#website\"},\"primaryImageOfPage\":{\"@id\":\"https:\/\/teterete.com\/mx\/producto\/hamaca-maya\/#primaryimage\"},\"image\":{\"@id\":\"https:\/\/teterete.com\/mx\/producto\/hamaca-maya\/#primaryimage\"},\"thumbnailUrl\":\"https:\/\/teterete.com\/mx\/wp-content\/uploads\/2026\/01\/hamaca-de-campeche.jpg.webp\",\"datePublished\":\"2026-01-21T21:41:30+00:00\",\"dateModified\":\"2026-01-21T21:49:31+00:00\",\"description\":\"La Hamaca Maya, elaborada en Campeche, combina rojo, naranja, vino y crudo. Tejida con puntada simple y macram\u00e9, rinde homenaje a la calidez familiar y al talento artesanal femenino.\",\"breadcrumb\":{\"@id\":\"https:\/\/teterete.com\/mx\/producto\/hamaca-maya\/#breadcrumb\"},\"inLanguage\":\"es\",\"potentialAction\":[{\"@type\":\"ReadAction\",\"target\":[\"https:\/\/teterete.com\/mx\/producto\/hamaca-maya\/\"]}]},{\"@type\":\"ImageObject\",\"inLanguage\":\"es\",\"@id\":\"https:\/\/teterete.com\/mx\/producto\/hamaca-maya\/#primaryimage\",\"url\":\"https:\/\/teterete.com\/mx\/wp-content\/uploads\/2026\/01\/hamaca-de-campeche.jpg.webp\",\"contentUrl\":\"https:\/\/teterete.com\/mx\/wp-content\/uploads\/2026\/01\/hamaca-de-campeche.jpg.webp\",\"width\":1000,\"height\":1000,\"caption\":\"Hamaca de Campeche\"},{\"@type\":\"BreadcrumbList\",\"@id\":\"https:\/\/teterete.com\/mx\/producto\/hamaca-maya\/#breadcrumb\",\"itemListElement\":[{\"@type\":\"ListItem\",\"position\":1,\"name\":\"Home\",\"item\":\"https:\/\/teterete.com\/mx\/\"},{\"@type\":\"ListItem\",\"position\":2,\"name\":\"Productos\",\"item\":\"https:\/\/teterete.com\/mx\/shop\/\"},{\"@type\":\"ListItem\",\"position\":3,\"name\":\"Hamaca Maya\"}]},{\"@type\":\"WebSite\",\"@id\":\"https:\/\/teterete.com\/mx\/#website\",\"url\":\"https:\/\/teterete.com\/mx\/\",\"name\":\"\",\"description\":\"Tienda en L\u00ednea de Fina Artesanias y Dise\u00f1o Mexicano. Bellas piezas elaboradas a mano por los mejores artesanos del pa\u00eds as\u00ed como piezas de dise\u00f1o y decoraci\u00f3n con inspiraci\u00f3n artesanal.\",\"potentialAction\":[{\"@type\":\"SearchAction\",\"target\":{\"@type\":\"EntryPoint\",\"urlTemplate\":\"https:\/\/teterete.com\/mx\/?s={search_term_string}\"},\"query-input\":{\"@type\":\"PropertyValueSpecification\",\"valueRequired\":true,\"valueName\":\"search_term_string\"}}],\"inLanguage\":\"es\"}]}<\/script>\n<!-- \/ Yoast SEO plugin. -->","yoast_head_json":{"title":"Hamaca Maya -","description":"La Hamaca Maya, elaborada en Campeche, combina rojo, naranja, vino y crudo. Tejida con puntada simple y macram\u00e9, rinde homenaje a la calidez familiar y al talento artesanal femenino.","robots":{"index":"index","follow":"follow","max-snippet":"max-snippet:-1","max-image-preview":"max-image-preview:large","max-video-preview":"max-video-preview:-1"},"canonical":"https:\/\/teterete.com\/mx\/producto\/hamaca-maya\/","og_locale":"es_ES","og_type":"article","og_title":"Hamaca Maya -","og_description":"La Hamaca Maya, elaborada en Campeche, combina rojo, naranja, vino y crudo. Tejida con puntada simple y macram\u00e9, rinde homenaje a la calidez familiar y al talento artesanal femenino.","og_url":"https:\/\/teterete.com\/mx\/producto\/hamaca-maya\/","article_publisher":"https:\/\/www.facebook.com\/TetereteHome\/","article_modified_time":"2026-01-21T21:49:31+00:00","og_image":[{"width":1000,"height":1000,"url":"https:\/\/teterete.com\/mx\/wp-content\/uploads\/2026\/01\/hamaca-de-campeche.jpg.webp","type":"image\/webp"}],"twitter_card":"summary_large_image","twitter_site":"@Teterete_Home","twitter_misc":{"Tiempo de lectura":"1 minuto"},"schema":{"@context":"https:\/\/schema.org","@graph":[{"@type":"WebPage","@id":"https:\/\/teterete.com\/mx\/producto\/hamaca-maya\/","url":"https:\/\/teterete.com\/mx\/producto\/hamaca-maya\/","name":"Hamaca Maya -","isPartOf":{"@id":"https:\/\/teterete.com\/mx\/#website"},"primaryImageOfPage":{"@id":"https:\/\/teterete.com\/mx\/producto\/hamaca-maya\/#primaryimage"},"image":{"@id":"https:\/\/teterete.com\/mx\/producto\/hamaca-maya\/#primaryimage"},"thumbnailUrl":"https:\/\/teterete.com\/mx\/wp-content\/uploads\/2026\/01\/hamaca-de-campeche.jpg.webp","datePublished":"2026-01-21T21:41:30+00:00","dateModified":"2026-01-21T21:49:31+00:00","description":"La Hamaca Maya, elaborada en Campeche, combina rojo, naranja, vino y crudo. Tejida con puntada simple y macram\u00e9, rinde homenaje a la calidez familiar y al talento artesanal femenino.","breadcrumb":{"@id":"https:\/\/teterete.com\/mx\/producto\/hamaca-maya\/#breadcrumb"},"inLanguage":"es","potentialAction":[{"@type":"ReadAction","target":["https:\/\/teterete.com\/mx\/producto\/hamaca-maya\/"]}]},{"@type":"ImageObject","inLanguage":"es","@id":"https:\/\/teterete.com\/mx\/producto\/hamaca-maya\/#primaryimage","url":"https:\/\/teterete.com\/mx\/wp-content\/uploads\/2026\/01\/hamaca-de-campeche.jpg.webp","contentUrl":"https:\/\/teterete.com\/mx\/wp-content\/uploads\/2026\/01\/hamaca-de-campeche.jpg.webp","width":1000,"height":1000,"caption":"Hamaca de Campeche"},{"@type":"BreadcrumbList","@id":"https:\/\/teterete.com\/mx\/producto\/hamaca-maya\/#breadcrumb","itemListElement":[{"@type":"ListItem","position":1,"name":"Home","item":"https:\/\/teterete.com\/mx\/"},{"@type":"ListItem","position":2,"name":"Productos","item":"https:\/\/teterete.com\/mx\/shop\/"},{"@type":"ListItem","position":3,"name":"Hamaca Maya"}]},{"@type":"WebSite","@id":"https:\/\/teterete.com\/mx\/#website","url":"https:\/\/teterete.com\/mx\/","name":"","description":"Tienda en L\u00ednea de Fina Artesanias y Dise\u00f1o Mexicano. Bellas piezas elaboradas a mano por los mejores artesanos del pa\u00eds as\u00ed como piezas de dise\u00f1o y decoraci\u00f3n con inspiraci\u00f3n artesanal.","potentialAction":[{"@type":"SearchAction","target":{"@type":"EntryPoint","urlTemplate":"https:\/\/teterete.com\/mx\/?s={search_term_string}"},"query-input":{"@type":"PropertyValueSpecification","valueRequired":true,"valueName":"search_term_string"}}],"inLanguage":"es"}]}},"_links":{"self":[{"href":"https:\/\/teterete.com\/mx\/wp-json\/wp\/v2\/product\/12788"}],"collection":[{"href":"https:\/\/teterete.com\/mx\/wp-json\/wp\/v2\/product"}],"about":[{"href":"https:\/\/teterete.com\/mx\/wp-json\/wp\/v2\/types\/product"}],"replies":[{"embeddable":true,"href":"https:\/\/teterete.com\/mx\/wp-json\/wp\/v2\/comments?post=12788"}],"wp:featuredmedia":[{"embeddable":true,"href":"https:\/\/teterete.com\/mx\/wp-json\/wp\/v2\/media\/12790"}],"wp:attachment":[{"href":"https:\/\/teterete.com\/mx\/wp-json\/wp\/v2\/media?parent=12788"}],"wp:term":[{"taxonomy":"product_cat","embeddable":true,"href":"https:\/\/teterete.com\/mx\/wp-json\/wp\/v2\/product_cat?post=12788"},{"taxonomy":"product_tag","embeddable":true,"href":"https:\/\/teterete.com\/mx\/wp-json\/wp\/v2\/product_tag?post=12788"}],"curies":[{"name":"wp","href":"https:\/\/api.w.org\/{rel}","templated":true}]}}