{"id":12815,"date":"2026-03-08T17:08:41","date_gmt":"2026-03-08T17:08:41","guid":{"rendered":"https:\/\/teterete.com\/mx\/?post_type=product&#038;p=12815"},"modified":"2026-04-14T15:56:14","modified_gmt":"2026-04-14T15:56:14","slug":"cabecera-de-tule-artesanal","status":"publish","type":"product","link":"https:\/\/teterete.com\/mx\/producto\/cabecera-de-tule-artesanal\/","title":{"rendered":"Cabecera de Tule Artesanal: Textura y Calidez Contempor\u00e1nea"},"content":{"rendered":"<p>Peso: 12 y 9 kgs<\/p>\n<p>Material: Tule<\/p>\n<ul>\n<li>\n<p data-path-to-node=\"2,2,0,0\"><b data-path-to-node=\"2,2,0,0\" data-index-in-node=\"0\">Grosor:<\/b> 5 cm.<\/p>\n<\/li>\n<li>\n<p data-path-to-node=\"2,2,1,0\"><b data-path-to-node=\"2,2,1,0\" data-index-in-node=\"0\">Medidas disponibles: (se pueden hacer sobre medida)<\/b><\/p>\n<ul data-path-to-node=\"2,2,1,1\">\n<li>\n<p data-path-to-node=\"2,2,1,1,0,0\">Chica: 1.70 cm x 45 cm.<\/p>\n<\/li>\n<li>\n<p data-path-to-node=\"2,2,1,1,1,0\">Grande: 2.00 m x 50 cm.<\/p>\n<\/li>\n<\/ul>\n<\/li>\n<\/ul>\n<p>&nbsp;<\/p>\n","protected":false},"excerpt":{"rendered":"<p data-path-to-node=\"3\">Eleva el car\u00e1cter de tu habitaci\u00f3n con nuestra <b data-path-to-node=\"3\" data-index-in-node=\"47\">cabecera de tule tejido a mano<\/b>, una pieza que fusiona la maestr\u00eda artesanal con el dise\u00f1o mexicano m\u00e1s refinado. Su tejido org\u00e1nico, el mismo que define a nuestra exclusiva l\u00ednea de taburetes y colchonetas, aporta una textura inigualable que invita al descanso y la serenidad.<\/p>\n<p data-path-to-node=\"4\">Gracias a su dise\u00f1o vers\u00e1til y ligero, puede instalarse directamente sobre la pared, funcionando como una obra de arte funcional que se adapta perfectamente a rec\u00e1maras de hoteles boutique o residencias con un concepto contempor\u00e1neo.<\/p>\n<ul data-path-to-node=\"5\">\n<li>\n<p data-path-to-node=\"5,0,0\"><b data-path-to-node=\"5,0,0\" data-index-in-node=\"0\">Est\u00e9tica:<\/b> Dise\u00f1o minimalista sin marco para un look limpio y org\u00e1nico.<\/p>\n<\/li>\n<li>\n<p data-path-to-node=\"5,1,0\"><b data-path-to-node=\"5,1,0\" data-index-in-node=\"0\">Material:<\/b> Tule natural seleccionado, tejido con t\u00e9cnica de alta resistencia.<\/p>\n<\/li>\n<li>\n<p data-path-to-node=\"5,2,0\"><b>Personalizaci\u00f3n de Medidas<\/b><\/p>\n<\/li>\n<li>\n<p data-path-to-node=\"5,3,0\"><b data-path-to-node=\"5,3,0\" data-index-in-node=\"0\">Ideal para:<\/b> Proyectos de interiorismo que buscan materiales nobles y piezas con historia.<\/p>\n<\/li>\n<\/ul>\n","protected":false},"featured_media":12818,"comment_status":"open","ping_status":"closed","template":"","meta":{"sfsi_plus_gutenberg_text_before_share":"","sfsi_plus_gutenberg_show_text_before_share":"","sfsi_plus_gutenberg_icon_type":"","sfsi_plus_gutenberg_icon_alignemt":"","sfsi_plus_gutenburg_max_per_row":""},"product_cat":[1515,337,334,683,682],"product_tag":[1952,2660,2664,2662,2661,2663,2017],"acf":[],"yoast_head":"<!-- This site is optimized with the Yoast SEO plugin v23.5 - https:\/\/yoast.com\/wordpress\/plugins\/seo\/ -->\n<title>Cabecera de Tule Artesanal: Textura y Calidez Contempor\u00e1nea -<\/title>\n<meta name=\"description\" content=\"Eleva el car\u00e1cter de tu habitaci\u00f3n con nuestra cabecera de tule tejido a mano, una pieza que fusiona la maestr\u00eda artesanal con el dise\u00f1o mexicano m\u00e1s refinado\" \/>\n<meta name=\"robots\" content=\"index, follow, max-snippet:-1, max-image-preview:large, max-video-preview:-1\" \/>\n<link rel=\"canonical\" href=\"https:\/\/teterete.com\/mx\/producto\/cabecera-de-tule-artesanal\/\" \/>\n<meta property=\"og:locale\" content=\"es_ES\" \/>\n<meta property=\"og:type\" content=\"article\" \/>\n<meta property=\"og:title\" content=\"Cabecera de Tule Artesanal: Textura y Calidez Contempor\u00e1nea -\" \/>\n<meta property=\"og:description\" content=\"Eleva el car\u00e1cter de tu habitaci\u00f3n con nuestra cabecera de tule tejido a mano, una pieza que fusiona la maestr\u00eda artesanal con el dise\u00f1o mexicano m\u00e1s refinado\" \/>\n<meta property=\"og:url\" content=\"https:\/\/teterete.com\/mx\/producto\/cabecera-de-tule-artesanal\/\" \/>\n<meta property=\"article:publisher\" content=\"https:\/\/www.facebook.com\/TetereteHome\/\" \/>\n<meta property=\"article:modified_time\" content=\"2026-04-14T15:56:14+00:00\" \/>\n<meta property=\"og:image\" content=\"https:\/\/teterete.com\/mx\/wp-content\/uploads\/2026\/03\/cabecera-yute-artesanal.jpg\" \/>\n\t<meta property=\"og:image:width\" content=\"1024\" \/>\n\t<meta property=\"og:image:height\" content=\"1024\" \/>\n\t<meta property=\"og:image:type\" content=\"image\/jpeg\" \/>\n<meta name=\"twitter:card\" content=\"summary_large_image\" \/>\n<meta name=\"twitter:site\" content=\"@Teterete_Home\" \/>\n<meta name=\"twitter:label1\" content=\"Tiempo de lectura\" \/>\n\t<meta name=\"twitter:data1\" content=\"1 minuto\" \/>\n<script type=\"application\/ld+json\" class=\"yoast-schema-graph\">{\"@context\":\"https:\/\/schema.org\",\"@graph\":[{\"@type\":\"WebPage\",\"@id\":\"https:\/\/teterete.com\/mx\/producto\/cabecera-de-tule-artesanal\/\",\"url\":\"https:\/\/teterete.com\/mx\/producto\/cabecera-de-tule-artesanal\/\",\"name\":\"Cabecera de Tule Artesanal: Textura y Calidez Contempor\u00e1nea -\",\"isPartOf\":{\"@id\":\"https:\/\/teterete.com\/mx\/#website\"},\"primaryImageOfPage\":{\"@id\":\"https:\/\/teterete.com\/mx\/producto\/cabecera-de-tule-artesanal\/#primaryimage\"},\"image\":{\"@id\":\"https:\/\/teterete.com\/mx\/producto\/cabecera-de-tule-artesanal\/#primaryimage\"},\"thumbnailUrl\":\"https:\/\/teterete.com\/mx\/wp-content\/uploads\/2026\/03\/cabecera-yute-artesanal.jpg\",\"datePublished\":\"2026-03-08T17:08:41+00:00\",\"dateModified\":\"2026-04-14T15:56:14+00:00\",\"description\":\"Eleva el car\u00e1cter de tu habitaci\u00f3n con nuestra cabecera de tule tejido a mano, una pieza que fusiona la maestr\u00eda artesanal con el dise\u00f1o mexicano m\u00e1s refinado\",\"breadcrumb\":{\"@id\":\"https:\/\/teterete.com\/mx\/producto\/cabecera-de-tule-artesanal\/#breadcrumb\"},\"inLanguage\":\"es\",\"potentialAction\":[{\"@type\":\"ReadAction\",\"target\":[\"https:\/\/teterete.com\/mx\/producto\/cabecera-de-tule-artesanal\/\"]}]},{\"@type\":\"ImageObject\",\"inLanguage\":\"es\",\"@id\":\"https:\/\/teterete.com\/mx\/producto\/cabecera-de-tule-artesanal\/#primaryimage\",\"url\":\"https:\/\/teterete.com\/mx\/wp-content\/uploads\/2026\/03\/cabecera-yute-artesanal.jpg\",\"contentUrl\":\"https:\/\/teterete.com\/mx\/wp-content\/uploads\/2026\/03\/cabecera-yute-artesanal.jpg\",\"width\":1024,\"height\":1024,\"caption\":\"Cabecera de Yute Artesanal\"},{\"@type\":\"BreadcrumbList\",\"@id\":\"https:\/\/teterete.com\/mx\/producto\/cabecera-de-tule-artesanal\/#breadcrumb\",\"itemListElement\":[{\"@type\":\"ListItem\",\"position\":1,\"name\":\"Home\",\"item\":\"https:\/\/teterete.com\/mx\/\"},{\"@type\":\"ListItem\",\"position\":2,\"name\":\"Productos\",\"item\":\"https:\/\/teterete.com\/mx\/shop\/\"},{\"@type\":\"ListItem\",\"position\":3,\"name\":\"Cabecera de Tule Artesanal: Textura y Calidez Contempor\u00e1nea\"}]},{\"@type\":\"WebSite\",\"@id\":\"https:\/\/teterete.com\/mx\/#website\",\"url\":\"https:\/\/teterete.com\/mx\/\",\"name\":\"\",\"description\":\"Tienda en L\u00ednea de Fina Artesanias y Dise\u00f1o Mexicano. Bellas piezas elaboradas a mano por los mejores artesanos del pa\u00eds as\u00ed como piezas de dise\u00f1o y decoraci\u00f3n con inspiraci\u00f3n artesanal.\",\"potentialAction\":[{\"@type\":\"SearchAction\",\"target\":{\"@type\":\"EntryPoint\",\"urlTemplate\":\"https:\/\/teterete.com\/mx\/?s={search_term_string}\"},\"query-input\":{\"@type\":\"PropertyValueSpecification\",\"valueRequired\":true,\"valueName\":\"search_term_string\"}}],\"inLanguage\":\"es\"}]}<\/script>\n<!-- \/ Yoast SEO plugin. -->","yoast_head_json":{"title":"Cabecera de Tule Artesanal: Textura y Calidez Contempor\u00e1nea -","description":"Eleva el car\u00e1cter de tu habitaci\u00f3n con nuestra cabecera de tule tejido a mano, una pieza que fusiona la maestr\u00eda artesanal con el dise\u00f1o mexicano m\u00e1s refinado","robots":{"index":"index","follow":"follow","max-snippet":"max-snippet:-1","max-image-preview":"max-image-preview:large","max-video-preview":"max-video-preview:-1"},"canonical":"https:\/\/teterete.com\/mx\/producto\/cabecera-de-tule-artesanal\/","og_locale":"es_ES","og_type":"article","og_title":"Cabecera de Tule Artesanal: Textura y Calidez Contempor\u00e1nea -","og_description":"Eleva el car\u00e1cter de tu habitaci\u00f3n con nuestra cabecera de tule tejido a mano, una pieza que fusiona la maestr\u00eda artesanal con el dise\u00f1o mexicano m\u00e1s refinado","og_url":"https:\/\/teterete.com\/mx\/producto\/cabecera-de-tule-artesanal\/","article_publisher":"https:\/\/www.facebook.com\/TetereteHome\/","article_modified_time":"2026-04-14T15:56:14+00:00","og_image":[{"width":1024,"height":1024,"url":"https:\/\/teterete.com\/mx\/wp-content\/uploads\/2026\/03\/cabecera-yute-artesanal.jpg","type":"image\/jpeg"}],"twitter_card":"summary_large_image","twitter_site":"@Teterete_Home","twitter_misc":{"Tiempo de lectura":"1 minuto"},"schema":{"@context":"https:\/\/schema.org","@graph":[{"@type":"WebPage","@id":"https:\/\/teterete.com\/mx\/producto\/cabecera-de-tule-artesanal\/","url":"https:\/\/teterete.com\/mx\/producto\/cabecera-de-tule-artesanal\/","name":"Cabecera de Tule Artesanal: Textura y Calidez Contempor\u00e1nea -","isPartOf":{"@id":"https:\/\/teterete.com\/mx\/#website"},"primaryImageOfPage":{"@id":"https:\/\/teterete.com\/mx\/producto\/cabecera-de-tule-artesanal\/#primaryimage"},"image":{"@id":"https:\/\/teterete.com\/mx\/producto\/cabecera-de-tule-artesanal\/#primaryimage"},"thumbnailUrl":"https:\/\/teterete.com\/mx\/wp-content\/uploads\/2026\/03\/cabecera-yute-artesanal.jpg","datePublished":"2026-03-08T17:08:41+00:00","dateModified":"2026-04-14T15:56:14+00:00","description":"Eleva el car\u00e1cter de tu habitaci\u00f3n con nuestra cabecera de tule tejido a mano, una pieza que fusiona la maestr\u00eda artesanal con el dise\u00f1o mexicano m\u00e1s refinado","breadcrumb":{"@id":"https:\/\/teterete.com\/mx\/producto\/cabecera-de-tule-artesanal\/#breadcrumb"},"inLanguage":"es","potentialAction":[{"@type":"ReadAction","target":["https:\/\/teterete.com\/mx\/producto\/cabecera-de-tule-artesanal\/"]}]},{"@type":"ImageObject","inLanguage":"es","@id":"https:\/\/teterete.com\/mx\/producto\/cabecera-de-tule-artesanal\/#primaryimage","url":"https:\/\/teterete.com\/mx\/wp-content\/uploads\/2026\/03\/cabecera-yute-artesanal.jpg","contentUrl":"https:\/\/teterete.com\/mx\/wp-content\/uploads\/2026\/03\/cabecera-yute-artesanal.jpg","width":1024,"height":1024,"caption":"Cabecera de Yute Artesanal"},{"@type":"BreadcrumbList","@id":"https:\/\/teterete.com\/mx\/producto\/cabecera-de-tule-artesanal\/#breadcrumb","itemListElement":[{"@type":"ListItem","position":1,"name":"Home","item":"https:\/\/teterete.com\/mx\/"},{"@type":"ListItem","position":2,"name":"Productos","item":"https:\/\/teterete.com\/mx\/shop\/"},{"@type":"ListItem","position":3,"name":"Cabecera de Tule Artesanal: Textura y Calidez Contempor\u00e1nea"}]},{"@type":"WebSite","@id":"https:\/\/teterete.com\/mx\/#website","url":"https:\/\/teterete.com\/mx\/","name":"","description":"Tienda en L\u00ednea de Fina Artesanias y Dise\u00f1o Mexicano. Bellas piezas elaboradas a mano por los mejores artesanos del pa\u00eds as\u00ed como piezas de dise\u00f1o y decoraci\u00f3n con inspiraci\u00f3n artesanal.","potentialAction":[{"@type":"SearchAction","target":{"@type":"EntryPoint","urlTemplate":"https:\/\/teterete.com\/mx\/?s={search_term_string}"},"query-input":{"@type":"PropertyValueSpecification","valueRequired":true,"valueName":"search_term_string"}}],"inLanguage":"es"}]}},"_links":{"self":[{"href":"https:\/\/teterete.com\/mx\/wp-json\/wp\/v2\/product\/12815"}],"collection":[{"href":"https:\/\/teterete.com\/mx\/wp-json\/wp\/v2\/product"}],"about":[{"href":"https:\/\/teterete.com\/mx\/wp-json\/wp\/v2\/types\/product"}],"replies":[{"embeddable":true,"href":"https:\/\/teterete.com\/mx\/wp-json\/wp\/v2\/comments?post=12815"}],"wp:featuredmedia":[{"embeddable":true,"href":"https:\/\/teterete.com\/mx\/wp-json\/wp\/v2\/media\/12818"}],"wp:attachment":[{"href":"https:\/\/teterete.com\/mx\/wp-json\/wp\/v2\/media?parent=12815"}],"wp:term":[{"taxonomy":"product_cat","embeddable":true,"href":"https:\/\/teterete.com\/mx\/wp-json\/wp\/v2\/product_cat?post=12815"},{"taxonomy":"product_tag","embeddable":true,"href":"https:\/\/teterete.com\/mx\/wp-json\/wp\/v2\/product_tag?post=12815"}],"curies":[{"name":"wp","href":"https:\/\/api.w.org\/{rel}","templated":true}]}}