{"id":1738,"date":"2017-06-29T19:38:09","date_gmt":"2017-06-29T19:38:09","guid":{"rendered":"http:\/\/mx.teterete.com\/?post_type=product&#038;p=1738"},"modified":"2023-07-28T21:52:26","modified_gmt":"2023-07-28T21:52:26","slug":"mantel-algodon_fino","status":"publish","type":"product","link":"https:\/\/teterete.com\/mx\/producto\/mantel-algodon_fino\/","title":{"rendered":"Mantel de Algod\u00f3n Fino Chiapas"},"content":{"rendered":"<p>Mantel cuadrado en lino bordado a mano en amarillo por tejedoras chiapanecas.<\/p>\n","protected":false},"excerpt":{"rendered":"<p>Amazing square table-cloth woven by indigenous from Los Altos de Chiapas one of the best weavers in Mexico.<\/p>\n<p>Textiles extraordinarios tejidos en telar de cintura por las mejores tejedoras de Los Altos de Chiapas.<\/p>\n","protected":false},"featured_media":1739,"comment_status":"open","ping_status":"closed","template":"","meta":{"_acf_changed":false,"sfsi_plus_gutenberg_text_before_share":"","sfsi_plus_gutenberg_show_text_before_share":"","sfsi_plus_gutenberg_icon_type":"","sfsi_plus_gutenberg_icon_alignemt":"","sfsi_plus_gutenburg_max_per_row":""},"product_brand":[],"product_cat":[344,1584,350],"product_tag":[232,252,251,250,22,253,223],"class_list":{"0":"post-1738","1":"product","2":"type-product","3":"status-publish","4":"has-post-thumbnail","6":"product_cat-manteles","7":"product_cat-mesa-mexicana","8":"product_cat-piezas-unicas","9":"product_tag-decoracion-mexicana","10":"product_tag-mantel-bordado-en-telar","11":"product_tag-mantel-de-lino","12":"product_tag-mantel-mexicano","13":"product_tag-mexican-textiles","14":"product_tag-teterete-textiles","15":"product_tag-textiles-mexicanos","16":"product_shipping_class-big-size","18":"first","19":"instock","20":"taxable","21":"shipping-taxable","22":"purchasable","23":"product-type-simple"},"acf":[],"yoast_head":"<!-- This site is optimized with the Yoast SEO plugin v27.5 - https:\/\/yoast.com\/product\/yoast-seo-wordpress\/ -->\n<title>Mantel de Algod\u00f3n Fino Chiapas -<\/title>\n<meta name=\"robots\" content=\"index, follow, max-snippet:-1, max-image-preview:large, max-video-preview:-1\" \/>\n<link rel=\"canonical\" href=\"https:\/\/teterete.com\/mx\/producto\/mantel-algodon_fino\/\" \/>\n<meta property=\"og:locale\" content=\"es_ES\" \/>\n<meta property=\"og:type\" content=\"article\" \/>\n<meta property=\"og:title\" content=\"Mantel de Algod\u00f3n Fino Chiapas -\" \/>\n<meta property=\"og:description\" content=\"Amazing square table-cloth woven by indigenous from Los Altos de Chiapas one of the best weavers in Mexico.  Textiles extraordinarios tejidos en telar de cintura por las mejores tejedoras de Los Altos de Chiapas.\" \/>\n<meta property=\"og:url\" content=\"https:\/\/teterete.com\/mx\/producto\/mantel-algodon_fino\/\" \/>\n<meta property=\"article:publisher\" content=\"https:\/\/www.facebook.com\/TetereteHome\/\" \/>\n<meta property=\"article:modified_time\" content=\"2023-07-28T21:52:26+00:00\" \/>\n<meta property=\"og:image\" content=\"https:\/\/teterete.com\/mx\/wp-content\/uploads\/2017\/06\/IMG_9313-1.jpg\" \/>\n\t<meta property=\"og:image:width\" content=\"640\" \/>\n\t<meta property=\"og:image:height\" content=\"427\" \/>\n\t<meta property=\"og:image:type\" content=\"image\/jpeg\" \/>\n<meta name=\"twitter:card\" content=\"summary_large_image\" \/>\n<meta name=\"twitter:site\" content=\"@Teterete_Home\" \/>\n<script type=\"application\/ld+json\" class=\"yoast-schema-graph\">{\"@context\":\"https:\\\/\\\/schema.org\",\"@graph\":[{\"@type\":\"WebPage\",\"@id\":\"https:\\\/\\\/teterete.com\\\/mx\\\/producto\\\/mantel-algodon_fino\\\/\",\"url\":\"https:\\\/\\\/teterete.com\\\/mx\\\/producto\\\/mantel-algodon_fino\\\/\",\"name\":\"Mantel de Algod\u00f3n Fino Chiapas -\",\"isPartOf\":{\"@id\":\"https:\\\/\\\/teterete.com\\\/mx\\\/#website\"},\"primaryImageOfPage\":{\"@id\":\"https:\\\/\\\/teterete.com\\\/mx\\\/producto\\\/mantel-algodon_fino\\\/#primaryimage\"},\"image\":{\"@id\":\"https:\\\/\\\/teterete.com\\\/mx\\\/producto\\\/mantel-algodon_fino\\\/#primaryimage\"},\"thumbnailUrl\":\"https:\\\/\\\/teterete.com\\\/mx\\\/wp-content\\\/uploads\\\/2017\\\/06\\\/IMG_9313-1.jpg\",\"datePublished\":\"2017-06-29T19:38:09+00:00\",\"dateModified\":\"2023-07-28T21:52:26+00:00\",\"breadcrumb\":{\"@id\":\"https:\\\/\\\/teterete.com\\\/mx\\\/producto\\\/mantel-algodon_fino\\\/#breadcrumb\"},\"inLanguage\":\"es\",\"potentialAction\":[{\"@type\":\"ReadAction\",\"target\":[\"https:\\\/\\\/teterete.com\\\/mx\\\/producto\\\/mantel-algodon_fino\\\/\"]}]},{\"@type\":\"ImageObject\",\"inLanguage\":\"es\",\"@id\":\"https:\\\/\\\/teterete.com\\\/mx\\\/producto\\\/mantel-algodon_fino\\\/#primaryimage\",\"url\":\"https:\\\/\\\/teterete.com\\\/mx\\\/wp-content\\\/uploads\\\/2017\\\/06\\\/IMG_9313-1.jpg\",\"contentUrl\":\"https:\\\/\\\/teterete.com\\\/mx\\\/wp-content\\\/uploads\\\/2017\\\/06\\\/IMG_9313-1.jpg\",\"width\":640,\"height\":427},{\"@type\":\"BreadcrumbList\",\"@id\":\"https:\\\/\\\/teterete.com\\\/mx\\\/producto\\\/mantel-algodon_fino\\\/#breadcrumb\",\"itemListElement\":[{\"@type\":\"ListItem\",\"position\":1,\"name\":\"Home\",\"item\":\"https:\\\/\\\/teterete.com\\\/mx\\\/\"},{\"@type\":\"ListItem\",\"position\":2,\"name\":\"Productos\",\"item\":\"https:\\\/\\\/teterete.com\\\/mx\\\/shop\\\/\"},{\"@type\":\"ListItem\",\"position\":3,\"name\":\"Mantel de Algod\u00f3n Fino Chiapas\"}]},{\"@type\":\"WebSite\",\"@id\":\"https:\\\/\\\/teterete.com\\\/mx\\\/#website\",\"url\":\"https:\\\/\\\/teterete.com\\\/mx\\\/\",\"name\":\"\",\"description\":\"Tienda en L\u00ednea de Fina Artesanias y Dise\u00f1o Mexicano. Bellas piezas elaboradas a mano por los mejores artesanos del pa\u00eds as\u00ed como piezas de dise\u00f1o y decoraci\u00f3n con inspiraci\u00f3n artesanal.\",\"potentialAction\":[{\"@type\":\"SearchAction\",\"target\":{\"@type\":\"EntryPoint\",\"urlTemplate\":\"https:\\\/\\\/teterete.com\\\/mx\\\/?s={search_term_string}\"},\"query-input\":{\"@type\":\"PropertyValueSpecification\",\"valueRequired\":true,\"valueName\":\"search_term_string\"}}],\"inLanguage\":\"es\"}]}<\/script>\n<!-- \/ Yoast SEO plugin. -->","yoast_head_json":{"title":"Mantel de Algod\u00f3n Fino Chiapas -","robots":{"index":"index","follow":"follow","max-snippet":"max-snippet:-1","max-image-preview":"max-image-preview:large","max-video-preview":"max-video-preview:-1"},"canonical":"https:\/\/teterete.com\/mx\/producto\/mantel-algodon_fino\/","og_locale":"es_ES","og_type":"article","og_title":"Mantel de Algod\u00f3n Fino Chiapas -","og_description":"Amazing square table-cloth woven by indigenous from Los Altos de Chiapas one of the best weavers in Mexico.  Textiles extraordinarios tejidos en telar de cintura por las mejores tejedoras de Los Altos de Chiapas.","og_url":"https:\/\/teterete.com\/mx\/producto\/mantel-algodon_fino\/","article_publisher":"https:\/\/www.facebook.com\/TetereteHome\/","article_modified_time":"2023-07-28T21:52:26+00:00","og_image":[{"width":640,"height":427,"url":"https:\/\/teterete.com\/mx\/wp-content\/uploads\/2017\/06\/IMG_9313-1.jpg","type":"image\/jpeg"}],"twitter_card":"summary_large_image","twitter_site":"@Teterete_Home","schema":{"@context":"https:\/\/schema.org","@graph":[{"@type":"WebPage","@id":"https:\/\/teterete.com\/mx\/producto\/mantel-algodon_fino\/","url":"https:\/\/teterete.com\/mx\/producto\/mantel-algodon_fino\/","name":"Mantel de Algod\u00f3n Fino Chiapas -","isPartOf":{"@id":"https:\/\/teterete.com\/mx\/#website"},"primaryImageOfPage":{"@id":"https:\/\/teterete.com\/mx\/producto\/mantel-algodon_fino\/#primaryimage"},"image":{"@id":"https:\/\/teterete.com\/mx\/producto\/mantel-algodon_fino\/#primaryimage"},"thumbnailUrl":"https:\/\/teterete.com\/mx\/wp-content\/uploads\/2017\/06\/IMG_9313-1.jpg","datePublished":"2017-06-29T19:38:09+00:00","dateModified":"2023-07-28T21:52:26+00:00","breadcrumb":{"@id":"https:\/\/teterete.com\/mx\/producto\/mantel-algodon_fino\/#breadcrumb"},"inLanguage":"es","potentialAction":[{"@type":"ReadAction","target":["https:\/\/teterete.com\/mx\/producto\/mantel-algodon_fino\/"]}]},{"@type":"ImageObject","inLanguage":"es","@id":"https:\/\/teterete.com\/mx\/producto\/mantel-algodon_fino\/#primaryimage","url":"https:\/\/teterete.com\/mx\/wp-content\/uploads\/2017\/06\/IMG_9313-1.jpg","contentUrl":"https:\/\/teterete.com\/mx\/wp-content\/uploads\/2017\/06\/IMG_9313-1.jpg","width":640,"height":427},{"@type":"BreadcrumbList","@id":"https:\/\/teterete.com\/mx\/producto\/mantel-algodon_fino\/#breadcrumb","itemListElement":[{"@type":"ListItem","position":1,"name":"Home","item":"https:\/\/teterete.com\/mx\/"},{"@type":"ListItem","position":2,"name":"Productos","item":"https:\/\/teterete.com\/mx\/shop\/"},{"@type":"ListItem","position":3,"name":"Mantel de Algod\u00f3n Fino Chiapas"}]},{"@type":"WebSite","@id":"https:\/\/teterete.com\/mx\/#website","url":"https:\/\/teterete.com\/mx\/","name":"","description":"Tienda en L\u00ednea de Fina Artesanias y Dise\u00f1o Mexicano. Bellas piezas elaboradas a mano por los mejores artesanos del pa\u00eds as\u00ed como piezas de dise\u00f1o y decoraci\u00f3n con inspiraci\u00f3n artesanal.","potentialAction":[{"@type":"SearchAction","target":{"@type":"EntryPoint","urlTemplate":"https:\/\/teterete.com\/mx\/?s={search_term_string}"},"query-input":{"@type":"PropertyValueSpecification","valueRequired":true,"valueName":"search_term_string"}}],"inLanguage":"es"}]}},"_links":{"self":[{"href":"https:\/\/teterete.com\/mx\/wp-json\/wp\/v2\/product\/1738","targetHints":{"allow":["GET"]}}],"collection":[{"href":"https:\/\/teterete.com\/mx\/wp-json\/wp\/v2\/product"}],"about":[{"href":"https:\/\/teterete.com\/mx\/wp-json\/wp\/v2\/types\/product"}],"replies":[{"embeddable":true,"href":"https:\/\/teterete.com\/mx\/wp-json\/wp\/v2\/comments?post=1738"}],"wp:featuredmedia":[{"embeddable":true,"href":"https:\/\/teterete.com\/mx\/wp-json\/wp\/v2\/media\/1739"}],"wp:attachment":[{"href":"https:\/\/teterete.com\/mx\/wp-json\/wp\/v2\/media?parent=1738"}],"wp:term":[{"taxonomy":"product_brand","embeddable":true,"href":"https:\/\/teterete.com\/mx\/wp-json\/wp\/v2\/product_brand?post=1738"},{"taxonomy":"product_cat","embeddable":true,"href":"https:\/\/teterete.com\/mx\/wp-json\/wp\/v2\/product_cat?post=1738"},{"taxonomy":"product_tag","embeddable":true,"href":"https:\/\/teterete.com\/mx\/wp-json\/wp\/v2\/product_tag?post=1738"}],"curies":[{"name":"wp","href":"https:\/\/api.w.org\/{rel}","templated":true}]}}