{"id":1742,"date":"2017-06-29T20:12:28","date_gmt":"2017-06-29T20:12:28","guid":{"rendered":"http:\/\/mx.teterete.com\/?post_type=product&#038;p=1742"},"modified":"2021-03-02T21:43:03","modified_gmt":"2021-03-02T21:43:03","slug":"huipil-de-aldama","status":"publish","type":"product","link":"https:\/\/teterete.com\/mx\/producto\/huipil-de-aldama\/","title":{"rendered":"Hermoso Huipil Bordado en Telar"},"content":{"rendered":"<p>Huipil de 3 paneles bordado en telar de cintura por redoras en Chiapas. Elaborado bordado con gran colorido.<\/p>\n<p>Puedes enmarcarlo y utilizarlo como una bella pieza de arte para colocar en pared.<\/p>\n","protected":false},"excerpt":{"rendered":"<p>Elaborado Huipil hecho por tejedoras de Aldama, Chiapas. Una hermosa pieza elaborada en telar de cintura con intensos colores. Como sugerencia puedes decorar tu hogar al utilizarlo como hermoso textil de pared.<\/p>\n<p>Amazing Huipil (Traditional Dress) embroidered on a back strap loom by amazing women weavers from Aldama Chiapas. You can wear it or use it as an original wall decor piece.<\/p>\n","protected":false},"featured_media":9231,"comment_status":"open","ping_status":"closed","template":"","meta":{"sfsi_plus_gutenberg_text_before_share":"","sfsi_plus_gutenberg_show_text_before_share":"","sfsi_plus_gutenberg_icon_type":"","sfsi_plus_gutenberg_icon_alignemt":"","sfsi_plus_gutenburg_max_per_row":""},"product_cat":[1515,1263,341,61,55],"product_tag":[255,87,694,693,24,254,22,223,692],"acf":[],"yoast_head":"<!-- This site is optimized with the Yoast SEO plugin v23.5 - https:\/\/yoast.com\/wordpress\/plugins\/seo\/ -->\n<title>Hermoso Huipil Bordado en Telar -<\/title>\n<meta name=\"robots\" content=\"index, follow, max-snippet:-1, max-image-preview:large, max-video-preview:-1\" \/>\n<link rel=\"canonical\" href=\"https:\/\/teterete.com\/mx\/producto\/huipil-de-aldama\/\" \/>\n<meta property=\"og:locale\" content=\"es_ES\" \/>\n<meta property=\"og:type\" content=\"article\" \/>\n<meta property=\"og:title\" content=\"Hermoso Huipil Bordado en Telar -\" \/>\n<meta property=\"og:description\" content=\"Elaborado Huipil hecho por tejedoras de Aldama, Chiapas. Una hermosa pieza elaborada en telar de cintura con intensos colores. Como sugerencia puedes decorar tu hogar al utilizarlo como hermoso textil de pared.  Amazing Huipil (Traditional Dress) embroidered on a back strap loom by amazing women weavers from Aldama Chiapas. You can wear it or use it as an original wall decor piece.\" \/>\n<meta property=\"og:url\" content=\"https:\/\/teterete.com\/mx\/producto\/huipil-de-aldama\/\" \/>\n<meta property=\"article:publisher\" content=\"https:\/\/www.facebook.com\/TetereteHome\/\" \/>\n<meta property=\"article:modified_time\" content=\"2021-03-02T21:43:03+00:00\" \/>\n<meta property=\"og:image\" content=\"https:\/\/teterete.com\/mx\/wp-content\/uploads\/2017\/06\/Huipil.jpg\" \/>\n\t<meta property=\"og:image:width\" content=\"500\" \/>\n\t<meta property=\"og:image:height\" content=\"500\" \/>\n\t<meta property=\"og:image:type\" content=\"image\/jpeg\" \/>\n<meta name=\"twitter:card\" content=\"summary_large_image\" \/>\n<meta name=\"twitter:site\" content=\"@Teterete_Home\" \/>\n<script type=\"application\/ld+json\" class=\"yoast-schema-graph\">{\"@context\":\"https:\/\/schema.org\",\"@graph\":[{\"@type\":\"WebPage\",\"@id\":\"https:\/\/teterete.com\/mx\/producto\/huipil-de-aldama\/\",\"url\":\"https:\/\/teterete.com\/mx\/producto\/huipil-de-aldama\/\",\"name\":\"Hermoso Huipil Bordado en Telar -\",\"isPartOf\":{\"@id\":\"https:\/\/teterete.com\/mx\/#website\"},\"primaryImageOfPage\":{\"@id\":\"https:\/\/teterete.com\/mx\/producto\/huipil-de-aldama\/#primaryimage\"},\"image\":{\"@id\":\"https:\/\/teterete.com\/mx\/producto\/huipil-de-aldama\/#primaryimage\"},\"thumbnailUrl\":\"https:\/\/teterete.com\/mx\/wp-content\/uploads\/2017\/06\/Huipil.jpg\",\"datePublished\":\"2017-06-29T20:12:28+00:00\",\"dateModified\":\"2021-03-02T21:43:03+00:00\",\"breadcrumb\":{\"@id\":\"https:\/\/teterete.com\/mx\/producto\/huipil-de-aldama\/#breadcrumb\"},\"inLanguage\":\"es\",\"potentialAction\":[{\"@type\":\"ReadAction\",\"target\":[\"https:\/\/teterete.com\/mx\/producto\/huipil-de-aldama\/\"]}]},{\"@type\":\"ImageObject\",\"inLanguage\":\"es\",\"@id\":\"https:\/\/teterete.com\/mx\/producto\/huipil-de-aldama\/#primaryimage\",\"url\":\"https:\/\/teterete.com\/mx\/wp-content\/uploads\/2017\/06\/Huipil.jpg\",\"contentUrl\":\"https:\/\/teterete.com\/mx\/wp-content\/uploads\/2017\/06\/Huipil.jpg\",\"width\":\"500\",\"height\":\"500\",\"caption\":\"Huipil bordado en telar.\"},{\"@type\":\"BreadcrumbList\",\"@id\":\"https:\/\/teterete.com\/mx\/producto\/huipil-de-aldama\/#breadcrumb\",\"itemListElement\":[{\"@type\":\"ListItem\",\"position\":1,\"name\":\"Home\",\"item\":\"https:\/\/teterete.com\/mx\/\"},{\"@type\":\"ListItem\",\"position\":2,\"name\":\"Productos\",\"item\":\"https:\/\/teterete.com\/mx\/shop\/\"},{\"@type\":\"ListItem\",\"position\":3,\"name\":\"Hermoso Huipil Bordado en Telar\"}]},{\"@type\":\"WebSite\",\"@id\":\"https:\/\/teterete.com\/mx\/#website\",\"url\":\"https:\/\/teterete.com\/mx\/\",\"name\":\"\",\"description\":\"Tienda en L\u00ednea de Fina Artesanias y Dise\u00f1o Mexicano. Bellas piezas elaboradas a mano por los mejores artesanos del pa\u00eds as\u00ed como piezas de dise\u00f1o y decoraci\u00f3n con inspiraci\u00f3n artesanal.\",\"potentialAction\":[{\"@type\":\"SearchAction\",\"target\":{\"@type\":\"EntryPoint\",\"urlTemplate\":\"https:\/\/teterete.com\/mx\/?s={search_term_string}\"},\"query-input\":{\"@type\":\"PropertyValueSpecification\",\"valueRequired\":true,\"valueName\":\"search_term_string\"}}],\"inLanguage\":\"es\"}]}<\/script>\n<!-- \/ Yoast SEO plugin. -->","yoast_head_json":{"title":"Hermoso Huipil Bordado en Telar -","robots":{"index":"index","follow":"follow","max-snippet":"max-snippet:-1","max-image-preview":"max-image-preview:large","max-video-preview":"max-video-preview:-1"},"canonical":"https:\/\/teterete.com\/mx\/producto\/huipil-de-aldama\/","og_locale":"es_ES","og_type":"article","og_title":"Hermoso Huipil Bordado en Telar -","og_description":"Elaborado Huipil hecho por tejedoras de Aldama, Chiapas. Una hermosa pieza elaborada en telar de cintura con intensos colores. Como sugerencia puedes decorar tu hogar al utilizarlo como hermoso textil de pared.  Amazing Huipil (Traditional Dress) embroidered on a back strap loom by amazing women weavers from Aldama Chiapas. You can wear it or use it as an original wall decor piece.","og_url":"https:\/\/teterete.com\/mx\/producto\/huipil-de-aldama\/","article_publisher":"https:\/\/www.facebook.com\/TetereteHome\/","article_modified_time":"2021-03-02T21:43:03+00:00","og_image":[{"width":500,"height":500,"url":"https:\/\/teterete.com\/mx\/wp-content\/uploads\/2017\/06\/Huipil.jpg","type":"image\/jpeg"}],"twitter_card":"summary_large_image","twitter_site":"@Teterete_Home","schema":{"@context":"https:\/\/schema.org","@graph":[{"@type":"WebPage","@id":"https:\/\/teterete.com\/mx\/producto\/huipil-de-aldama\/","url":"https:\/\/teterete.com\/mx\/producto\/huipil-de-aldama\/","name":"Hermoso Huipil Bordado en Telar -","isPartOf":{"@id":"https:\/\/teterete.com\/mx\/#website"},"primaryImageOfPage":{"@id":"https:\/\/teterete.com\/mx\/producto\/huipil-de-aldama\/#primaryimage"},"image":{"@id":"https:\/\/teterete.com\/mx\/producto\/huipil-de-aldama\/#primaryimage"},"thumbnailUrl":"https:\/\/teterete.com\/mx\/wp-content\/uploads\/2017\/06\/Huipil.jpg","datePublished":"2017-06-29T20:12:28+00:00","dateModified":"2021-03-02T21:43:03+00:00","breadcrumb":{"@id":"https:\/\/teterete.com\/mx\/producto\/huipil-de-aldama\/#breadcrumb"},"inLanguage":"es","potentialAction":[{"@type":"ReadAction","target":["https:\/\/teterete.com\/mx\/producto\/huipil-de-aldama\/"]}]},{"@type":"ImageObject","inLanguage":"es","@id":"https:\/\/teterete.com\/mx\/producto\/huipil-de-aldama\/#primaryimage","url":"https:\/\/teterete.com\/mx\/wp-content\/uploads\/2017\/06\/Huipil.jpg","contentUrl":"https:\/\/teterete.com\/mx\/wp-content\/uploads\/2017\/06\/Huipil.jpg","width":"500","height":"500","caption":"Huipil bordado en telar."},{"@type":"BreadcrumbList","@id":"https:\/\/teterete.com\/mx\/producto\/huipil-de-aldama\/#breadcrumb","itemListElement":[{"@type":"ListItem","position":1,"name":"Home","item":"https:\/\/teterete.com\/mx\/"},{"@type":"ListItem","position":2,"name":"Productos","item":"https:\/\/teterete.com\/mx\/shop\/"},{"@type":"ListItem","position":3,"name":"Hermoso Huipil Bordado en Telar"}]},{"@type":"WebSite","@id":"https:\/\/teterete.com\/mx\/#website","url":"https:\/\/teterete.com\/mx\/","name":"","description":"Tienda en L\u00ednea de Fina Artesanias y Dise\u00f1o Mexicano. Bellas piezas elaboradas a mano por los mejores artesanos del pa\u00eds as\u00ed como piezas de dise\u00f1o y decoraci\u00f3n con inspiraci\u00f3n artesanal.","potentialAction":[{"@type":"SearchAction","target":{"@type":"EntryPoint","urlTemplate":"https:\/\/teterete.com\/mx\/?s={search_term_string}"},"query-input":{"@type":"PropertyValueSpecification","valueRequired":true,"valueName":"search_term_string"}}],"inLanguage":"es"}]}},"_links":{"self":[{"href":"https:\/\/teterete.com\/mx\/wp-json\/wp\/v2\/product\/1742"}],"collection":[{"href":"https:\/\/teterete.com\/mx\/wp-json\/wp\/v2\/product"}],"about":[{"href":"https:\/\/teterete.com\/mx\/wp-json\/wp\/v2\/types\/product"}],"replies":[{"embeddable":true,"href":"https:\/\/teterete.com\/mx\/wp-json\/wp\/v2\/comments?post=1742"}],"wp:featuredmedia":[{"embeddable":true,"href":"https:\/\/teterete.com\/mx\/wp-json\/wp\/v2\/media\/9231"}],"wp:attachment":[{"href":"https:\/\/teterete.com\/mx\/wp-json\/wp\/v2\/media?parent=1742"}],"wp:term":[{"taxonomy":"product_cat","embeddable":true,"href":"https:\/\/teterete.com\/mx\/wp-json\/wp\/v2\/product_cat?post=1742"},{"taxonomy":"product_tag","embeddable":true,"href":"https:\/\/teterete.com\/mx\/wp-json\/wp\/v2\/product_tag?post=1742"}],"curies":[{"name":"wp","href":"https:\/\/api.w.org\/{rel}","templated":true}]}}