{"id":2517,"date":"2017-09-06T22:42:24","date_gmt":"2017-09-06T22:42:24","guid":{"rendered":"http:\/\/mx.teterete.com\/product\/tetera-de-talavera-poblana\/"},"modified":"2026-03-24T22:06:25","modified_gmt":"2026-03-24T22:06:25","slug":"tetera-de-talavera-poblana","status":"publish","type":"product","link":"https:\/\/teterete.com\/mx\/producto\/tetera-de-talavera-poblana\/","title":{"rendered":"Tetera de Talavera Poblana"},"content":{"rendered":"<p>Original vasija multiusos de Talavera poblana certificada<\/p>\n","protected":false},"excerpt":{"rendered":"<p>Esta hermosa vasija de Talavera puede usarse para servir t\u00e9, caf\u00e9, chocolate \u00f3 licorera para mezcal y tequila.<\/p>\n<p>Medidas: 16 cms de largo x 13 cms de ancho x 18 cms de alto<\/p>\n","protected":false},"featured_media":2479,"comment_status":"open","ping_status":"closed","template":"","meta":{"_acf_changed":false,"sfsi_plus_gutenberg_text_before_share":"","sfsi_plus_gutenberg_show_text_before_share":"","sfsi_plus_gutenberg_icon_type":"","sfsi_plus_gutenberg_icon_alignemt":"","sfsi_plus_gutenburg_max_per_row":""},"product_brand":[],"product_cat":[354,2646,1584,538,658,2057,346,2606],"product_tag":[222,429,431,432,78,24,430,433,428],"class_list":{"0":"post-2517","1":"product","2":"type-product","3":"status-publish","4":"has-post-thumbnail","6":"product_cat-barro-decorativo","7":"product_cat-ciber-monday","8":"product_cat-mesa-mexicana","9":"product_cat-para_el","10":"product_cat-rebajas","11":"product_cat-regalos-mama","12":"product_cat-servicio-de-mesa","13":"product_cat-venta-de-verano","14":"product_tag-artesania-mexicana","15":"product_tag-cafetera-de-talavera","16":"product_tag-majolica","17":"product_tag-mexican-art-and-crafts","18":"product_tag-mexican-ceramic","19":"product_tag-mexican-folk-art","20":"product_tag-tetera-de-talavera","21":"product_tag-teterete-mexican-home-decor","22":"product_tag-vasija-de-talavera","23":"product_shipping_class-big-size","25":"first","26":"instock","27":"sale","28":"taxable","29":"shipping-taxable","30":"purchasable","31":"product-type-simple"},"acf":[],"yoast_head":"<!-- This site is optimized with the Yoast SEO plugin v27.5 - https:\/\/yoast.com\/product\/yoast-seo-wordpress\/ -->\n<title>Tetera de Talavera Poblana -<\/title>\n<meta name=\"robots\" content=\"index, follow, max-snippet:-1, max-image-preview:large, max-video-preview:-1\" \/>\n<link rel=\"canonical\" href=\"https:\/\/teterete.com\/mx\/producto\/tetera-de-talavera-poblana\/\" \/>\n<meta property=\"og:locale\" content=\"es_ES\" \/>\n<meta property=\"og:type\" content=\"article\" \/>\n<meta property=\"og:title\" content=\"Tetera de Talavera Poblana -\" \/>\n<meta property=\"og:description\" content=\"Esta hermosa vasija de Talavera puede usarse para servir t\u00e9, caf\u00e9, chocolate \u00f3 licorera para mezcal y tequila.  Medidas: 16 cms de largo x 13 cms de ancho x 18 cms de alto\" \/>\n<meta property=\"og:url\" content=\"https:\/\/teterete.com\/mx\/producto\/tetera-de-talavera-poblana\/\" \/>\n<meta property=\"article:publisher\" content=\"https:\/\/www.facebook.com\/TetereteHome\/\" \/>\n<meta property=\"article:modified_time\" content=\"2026-03-24T22:06:25+00:00\" \/>\n<meta property=\"og:image\" content=\"https:\/\/teterete.com\/mx\/wp-content\/uploads\/2017\/09\/IMG_0770.jpg\" \/>\n\t<meta property=\"og:image:width\" content=\"640\" \/>\n\t<meta property=\"og:image:height\" content=\"427\" \/>\n\t<meta property=\"og:image:type\" content=\"image\/jpeg\" \/>\n<meta name=\"twitter:card\" content=\"summary_large_image\" \/>\n<meta name=\"twitter:site\" content=\"@Teterete_Home\" \/>\n<script type=\"application\/ld+json\" class=\"yoast-schema-graph\">{\"@context\":\"https:\\\/\\\/schema.org\",\"@graph\":[{\"@type\":\"WebPage\",\"@id\":\"https:\\\/\\\/teterete.com\\\/mx\\\/producto\\\/tetera-de-talavera-poblana\\\/\",\"url\":\"https:\\\/\\\/teterete.com\\\/mx\\\/producto\\\/tetera-de-talavera-poblana\\\/\",\"name\":\"Tetera de Talavera Poblana -\",\"isPartOf\":{\"@id\":\"https:\\\/\\\/teterete.com\\\/mx\\\/#website\"},\"primaryImageOfPage\":{\"@id\":\"https:\\\/\\\/teterete.com\\\/mx\\\/producto\\\/tetera-de-talavera-poblana\\\/#primaryimage\"},\"image\":{\"@id\":\"https:\\\/\\\/teterete.com\\\/mx\\\/producto\\\/tetera-de-talavera-poblana\\\/#primaryimage\"},\"thumbnailUrl\":\"https:\\\/\\\/teterete.com\\\/mx\\\/wp-content\\\/uploads\\\/2017\\\/09\\\/IMG_0770.jpg\",\"datePublished\":\"2017-09-06T22:42:24+00:00\",\"dateModified\":\"2026-03-24T22:06:25+00:00\",\"breadcrumb\":{\"@id\":\"https:\\\/\\\/teterete.com\\\/mx\\\/producto\\\/tetera-de-talavera-poblana\\\/#breadcrumb\"},\"inLanguage\":\"es\",\"potentialAction\":[{\"@type\":\"ReadAction\",\"target\":[\"https:\\\/\\\/teterete.com\\\/mx\\\/producto\\\/tetera-de-talavera-poblana\\\/\"]}]},{\"@type\":\"ImageObject\",\"inLanguage\":\"es\",\"@id\":\"https:\\\/\\\/teterete.com\\\/mx\\\/producto\\\/tetera-de-talavera-poblana\\\/#primaryimage\",\"url\":\"https:\\\/\\\/teterete.com\\\/mx\\\/wp-content\\\/uploads\\\/2017\\\/09\\\/IMG_0770.jpg\",\"contentUrl\":\"https:\\\/\\\/teterete.com\\\/mx\\\/wp-content\\\/uploads\\\/2017\\\/09\\\/IMG_0770.jpg\",\"width\":640,\"height\":427,\"caption\":\"Tetera de Talavera\"},{\"@type\":\"BreadcrumbList\",\"@id\":\"https:\\\/\\\/teterete.com\\\/mx\\\/producto\\\/tetera-de-talavera-poblana\\\/#breadcrumb\",\"itemListElement\":[{\"@type\":\"ListItem\",\"position\":1,\"name\":\"Home\",\"item\":\"https:\\\/\\\/teterete.com\\\/mx\\\/\"},{\"@type\":\"ListItem\",\"position\":2,\"name\":\"Productos\",\"item\":\"https:\\\/\\\/teterete.com\\\/mx\\\/shop\\\/\"},{\"@type\":\"ListItem\",\"position\":3,\"name\":\"Tetera de Talavera Poblana\"}]},{\"@type\":\"WebSite\",\"@id\":\"https:\\\/\\\/teterete.com\\\/mx\\\/#website\",\"url\":\"https:\\\/\\\/teterete.com\\\/mx\\\/\",\"name\":\"\",\"description\":\"Tienda en L\u00ednea de Fina Artesanias y Dise\u00f1o Mexicano. Bellas piezas elaboradas a mano por los mejores artesanos del pa\u00eds as\u00ed como piezas de dise\u00f1o y decoraci\u00f3n con inspiraci\u00f3n artesanal.\",\"potentialAction\":[{\"@type\":\"SearchAction\",\"target\":{\"@type\":\"EntryPoint\",\"urlTemplate\":\"https:\\\/\\\/teterete.com\\\/mx\\\/?s={search_term_string}\"},\"query-input\":{\"@type\":\"PropertyValueSpecification\",\"valueRequired\":true,\"valueName\":\"search_term_string\"}}],\"inLanguage\":\"es\"}]}<\/script>\n<!-- \/ Yoast SEO plugin. -->","yoast_head_json":{"title":"Tetera de Talavera Poblana -","robots":{"index":"index","follow":"follow","max-snippet":"max-snippet:-1","max-image-preview":"max-image-preview:large","max-video-preview":"max-video-preview:-1"},"canonical":"https:\/\/teterete.com\/mx\/producto\/tetera-de-talavera-poblana\/","og_locale":"es_ES","og_type":"article","og_title":"Tetera de Talavera Poblana -","og_description":"Esta hermosa vasija de Talavera puede usarse para servir t\u00e9, caf\u00e9, chocolate \u00f3 licorera para mezcal y tequila.  Medidas: 16 cms de largo x 13 cms de ancho x 18 cms de alto","og_url":"https:\/\/teterete.com\/mx\/producto\/tetera-de-talavera-poblana\/","article_publisher":"https:\/\/www.facebook.com\/TetereteHome\/","article_modified_time":"2026-03-24T22:06:25+00:00","og_image":[{"width":640,"height":427,"url":"https:\/\/teterete.com\/mx\/wp-content\/uploads\/2017\/09\/IMG_0770.jpg","type":"image\/jpeg"}],"twitter_card":"summary_large_image","twitter_site":"@Teterete_Home","schema":{"@context":"https:\/\/schema.org","@graph":[{"@type":"WebPage","@id":"https:\/\/teterete.com\/mx\/producto\/tetera-de-talavera-poblana\/","url":"https:\/\/teterete.com\/mx\/producto\/tetera-de-talavera-poblana\/","name":"Tetera de Talavera Poblana -","isPartOf":{"@id":"https:\/\/teterete.com\/mx\/#website"},"primaryImageOfPage":{"@id":"https:\/\/teterete.com\/mx\/producto\/tetera-de-talavera-poblana\/#primaryimage"},"image":{"@id":"https:\/\/teterete.com\/mx\/producto\/tetera-de-talavera-poblana\/#primaryimage"},"thumbnailUrl":"https:\/\/teterete.com\/mx\/wp-content\/uploads\/2017\/09\/IMG_0770.jpg","datePublished":"2017-09-06T22:42:24+00:00","dateModified":"2026-03-24T22:06:25+00:00","breadcrumb":{"@id":"https:\/\/teterete.com\/mx\/producto\/tetera-de-talavera-poblana\/#breadcrumb"},"inLanguage":"es","potentialAction":[{"@type":"ReadAction","target":["https:\/\/teterete.com\/mx\/producto\/tetera-de-talavera-poblana\/"]}]},{"@type":"ImageObject","inLanguage":"es","@id":"https:\/\/teterete.com\/mx\/producto\/tetera-de-talavera-poblana\/#primaryimage","url":"https:\/\/teterete.com\/mx\/wp-content\/uploads\/2017\/09\/IMG_0770.jpg","contentUrl":"https:\/\/teterete.com\/mx\/wp-content\/uploads\/2017\/09\/IMG_0770.jpg","width":640,"height":427,"caption":"Tetera de Talavera"},{"@type":"BreadcrumbList","@id":"https:\/\/teterete.com\/mx\/producto\/tetera-de-talavera-poblana\/#breadcrumb","itemListElement":[{"@type":"ListItem","position":1,"name":"Home","item":"https:\/\/teterete.com\/mx\/"},{"@type":"ListItem","position":2,"name":"Productos","item":"https:\/\/teterete.com\/mx\/shop\/"},{"@type":"ListItem","position":3,"name":"Tetera de Talavera Poblana"}]},{"@type":"WebSite","@id":"https:\/\/teterete.com\/mx\/#website","url":"https:\/\/teterete.com\/mx\/","name":"","description":"Tienda en L\u00ednea de Fina Artesanias y Dise\u00f1o Mexicano. Bellas piezas elaboradas a mano por los mejores artesanos del pa\u00eds as\u00ed como piezas de dise\u00f1o y decoraci\u00f3n con inspiraci\u00f3n artesanal.","potentialAction":[{"@type":"SearchAction","target":{"@type":"EntryPoint","urlTemplate":"https:\/\/teterete.com\/mx\/?s={search_term_string}"},"query-input":{"@type":"PropertyValueSpecification","valueRequired":true,"valueName":"search_term_string"}}],"inLanguage":"es"}]}},"_links":{"self":[{"href":"https:\/\/teterete.com\/mx\/wp-json\/wp\/v2\/product\/2517","targetHints":{"allow":["GET"]}}],"collection":[{"href":"https:\/\/teterete.com\/mx\/wp-json\/wp\/v2\/product"}],"about":[{"href":"https:\/\/teterete.com\/mx\/wp-json\/wp\/v2\/types\/product"}],"replies":[{"embeddable":true,"href":"https:\/\/teterete.com\/mx\/wp-json\/wp\/v2\/comments?post=2517"}],"wp:featuredmedia":[{"embeddable":true,"href":"https:\/\/teterete.com\/mx\/wp-json\/wp\/v2\/media\/2479"}],"wp:attachment":[{"href":"https:\/\/teterete.com\/mx\/wp-json\/wp\/v2\/media?parent=2517"}],"wp:term":[{"taxonomy":"product_brand","embeddable":true,"href":"https:\/\/teterete.com\/mx\/wp-json\/wp\/v2\/product_brand?post=2517"},{"taxonomy":"product_cat","embeddable":true,"href":"https:\/\/teterete.com\/mx\/wp-json\/wp\/v2\/product_cat?post=2517"},{"taxonomy":"product_tag","embeddable":true,"href":"https:\/\/teterete.com\/mx\/wp-json\/wp\/v2\/product_tag?post=2517"}],"curies":[{"name":"wp","href":"https:\/\/api.w.org\/{rel}","templated":true}]}}