{"id":2688,"date":"2017-09-24T17:25:01","date_gmt":"2017-09-24T17:25:01","guid":{"rendered":"http:\/\/mx.teterete.com\/?post_type=product&#038;p=2688"},"modified":"2026-01-04T19:35:16","modified_gmt":"2026-01-04T19:35:16","slug":"mantel_tejido_chiapas","status":"publish","type":"product","link":"https:\/\/teterete.com\/mx\/producto\/mantel_tejido_chiapas\/","title":{"rendered":"Mantel Tejido Por Artesana Galardonada"},"content":{"rendered":"<p>Unique piece made by one of our most recognized weaver in Mexico. Made on a back-strap loom using cotton and artisela thread.<\/p>\n<p>Color: White with colorful designs<\/p>\n<p>Measures: 72 (L) \u00a0x 54 (W) inches.<\/p>\n","protected":false},"excerpt":{"rendered":"<p>Create your perfect table \u00a0with this Stonishing piece or even better frame it to use it as a wall decor piece of art. FOR SALE JUST IN USA<\/p>\n","protected":false},"featured_media":2692,"comment_status":"open","ping_status":"closed","template":"","meta":{"sfsi_plus_gutenberg_text_before_share":"","sfsi_plus_gutenberg_show_text_before_share":"","sfsi_plus_gutenberg_icon_type":"","sfsi_plus_gutenberg_icon_alignemt":"","sfsi_plus_gutenburg_max_per_row":""},"product_cat":[1584,2057,2606,341,344,350],"product_tag":[525,384,528,252,686,687,529,253,38,223],"acf":[],"yoast_head":"<!-- This site is optimized with the Yoast SEO plugin v23.5 - https:\/\/yoast.com\/wordpress\/plugins\/seo\/ -->\n<title>Mantel Tejido Por Artesana Galardonada -<\/title>\n<meta name=\"robots\" content=\"index, follow, max-snippet:-1, max-image-preview:large, max-video-preview:-1\" \/>\n<link rel=\"canonical\" href=\"https:\/\/teterete.com\/mx\/producto\/mantel_tejido_chiapas\/\" \/>\n<meta property=\"og:locale\" content=\"es_ES\" \/>\n<meta property=\"og:type\" content=\"article\" \/>\n<meta property=\"og:title\" content=\"Mantel Tejido Por Artesana Galardonada -\" \/>\n<meta property=\"og:description\" content=\"Create your perfect table \u00a0with this Stonishing piece or even better frame it to use it as a wall decor piece of art. FOR SALE JUST IN USA\" \/>\n<meta property=\"og:url\" content=\"https:\/\/teterete.com\/mx\/producto\/mantel_tejido_chiapas\/\" \/>\n<meta property=\"article:publisher\" content=\"https:\/\/www.facebook.com\/TetereteHome\/\" \/>\n<meta property=\"article:modified_time\" content=\"2026-01-04T19:35:16+00:00\" \/>\n<meta property=\"og:image\" content=\"https:\/\/teterete.com\/mx\/wp-content\/uploads\/2017\/09\/IMG_5080.jpg\" \/>\n\t<meta property=\"og:image:width\" content=\"640\" \/>\n\t<meta property=\"og:image:height\" content=\"480\" \/>\n\t<meta property=\"og:image:type\" content=\"image\/jpeg\" \/>\n<meta name=\"twitter:card\" content=\"summary_large_image\" \/>\n<meta name=\"twitter:site\" content=\"@Teterete_Home\" \/>\n<script type=\"application\/ld+json\" class=\"yoast-schema-graph\">{\"@context\":\"https:\/\/schema.org\",\"@graph\":[{\"@type\":\"WebPage\",\"@id\":\"https:\/\/teterete.com\/mx\/producto\/mantel_tejido_chiapas\/\",\"url\":\"https:\/\/teterete.com\/mx\/producto\/mantel_tejido_chiapas\/\",\"name\":\"Mantel Tejido Por Artesana Galardonada -\",\"isPartOf\":{\"@id\":\"https:\/\/teterete.com\/mx\/#website\"},\"primaryImageOfPage\":{\"@id\":\"https:\/\/teterete.com\/mx\/producto\/mantel_tejido_chiapas\/#primaryimage\"},\"image\":{\"@id\":\"https:\/\/teterete.com\/mx\/producto\/mantel_tejido_chiapas\/#primaryimage\"},\"thumbnailUrl\":\"https:\/\/teterete.com\/mx\/wp-content\/uploads\/2017\/09\/IMG_5080.jpg\",\"datePublished\":\"2017-09-24T17:25:01+00:00\",\"dateModified\":\"2026-01-04T19:35:16+00:00\",\"breadcrumb\":{\"@id\":\"https:\/\/teterete.com\/mx\/producto\/mantel_tejido_chiapas\/#breadcrumb\"},\"inLanguage\":\"es\",\"potentialAction\":[{\"@type\":\"ReadAction\",\"target\":[\"https:\/\/teterete.com\/mx\/producto\/mantel_tejido_chiapas\/\"]}]},{\"@type\":\"ImageObject\",\"inLanguage\":\"es\",\"@id\":\"https:\/\/teterete.com\/mx\/producto\/mantel_tejido_chiapas\/#primaryimage\",\"url\":\"https:\/\/teterete.com\/mx\/wp-content\/uploads\/2017\/09\/IMG_5080.jpg\",\"contentUrl\":\"https:\/\/teterete.com\/mx\/wp-content\/uploads\/2017\/09\/IMG_5080.jpg\",\"width\":640,\"height\":480,\"caption\":\"Unique Table-cloth\"},{\"@type\":\"BreadcrumbList\",\"@id\":\"https:\/\/teterete.com\/mx\/producto\/mantel_tejido_chiapas\/#breadcrumb\",\"itemListElement\":[{\"@type\":\"ListItem\",\"position\":1,\"name\":\"Home\",\"item\":\"https:\/\/teterete.com\/mx\/\"},{\"@type\":\"ListItem\",\"position\":2,\"name\":\"Productos\",\"item\":\"https:\/\/teterete.com\/mx\/shop\/\"},{\"@type\":\"ListItem\",\"position\":3,\"name\":\"Mantel Tejido Por Artesana Galardonada\"}]},{\"@type\":\"WebSite\",\"@id\":\"https:\/\/teterete.com\/mx\/#website\",\"url\":\"https:\/\/teterete.com\/mx\/\",\"name\":\"\",\"description\":\"Tienda en L\u00ednea de Fina Artesanias y Dise\u00f1o Mexicano. Bellas piezas elaboradas a mano por los mejores artesanos del pa\u00eds as\u00ed como piezas de dise\u00f1o y decoraci\u00f3n con inspiraci\u00f3n artesanal.\",\"potentialAction\":[{\"@type\":\"SearchAction\",\"target\":{\"@type\":\"EntryPoint\",\"urlTemplate\":\"https:\/\/teterete.com\/mx\/?s={search_term_string}\"},\"query-input\":{\"@type\":\"PropertyValueSpecification\",\"valueRequired\":true,\"valueName\":\"search_term_string\"}}],\"inLanguage\":\"es\"}]}<\/script>\n<!-- \/ Yoast SEO plugin. -->","yoast_head_json":{"title":"Mantel Tejido Por Artesana Galardonada -","robots":{"index":"index","follow":"follow","max-snippet":"max-snippet:-1","max-image-preview":"max-image-preview:large","max-video-preview":"max-video-preview:-1"},"canonical":"https:\/\/teterete.com\/mx\/producto\/mantel_tejido_chiapas\/","og_locale":"es_ES","og_type":"article","og_title":"Mantel Tejido Por Artesana Galardonada -","og_description":"Create your perfect table \u00a0with this Stonishing piece or even better frame it to use it as a wall decor piece of art. FOR SALE JUST IN USA","og_url":"https:\/\/teterete.com\/mx\/producto\/mantel_tejido_chiapas\/","article_publisher":"https:\/\/www.facebook.com\/TetereteHome\/","article_modified_time":"2026-01-04T19:35:16+00:00","og_image":[{"width":640,"height":480,"url":"https:\/\/teterete.com\/mx\/wp-content\/uploads\/2017\/09\/IMG_5080.jpg","type":"image\/jpeg"}],"twitter_card":"summary_large_image","twitter_site":"@Teterete_Home","schema":{"@context":"https:\/\/schema.org","@graph":[{"@type":"WebPage","@id":"https:\/\/teterete.com\/mx\/producto\/mantel_tejido_chiapas\/","url":"https:\/\/teterete.com\/mx\/producto\/mantel_tejido_chiapas\/","name":"Mantel Tejido Por Artesana Galardonada -","isPartOf":{"@id":"https:\/\/teterete.com\/mx\/#website"},"primaryImageOfPage":{"@id":"https:\/\/teterete.com\/mx\/producto\/mantel_tejido_chiapas\/#primaryimage"},"image":{"@id":"https:\/\/teterete.com\/mx\/producto\/mantel_tejido_chiapas\/#primaryimage"},"thumbnailUrl":"https:\/\/teterete.com\/mx\/wp-content\/uploads\/2017\/09\/IMG_5080.jpg","datePublished":"2017-09-24T17:25:01+00:00","dateModified":"2026-01-04T19:35:16+00:00","breadcrumb":{"@id":"https:\/\/teterete.com\/mx\/producto\/mantel_tejido_chiapas\/#breadcrumb"},"inLanguage":"es","potentialAction":[{"@type":"ReadAction","target":["https:\/\/teterete.com\/mx\/producto\/mantel_tejido_chiapas\/"]}]},{"@type":"ImageObject","inLanguage":"es","@id":"https:\/\/teterete.com\/mx\/producto\/mantel_tejido_chiapas\/#primaryimage","url":"https:\/\/teterete.com\/mx\/wp-content\/uploads\/2017\/09\/IMG_5080.jpg","contentUrl":"https:\/\/teterete.com\/mx\/wp-content\/uploads\/2017\/09\/IMG_5080.jpg","width":640,"height":480,"caption":"Unique Table-cloth"},{"@type":"BreadcrumbList","@id":"https:\/\/teterete.com\/mx\/producto\/mantel_tejido_chiapas\/#breadcrumb","itemListElement":[{"@type":"ListItem","position":1,"name":"Home","item":"https:\/\/teterete.com\/mx\/"},{"@type":"ListItem","position":2,"name":"Productos","item":"https:\/\/teterete.com\/mx\/shop\/"},{"@type":"ListItem","position":3,"name":"Mantel Tejido Por Artesana Galardonada"}]},{"@type":"WebSite","@id":"https:\/\/teterete.com\/mx\/#website","url":"https:\/\/teterete.com\/mx\/","name":"","description":"Tienda en L\u00ednea de Fina Artesanias y Dise\u00f1o Mexicano. Bellas piezas elaboradas a mano por los mejores artesanos del pa\u00eds as\u00ed como piezas de dise\u00f1o y decoraci\u00f3n con inspiraci\u00f3n artesanal.","potentialAction":[{"@type":"SearchAction","target":{"@type":"EntryPoint","urlTemplate":"https:\/\/teterete.com\/mx\/?s={search_term_string}"},"query-input":{"@type":"PropertyValueSpecification","valueRequired":true,"valueName":"search_term_string"}}],"inLanguage":"es"}]}},"_links":{"self":[{"href":"https:\/\/teterete.com\/mx\/wp-json\/wp\/v2\/product\/2688"}],"collection":[{"href":"https:\/\/teterete.com\/mx\/wp-json\/wp\/v2\/product"}],"about":[{"href":"https:\/\/teterete.com\/mx\/wp-json\/wp\/v2\/types\/product"}],"replies":[{"embeddable":true,"href":"https:\/\/teterete.com\/mx\/wp-json\/wp\/v2\/comments?post=2688"}],"wp:featuredmedia":[{"embeddable":true,"href":"https:\/\/teterete.com\/mx\/wp-json\/wp\/v2\/media\/2692"}],"wp:attachment":[{"href":"https:\/\/teterete.com\/mx\/wp-json\/wp\/v2\/media?parent=2688"}],"wp:term":[{"taxonomy":"product_cat","embeddable":true,"href":"https:\/\/teterete.com\/mx\/wp-json\/wp\/v2\/product_cat?post=2688"},{"taxonomy":"product_tag","embeddable":true,"href":"https:\/\/teterete.com\/mx\/wp-json\/wp\/v2\/product_tag?post=2688"}],"curies":[{"name":"wp","href":"https:\/\/api.w.org\/{rel}","templated":true}]}}