{"id":2926,"date":"2017-11-16T23:47:48","date_gmt":"2017-11-16T23:47:48","guid":{"rendered":"http:\/\/mx.teterete.com\/?post_type=product&#038;p=2926"},"modified":"2021-03-02T19:07:46","modified_gmt":"2021-03-02T19:07:46","slug":"alcancia-de-barro-con-lagartija","status":"publish","type":"product","link":"https:\/\/teterete.com\/mx\/producto\/alcancia-de-barro-con-lagartija\/","title":{"rendered":"Alcanc\u00eda de Barro con lagartija"},"content":{"rendered":"<p>Esta pieza es elaborada por la maestra artesana Silvia Mart\u00ednez de Santa Mar\u00eda Tlahuitoltepec, Oaxaca. Ella ha sigo galardonada con varios premios como el Premio nacional de la Cer\u00e1mica.<\/p>\n","protected":false},"excerpt":{"rendered":"<p>Alcanc\u00eda de barro con agarradera en forma de lagartija, una pieza sencilla pero con la creatividad caracter\u00edstica de los artesanos mexicanos.<br \/>\nMedidas: 15 cms de alto por 13 cms de ancho.<\/p>\n","protected":false},"featured_media":9207,"comment_status":"open","ping_status":"closed","template":"","meta":{"_acf_changed":false,"sfsi_plus_gutenberg_text_before_share":"","sfsi_plus_gutenberg_show_text_before_share":"","sfsi_plus_gutenberg_icon_type":"","sfsi_plus_gutenberg_icon_alignemt":"","sfsi_plus_gutenburg_max_per_row":""},"product_brand":[],"product_cat":[354,15],"product_tag":[615,222,580,24,248],"class_list":{"0":"post-2926","1":"product","2":"type-product","3":"status-publish","4":"has-post-thumbnail","6":"product_cat-barro-decorativo","7":"product_cat-ceramica","8":"product_tag-alcancia-de-barro","9":"product_tag-artesania-mexicana","10":"product_tag-barro-de-chiapas","11":"product_tag-mexican-folk-art","12":"product_tag-teterete-artesanias","13":"product_shipping_class-standard","15":"first","16":"instock","17":"taxable","18":"shipping-taxable","19":"purchasable","20":"product-type-simple"},"acf":[],"yoast_head":"<!-- This site is optimized with the Yoast SEO plugin v27.5 - https:\/\/yoast.com\/product\/yoast-seo-wordpress\/ -->\n<title>Alcanc\u00eda de Barro con lagartija -<\/title>\n<meta name=\"robots\" content=\"index, follow, max-snippet:-1, max-image-preview:large, max-video-preview:-1\" \/>\n<link rel=\"canonical\" href=\"https:\/\/teterete.com\/mx\/producto\/alcancia-de-barro-con-lagartija\/\" \/>\n<meta property=\"og:locale\" content=\"es_ES\" \/>\n<meta property=\"og:type\" content=\"article\" \/>\n<meta property=\"og:title\" content=\"Alcanc\u00eda de Barro con lagartija -\" \/>\n<meta property=\"og:description\" content=\"Alcanc\u00eda de barro con agarradera en forma de lagartija, una pieza sencilla pero con la creatividad caracter\u00edstica de los artesanos mexicanos. Medidas: 15 cms de alto por 13 cms de ancho.\" \/>\n<meta property=\"og:url\" content=\"https:\/\/teterete.com\/mx\/producto\/alcancia-de-barro-con-lagartija\/\" \/>\n<meta property=\"article:publisher\" content=\"https:\/\/www.facebook.com\/TetereteHome\/\" \/>\n<meta property=\"article:modified_time\" content=\"2021-03-02T19:07:46+00:00\" \/>\n<meta property=\"og:image\" content=\"https:\/\/teterete.com\/mx\/wp-content\/uploads\/2017\/11\/Lagartija-barro.jpeg\" \/>\n\t<meta property=\"og:image:width\" content=\"500\" \/>\n\t<meta property=\"og:image:height\" content=\"500\" \/>\n\t<meta property=\"og:image:type\" content=\"image\/jpeg\" \/>\n<meta name=\"twitter:card\" content=\"summary_large_image\" \/>\n<meta name=\"twitter:site\" content=\"@Teterete_Home\" \/>\n<script type=\"application\/ld+json\" class=\"yoast-schema-graph\">{\"@context\":\"https:\\\/\\\/schema.org\",\"@graph\":[{\"@type\":\"WebPage\",\"@id\":\"https:\\\/\\\/teterete.com\\\/mx\\\/producto\\\/alcancia-de-barro-con-lagartija\\\/\",\"url\":\"https:\\\/\\\/teterete.com\\\/mx\\\/producto\\\/alcancia-de-barro-con-lagartija\\\/\",\"name\":\"Alcanc\u00eda de Barro con lagartija -\",\"isPartOf\":{\"@id\":\"https:\\\/\\\/teterete.com\\\/mx\\\/#website\"},\"primaryImageOfPage\":{\"@id\":\"https:\\\/\\\/teterete.com\\\/mx\\\/producto\\\/alcancia-de-barro-con-lagartija\\\/#primaryimage\"},\"image\":{\"@id\":\"https:\\\/\\\/teterete.com\\\/mx\\\/producto\\\/alcancia-de-barro-con-lagartija\\\/#primaryimage\"},\"thumbnailUrl\":\"https:\\\/\\\/teterete.com\\\/mx\\\/wp-content\\\/uploads\\\/2017\\\/11\\\/Lagartija-barro.jpeg\",\"datePublished\":\"2017-11-16T23:47:48+00:00\",\"dateModified\":\"2021-03-02T19:07:46+00:00\",\"breadcrumb\":{\"@id\":\"https:\\\/\\\/teterete.com\\\/mx\\\/producto\\\/alcancia-de-barro-con-lagartija\\\/#breadcrumb\"},\"inLanguage\":\"es\",\"potentialAction\":[{\"@type\":\"ReadAction\",\"target\":[\"https:\\\/\\\/teterete.com\\\/mx\\\/producto\\\/alcancia-de-barro-con-lagartija\\\/\"]}]},{\"@type\":\"ImageObject\",\"inLanguage\":\"es\",\"@id\":\"https:\\\/\\\/teterete.com\\\/mx\\\/producto\\\/alcancia-de-barro-con-lagartija\\\/#primaryimage\",\"url\":\"https:\\\/\\\/teterete.com\\\/mx\\\/wp-content\\\/uploads\\\/2017\\\/11\\\/Lagartija-barro.jpeg\",\"contentUrl\":\"https:\\\/\\\/teterete.com\\\/mx\\\/wp-content\\\/uploads\\\/2017\\\/11\\\/Lagartija-barro.jpeg\",\"width\":\"500\",\"height\":\"500\",\"caption\":\"Alcanc\u00eda de barro.\"},{\"@type\":\"BreadcrumbList\",\"@id\":\"https:\\\/\\\/teterete.com\\\/mx\\\/producto\\\/alcancia-de-barro-con-lagartija\\\/#breadcrumb\",\"itemListElement\":[{\"@type\":\"ListItem\",\"position\":1,\"name\":\"Home\",\"item\":\"https:\\\/\\\/teterete.com\\\/mx\\\/\"},{\"@type\":\"ListItem\",\"position\":2,\"name\":\"Productos\",\"item\":\"https:\\\/\\\/teterete.com\\\/mx\\\/shop\\\/\"},{\"@type\":\"ListItem\",\"position\":3,\"name\":\"Alcanc\u00eda de Barro con lagartija\"}]},{\"@type\":\"WebSite\",\"@id\":\"https:\\\/\\\/teterete.com\\\/mx\\\/#website\",\"url\":\"https:\\\/\\\/teterete.com\\\/mx\\\/\",\"name\":\"\",\"description\":\"Tienda en L\u00ednea de Fina Artesanias y Dise\u00f1o Mexicano. Bellas piezas elaboradas a mano por los mejores artesanos del pa\u00eds as\u00ed como piezas de dise\u00f1o y decoraci\u00f3n con inspiraci\u00f3n artesanal.\",\"potentialAction\":[{\"@type\":\"SearchAction\",\"target\":{\"@type\":\"EntryPoint\",\"urlTemplate\":\"https:\\\/\\\/teterete.com\\\/mx\\\/?s={search_term_string}\"},\"query-input\":{\"@type\":\"PropertyValueSpecification\",\"valueRequired\":true,\"valueName\":\"search_term_string\"}}],\"inLanguage\":\"es\"}]}<\/script>\n<!-- \/ Yoast SEO plugin. -->","yoast_head_json":{"title":"Alcanc\u00eda de Barro con lagartija -","robots":{"index":"index","follow":"follow","max-snippet":"max-snippet:-1","max-image-preview":"max-image-preview:large","max-video-preview":"max-video-preview:-1"},"canonical":"https:\/\/teterete.com\/mx\/producto\/alcancia-de-barro-con-lagartija\/","og_locale":"es_ES","og_type":"article","og_title":"Alcanc\u00eda de Barro con lagartija -","og_description":"Alcanc\u00eda de barro con agarradera en forma de lagartija, una pieza sencilla pero con la creatividad caracter\u00edstica de los artesanos mexicanos. Medidas: 15 cms de alto por 13 cms de ancho.","og_url":"https:\/\/teterete.com\/mx\/producto\/alcancia-de-barro-con-lagartija\/","article_publisher":"https:\/\/www.facebook.com\/TetereteHome\/","article_modified_time":"2021-03-02T19:07:46+00:00","og_image":[{"width":500,"height":500,"url":"https:\/\/teterete.com\/mx\/wp-content\/uploads\/2017\/11\/Lagartija-barro.jpeg","type":"image\/jpeg"}],"twitter_card":"summary_large_image","twitter_site":"@Teterete_Home","schema":{"@context":"https:\/\/schema.org","@graph":[{"@type":"WebPage","@id":"https:\/\/teterete.com\/mx\/producto\/alcancia-de-barro-con-lagartija\/","url":"https:\/\/teterete.com\/mx\/producto\/alcancia-de-barro-con-lagartija\/","name":"Alcanc\u00eda de Barro con lagartija -","isPartOf":{"@id":"https:\/\/teterete.com\/mx\/#website"},"primaryImageOfPage":{"@id":"https:\/\/teterete.com\/mx\/producto\/alcancia-de-barro-con-lagartija\/#primaryimage"},"image":{"@id":"https:\/\/teterete.com\/mx\/producto\/alcancia-de-barro-con-lagartija\/#primaryimage"},"thumbnailUrl":"https:\/\/teterete.com\/mx\/wp-content\/uploads\/2017\/11\/Lagartija-barro.jpeg","datePublished":"2017-11-16T23:47:48+00:00","dateModified":"2021-03-02T19:07:46+00:00","breadcrumb":{"@id":"https:\/\/teterete.com\/mx\/producto\/alcancia-de-barro-con-lagartija\/#breadcrumb"},"inLanguage":"es","potentialAction":[{"@type":"ReadAction","target":["https:\/\/teterete.com\/mx\/producto\/alcancia-de-barro-con-lagartija\/"]}]},{"@type":"ImageObject","inLanguage":"es","@id":"https:\/\/teterete.com\/mx\/producto\/alcancia-de-barro-con-lagartija\/#primaryimage","url":"https:\/\/teterete.com\/mx\/wp-content\/uploads\/2017\/11\/Lagartija-barro.jpeg","contentUrl":"https:\/\/teterete.com\/mx\/wp-content\/uploads\/2017\/11\/Lagartija-barro.jpeg","width":"500","height":"500","caption":"Alcanc\u00eda de barro."},{"@type":"BreadcrumbList","@id":"https:\/\/teterete.com\/mx\/producto\/alcancia-de-barro-con-lagartija\/#breadcrumb","itemListElement":[{"@type":"ListItem","position":1,"name":"Home","item":"https:\/\/teterete.com\/mx\/"},{"@type":"ListItem","position":2,"name":"Productos","item":"https:\/\/teterete.com\/mx\/shop\/"},{"@type":"ListItem","position":3,"name":"Alcanc\u00eda de Barro con lagartija"}]},{"@type":"WebSite","@id":"https:\/\/teterete.com\/mx\/#website","url":"https:\/\/teterete.com\/mx\/","name":"","description":"Tienda en L\u00ednea de Fina Artesanias y Dise\u00f1o Mexicano. Bellas piezas elaboradas a mano por los mejores artesanos del pa\u00eds as\u00ed como piezas de dise\u00f1o y decoraci\u00f3n con inspiraci\u00f3n artesanal.","potentialAction":[{"@type":"SearchAction","target":{"@type":"EntryPoint","urlTemplate":"https:\/\/teterete.com\/mx\/?s={search_term_string}"},"query-input":{"@type":"PropertyValueSpecification","valueRequired":true,"valueName":"search_term_string"}}],"inLanguage":"es"}]}},"_links":{"self":[{"href":"https:\/\/teterete.com\/mx\/wp-json\/wp\/v2\/product\/2926","targetHints":{"allow":["GET"]}}],"collection":[{"href":"https:\/\/teterete.com\/mx\/wp-json\/wp\/v2\/product"}],"about":[{"href":"https:\/\/teterete.com\/mx\/wp-json\/wp\/v2\/types\/product"}],"replies":[{"embeddable":true,"href":"https:\/\/teterete.com\/mx\/wp-json\/wp\/v2\/comments?post=2926"}],"wp:featuredmedia":[{"embeddable":true,"href":"https:\/\/teterete.com\/mx\/wp-json\/wp\/v2\/media\/9207"}],"wp:attachment":[{"href":"https:\/\/teterete.com\/mx\/wp-json\/wp\/v2\/media?parent=2926"}],"wp:term":[{"taxonomy":"product_brand","embeddable":true,"href":"https:\/\/teterete.com\/mx\/wp-json\/wp\/v2\/product_brand?post=2926"},{"taxonomy":"product_cat","embeddable":true,"href":"https:\/\/teterete.com\/mx\/wp-json\/wp\/v2\/product_cat?post=2926"},{"taxonomy":"product_tag","embeddable":true,"href":"https:\/\/teterete.com\/mx\/wp-json\/wp\/v2\/product_tag?post=2926"}],"curies":[{"name":"wp","href":"https:\/\/api.w.org\/{rel}","templated":true}]}}