{"id":3124,"date":"2017-12-02T18:05:04","date_gmt":"2017-12-02T18:05:04","guid":{"rendered":"http:\/\/mx.teterete.com\/?post_type=product&#038;p=3124"},"modified":"2024-07-30T20:44:42","modified_gmt":"2024-07-30T20:44:42","slug":"frutero-de-barro-oaxaca","status":"publish","type":"product","link":"https:\/\/teterete.com\/mx\/producto\/frutero-de-barro-oaxaca\/","title":{"rendered":"Frutero de Barro Rojo de Oaxaca"},"content":{"rendered":"<p>Caracter\u00edsticas destacadas:<\/p>\n<p>\u2022 Hecho a mano: Cada frutero es cuidadosamente moldeado y terminado a mano, asegurando la singularidad y calidad de cada pieza.<br \/>\n\u2022 Materiales locales: Elaborado con terracota de las zonas altas de Oaxaca, este frutero refleja la autenticidad y riqueza de los recursos naturales de la regi\u00f3n.<br \/>\n\u2022 Dise\u00f1o tradicional: Inspirado en los patrones y t\u00e9cnicas ancestrales, su dise\u00f1o no solo es funcional, sino tambi\u00e9n una obra de arte que embellece cualquier espacio.<br \/>\n\u2022 Versatilidad: Ideal para presentar frutas, pero tambi\u00e9n perfecto como elemento decorativo en cualquier hogar.<\/p>\n<p>Medidas: 40 cms de di\u00e1metro + 30 cms de alto<\/p>\n","protected":false},"excerpt":{"rendered":"<p>Sum\u00e9rgete en la rica tradici\u00f3n artesanal de Oaxaca con nuestro <b>Tradicional Frutero de Barro<\/b>, una pieza \u00fanica elaborada a mano por talentosos artesanos. Utilizando terracota de las zonas altas del estado, este frutero no solo es una muestra de la maestr\u00eda artesanal, sino tambi\u00e9n un tributo a los materiales aut\u00f3ctonos de la regi\u00f3n<\/p>\n","protected":false},"featured_media":11679,"comment_status":"open","ping_status":"closed","template":"","meta":{"sfsi_plus_gutenberg_text_before_share":"","sfsi_plus_gutenberg_show_text_before_share":"","sfsi_plus_gutenberg_icon_type":"","sfsi_plus_gutenberg_icon_alignemt":"","sfsi_plus_gutenburg_max_per_row":""},"product_cat":[1584,354,346],"product_tag":[634,1248,1254,651,652],"acf":[],"yoast_head":"<!-- This site is optimized with the Yoast SEO plugin v23.5 - https:\/\/yoast.com\/wordpress\/plugins\/seo\/ -->\n<title>Frutero de Barro Rojo de Oaxaca -<\/title>\n<meta name=\"description\" content=\"Este frutero de barro no es solo un contenedor; es una conexi\u00f3n tangible con las tradiciones y el patrimonio de Oaxaca. Perfecto para aquellos que buscan piezas originales, bellas y con un acento \u00e9tnico, nuestro frutero de barro es una adici\u00f3n imprescindible para los amantes del arte y la cultura mexicana.\" \/>\n<meta name=\"robots\" content=\"index, follow, max-snippet:-1, max-image-preview:large, max-video-preview:-1\" \/>\n<link rel=\"canonical\" href=\"https:\/\/teterete.com\/mx\/producto\/frutero-de-barro-oaxaca\/\" \/>\n<meta property=\"og:locale\" content=\"es_ES\" \/>\n<meta property=\"og:type\" content=\"article\" \/>\n<meta property=\"og:title\" content=\"Frutero de Barro Rojo de Oaxaca -\" \/>\n<meta property=\"og:description\" content=\"Este frutero de barro no es solo un contenedor; es una conexi\u00f3n tangible con las tradiciones y el patrimonio de Oaxaca. Perfecto para aquellos que buscan piezas originales, bellas y con un acento \u00e9tnico, nuestro frutero de barro es una adici\u00f3n imprescindible para los amantes del arte y la cultura mexicana.\" \/>\n<meta property=\"og:url\" content=\"https:\/\/teterete.com\/mx\/producto\/frutero-de-barro-oaxaca\/\" \/>\n<meta property=\"article:publisher\" content=\"https:\/\/www.facebook.com\/TetereteHome\/\" \/>\n<meta property=\"article:modified_time\" content=\"2024-07-30T20:44:42+00:00\" \/>\n<meta property=\"og:image\" content=\"https:\/\/teterete.com\/mx\/wp-content\/uploads\/2017\/12\/frutero-barro-rojo.jpg\" \/>\n\t<meta property=\"og:image:width\" content=\"800\" \/>\n\t<meta property=\"og:image:height\" content=\"800\" \/>\n\t<meta property=\"og:image:type\" content=\"image\/jpeg\" \/>\n<meta name=\"twitter:card\" content=\"summary_large_image\" \/>\n<meta name=\"twitter:site\" content=\"@Teterete_Home\" \/>\n<meta name=\"twitter:label1\" content=\"Tiempo de lectura\" \/>\n\t<meta name=\"twitter:data1\" content=\"1 minuto\" \/>\n<script type=\"application\/ld+json\" class=\"yoast-schema-graph\">{\"@context\":\"https:\/\/schema.org\",\"@graph\":[{\"@type\":\"WebPage\",\"@id\":\"https:\/\/teterete.com\/mx\/producto\/frutero-de-barro-oaxaca\/\",\"url\":\"https:\/\/teterete.com\/mx\/producto\/frutero-de-barro-oaxaca\/\",\"name\":\"Frutero de Barro Rojo de Oaxaca -\",\"isPartOf\":{\"@id\":\"https:\/\/teterete.com\/mx\/#website\"},\"primaryImageOfPage\":{\"@id\":\"https:\/\/teterete.com\/mx\/producto\/frutero-de-barro-oaxaca\/#primaryimage\"},\"image\":{\"@id\":\"https:\/\/teterete.com\/mx\/producto\/frutero-de-barro-oaxaca\/#primaryimage\"},\"thumbnailUrl\":\"https:\/\/teterete.com\/mx\/wp-content\/uploads\/2017\/12\/frutero-barro-rojo.jpg\",\"datePublished\":\"2017-12-02T18:05:04+00:00\",\"dateModified\":\"2024-07-30T20:44:42+00:00\",\"description\":\"Este frutero de barro no es solo un contenedor; es una conexi\u00f3n tangible con las tradiciones y el patrimonio de Oaxaca. Perfecto para aquellos que buscan piezas originales, bellas y con un acento \u00e9tnico, nuestro frutero de barro es una adici\u00f3n imprescindible para los amantes del arte y la cultura mexicana.\",\"breadcrumb\":{\"@id\":\"https:\/\/teterete.com\/mx\/producto\/frutero-de-barro-oaxaca\/#breadcrumb\"},\"inLanguage\":\"es\",\"potentialAction\":[{\"@type\":\"ReadAction\",\"target\":[\"https:\/\/teterete.com\/mx\/producto\/frutero-de-barro-oaxaca\/\"]}]},{\"@type\":\"ImageObject\",\"inLanguage\":\"es\",\"@id\":\"https:\/\/teterete.com\/mx\/producto\/frutero-de-barro-oaxaca\/#primaryimage\",\"url\":\"https:\/\/teterete.com\/mx\/wp-content\/uploads\/2017\/12\/frutero-barro-rojo.jpg\",\"contentUrl\":\"https:\/\/teterete.com\/mx\/wp-content\/uploads\/2017\/12\/frutero-barro-rojo.jpg\",\"width\":800,\"height\":800},{\"@type\":\"BreadcrumbList\",\"@id\":\"https:\/\/teterete.com\/mx\/producto\/frutero-de-barro-oaxaca\/#breadcrumb\",\"itemListElement\":[{\"@type\":\"ListItem\",\"position\":1,\"name\":\"Home\",\"item\":\"https:\/\/teterete.com\/mx\/\"},{\"@type\":\"ListItem\",\"position\":2,\"name\":\"Productos\",\"item\":\"https:\/\/teterete.com\/mx\/shop\/\"},{\"@type\":\"ListItem\",\"position\":3,\"name\":\"Frutero de Barro Rojo de Oaxaca\"}]},{\"@type\":\"WebSite\",\"@id\":\"https:\/\/teterete.com\/mx\/#website\",\"url\":\"https:\/\/teterete.com\/mx\/\",\"name\":\"\",\"description\":\"Tienda en L\u00ednea de Fina Artesanias y Dise\u00f1o Mexicano. Bellas piezas elaboradas a mano por los mejores artesanos del pa\u00eds as\u00ed como piezas de dise\u00f1o y decoraci\u00f3n con inspiraci\u00f3n artesanal.\",\"potentialAction\":[{\"@type\":\"SearchAction\",\"target\":{\"@type\":\"EntryPoint\",\"urlTemplate\":\"https:\/\/teterete.com\/mx\/?s={search_term_string}\"},\"query-input\":{\"@type\":\"PropertyValueSpecification\",\"valueRequired\":true,\"valueName\":\"search_term_string\"}}],\"inLanguage\":\"es\"}]}<\/script>\n<!-- \/ Yoast SEO plugin. -->","yoast_head_json":{"title":"Frutero de Barro Rojo de Oaxaca -","description":"Este frutero de barro no es solo un contenedor; es una conexi\u00f3n tangible con las tradiciones y el patrimonio de Oaxaca. Perfecto para aquellos que buscan piezas originales, bellas y con un acento \u00e9tnico, nuestro frutero de barro es una adici\u00f3n imprescindible para los amantes del arte y la cultura mexicana.","robots":{"index":"index","follow":"follow","max-snippet":"max-snippet:-1","max-image-preview":"max-image-preview:large","max-video-preview":"max-video-preview:-1"},"canonical":"https:\/\/teterete.com\/mx\/producto\/frutero-de-barro-oaxaca\/","og_locale":"es_ES","og_type":"article","og_title":"Frutero de Barro Rojo de Oaxaca -","og_description":"Este frutero de barro no es solo un contenedor; es una conexi\u00f3n tangible con las tradiciones y el patrimonio de Oaxaca. Perfecto para aquellos que buscan piezas originales, bellas y con un acento \u00e9tnico, nuestro frutero de barro es una adici\u00f3n imprescindible para los amantes del arte y la cultura mexicana.","og_url":"https:\/\/teterete.com\/mx\/producto\/frutero-de-barro-oaxaca\/","article_publisher":"https:\/\/www.facebook.com\/TetereteHome\/","article_modified_time":"2024-07-30T20:44:42+00:00","og_image":[{"width":800,"height":800,"url":"https:\/\/teterete.com\/mx\/wp-content\/uploads\/2017\/12\/frutero-barro-rojo.jpg","type":"image\/jpeg"}],"twitter_card":"summary_large_image","twitter_site":"@Teterete_Home","twitter_misc":{"Tiempo de lectura":"1 minuto"},"schema":{"@context":"https:\/\/schema.org","@graph":[{"@type":"WebPage","@id":"https:\/\/teterete.com\/mx\/producto\/frutero-de-barro-oaxaca\/","url":"https:\/\/teterete.com\/mx\/producto\/frutero-de-barro-oaxaca\/","name":"Frutero de Barro Rojo de Oaxaca -","isPartOf":{"@id":"https:\/\/teterete.com\/mx\/#website"},"primaryImageOfPage":{"@id":"https:\/\/teterete.com\/mx\/producto\/frutero-de-barro-oaxaca\/#primaryimage"},"image":{"@id":"https:\/\/teterete.com\/mx\/producto\/frutero-de-barro-oaxaca\/#primaryimage"},"thumbnailUrl":"https:\/\/teterete.com\/mx\/wp-content\/uploads\/2017\/12\/frutero-barro-rojo.jpg","datePublished":"2017-12-02T18:05:04+00:00","dateModified":"2024-07-30T20:44:42+00:00","description":"Este frutero de barro no es solo un contenedor; es una conexi\u00f3n tangible con las tradiciones y el patrimonio de Oaxaca. Perfecto para aquellos que buscan piezas originales, bellas y con un acento \u00e9tnico, nuestro frutero de barro es una adici\u00f3n imprescindible para los amantes del arte y la cultura mexicana.","breadcrumb":{"@id":"https:\/\/teterete.com\/mx\/producto\/frutero-de-barro-oaxaca\/#breadcrumb"},"inLanguage":"es","potentialAction":[{"@type":"ReadAction","target":["https:\/\/teterete.com\/mx\/producto\/frutero-de-barro-oaxaca\/"]}]},{"@type":"ImageObject","inLanguage":"es","@id":"https:\/\/teterete.com\/mx\/producto\/frutero-de-barro-oaxaca\/#primaryimage","url":"https:\/\/teterete.com\/mx\/wp-content\/uploads\/2017\/12\/frutero-barro-rojo.jpg","contentUrl":"https:\/\/teterete.com\/mx\/wp-content\/uploads\/2017\/12\/frutero-barro-rojo.jpg","width":800,"height":800},{"@type":"BreadcrumbList","@id":"https:\/\/teterete.com\/mx\/producto\/frutero-de-barro-oaxaca\/#breadcrumb","itemListElement":[{"@type":"ListItem","position":1,"name":"Home","item":"https:\/\/teterete.com\/mx\/"},{"@type":"ListItem","position":2,"name":"Productos","item":"https:\/\/teterete.com\/mx\/shop\/"},{"@type":"ListItem","position":3,"name":"Frutero de Barro Rojo de Oaxaca"}]},{"@type":"WebSite","@id":"https:\/\/teterete.com\/mx\/#website","url":"https:\/\/teterete.com\/mx\/","name":"","description":"Tienda en L\u00ednea de Fina Artesanias y Dise\u00f1o Mexicano. Bellas piezas elaboradas a mano por los mejores artesanos del pa\u00eds as\u00ed como piezas de dise\u00f1o y decoraci\u00f3n con inspiraci\u00f3n artesanal.","potentialAction":[{"@type":"SearchAction","target":{"@type":"EntryPoint","urlTemplate":"https:\/\/teterete.com\/mx\/?s={search_term_string}"},"query-input":{"@type":"PropertyValueSpecification","valueRequired":true,"valueName":"search_term_string"}}],"inLanguage":"es"}]}},"_links":{"self":[{"href":"https:\/\/teterete.com\/mx\/wp-json\/wp\/v2\/product\/3124"}],"collection":[{"href":"https:\/\/teterete.com\/mx\/wp-json\/wp\/v2\/product"}],"about":[{"href":"https:\/\/teterete.com\/mx\/wp-json\/wp\/v2\/types\/product"}],"replies":[{"embeddable":true,"href":"https:\/\/teterete.com\/mx\/wp-json\/wp\/v2\/comments?post=3124"}],"wp:featuredmedia":[{"embeddable":true,"href":"https:\/\/teterete.com\/mx\/wp-json\/wp\/v2\/media\/11679"}],"wp:attachment":[{"href":"https:\/\/teterete.com\/mx\/wp-json\/wp\/v2\/media?parent=3124"}],"wp:term":[{"taxonomy":"product_cat","embeddable":true,"href":"https:\/\/teterete.com\/mx\/wp-json\/wp\/v2\/product_cat?post=3124"},{"taxonomy":"product_tag","embeddable":true,"href":"https:\/\/teterete.com\/mx\/wp-json\/wp\/v2\/product_tag?post=3124"}],"curies":[{"name":"wp","href":"https:\/\/api.w.org\/{rel}","templated":true}]}}