{"id":3383,"date":"2018-02-27T16:41:35","date_gmt":"2018-02-27T16:41:35","guid":{"rendered":"http:\/\/mx.teterete.com\/product\/pegaso-alebrije-de-oaxaca\/"},"modified":"2025-11-17T17:40:53","modified_gmt":"2025-11-17T17:40:53","slug":"pegaso-alebrije-de-oaxaca","status":"publish","type":"product","link":"https:\/\/teterete.com\/mx\/producto\/pegaso-alebrije-de-oaxaca\/","title":{"rendered":"Pegaso Alebrije de Oaxaca"},"content":{"rendered":"<p>Pieza elaborada por artesanos de San Martin Tilcajete totalmente tallado a mano con madera de Copal y pintado con gran detalle.<\/p>\n<p>Medidas:<\/p>\n<p>23 cms de Alto por 18 cms de largo y 15 cms de ancho.<\/p>\n","protected":false},"excerpt":{"rendered":"<p>Alebrijes provenientes de San Martin Tilcajete zona de artesanos que trabajan est\u00e1s piezas tradicionales en el estado de Oaxaca.<\/p>\n","protected":false},"featured_media":4946,"comment_status":"open","ping_status":"closed","template":"","meta":{"_acf_changed":false,"sfsi_plus_gutenberg_text_before_share":"","sfsi_plus_gutenberg_show_text_before_share":"","sfsi_plus_gutenberg_icon_type":"","sfsi_plus_gutenberg_icon_alignemt":"","sfsi_plus_gutenburg_max_per_row":""},"product_brand":[],"product_cat":[2646,542,1842,61,658,2057],"product_tag":[119,222,670,232,24,695,400,244,671],"class_list":{"0":"post-3383","1":"product","2":"type-product","3":"status-publish","4":"has-post-thumbnail","6":"product_cat-ciber-monday","7":"product_cat-figurines_y_alebrijes","8":"product_cat-oaxaca","9":"product_cat-para_ella","10":"product_cat-rebajas","11":"product_cat-regalos-mama","12":"product_tag-alebrijes","13":"product_tag-artesania-mexicana","14":"product_tag-artesanos-mexicanos","15":"product_tag-decoracion-mexicana","16":"product_tag-mexican-folk-art","17":"product_tag-pegaso-alebrije","18":"product_tag-san-martin-tilcajete","19":"product_tag-teterete-home-decor","20":"product_tag-tienda-de-artesanias","21":"product_shipping_class-fast-delivery","23":"first","24":"instock","25":"sale","26":"taxable","27":"shipping-taxable","28":"purchasable","29":"product-type-simple"},"acf":[],"yoast_head":"<!-- This site is optimized with the Yoast SEO plugin v27.6 - https:\/\/yoast.com\/product\/yoast-seo-wordpress\/ -->\n<title>Pegaso Alebrije de Oaxaca -<\/title>\n<meta name=\"description\" content=\"Bello Pegaso Alebrije elaborado en San Martin Tilcajete en Oaxaca. Cuidadores de sue\u00f1os y piezas artesanales.\" \/>\n<meta name=\"robots\" content=\"index, follow, max-snippet:-1, max-image-preview:large, max-video-preview:-1\" \/>\n<link rel=\"canonical\" href=\"https:\/\/teterete.com\/mx\/producto\/pegaso-alebrije-de-oaxaca\/\" \/>\n<meta property=\"og:locale\" content=\"es_ES\" \/>\n<meta property=\"og:type\" content=\"article\" \/>\n<meta property=\"og:title\" content=\"Pegaso Alebrije de Oaxaca -\" \/>\n<meta property=\"og:description\" content=\"Bello Pegaso Alebrije elaborado en San Martin Tilcajete en Oaxaca. Cuidadores de sue\u00f1os y piezas artesanales.\" \/>\n<meta property=\"og:url\" content=\"https:\/\/teterete.com\/mx\/producto\/pegaso-alebrije-de-oaxaca\/\" \/>\n<meta property=\"article:publisher\" content=\"https:\/\/www.facebook.com\/TetereteHome\/\" \/>\n<meta property=\"article:modified_time\" content=\"2025-11-17T17:40:53+00:00\" \/>\n<meta property=\"og:image\" content=\"https:\/\/teterete.com\/mx\/wp-content\/uploads\/2018\/02\/Screen-Shot-2018-11-26-at-8.49.28-AM.png\" \/>\n\t<meta property=\"og:image:width\" content=\"500\" \/>\n\t<meta property=\"og:image:height\" content=\"496\" \/>\n\t<meta property=\"og:image:type\" content=\"image\/png\" \/>\n<meta name=\"twitter:card\" content=\"summary_large_image\" \/>\n<meta name=\"twitter:site\" content=\"@Teterete_Home\" \/>\n<meta name=\"twitter:label1\" content=\"Tiempo de lectura\" \/>\n\t<meta name=\"twitter:data1\" content=\"1 minuto\" \/>\n<script type=\"application\/ld+json\" class=\"yoast-schema-graph\">{\"@context\":\"https:\\\/\\\/schema.org\",\"@graph\":[{\"@type\":\"WebPage\",\"@id\":\"https:\\\/\\\/teterete.com\\\/mx\\\/producto\\\/pegaso-alebrije-de-oaxaca\\\/\",\"url\":\"https:\\\/\\\/teterete.com\\\/mx\\\/producto\\\/pegaso-alebrije-de-oaxaca\\\/\",\"name\":\"Pegaso Alebrije de Oaxaca -\",\"isPartOf\":{\"@id\":\"https:\\\/\\\/teterete.com\\\/mx\\\/#website\"},\"primaryImageOfPage\":{\"@id\":\"https:\\\/\\\/teterete.com\\\/mx\\\/producto\\\/pegaso-alebrije-de-oaxaca\\\/#primaryimage\"},\"image\":{\"@id\":\"https:\\\/\\\/teterete.com\\\/mx\\\/producto\\\/pegaso-alebrije-de-oaxaca\\\/#primaryimage\"},\"thumbnailUrl\":\"https:\\\/\\\/teterete.com\\\/mx\\\/wp-content\\\/uploads\\\/2018\\\/02\\\/Screen-Shot-2018-11-26-at-8.49.28-AM.png\",\"datePublished\":\"2018-02-27T16:41:35+00:00\",\"dateModified\":\"2025-11-17T17:40:53+00:00\",\"description\":\"Bello Pegaso Alebrije elaborado en San Martin Tilcajete en Oaxaca. Cuidadores de sue\u00f1os y piezas artesanales.\",\"breadcrumb\":{\"@id\":\"https:\\\/\\\/teterete.com\\\/mx\\\/producto\\\/pegaso-alebrije-de-oaxaca\\\/#breadcrumb\"},\"inLanguage\":\"es\",\"potentialAction\":[{\"@type\":\"ReadAction\",\"target\":[\"https:\\\/\\\/teterete.com\\\/mx\\\/producto\\\/pegaso-alebrije-de-oaxaca\\\/\"]}]},{\"@type\":\"ImageObject\",\"inLanguage\":\"es\",\"@id\":\"https:\\\/\\\/teterete.com\\\/mx\\\/producto\\\/pegaso-alebrije-de-oaxaca\\\/#primaryimage\",\"url\":\"https:\\\/\\\/teterete.com\\\/mx\\\/wp-content\\\/uploads\\\/2018\\\/02\\\/Screen-Shot-2018-11-26-at-8.49.28-AM.png\",\"contentUrl\":\"https:\\\/\\\/teterete.com\\\/mx\\\/wp-content\\\/uploads\\\/2018\\\/02\\\/Screen-Shot-2018-11-26-at-8.49.28-AM.png\",\"width\":500,\"height\":496,\"caption\":\"Pegaso Alebrije\"},{\"@type\":\"BreadcrumbList\",\"@id\":\"https:\\\/\\\/teterete.com\\\/mx\\\/producto\\\/pegaso-alebrije-de-oaxaca\\\/#breadcrumb\",\"itemListElement\":[{\"@type\":\"ListItem\",\"position\":1,\"name\":\"Home\",\"item\":\"https:\\\/\\\/teterete.com\\\/mx\\\/\"},{\"@type\":\"ListItem\",\"position\":2,\"name\":\"Productos\",\"item\":\"https:\\\/\\\/teterete.com\\\/mx\\\/shop\\\/\"},{\"@type\":\"ListItem\",\"position\":3,\"name\":\"Pegaso Alebrije de Oaxaca\"}]},{\"@type\":\"WebSite\",\"@id\":\"https:\\\/\\\/teterete.com\\\/mx\\\/#website\",\"url\":\"https:\\\/\\\/teterete.com\\\/mx\\\/\",\"name\":\"\",\"description\":\"Tienda en L\u00ednea de Fina Artesanias y Dise\u00f1o Mexicano. Bellas piezas elaboradas a mano por los mejores artesanos del pa\u00eds as\u00ed como piezas de dise\u00f1o y decoraci\u00f3n con inspiraci\u00f3n artesanal.\",\"potentialAction\":[{\"@type\":\"SearchAction\",\"target\":{\"@type\":\"EntryPoint\",\"urlTemplate\":\"https:\\\/\\\/teterete.com\\\/mx\\\/?s={search_term_string}\"},\"query-input\":{\"@type\":\"PropertyValueSpecification\",\"valueRequired\":true,\"valueName\":\"search_term_string\"}}],\"inLanguage\":\"es\"}]}<\/script>\n<!-- \/ Yoast SEO plugin. -->","yoast_head_json":{"title":"Pegaso Alebrije de Oaxaca -","description":"Bello Pegaso Alebrije elaborado en San Martin Tilcajete en Oaxaca. Cuidadores de sue\u00f1os y piezas artesanales.","robots":{"index":"index","follow":"follow","max-snippet":"max-snippet:-1","max-image-preview":"max-image-preview:large","max-video-preview":"max-video-preview:-1"},"canonical":"https:\/\/teterete.com\/mx\/producto\/pegaso-alebrije-de-oaxaca\/","og_locale":"es_ES","og_type":"article","og_title":"Pegaso Alebrije de Oaxaca -","og_description":"Bello Pegaso Alebrije elaborado en San Martin Tilcajete en Oaxaca. Cuidadores de sue\u00f1os y piezas artesanales.","og_url":"https:\/\/teterete.com\/mx\/producto\/pegaso-alebrije-de-oaxaca\/","article_publisher":"https:\/\/www.facebook.com\/TetereteHome\/","article_modified_time":"2025-11-17T17:40:53+00:00","og_image":[{"width":500,"height":496,"url":"https:\/\/teterete.com\/mx\/wp-content\/uploads\/2018\/02\/Screen-Shot-2018-11-26-at-8.49.28-AM.png","type":"image\/png"}],"twitter_card":"summary_large_image","twitter_site":"@Teterete_Home","twitter_misc":{"Tiempo de lectura":"1 minuto"},"schema":{"@context":"https:\/\/schema.org","@graph":[{"@type":"WebPage","@id":"https:\/\/teterete.com\/mx\/producto\/pegaso-alebrije-de-oaxaca\/","url":"https:\/\/teterete.com\/mx\/producto\/pegaso-alebrije-de-oaxaca\/","name":"Pegaso Alebrije de Oaxaca -","isPartOf":{"@id":"https:\/\/teterete.com\/mx\/#website"},"primaryImageOfPage":{"@id":"https:\/\/teterete.com\/mx\/producto\/pegaso-alebrije-de-oaxaca\/#primaryimage"},"image":{"@id":"https:\/\/teterete.com\/mx\/producto\/pegaso-alebrije-de-oaxaca\/#primaryimage"},"thumbnailUrl":"https:\/\/teterete.com\/mx\/wp-content\/uploads\/2018\/02\/Screen-Shot-2018-11-26-at-8.49.28-AM.png","datePublished":"2018-02-27T16:41:35+00:00","dateModified":"2025-11-17T17:40:53+00:00","description":"Bello Pegaso Alebrije elaborado en San Martin Tilcajete en Oaxaca. Cuidadores de sue\u00f1os y piezas artesanales.","breadcrumb":{"@id":"https:\/\/teterete.com\/mx\/producto\/pegaso-alebrije-de-oaxaca\/#breadcrumb"},"inLanguage":"es","potentialAction":[{"@type":"ReadAction","target":["https:\/\/teterete.com\/mx\/producto\/pegaso-alebrije-de-oaxaca\/"]}]},{"@type":"ImageObject","inLanguage":"es","@id":"https:\/\/teterete.com\/mx\/producto\/pegaso-alebrije-de-oaxaca\/#primaryimage","url":"https:\/\/teterete.com\/mx\/wp-content\/uploads\/2018\/02\/Screen-Shot-2018-11-26-at-8.49.28-AM.png","contentUrl":"https:\/\/teterete.com\/mx\/wp-content\/uploads\/2018\/02\/Screen-Shot-2018-11-26-at-8.49.28-AM.png","width":500,"height":496,"caption":"Pegaso Alebrije"},{"@type":"BreadcrumbList","@id":"https:\/\/teterete.com\/mx\/producto\/pegaso-alebrije-de-oaxaca\/#breadcrumb","itemListElement":[{"@type":"ListItem","position":1,"name":"Home","item":"https:\/\/teterete.com\/mx\/"},{"@type":"ListItem","position":2,"name":"Productos","item":"https:\/\/teterete.com\/mx\/shop\/"},{"@type":"ListItem","position":3,"name":"Pegaso Alebrije de Oaxaca"}]},{"@type":"WebSite","@id":"https:\/\/teterete.com\/mx\/#website","url":"https:\/\/teterete.com\/mx\/","name":"","description":"Tienda en L\u00ednea de Fina Artesanias y Dise\u00f1o Mexicano. Bellas piezas elaboradas a mano por los mejores artesanos del pa\u00eds as\u00ed como piezas de dise\u00f1o y decoraci\u00f3n con inspiraci\u00f3n artesanal.","potentialAction":[{"@type":"SearchAction","target":{"@type":"EntryPoint","urlTemplate":"https:\/\/teterete.com\/mx\/?s={search_term_string}"},"query-input":{"@type":"PropertyValueSpecification","valueRequired":true,"valueName":"search_term_string"}}],"inLanguage":"es"}]}},"_links":{"self":[{"href":"https:\/\/teterete.com\/mx\/wp-json\/wp\/v2\/product\/3383","targetHints":{"allow":["GET"]}}],"collection":[{"href":"https:\/\/teterete.com\/mx\/wp-json\/wp\/v2\/product"}],"about":[{"href":"https:\/\/teterete.com\/mx\/wp-json\/wp\/v2\/types\/product"}],"replies":[{"embeddable":true,"href":"https:\/\/teterete.com\/mx\/wp-json\/wp\/v2\/comments?post=3383"}],"wp:featuredmedia":[{"embeddable":true,"href":"https:\/\/teterete.com\/mx\/wp-json\/wp\/v2\/media\/4946"}],"wp:attachment":[{"href":"https:\/\/teterete.com\/mx\/wp-json\/wp\/v2\/media?parent=3383"}],"wp:term":[{"taxonomy":"product_brand","embeddable":true,"href":"https:\/\/teterete.com\/mx\/wp-json\/wp\/v2\/product_brand?post=3383"},{"taxonomy":"product_cat","embeddable":true,"href":"https:\/\/teterete.com\/mx\/wp-json\/wp\/v2\/product_cat?post=3383"},{"taxonomy":"product_tag","embeddable":true,"href":"https:\/\/teterete.com\/mx\/wp-json\/wp\/v2\/product_tag?post=3383"}],"curies":[{"name":"wp","href":"https:\/\/api.w.org\/{rel}","templated":true}]}}