{"id":3499,"date":"2018-02-27T19:44:58","date_gmt":"2018-02-27T19:44:58","guid":{"rendered":"http:\/\/mx.teterete.com\/product\/bolso-de-palma-grande-con-correa-en-piel\/"},"modified":"2025-11-17T17:40:53","modified_gmt":"2025-11-17T17:40:53","slug":"bolso-de-palma-grande-con-correa-en-piel","status":"publish","type":"product","link":"https:\/\/teterete.com\/mx\/producto\/bolso-de-palma-grande-con-correa-en-piel\/","title":{"rendered":"Bolso de Palma Grande con Correa en Piel"},"content":{"rendered":"<p>Hermosa bolso tejido a mano con palma natural grande con asas en piel natural. Perfecta para\u00a0salida de fin de semana a la playa o picnic o resguardar cosas delicadas en casa.<\/p>\n<p>Tama\u00f1o: 50 cms de ancho por 55 de alto (con asas) y 15 cms de ancho.<\/p>\n","protected":false},"excerpt":{"rendered":"<p>Bolso grande tejido en palma natural por tejedoras de Oaxaca. Remate de asas en piel natural.<\/p>\n","protected":false},"featured_media":3434,"comment_status":"open","ping_status":"closed","template":"","meta":{"_acf_changed":false,"sfsi_plus_gutenberg_text_before_share":"","sfsi_plus_gutenberg_show_text_before_share":"","sfsi_plus_gutenberg_icon_type":"","sfsi_plus_gutenberg_icon_alignemt":"","sfsi_plus_gutenburg_max_per_row":""},"product_brand":[],"product_cat":[57,2646,1216,1842,683,61,658],"product_tag":[222,256,257,698,245,253,223],"class_list":{"0":"post-3499","1":"product","2":"type-product","3":"status-publish","4":"has-post-thumbnail","6":"product_cat-bolsos_y_morrales","7":"product_cat-ciber-monday","8":"product_cat-especial-playa","9":"product_cat-oaxaca","10":"product_cat-objetos_de_palma","11":"product_cat-para_ella","12":"product_cat-rebajas","13":"product_tag-artesania-mexicana","14":"product_tag-bolsa-de-palma","15":"product_tag-bolsa-para-picnic","16":"product_tag-bolso-de-palma","17":"product_tag-mexican-artcrafts","18":"product_tag-teterete-textiles","19":"product_tag-textiles-mexicanos","20":"product_shipping_class-standard","22":"first","23":"instock","24":"sale","25":"taxable","26":"shipping-taxable","27":"purchasable","28":"product-type-simple"},"acf":[],"yoast_head":"<!-- This site is optimized with the Yoast SEO plugin v27.6 - https:\/\/yoast.com\/product\/yoast-seo-wordpress\/ -->\n<title>Bolso de Palma Grande con Correa en Piel -<\/title>\n<meta name=\"robots\" content=\"index, follow, max-snippet:-1, max-image-preview:large, max-video-preview:-1\" \/>\n<link rel=\"canonical\" href=\"https:\/\/teterete.com\/mx\/producto\/bolso-de-palma-grande-con-correa-en-piel\/\" \/>\n<meta property=\"og:locale\" content=\"es_ES\" \/>\n<meta property=\"og:type\" content=\"article\" \/>\n<meta property=\"og:title\" content=\"Bolso de Palma Grande con Correa en Piel -\" \/>\n<meta property=\"og:description\" content=\"Bolso grande tejido en palma natural por tejedoras de Oaxaca. Remate de asas en piel natural.\" \/>\n<meta property=\"og:url\" content=\"https:\/\/teterete.com\/mx\/producto\/bolso-de-palma-grande-con-correa-en-piel\/\" \/>\n<meta property=\"article:publisher\" content=\"https:\/\/www.facebook.com\/TetereteHome\/\" \/>\n<meta property=\"article:modified_time\" content=\"2025-11-17T17:40:53+00:00\" \/>\n<meta property=\"og:image\" content=\"https:\/\/teterete.com\/mx\/wp-content\/uploads\/2018\/02\/IMG_1943.jpg\" \/>\n\t<meta property=\"og:image:width\" content=\"640\" \/>\n\t<meta property=\"og:image:height\" content=\"427\" \/>\n\t<meta property=\"og:image:type\" content=\"image\/jpeg\" \/>\n<meta name=\"twitter:card\" content=\"summary_large_image\" \/>\n<meta name=\"twitter:site\" content=\"@Teterete_Home\" \/>\n<script type=\"application\/ld+json\" class=\"yoast-schema-graph\">{\"@context\":\"https:\\\/\\\/schema.org\",\"@graph\":[{\"@type\":\"WebPage\",\"@id\":\"https:\\\/\\\/teterete.com\\\/mx\\\/producto\\\/bolso-de-palma-grande-con-correa-en-piel\\\/\",\"url\":\"https:\\\/\\\/teterete.com\\\/mx\\\/producto\\\/bolso-de-palma-grande-con-correa-en-piel\\\/\",\"name\":\"Bolso de Palma Grande con Correa en Piel -\",\"isPartOf\":{\"@id\":\"https:\\\/\\\/teterete.com\\\/mx\\\/#website\"},\"primaryImageOfPage\":{\"@id\":\"https:\\\/\\\/teterete.com\\\/mx\\\/producto\\\/bolso-de-palma-grande-con-correa-en-piel\\\/#primaryimage\"},\"image\":{\"@id\":\"https:\\\/\\\/teterete.com\\\/mx\\\/producto\\\/bolso-de-palma-grande-con-correa-en-piel\\\/#primaryimage\"},\"thumbnailUrl\":\"https:\\\/\\\/teterete.com\\\/mx\\\/wp-content\\\/uploads\\\/2018\\\/02\\\/IMG_1943.jpg\",\"datePublished\":\"2018-02-27T19:44:58+00:00\",\"dateModified\":\"2025-11-17T17:40:53+00:00\",\"breadcrumb\":{\"@id\":\"https:\\\/\\\/teterete.com\\\/mx\\\/producto\\\/bolso-de-palma-grande-con-correa-en-piel\\\/#breadcrumb\"},\"inLanguage\":\"es\",\"potentialAction\":[{\"@type\":\"ReadAction\",\"target\":[\"https:\\\/\\\/teterete.com\\\/mx\\\/producto\\\/bolso-de-palma-grande-con-correa-en-piel\\\/\"]}]},{\"@type\":\"ImageObject\",\"inLanguage\":\"es\",\"@id\":\"https:\\\/\\\/teterete.com\\\/mx\\\/producto\\\/bolso-de-palma-grande-con-correa-en-piel\\\/#primaryimage\",\"url\":\"https:\\\/\\\/teterete.com\\\/mx\\\/wp-content\\\/uploads\\\/2018\\\/02\\\/IMG_1943.jpg\",\"contentUrl\":\"https:\\\/\\\/teterete.com\\\/mx\\\/wp-content\\\/uploads\\\/2018\\\/02\\\/IMG_1943.jpg\",\"width\":640,\"height\":427,\"caption\":\"Bolso Tejido Grande\"},{\"@type\":\"BreadcrumbList\",\"@id\":\"https:\\\/\\\/teterete.com\\\/mx\\\/producto\\\/bolso-de-palma-grande-con-correa-en-piel\\\/#breadcrumb\",\"itemListElement\":[{\"@type\":\"ListItem\",\"position\":1,\"name\":\"Home\",\"item\":\"https:\\\/\\\/teterete.com\\\/mx\\\/\"},{\"@type\":\"ListItem\",\"position\":2,\"name\":\"Productos\",\"item\":\"https:\\\/\\\/teterete.com\\\/mx\\\/shop\\\/\"},{\"@type\":\"ListItem\",\"position\":3,\"name\":\"Bolso de Palma Grande con Correa en Piel\"}]},{\"@type\":\"WebSite\",\"@id\":\"https:\\\/\\\/teterete.com\\\/mx\\\/#website\",\"url\":\"https:\\\/\\\/teterete.com\\\/mx\\\/\",\"name\":\"\",\"description\":\"Tienda en L\u00ednea de Fina Artesanias y Dise\u00f1o Mexicano. Bellas piezas elaboradas a mano por los mejores artesanos del pa\u00eds as\u00ed como piezas de dise\u00f1o y decoraci\u00f3n con inspiraci\u00f3n artesanal.\",\"potentialAction\":[{\"@type\":\"SearchAction\",\"target\":{\"@type\":\"EntryPoint\",\"urlTemplate\":\"https:\\\/\\\/teterete.com\\\/mx\\\/?s={search_term_string}\"},\"query-input\":{\"@type\":\"PropertyValueSpecification\",\"valueRequired\":true,\"valueName\":\"search_term_string\"}}],\"inLanguage\":\"es\"}]}<\/script>\n<!-- \/ Yoast SEO plugin. -->","yoast_head_json":{"title":"Bolso de Palma Grande con Correa en Piel -","robots":{"index":"index","follow":"follow","max-snippet":"max-snippet:-1","max-image-preview":"max-image-preview:large","max-video-preview":"max-video-preview:-1"},"canonical":"https:\/\/teterete.com\/mx\/producto\/bolso-de-palma-grande-con-correa-en-piel\/","og_locale":"es_ES","og_type":"article","og_title":"Bolso de Palma Grande con Correa en Piel -","og_description":"Bolso grande tejido en palma natural por tejedoras de Oaxaca. Remate de asas en piel natural.","og_url":"https:\/\/teterete.com\/mx\/producto\/bolso-de-palma-grande-con-correa-en-piel\/","article_publisher":"https:\/\/www.facebook.com\/TetereteHome\/","article_modified_time":"2025-11-17T17:40:53+00:00","og_image":[{"width":640,"height":427,"url":"https:\/\/teterete.com\/mx\/wp-content\/uploads\/2018\/02\/IMG_1943.jpg","type":"image\/jpeg"}],"twitter_card":"summary_large_image","twitter_site":"@Teterete_Home","schema":{"@context":"https:\/\/schema.org","@graph":[{"@type":"WebPage","@id":"https:\/\/teterete.com\/mx\/producto\/bolso-de-palma-grande-con-correa-en-piel\/","url":"https:\/\/teterete.com\/mx\/producto\/bolso-de-palma-grande-con-correa-en-piel\/","name":"Bolso de Palma Grande con Correa en Piel -","isPartOf":{"@id":"https:\/\/teterete.com\/mx\/#website"},"primaryImageOfPage":{"@id":"https:\/\/teterete.com\/mx\/producto\/bolso-de-palma-grande-con-correa-en-piel\/#primaryimage"},"image":{"@id":"https:\/\/teterete.com\/mx\/producto\/bolso-de-palma-grande-con-correa-en-piel\/#primaryimage"},"thumbnailUrl":"https:\/\/teterete.com\/mx\/wp-content\/uploads\/2018\/02\/IMG_1943.jpg","datePublished":"2018-02-27T19:44:58+00:00","dateModified":"2025-11-17T17:40:53+00:00","breadcrumb":{"@id":"https:\/\/teterete.com\/mx\/producto\/bolso-de-palma-grande-con-correa-en-piel\/#breadcrumb"},"inLanguage":"es","potentialAction":[{"@type":"ReadAction","target":["https:\/\/teterete.com\/mx\/producto\/bolso-de-palma-grande-con-correa-en-piel\/"]}]},{"@type":"ImageObject","inLanguage":"es","@id":"https:\/\/teterete.com\/mx\/producto\/bolso-de-palma-grande-con-correa-en-piel\/#primaryimage","url":"https:\/\/teterete.com\/mx\/wp-content\/uploads\/2018\/02\/IMG_1943.jpg","contentUrl":"https:\/\/teterete.com\/mx\/wp-content\/uploads\/2018\/02\/IMG_1943.jpg","width":640,"height":427,"caption":"Bolso Tejido Grande"},{"@type":"BreadcrumbList","@id":"https:\/\/teterete.com\/mx\/producto\/bolso-de-palma-grande-con-correa-en-piel\/#breadcrumb","itemListElement":[{"@type":"ListItem","position":1,"name":"Home","item":"https:\/\/teterete.com\/mx\/"},{"@type":"ListItem","position":2,"name":"Productos","item":"https:\/\/teterete.com\/mx\/shop\/"},{"@type":"ListItem","position":3,"name":"Bolso de Palma Grande con Correa en Piel"}]},{"@type":"WebSite","@id":"https:\/\/teterete.com\/mx\/#website","url":"https:\/\/teterete.com\/mx\/","name":"","description":"Tienda en L\u00ednea de Fina Artesanias y Dise\u00f1o Mexicano. Bellas piezas elaboradas a mano por los mejores artesanos del pa\u00eds as\u00ed como piezas de dise\u00f1o y decoraci\u00f3n con inspiraci\u00f3n artesanal.","potentialAction":[{"@type":"SearchAction","target":{"@type":"EntryPoint","urlTemplate":"https:\/\/teterete.com\/mx\/?s={search_term_string}"},"query-input":{"@type":"PropertyValueSpecification","valueRequired":true,"valueName":"search_term_string"}}],"inLanguage":"es"}]}},"_links":{"self":[{"href":"https:\/\/teterete.com\/mx\/wp-json\/wp\/v2\/product\/3499","targetHints":{"allow":["GET"]}}],"collection":[{"href":"https:\/\/teterete.com\/mx\/wp-json\/wp\/v2\/product"}],"about":[{"href":"https:\/\/teterete.com\/mx\/wp-json\/wp\/v2\/types\/product"}],"replies":[{"embeddable":true,"href":"https:\/\/teterete.com\/mx\/wp-json\/wp\/v2\/comments?post=3499"}],"wp:featuredmedia":[{"embeddable":true,"href":"https:\/\/teterete.com\/mx\/wp-json\/wp\/v2\/media\/3434"}],"wp:attachment":[{"href":"https:\/\/teterete.com\/mx\/wp-json\/wp\/v2\/media?parent=3499"}],"wp:term":[{"taxonomy":"product_brand","embeddable":true,"href":"https:\/\/teterete.com\/mx\/wp-json\/wp\/v2\/product_brand?post=3499"},{"taxonomy":"product_cat","embeddable":true,"href":"https:\/\/teterete.com\/mx\/wp-json\/wp\/v2\/product_cat?post=3499"},{"taxonomy":"product_tag","embeddable":true,"href":"https:\/\/teterete.com\/mx\/wp-json\/wp\/v2\/product_tag?post=3499"}],"curies":[{"name":"wp","href":"https:\/\/api.w.org\/{rel}","templated":true}]}}