{"id":3925,"date":"2018-09-03T17:15:42","date_gmt":"2018-09-03T17:15:42","guid":{"rendered":"https:\/\/mx.teterete.com\/?post_type=product&#038;p=3925"},"modified":"2021-03-11T20:51:16","modified_gmt":"2021-03-11T20:51:16","slug":"tapete-coleccion-barragan-1-50-x-1-80","status":"publish","type":"product","link":"https:\/\/teterete.com\/mx\/producto\/tapete-coleccion-barragan-1-50-x-1-80\/","title":{"rendered":"Tapete Colecci\u00f3n Barrag\u00e1n 1.50 x 1.80"},"content":{"rendered":"<p>Estos tapetes son piezas de gran calidad artesanal y materiales de la mejorar calidad, son un gran elemento decorativo para el espacio donde decidas ponerlo.<\/p>\n<p>*Los colores reales pueden presentar ligeros cambios, ya que nuestros procesos de entintado son artesanales.<\/p>\n<p>**Los tapetes de color tienen un precio mayor por el entintado natural de la lana<\/p>\n","protected":false},"excerpt":{"rendered":"<p>Uso de sistema de tejido de nudo turco, una serie de diferentes procesos que hace una pieza \u00fanica. El equipo de txt.ure trabajo en colaboraci\u00f3n con Casa Estudio Barrag\u00e1n para mejorar y rescatar estos procesos manuales, por medio de metodolog\u00edas \u00a0de dise\u00f1o, dando como resultado final este elegante tapete. Manteniendo y respetando el dise\u00f1o artesanal mexicano.<\/p>\n","protected":false},"featured_media":7226,"comment_status":"open","ping_status":"closed","template":"","meta":{"sfsi_plus_gutenberg_text_before_share":"","sfsi_plus_gutenberg_show_text_before_share":"","sfsi_plus_gutenberg_icon_type":"","sfsi_plus_gutenberg_icon_alignemt":"","sfsi_plus_gutenburg_max_per_row":""},"product_cat":[1516,209,763,68],"product_tag":[766,765,232,399,21,767,330,764,768,223],"acf":[],"yoast_head":"<!-- This site is optimized with the Yoast SEO plugin v23.5 - https:\/\/yoast.com\/wordpress\/plugins\/seo\/ -->\n<title>Tapete Colecci\u00f3n Barrag\u00e1n 1.50 x 1.80 -<\/title>\n<meta name=\"robots\" content=\"index, follow, max-snippet:-1, max-image-preview:large, max-video-preview:-1\" \/>\n<link rel=\"canonical\" href=\"https:\/\/teterete.com\/mx\/producto\/tapete-coleccion-barragan-1-50-x-1-80\/\" \/>\n<meta property=\"og:locale\" content=\"es_ES\" \/>\n<meta property=\"og:type\" content=\"article\" \/>\n<meta property=\"og:title\" content=\"Tapete Colecci\u00f3n Barrag\u00e1n 1.50 x 1.80 -\" \/>\n<meta property=\"og:description\" content=\"Uso de sistema de tejido de nudo turco, una serie de diferentes procesos que hace una pieza \u00fanica. El equipo de txt.ure trabajo en colaboraci\u00f3n con Casa Estudio Barrag\u00e1n para mejorar y rescatar estos procesos manuales, por medio de metodolog\u00edas \u00a0de dise\u00f1o, dando como resultado final este elegante tapete. Manteniendo y respetando el dise\u00f1o artesanal mexicano.\" \/>\n<meta property=\"og:url\" content=\"https:\/\/teterete.com\/mx\/producto\/tapete-coleccion-barragan-1-50-x-1-80\/\" \/>\n<meta property=\"article:publisher\" content=\"https:\/\/www.facebook.com\/TetereteHome\/\" \/>\n<meta property=\"article:modified_time\" content=\"2021-03-11T20:51:16+00:00\" \/>\n<meta property=\"og:image\" content=\"https:\/\/teterete.com\/mx\/wp-content\/uploads\/2018\/09\/coleccion-barragan.jpg\" \/>\n\t<meta property=\"og:image:width\" content=\"1280\" \/>\n\t<meta property=\"og:image:height\" content=\"1280\" \/>\n\t<meta property=\"og:image:type\" content=\"image\/jpeg\" \/>\n<meta name=\"twitter:card\" content=\"summary_large_image\" \/>\n<meta name=\"twitter:site\" content=\"@Teterete_Home\" \/>\n<script type=\"application\/ld+json\" class=\"yoast-schema-graph\">{\"@context\":\"https:\/\/schema.org\",\"@graph\":[{\"@type\":\"WebPage\",\"@id\":\"https:\/\/teterete.com\/mx\/producto\/tapete-coleccion-barragan-1-50-x-1-80\/\",\"url\":\"https:\/\/teterete.com\/mx\/producto\/tapete-coleccion-barragan-1-50-x-1-80\/\",\"name\":\"Tapete Colecci\u00f3n Barrag\u00e1n 1.50 x 1.80 -\",\"isPartOf\":{\"@id\":\"https:\/\/teterete.com\/mx\/#website\"},\"primaryImageOfPage\":{\"@id\":\"https:\/\/teterete.com\/mx\/producto\/tapete-coleccion-barragan-1-50-x-1-80\/#primaryimage\"},\"image\":{\"@id\":\"https:\/\/teterete.com\/mx\/producto\/tapete-coleccion-barragan-1-50-x-1-80\/#primaryimage\"},\"thumbnailUrl\":\"https:\/\/teterete.com\/mx\/wp-content\/uploads\/2018\/09\/coleccion-barragan.jpg\",\"datePublished\":\"2018-09-03T17:15:42+00:00\",\"dateModified\":\"2021-03-11T20:51:16+00:00\",\"breadcrumb\":{\"@id\":\"https:\/\/teterete.com\/mx\/producto\/tapete-coleccion-barragan-1-50-x-1-80\/#breadcrumb\"},\"inLanguage\":\"es\",\"potentialAction\":[{\"@type\":\"ReadAction\",\"target\":[\"https:\/\/teterete.com\/mx\/producto\/tapete-coleccion-barragan-1-50-x-1-80\/\"]}]},{\"@type\":\"ImageObject\",\"inLanguage\":\"es\",\"@id\":\"https:\/\/teterete.com\/mx\/producto\/tapete-coleccion-barragan-1-50-x-1-80\/#primaryimage\",\"url\":\"https:\/\/teterete.com\/mx\/wp-content\/uploads\/2018\/09\/coleccion-barragan.jpg\",\"contentUrl\":\"https:\/\/teterete.com\/mx\/wp-content\/uploads\/2018\/09\/coleccion-barragan.jpg\",\"width\":\"1280\",\"height\":\"1280\",\"caption\":\"Colecci\u00f3n Barrag\u00e1n\"},{\"@type\":\"BreadcrumbList\",\"@id\":\"https:\/\/teterete.com\/mx\/producto\/tapete-coleccion-barragan-1-50-x-1-80\/#breadcrumb\",\"itemListElement\":[{\"@type\":\"ListItem\",\"position\":1,\"name\":\"Home\",\"item\":\"https:\/\/teterete.com\/mx\/\"},{\"@type\":\"ListItem\",\"position\":2,\"name\":\"Productos\",\"item\":\"https:\/\/teterete.com\/mx\/shop\/\"},{\"@type\":\"ListItem\",\"position\":3,\"name\":\"Tapete Colecci\u00f3n Barrag\u00e1n 1.50 x 1.80\"}]},{\"@type\":\"WebSite\",\"@id\":\"https:\/\/teterete.com\/mx\/#website\",\"url\":\"https:\/\/teterete.com\/mx\/\",\"name\":\"\",\"description\":\"Tienda en L\u00ednea de Fina Artesanias y Dise\u00f1o Mexicano. Bellas piezas elaboradas a mano por los mejores artesanos del pa\u00eds as\u00ed como piezas de dise\u00f1o y decoraci\u00f3n con inspiraci\u00f3n artesanal.\",\"potentialAction\":[{\"@type\":\"SearchAction\",\"target\":{\"@type\":\"EntryPoint\",\"urlTemplate\":\"https:\/\/teterete.com\/mx\/?s={search_term_string}\"},\"query-input\":{\"@type\":\"PropertyValueSpecification\",\"valueRequired\":true,\"valueName\":\"search_term_string\"}}],\"inLanguage\":\"es\"}]}<\/script>\n<!-- \/ Yoast SEO plugin. -->","yoast_head_json":{"title":"Tapete Colecci\u00f3n Barrag\u00e1n 1.50 x 1.80 -","robots":{"index":"index","follow":"follow","max-snippet":"max-snippet:-1","max-image-preview":"max-image-preview:large","max-video-preview":"max-video-preview:-1"},"canonical":"https:\/\/teterete.com\/mx\/producto\/tapete-coleccion-barragan-1-50-x-1-80\/","og_locale":"es_ES","og_type":"article","og_title":"Tapete Colecci\u00f3n Barrag\u00e1n 1.50 x 1.80 -","og_description":"Uso de sistema de tejido de nudo turco, una serie de diferentes procesos que hace una pieza \u00fanica. El equipo de txt.ure trabajo en colaboraci\u00f3n con Casa Estudio Barrag\u00e1n para mejorar y rescatar estos procesos manuales, por medio de metodolog\u00edas \u00a0de dise\u00f1o, dando como resultado final este elegante tapete. Manteniendo y respetando el dise\u00f1o artesanal mexicano.","og_url":"https:\/\/teterete.com\/mx\/producto\/tapete-coleccion-barragan-1-50-x-1-80\/","article_publisher":"https:\/\/www.facebook.com\/TetereteHome\/","article_modified_time":"2021-03-11T20:51:16+00:00","og_image":[{"width":1280,"height":1280,"url":"https:\/\/teterete.com\/mx\/wp-content\/uploads\/2018\/09\/coleccion-barragan.jpg","type":"image\/jpeg"}],"twitter_card":"summary_large_image","twitter_site":"@Teterete_Home","schema":{"@context":"https:\/\/schema.org","@graph":[{"@type":"WebPage","@id":"https:\/\/teterete.com\/mx\/producto\/tapete-coleccion-barragan-1-50-x-1-80\/","url":"https:\/\/teterete.com\/mx\/producto\/tapete-coleccion-barragan-1-50-x-1-80\/","name":"Tapete Colecci\u00f3n Barrag\u00e1n 1.50 x 1.80 -","isPartOf":{"@id":"https:\/\/teterete.com\/mx\/#website"},"primaryImageOfPage":{"@id":"https:\/\/teterete.com\/mx\/producto\/tapete-coleccion-barragan-1-50-x-1-80\/#primaryimage"},"image":{"@id":"https:\/\/teterete.com\/mx\/producto\/tapete-coleccion-barragan-1-50-x-1-80\/#primaryimage"},"thumbnailUrl":"https:\/\/teterete.com\/mx\/wp-content\/uploads\/2018\/09\/coleccion-barragan.jpg","datePublished":"2018-09-03T17:15:42+00:00","dateModified":"2021-03-11T20:51:16+00:00","breadcrumb":{"@id":"https:\/\/teterete.com\/mx\/producto\/tapete-coleccion-barragan-1-50-x-1-80\/#breadcrumb"},"inLanguage":"es","potentialAction":[{"@type":"ReadAction","target":["https:\/\/teterete.com\/mx\/producto\/tapete-coleccion-barragan-1-50-x-1-80\/"]}]},{"@type":"ImageObject","inLanguage":"es","@id":"https:\/\/teterete.com\/mx\/producto\/tapete-coleccion-barragan-1-50-x-1-80\/#primaryimage","url":"https:\/\/teterete.com\/mx\/wp-content\/uploads\/2018\/09\/coleccion-barragan.jpg","contentUrl":"https:\/\/teterete.com\/mx\/wp-content\/uploads\/2018\/09\/coleccion-barragan.jpg","width":"1280","height":"1280","caption":"Colecci\u00f3n Barrag\u00e1n"},{"@type":"BreadcrumbList","@id":"https:\/\/teterete.com\/mx\/producto\/tapete-coleccion-barragan-1-50-x-1-80\/#breadcrumb","itemListElement":[{"@type":"ListItem","position":1,"name":"Home","item":"https:\/\/teterete.com\/mx\/"},{"@type":"ListItem","position":2,"name":"Productos","item":"https:\/\/teterete.com\/mx\/shop\/"},{"@type":"ListItem","position":3,"name":"Tapete Colecci\u00f3n Barrag\u00e1n 1.50 x 1.80"}]},{"@type":"WebSite","@id":"https:\/\/teterete.com\/mx\/#website","url":"https:\/\/teterete.com\/mx\/","name":"","description":"Tienda en L\u00ednea de Fina Artesanias y Dise\u00f1o Mexicano. Bellas piezas elaboradas a mano por los mejores artesanos del pa\u00eds as\u00ed como piezas de dise\u00f1o y decoraci\u00f3n con inspiraci\u00f3n artesanal.","potentialAction":[{"@type":"SearchAction","target":{"@type":"EntryPoint","urlTemplate":"https:\/\/teterete.com\/mx\/?s={search_term_string}"},"query-input":{"@type":"PropertyValueSpecification","valueRequired":true,"valueName":"search_term_string"}}],"inLanguage":"es"}]}},"_links":{"self":[{"href":"https:\/\/teterete.com\/mx\/wp-json\/wp\/v2\/product\/3925"}],"collection":[{"href":"https:\/\/teterete.com\/mx\/wp-json\/wp\/v2\/product"}],"about":[{"href":"https:\/\/teterete.com\/mx\/wp-json\/wp\/v2\/types\/product"}],"replies":[{"embeddable":true,"href":"https:\/\/teterete.com\/mx\/wp-json\/wp\/v2\/comments?post=3925"}],"wp:featuredmedia":[{"embeddable":true,"href":"https:\/\/teterete.com\/mx\/wp-json\/wp\/v2\/media\/7226"}],"wp:attachment":[{"href":"https:\/\/teterete.com\/mx\/wp-json\/wp\/v2\/media?parent=3925"}],"wp:term":[{"taxonomy":"product_cat","embeddable":true,"href":"https:\/\/teterete.com\/mx\/wp-json\/wp\/v2\/product_cat?post=3925"},{"taxonomy":"product_tag","embeddable":true,"href":"https:\/\/teterete.com\/mx\/wp-json\/wp\/v2\/product_tag?post=3925"}],"curies":[{"name":"wp","href":"https:\/\/api.w.org\/{rel}","templated":true}]}}