{"id":4250,"date":"2018-09-30T18:48:33","date_gmt":"2018-09-30T18:48:33","guid":{"rendered":"https:\/\/mx.teterete.com\/?post_type=product&#038;p=4250"},"modified":"2018-12-26T15:59:39","modified_gmt":"2018-12-26T15:59:39","slug":"craneo-huichol-ii","status":"publish","type":"product","link":"https:\/\/teterete.com\/mx\/producto\/craneo-huichol-ii\/","title":{"rendered":"Cr\u00e1neo Huichol II"},"content":{"rendered":"<p>Figura de cr\u00e1neo humano hecho de cer\u00e1mica, cubierta de chaquira fina colocada a mano sobre cera de abeja.<br \/>\nMedidas 19 cms de largo x 14 cms de ancho y 14 cms de alto.<\/p>\n","protected":false},"excerpt":{"rendered":"<p>El dise\u00f1o de est\u00e1s piezas es el resultado de una estrecha colaboraci\u00f3n entre Kauyumare y artesanos de la comunidad Wix\u00e1rika \u00f3 Huicholes (como son conocidos globalmente). Las piezas son hechas a mano por los artesanos, se trabaja en propuestas nuevas de dise\u00f1o mejorando la calidad de los materiales para crear piezas diferentes que se adaptan muy bien a cualquier espacio creando un ambiente ecl\u00e9ctico \u00fanico. <\/p>\n","protected":false},"featured_media":4243,"comment_status":"open","ping_status":"closed","template":"","meta":{"sfsi_plus_gutenberg_text_before_share":"","sfsi_plus_gutenberg_show_text_before_share":"","sfsi_plus_gutenberg_icon_type":"","sfsi_plus_gutenberg_icon_alignemt":"","sfsi_plus_gutenburg_max_per_row":""},"product_cat":[774,941,542,61,350],"product_tag":[944,230,222,942,243,231,945,943,233,399,24,310],"acf":[],"yoast_head":"<!-- This site is optimized with the Yoast SEO plugin v23.5 - https:\/\/yoast.com\/wordpress\/plugins\/seo\/ -->\n<title>Cr\u00e1neo Huichol II -<\/title>\n<meta name=\"robots\" content=\"index, follow, max-snippet:-1, max-image-preview:large, max-video-preview:-1\" \/>\n<link rel=\"canonical\" href=\"https:\/\/teterete.com\/mx\/producto\/craneo-huichol-ii\/\" \/>\n<meta property=\"og:locale\" content=\"es_ES\" \/>\n<meta property=\"og:type\" content=\"article\" \/>\n<meta property=\"og:title\" content=\"Cr\u00e1neo Huichol II -\" \/>\n<meta property=\"og:description\" content=\"El dise\u00f1o de est\u00e1s piezas es el resultado de una estrecha colaboraci\u00f3n entre Kauyumare y artesanos de la comunidad Wix\u00e1rika \u00f3 Huicholes (como son conocidos globalmente). Las piezas son hechas a mano por los artesanos, se trabaja en propuestas nuevas de dise\u00f1o mejorando la calidad de los materiales para crear piezas diferentes que se adaptan muy bien a cualquier espacio creando un ambiente ecl\u00e9ctico \u00fanico.\" \/>\n<meta property=\"og:url\" content=\"https:\/\/teterete.com\/mx\/producto\/craneo-huichol-ii\/\" \/>\n<meta property=\"article:publisher\" content=\"https:\/\/www.facebook.com\/TetereteHome\/\" \/>\n<meta property=\"article:modified_time\" content=\"2018-12-26T15:59:39+00:00\" \/>\n<meta property=\"og:image\" content=\"https:\/\/teterete.com\/mx\/wp-content\/uploads\/2018\/09\/Screen-Shot-2018-09-30-at-1.06.45-PM.png\" \/>\n\t<meta property=\"og:image:width\" content=\"450\" \/>\n\t<meta property=\"og:image:height\" content=\"449\" \/>\n\t<meta property=\"og:image:type\" content=\"image\/png\" \/>\n<meta name=\"twitter:card\" content=\"summary_large_image\" \/>\n<meta name=\"twitter:site\" content=\"@Teterete_Home\" \/>\n<script type=\"application\/ld+json\" class=\"yoast-schema-graph\">{\"@context\":\"https:\/\/schema.org\",\"@graph\":[{\"@type\":\"WebPage\",\"@id\":\"https:\/\/teterete.com\/mx\/producto\/craneo-huichol-ii\/\",\"url\":\"https:\/\/teterete.com\/mx\/producto\/craneo-huichol-ii\/\",\"name\":\"Cr\u00e1neo Huichol II -\",\"isPartOf\":{\"@id\":\"https:\/\/teterete.com\/mx\/#website\"},\"primaryImageOfPage\":{\"@id\":\"https:\/\/teterete.com\/mx\/producto\/craneo-huichol-ii\/#primaryimage\"},\"image\":{\"@id\":\"https:\/\/teterete.com\/mx\/producto\/craneo-huichol-ii\/#primaryimage\"},\"thumbnailUrl\":\"https:\/\/teterete.com\/mx\/wp-content\/uploads\/2018\/09\/Screen-Shot-2018-09-30-at-1.06.45-PM.png\",\"datePublished\":\"2018-09-30T18:48:33+00:00\",\"dateModified\":\"2018-12-26T15:59:39+00:00\",\"breadcrumb\":{\"@id\":\"https:\/\/teterete.com\/mx\/producto\/craneo-huichol-ii\/#breadcrumb\"},\"inLanguage\":\"es\",\"potentialAction\":[{\"@type\":\"ReadAction\",\"target\":[\"https:\/\/teterete.com\/mx\/producto\/craneo-huichol-ii\/\"]}]},{\"@type\":\"ImageObject\",\"inLanguage\":\"es\",\"@id\":\"https:\/\/teterete.com\/mx\/producto\/craneo-huichol-ii\/#primaryimage\",\"url\":\"https:\/\/teterete.com\/mx\/wp-content\/uploads\/2018\/09\/Screen-Shot-2018-09-30-at-1.06.45-PM.png\",\"contentUrl\":\"https:\/\/teterete.com\/mx\/wp-content\/uploads\/2018\/09\/Screen-Shot-2018-09-30-at-1.06.45-PM.png\",\"width\":450,\"height\":449,\"caption\":\"cr\u00e1neo Huichol II\"},{\"@type\":\"BreadcrumbList\",\"@id\":\"https:\/\/teterete.com\/mx\/producto\/craneo-huichol-ii\/#breadcrumb\",\"itemListElement\":[{\"@type\":\"ListItem\",\"position\":1,\"name\":\"Home\",\"item\":\"https:\/\/teterete.com\/mx\/\"},{\"@type\":\"ListItem\",\"position\":2,\"name\":\"Productos\",\"item\":\"https:\/\/teterete.com\/mx\/shop\/\"},{\"@type\":\"ListItem\",\"position\":3,\"name\":\"Cr\u00e1neo Huichol II\"}]},{\"@type\":\"WebSite\",\"@id\":\"https:\/\/teterete.com\/mx\/#website\",\"url\":\"https:\/\/teterete.com\/mx\/\",\"name\":\"\",\"description\":\"Tienda en L\u00ednea de Fina Artesanias y Dise\u00f1o Mexicano. Bellas piezas elaboradas a mano por los mejores artesanos del pa\u00eds as\u00ed como piezas de dise\u00f1o y decoraci\u00f3n con inspiraci\u00f3n artesanal.\",\"potentialAction\":[{\"@type\":\"SearchAction\",\"target\":{\"@type\":\"EntryPoint\",\"urlTemplate\":\"https:\/\/teterete.com\/mx\/?s={search_term_string}\"},\"query-input\":{\"@type\":\"PropertyValueSpecification\",\"valueRequired\":true,\"valueName\":\"search_term_string\"}}],\"inLanguage\":\"es\"}]}<\/script>\n<!-- \/ Yoast SEO plugin. -->","yoast_head_json":{"title":"Cr\u00e1neo Huichol II -","robots":{"index":"index","follow":"follow","max-snippet":"max-snippet:-1","max-image-preview":"max-image-preview:large","max-video-preview":"max-video-preview:-1"},"canonical":"https:\/\/teterete.com\/mx\/producto\/craneo-huichol-ii\/","og_locale":"es_ES","og_type":"article","og_title":"Cr\u00e1neo Huichol II -","og_description":"El dise\u00f1o de est\u00e1s piezas es el resultado de una estrecha colaboraci\u00f3n entre Kauyumare y artesanos de la comunidad Wix\u00e1rika \u00f3 Huicholes (como son conocidos globalmente). Las piezas son hechas a mano por los artesanos, se trabaja en propuestas nuevas de dise\u00f1o mejorando la calidad de los materiales para crear piezas diferentes que se adaptan muy bien a cualquier espacio creando un ambiente ecl\u00e9ctico \u00fanico.","og_url":"https:\/\/teterete.com\/mx\/producto\/craneo-huichol-ii\/","article_publisher":"https:\/\/www.facebook.com\/TetereteHome\/","article_modified_time":"2018-12-26T15:59:39+00:00","og_image":[{"width":450,"height":449,"url":"https:\/\/teterete.com\/mx\/wp-content\/uploads\/2018\/09\/Screen-Shot-2018-09-30-at-1.06.45-PM.png","type":"image\/png"}],"twitter_card":"summary_large_image","twitter_site":"@Teterete_Home","schema":{"@context":"https:\/\/schema.org","@graph":[{"@type":"WebPage","@id":"https:\/\/teterete.com\/mx\/producto\/craneo-huichol-ii\/","url":"https:\/\/teterete.com\/mx\/producto\/craneo-huichol-ii\/","name":"Cr\u00e1neo Huichol II -","isPartOf":{"@id":"https:\/\/teterete.com\/mx\/#website"},"primaryImageOfPage":{"@id":"https:\/\/teterete.com\/mx\/producto\/craneo-huichol-ii\/#primaryimage"},"image":{"@id":"https:\/\/teterete.com\/mx\/producto\/craneo-huichol-ii\/#primaryimage"},"thumbnailUrl":"https:\/\/teterete.com\/mx\/wp-content\/uploads\/2018\/09\/Screen-Shot-2018-09-30-at-1.06.45-PM.png","datePublished":"2018-09-30T18:48:33+00:00","dateModified":"2018-12-26T15:59:39+00:00","breadcrumb":{"@id":"https:\/\/teterete.com\/mx\/producto\/craneo-huichol-ii\/#breadcrumb"},"inLanguage":"es","potentialAction":[{"@type":"ReadAction","target":["https:\/\/teterete.com\/mx\/producto\/craneo-huichol-ii\/"]}]},{"@type":"ImageObject","inLanguage":"es","@id":"https:\/\/teterete.com\/mx\/producto\/craneo-huichol-ii\/#primaryimage","url":"https:\/\/teterete.com\/mx\/wp-content\/uploads\/2018\/09\/Screen-Shot-2018-09-30-at-1.06.45-PM.png","contentUrl":"https:\/\/teterete.com\/mx\/wp-content\/uploads\/2018\/09\/Screen-Shot-2018-09-30-at-1.06.45-PM.png","width":450,"height":449,"caption":"cr\u00e1neo Huichol II"},{"@type":"BreadcrumbList","@id":"https:\/\/teterete.com\/mx\/producto\/craneo-huichol-ii\/#breadcrumb","itemListElement":[{"@type":"ListItem","position":1,"name":"Home","item":"https:\/\/teterete.com\/mx\/"},{"@type":"ListItem","position":2,"name":"Productos","item":"https:\/\/teterete.com\/mx\/shop\/"},{"@type":"ListItem","position":3,"name":"Cr\u00e1neo Huichol II"}]},{"@type":"WebSite","@id":"https:\/\/teterete.com\/mx\/#website","url":"https:\/\/teterete.com\/mx\/","name":"","description":"Tienda en L\u00ednea de Fina Artesanias y Dise\u00f1o Mexicano. Bellas piezas elaboradas a mano por los mejores artesanos del pa\u00eds as\u00ed como piezas de dise\u00f1o y decoraci\u00f3n con inspiraci\u00f3n artesanal.","potentialAction":[{"@type":"SearchAction","target":{"@type":"EntryPoint","urlTemplate":"https:\/\/teterete.com\/mx\/?s={search_term_string}"},"query-input":{"@type":"PropertyValueSpecification","valueRequired":true,"valueName":"search_term_string"}}],"inLanguage":"es"}]}},"_links":{"self":[{"href":"https:\/\/teterete.com\/mx\/wp-json\/wp\/v2\/product\/4250"}],"collection":[{"href":"https:\/\/teterete.com\/mx\/wp-json\/wp\/v2\/product"}],"about":[{"href":"https:\/\/teterete.com\/mx\/wp-json\/wp\/v2\/types\/product"}],"replies":[{"embeddable":true,"href":"https:\/\/teterete.com\/mx\/wp-json\/wp\/v2\/comments?post=4250"}],"wp:featuredmedia":[{"embeddable":true,"href":"https:\/\/teterete.com\/mx\/wp-json\/wp\/v2\/media\/4243"}],"wp:attachment":[{"href":"https:\/\/teterete.com\/mx\/wp-json\/wp\/v2\/media?parent=4250"}],"wp:term":[{"taxonomy":"product_cat","embeddable":true,"href":"https:\/\/teterete.com\/mx\/wp-json\/wp\/v2\/product_cat?post=4250"},{"taxonomy":"product_tag","embeddable":true,"href":"https:\/\/teterete.com\/mx\/wp-json\/wp\/v2\/product_tag?post=4250"}],"curies":[{"name":"wp","href":"https:\/\/api.w.org\/{rel}","templated":true}]}}