{"id":4279,"date":"2018-10-01T17:36:14","date_gmt":"2018-10-01T17:36:14","guid":{"rendered":"https:\/\/mx.teterete.com\/?post_type=product&#038;p=4279"},"modified":"2022-02-24T16:15:15","modified_gmt":"2022-02-24T16:15:15","slug":"rinoceronte-ceramica-arte-huichol-iv","status":"publish","type":"product","link":"https:\/\/teterete.com\/mx\/producto\/rinoceronte-ceramica-arte-huichol-iv\/","title":{"rendered":"Rinoceronte Cer\u00e1mica Arte Huichol IV"},"content":{"rendered":"<p>Cabeza de Rinoceronte en cer\u00e1mica con chaquira de cristal. Dise\u00f1o hecho a mano y aplicado en cera por artesanos huicholes.<br \/>\nMedidas: 28 cms de largo x 13 cms de profundidad y 13 cms de alto.<\/p>\n","protected":false},"excerpt":{"rendered":"<p>El dise\u00f1o de est\u00e1s piezas es el resultado de una estrecha colaboraci\u00f3n entre Kauyumare y artesanos de la comunidad Wix\u00e1rika \u00f3 Huicholes (como son conocidos globalmente). Las piezas son hechas a mano por los artesanos, se trabaja en propuestas nuevas de dise\u00f1o mejorando la calidad de los materiales para crear piezas diferentes que se adaptan muy bien a cualquier espacio creando un ambiente ecl\u00e9ctico \u00fanico. <\/p>\n","protected":false},"featured_media":4262,"comment_status":"open","ping_status":"closed","template":"","meta":{"_acf_changed":false,"sfsi_plus_gutenberg_text_before_share":"","sfsi_plus_gutenberg_show_text_before_share":"","sfsi_plus_gutenberg_icon_type":"","sfsi_plus_gutenberg_icon_alignemt":"","sfsi_plus_gutenburg_max_per_row":""},"product_brand":[],"product_cat":[15,774,542,941,538,350],"product_tag":[944,230,222,942,943,233,399,24,947,310],"class_list":{"0":"post-4279","1":"product","2":"type-product","3":"status-publish","4":"has-post-thumbnail","6":"product_cat-ceramica","7":"product_cat-especiales","8":"product_cat-figurines_y_alebrijes","9":"product_cat-kauyumare","10":"product_cat-para_el","11":"product_cat-piezas-unicas","12":"product_tag-arte-decorativo-de-mexico","13":"product_tag-arte-huichol","14":"product_tag-artesania-mexicana","15":"product_tag-comunidad-wixarika","16":"product_tag-decoracion-huichol","17":"product_tag-huicholes","18":"product_tag-mexican-decor","19":"product_tag-mexican-folk-art","20":"product_tag-rinoceronte-huichol","21":"product_tag-teterete-decoracion","22":"product_shipping_class-big-size","24":"first","25":"instock","26":"taxable","27":"shipping-taxable","28":"purchasable","29":"product-type-simple"},"acf":[],"yoast_head":"<!-- This site is optimized with the Yoast SEO plugin v27.5 - https:\/\/yoast.com\/product\/yoast-seo-wordpress\/ -->\n<title>Rinoceronte Cer\u00e1mica Arte Huichol IV -<\/title>\n<meta name=\"robots\" content=\"index, follow, max-snippet:-1, max-image-preview:large, max-video-preview:-1\" \/>\n<link rel=\"canonical\" href=\"https:\/\/teterete.com\/mx\/producto\/rinoceronte-ceramica-arte-huichol-iv\/\" \/>\n<meta property=\"og:locale\" content=\"es_ES\" \/>\n<meta property=\"og:type\" content=\"article\" \/>\n<meta property=\"og:title\" content=\"Rinoceronte Cer\u00e1mica Arte Huichol IV -\" \/>\n<meta property=\"og:description\" content=\"El dise\u00f1o de est\u00e1s piezas es el resultado de una estrecha colaboraci\u00f3n entre Kauyumare y artesanos de la comunidad Wix\u00e1rika \u00f3 Huicholes (como son conocidos globalmente). Las piezas son hechas a mano por los artesanos, se trabaja en propuestas nuevas de dise\u00f1o mejorando la calidad de los materiales para crear piezas diferentes que se adaptan muy bien a cualquier espacio creando un ambiente ecl\u00e9ctico \u00fanico.\" \/>\n<meta property=\"og:url\" content=\"https:\/\/teterete.com\/mx\/producto\/rinoceronte-ceramica-arte-huichol-iv\/\" \/>\n<meta property=\"article:publisher\" content=\"https:\/\/www.facebook.com\/TetereteHome\/\" \/>\n<meta property=\"article:modified_time\" content=\"2022-02-24T16:15:15+00:00\" \/>\n<meta property=\"og:image\" content=\"https:\/\/teterete.com\/mx\/wp-content\/uploads\/2018\/10\/Screen-Shot-2018-10-01-at-11.23.07-AM.png\" \/>\n\t<meta property=\"og:image:width\" content=\"350\" \/>\n\t<meta property=\"og:image:height\" content=\"351\" \/>\n\t<meta property=\"og:image:type\" content=\"image\/png\" \/>\n<meta name=\"twitter:card\" content=\"summary_large_image\" \/>\n<meta name=\"twitter:site\" content=\"@Teterete_Home\" \/>\n<script type=\"application\/ld+json\" class=\"yoast-schema-graph\">{\"@context\":\"https:\\\/\\\/schema.org\",\"@graph\":[{\"@type\":\"WebPage\",\"@id\":\"https:\\\/\\\/teterete.com\\\/mx\\\/producto\\\/rinoceronte-ceramica-arte-huichol-iv\\\/\",\"url\":\"https:\\\/\\\/teterete.com\\\/mx\\\/producto\\\/rinoceronte-ceramica-arte-huichol-iv\\\/\",\"name\":\"Rinoceronte Cer\u00e1mica Arte Huichol IV -\",\"isPartOf\":{\"@id\":\"https:\\\/\\\/teterete.com\\\/mx\\\/#website\"},\"primaryImageOfPage\":{\"@id\":\"https:\\\/\\\/teterete.com\\\/mx\\\/producto\\\/rinoceronte-ceramica-arte-huichol-iv\\\/#primaryimage\"},\"image\":{\"@id\":\"https:\\\/\\\/teterete.com\\\/mx\\\/producto\\\/rinoceronte-ceramica-arte-huichol-iv\\\/#primaryimage\"},\"thumbnailUrl\":\"https:\\\/\\\/teterete.com\\\/mx\\\/wp-content\\\/uploads\\\/2018\\\/10\\\/Screen-Shot-2018-10-01-at-11.23.07-AM.png\",\"datePublished\":\"2018-10-01T17:36:14+00:00\",\"dateModified\":\"2022-02-24T16:15:15+00:00\",\"breadcrumb\":{\"@id\":\"https:\\\/\\\/teterete.com\\\/mx\\\/producto\\\/rinoceronte-ceramica-arte-huichol-iv\\\/#breadcrumb\"},\"inLanguage\":\"es\",\"potentialAction\":[{\"@type\":\"ReadAction\",\"target\":[\"https:\\\/\\\/teterete.com\\\/mx\\\/producto\\\/rinoceronte-ceramica-arte-huichol-iv\\\/\"]}]},{\"@type\":\"ImageObject\",\"inLanguage\":\"es\",\"@id\":\"https:\\\/\\\/teterete.com\\\/mx\\\/producto\\\/rinoceronte-ceramica-arte-huichol-iv\\\/#primaryimage\",\"url\":\"https:\\\/\\\/teterete.com\\\/mx\\\/wp-content\\\/uploads\\\/2018\\\/10\\\/Screen-Shot-2018-10-01-at-11.23.07-AM.png\",\"contentUrl\":\"https:\\\/\\\/teterete.com\\\/mx\\\/wp-content\\\/uploads\\\/2018\\\/10\\\/Screen-Shot-2018-10-01-at-11.23.07-AM.png\",\"width\":350,\"height\":351,\"caption\":\"Rinoceronte Arte Huichol\"},{\"@type\":\"BreadcrumbList\",\"@id\":\"https:\\\/\\\/teterete.com\\\/mx\\\/producto\\\/rinoceronte-ceramica-arte-huichol-iv\\\/#breadcrumb\",\"itemListElement\":[{\"@type\":\"ListItem\",\"position\":1,\"name\":\"Home\",\"item\":\"https:\\\/\\\/teterete.com\\\/mx\\\/\"},{\"@type\":\"ListItem\",\"position\":2,\"name\":\"Productos\",\"item\":\"https:\\\/\\\/teterete.com\\\/mx\\\/shop\\\/\"},{\"@type\":\"ListItem\",\"position\":3,\"name\":\"Rinoceronte Cer\u00e1mica Arte Huichol IV\"}]},{\"@type\":\"WebSite\",\"@id\":\"https:\\\/\\\/teterete.com\\\/mx\\\/#website\",\"url\":\"https:\\\/\\\/teterete.com\\\/mx\\\/\",\"name\":\"\",\"description\":\"Tienda en L\u00ednea de Fina Artesanias y Dise\u00f1o Mexicano. Bellas piezas elaboradas a mano por los mejores artesanos del pa\u00eds as\u00ed como piezas de dise\u00f1o y decoraci\u00f3n con inspiraci\u00f3n artesanal.\",\"potentialAction\":[{\"@type\":\"SearchAction\",\"target\":{\"@type\":\"EntryPoint\",\"urlTemplate\":\"https:\\\/\\\/teterete.com\\\/mx\\\/?s={search_term_string}\"},\"query-input\":{\"@type\":\"PropertyValueSpecification\",\"valueRequired\":true,\"valueName\":\"search_term_string\"}}],\"inLanguage\":\"es\"}]}<\/script>\n<!-- \/ Yoast SEO plugin. -->","yoast_head_json":{"title":"Rinoceronte Cer\u00e1mica Arte Huichol IV -","robots":{"index":"index","follow":"follow","max-snippet":"max-snippet:-1","max-image-preview":"max-image-preview:large","max-video-preview":"max-video-preview:-1"},"canonical":"https:\/\/teterete.com\/mx\/producto\/rinoceronte-ceramica-arte-huichol-iv\/","og_locale":"es_ES","og_type":"article","og_title":"Rinoceronte Cer\u00e1mica Arte Huichol IV -","og_description":"El dise\u00f1o de est\u00e1s piezas es el resultado de una estrecha colaboraci\u00f3n entre Kauyumare y artesanos de la comunidad Wix\u00e1rika \u00f3 Huicholes (como son conocidos globalmente). Las piezas son hechas a mano por los artesanos, se trabaja en propuestas nuevas de dise\u00f1o mejorando la calidad de los materiales para crear piezas diferentes que se adaptan muy bien a cualquier espacio creando un ambiente ecl\u00e9ctico \u00fanico.","og_url":"https:\/\/teterete.com\/mx\/producto\/rinoceronte-ceramica-arte-huichol-iv\/","article_publisher":"https:\/\/www.facebook.com\/TetereteHome\/","article_modified_time":"2022-02-24T16:15:15+00:00","og_image":[{"width":350,"height":351,"url":"https:\/\/teterete.com\/mx\/wp-content\/uploads\/2018\/10\/Screen-Shot-2018-10-01-at-11.23.07-AM.png","type":"image\/png"}],"twitter_card":"summary_large_image","twitter_site":"@Teterete_Home","schema":{"@context":"https:\/\/schema.org","@graph":[{"@type":"WebPage","@id":"https:\/\/teterete.com\/mx\/producto\/rinoceronte-ceramica-arte-huichol-iv\/","url":"https:\/\/teterete.com\/mx\/producto\/rinoceronte-ceramica-arte-huichol-iv\/","name":"Rinoceronte Cer\u00e1mica Arte Huichol IV -","isPartOf":{"@id":"https:\/\/teterete.com\/mx\/#website"},"primaryImageOfPage":{"@id":"https:\/\/teterete.com\/mx\/producto\/rinoceronte-ceramica-arte-huichol-iv\/#primaryimage"},"image":{"@id":"https:\/\/teterete.com\/mx\/producto\/rinoceronte-ceramica-arte-huichol-iv\/#primaryimage"},"thumbnailUrl":"https:\/\/teterete.com\/mx\/wp-content\/uploads\/2018\/10\/Screen-Shot-2018-10-01-at-11.23.07-AM.png","datePublished":"2018-10-01T17:36:14+00:00","dateModified":"2022-02-24T16:15:15+00:00","breadcrumb":{"@id":"https:\/\/teterete.com\/mx\/producto\/rinoceronte-ceramica-arte-huichol-iv\/#breadcrumb"},"inLanguage":"es","potentialAction":[{"@type":"ReadAction","target":["https:\/\/teterete.com\/mx\/producto\/rinoceronte-ceramica-arte-huichol-iv\/"]}]},{"@type":"ImageObject","inLanguage":"es","@id":"https:\/\/teterete.com\/mx\/producto\/rinoceronte-ceramica-arte-huichol-iv\/#primaryimage","url":"https:\/\/teterete.com\/mx\/wp-content\/uploads\/2018\/10\/Screen-Shot-2018-10-01-at-11.23.07-AM.png","contentUrl":"https:\/\/teterete.com\/mx\/wp-content\/uploads\/2018\/10\/Screen-Shot-2018-10-01-at-11.23.07-AM.png","width":350,"height":351,"caption":"Rinoceronte Arte Huichol"},{"@type":"BreadcrumbList","@id":"https:\/\/teterete.com\/mx\/producto\/rinoceronte-ceramica-arte-huichol-iv\/#breadcrumb","itemListElement":[{"@type":"ListItem","position":1,"name":"Home","item":"https:\/\/teterete.com\/mx\/"},{"@type":"ListItem","position":2,"name":"Productos","item":"https:\/\/teterete.com\/mx\/shop\/"},{"@type":"ListItem","position":3,"name":"Rinoceronte Cer\u00e1mica Arte Huichol IV"}]},{"@type":"WebSite","@id":"https:\/\/teterete.com\/mx\/#website","url":"https:\/\/teterete.com\/mx\/","name":"","description":"Tienda en L\u00ednea de Fina Artesanias y Dise\u00f1o Mexicano. Bellas piezas elaboradas a mano por los mejores artesanos del pa\u00eds as\u00ed como piezas de dise\u00f1o y decoraci\u00f3n con inspiraci\u00f3n artesanal.","potentialAction":[{"@type":"SearchAction","target":{"@type":"EntryPoint","urlTemplate":"https:\/\/teterete.com\/mx\/?s={search_term_string}"},"query-input":{"@type":"PropertyValueSpecification","valueRequired":true,"valueName":"search_term_string"}}],"inLanguage":"es"}]}},"_links":{"self":[{"href":"https:\/\/teterete.com\/mx\/wp-json\/wp\/v2\/product\/4279","targetHints":{"allow":["GET"]}}],"collection":[{"href":"https:\/\/teterete.com\/mx\/wp-json\/wp\/v2\/product"}],"about":[{"href":"https:\/\/teterete.com\/mx\/wp-json\/wp\/v2\/types\/product"}],"replies":[{"embeddable":true,"href":"https:\/\/teterete.com\/mx\/wp-json\/wp\/v2\/comments?post=4279"}],"wp:featuredmedia":[{"embeddable":true,"href":"https:\/\/teterete.com\/mx\/wp-json\/wp\/v2\/media\/4262"}],"wp:attachment":[{"href":"https:\/\/teterete.com\/mx\/wp-json\/wp\/v2\/media?parent=4279"}],"wp:term":[{"taxonomy":"product_brand","embeddable":true,"href":"https:\/\/teterete.com\/mx\/wp-json\/wp\/v2\/product_brand?post=4279"},{"taxonomy":"product_cat","embeddable":true,"href":"https:\/\/teterete.com\/mx\/wp-json\/wp\/v2\/product_cat?post=4279"},{"taxonomy":"product_tag","embeddable":true,"href":"https:\/\/teterete.com\/mx\/wp-json\/wp\/v2\/product_tag?post=4279"}],"curies":[{"name":"wp","href":"https:\/\/api.w.org\/{rel}","templated":true}]}}