{"id":4352,"date":"2018-10-16T00:44:18","date_gmt":"2018-10-16T00:44:18","guid":{"rendered":"https:\/\/mx.teterete.com\/?post_type=product&#038;p=4352"},"modified":"2023-03-03T15:22:38","modified_gmt":"2023-03-03T15:22:38","slug":"lampara-dora-cobre","status":"publish","type":"product","link":"https:\/\/teterete.com\/mx\/producto\/lampara-dora-cobre\/","title":{"rendered":"L\u00e1mpara Dora Cobre"},"content":{"rendered":"<p>Fabricado en acero con acabado cromado color cobre y difusor de cristal, con sistema de ajuste de 35\u00b0<\/p>\n<p>Cable para suspender de 1.5m. Incluye sistema de LED CREE 6.5W IRC 90.<\/p>\n<p>Medidas: 10 cms de di\u00e1metro x 10 cms de altura<\/p>\n<p>Peso 1.5 kgs<\/p>\n<p>Color: Cobre, Lat\u00f3n, Negro y Plata<\/p>\n<p>**PRECIO NO INCLUYE IVA<\/p>\n","protected":false},"excerpt":{"rendered":"<div class=\"page\" title=\"Page 14\">\n<div class=\"section\">\n<div class=\"layoutArea\">\n<div class=\"column\">\n<div class=\"page\" title=\"Page 12\">\n<div class=\"section\">\n<div class=\"layoutArea\">\n<div class=\"column\">\n<div class=\"page\" title=\"Page 16\">\n<div class=\"section\">\n<div class=\"layoutArea\">\n<div class=\"column\">\n<p>Dora es un luminario vers\u00e1til, interactivo\u00a0y divertido. Puedes utilizar Dora de manera individual o en conjunto en las posiciones que tu quieras y dirigir la esfera hasta 35\u00b0 para cambiar el aspecto de tu espacio. Est\u00e1 fabricado en acero con un difusor de cristal y cuenta con un sistema LED con 600lm, 3000k y un IRC de 90<\/p>\n<p>Colores: Negro mate, Plata, Cobre y Lat\u00f3n<\/p>\n<\/div>\n<\/div>\n<\/div>\n<\/div>\n<\/div>\n<\/div>\n<\/div>\n<\/div>\n<pre><\/pre>\n<\/div>\n<\/div>\n<\/div>\n<\/div>\n","protected":false},"featured_media":4353,"comment_status":"open","ping_status":"closed","template":"","meta":{"_acf_changed":false,"sfsi_plus_gutenberg_text_before_share":"","sfsi_plus_gutenberg_show_text_before_share":"","sfsi_plus_gutenberg_icon_type":"","sfsi_plus_gutenberg_icon_alignemt":"","sfsi_plus_gutenburg_max_per_row":""},"product_brand":[],"product_cat":[973,774,1200,351],"product_tag":[232,799,980,981,976,974,975,978,977],"class_list":{"0":"post-4352","1":"product","2":"type-product","3":"status-publish","4":"has-post-thumbnail","6":"product_cat-candela","7":"product_cat-especiales","8":"product_cat-iluminacion","9":"product_cat-lamparas","10":"product_tag-decoracion-mexicana","11":"product_tag-iluminacion","12":"product_tag-lampara-dirigida","13":"product_tag-lampara-esfera","14":"product_tag-lamparas-de-madera-y-acero","15":"product_tag-lamparas-mexicanas","16":"product_tag-lamparas-para-decorar","17":"product_tag-luminarias-para-decorar","18":"product_tag-tienda-decorativa","19":"product_shipping_class-standard","21":"first","22":"instock","23":"taxable","24":"shipping-taxable","25":"purchasable","26":"product-type-simple"},"acf":[],"yoast_head":"<!-- This site is optimized with the Yoast SEO plugin v27.6 - https:\/\/yoast.com\/product\/yoast-seo-wordpress\/ -->\n<title>L\u00e1mpara Dora Cobre -<\/title>\n<meta name=\"robots\" content=\"index, follow, max-snippet:-1, max-image-preview:large, max-video-preview:-1\" \/>\n<link rel=\"canonical\" href=\"https:\/\/teterete.com\/mx\/producto\/lampara-dora-cobre\/\" \/>\n<meta property=\"og:locale\" content=\"es_ES\" \/>\n<meta property=\"og:type\" content=\"article\" \/>\n<meta property=\"og:title\" content=\"L\u00e1mpara Dora Cobre -\" \/>\n<meta property=\"og:description\" content=\"Dora es un luminario vers\u00e1til, interactivo\u00a0y divertido. Puedes utilizar Dora de manera individual o en conjunto en las posiciones que tu quieras y dirigir la esfera hasta 35\u00b0 para cambiar el aspecto de tu espacio. Est\u00e1 fabricado en acero con un difusor de cristal y cuenta con un sistema LED con 600lm, 3000k y un IRC de 90  Colores: Negro mate, Plata, Cobre y Lat\u00f3n\" \/>\n<meta property=\"og:url\" content=\"https:\/\/teterete.com\/mx\/producto\/lampara-dora-cobre\/\" \/>\n<meta property=\"article:publisher\" content=\"https:\/\/www.facebook.com\/TetereteHome\/\" \/>\n<meta property=\"article:modified_time\" content=\"2023-03-03T15:22:38+00:00\" \/>\n<meta property=\"og:image\" content=\"https:\/\/teterete.com\/mx\/wp-content\/uploads\/2018\/10\/Screen-Shot-2018-10-15-at-7.49.25-PM.png\" \/>\n\t<meta property=\"og:image:width\" content=\"500\" \/>\n\t<meta property=\"og:image:height\" content=\"500\" \/>\n\t<meta property=\"og:image:type\" content=\"image\/png\" \/>\n<meta name=\"twitter:card\" content=\"summary_large_image\" \/>\n<meta name=\"twitter:site\" content=\"@Teterete_Home\" \/>\n<meta name=\"twitter:label1\" content=\"Tiempo de lectura\" \/>\n\t<meta name=\"twitter:data1\" content=\"1 minuto\" \/>\n<script type=\"application\/ld+json\" class=\"yoast-schema-graph\">{\"@context\":\"https:\\\/\\\/schema.org\",\"@graph\":[{\"@type\":\"WebPage\",\"@id\":\"https:\\\/\\\/teterete.com\\\/mx\\\/producto\\\/lampara-dora-cobre\\\/\",\"url\":\"https:\\\/\\\/teterete.com\\\/mx\\\/producto\\\/lampara-dora-cobre\\\/\",\"name\":\"L\u00e1mpara Dora Cobre -\",\"isPartOf\":{\"@id\":\"https:\\\/\\\/teterete.com\\\/mx\\\/#website\"},\"primaryImageOfPage\":{\"@id\":\"https:\\\/\\\/teterete.com\\\/mx\\\/producto\\\/lampara-dora-cobre\\\/#primaryimage\"},\"image\":{\"@id\":\"https:\\\/\\\/teterete.com\\\/mx\\\/producto\\\/lampara-dora-cobre\\\/#primaryimage\"},\"thumbnailUrl\":\"https:\\\/\\\/teterete.com\\\/mx\\\/wp-content\\\/uploads\\\/2018\\\/10\\\/Screen-Shot-2018-10-15-at-7.49.25-PM.png\",\"datePublished\":\"2018-10-16T00:44:18+00:00\",\"dateModified\":\"2023-03-03T15:22:38+00:00\",\"breadcrumb\":{\"@id\":\"https:\\\/\\\/teterete.com\\\/mx\\\/producto\\\/lampara-dora-cobre\\\/#breadcrumb\"},\"inLanguage\":\"es\",\"potentialAction\":[{\"@type\":\"ReadAction\",\"target\":[\"https:\\\/\\\/teterete.com\\\/mx\\\/producto\\\/lampara-dora-cobre\\\/\"]}]},{\"@type\":\"ImageObject\",\"inLanguage\":\"es\",\"@id\":\"https:\\\/\\\/teterete.com\\\/mx\\\/producto\\\/lampara-dora-cobre\\\/#primaryimage\",\"url\":\"https:\\\/\\\/teterete.com\\\/mx\\\/wp-content\\\/uploads\\\/2018\\\/10\\\/Screen-Shot-2018-10-15-at-7.49.25-PM.png\",\"contentUrl\":\"https:\\\/\\\/teterete.com\\\/mx\\\/wp-content\\\/uploads\\\/2018\\\/10\\\/Screen-Shot-2018-10-15-at-7.49.25-PM.png\",\"width\":500,\"height\":500,\"caption\":\"L\u00e1mpara Esfera\"},{\"@type\":\"BreadcrumbList\",\"@id\":\"https:\\\/\\\/teterete.com\\\/mx\\\/producto\\\/lampara-dora-cobre\\\/#breadcrumb\",\"itemListElement\":[{\"@type\":\"ListItem\",\"position\":1,\"name\":\"Home\",\"item\":\"https:\\\/\\\/teterete.com\\\/mx\\\/\"},{\"@type\":\"ListItem\",\"position\":2,\"name\":\"Productos\",\"item\":\"https:\\\/\\\/teterete.com\\\/mx\\\/shop\\\/\"},{\"@type\":\"ListItem\",\"position\":3,\"name\":\"L\u00e1mpara Dora Cobre\"}]},{\"@type\":\"WebSite\",\"@id\":\"https:\\\/\\\/teterete.com\\\/mx\\\/#website\",\"url\":\"https:\\\/\\\/teterete.com\\\/mx\\\/\",\"name\":\"\",\"description\":\"Tienda en L\u00ednea de Fina Artesanias y Dise\u00f1o Mexicano. Bellas piezas elaboradas a mano por los mejores artesanos del pa\u00eds as\u00ed como piezas de dise\u00f1o y decoraci\u00f3n con inspiraci\u00f3n artesanal.\",\"potentialAction\":[{\"@type\":\"SearchAction\",\"target\":{\"@type\":\"EntryPoint\",\"urlTemplate\":\"https:\\\/\\\/teterete.com\\\/mx\\\/?s={search_term_string}\"},\"query-input\":{\"@type\":\"PropertyValueSpecification\",\"valueRequired\":true,\"valueName\":\"search_term_string\"}}],\"inLanguage\":\"es\"}]}<\/script>\n<!-- \/ Yoast SEO plugin. -->","yoast_head_json":{"title":"L\u00e1mpara Dora Cobre -","robots":{"index":"index","follow":"follow","max-snippet":"max-snippet:-1","max-image-preview":"max-image-preview:large","max-video-preview":"max-video-preview:-1"},"canonical":"https:\/\/teterete.com\/mx\/producto\/lampara-dora-cobre\/","og_locale":"es_ES","og_type":"article","og_title":"L\u00e1mpara Dora Cobre -","og_description":"Dora es un luminario vers\u00e1til, interactivo\u00a0y divertido. Puedes utilizar Dora de manera individual o en conjunto en las posiciones que tu quieras y dirigir la esfera hasta 35\u00b0 para cambiar el aspecto de tu espacio. Est\u00e1 fabricado en acero con un difusor de cristal y cuenta con un sistema LED con 600lm, 3000k y un IRC de 90  Colores: Negro mate, Plata, Cobre y Lat\u00f3n","og_url":"https:\/\/teterete.com\/mx\/producto\/lampara-dora-cobre\/","article_publisher":"https:\/\/www.facebook.com\/TetereteHome\/","article_modified_time":"2023-03-03T15:22:38+00:00","og_image":[{"width":500,"height":500,"url":"https:\/\/teterete.com\/mx\/wp-content\/uploads\/2018\/10\/Screen-Shot-2018-10-15-at-7.49.25-PM.png","type":"image\/png"}],"twitter_card":"summary_large_image","twitter_site":"@Teterete_Home","twitter_misc":{"Tiempo de lectura":"1 minuto"},"schema":{"@context":"https:\/\/schema.org","@graph":[{"@type":"WebPage","@id":"https:\/\/teterete.com\/mx\/producto\/lampara-dora-cobre\/","url":"https:\/\/teterete.com\/mx\/producto\/lampara-dora-cobre\/","name":"L\u00e1mpara Dora Cobre -","isPartOf":{"@id":"https:\/\/teterete.com\/mx\/#website"},"primaryImageOfPage":{"@id":"https:\/\/teterete.com\/mx\/producto\/lampara-dora-cobre\/#primaryimage"},"image":{"@id":"https:\/\/teterete.com\/mx\/producto\/lampara-dora-cobre\/#primaryimage"},"thumbnailUrl":"https:\/\/teterete.com\/mx\/wp-content\/uploads\/2018\/10\/Screen-Shot-2018-10-15-at-7.49.25-PM.png","datePublished":"2018-10-16T00:44:18+00:00","dateModified":"2023-03-03T15:22:38+00:00","breadcrumb":{"@id":"https:\/\/teterete.com\/mx\/producto\/lampara-dora-cobre\/#breadcrumb"},"inLanguage":"es","potentialAction":[{"@type":"ReadAction","target":["https:\/\/teterete.com\/mx\/producto\/lampara-dora-cobre\/"]}]},{"@type":"ImageObject","inLanguage":"es","@id":"https:\/\/teterete.com\/mx\/producto\/lampara-dora-cobre\/#primaryimage","url":"https:\/\/teterete.com\/mx\/wp-content\/uploads\/2018\/10\/Screen-Shot-2018-10-15-at-7.49.25-PM.png","contentUrl":"https:\/\/teterete.com\/mx\/wp-content\/uploads\/2018\/10\/Screen-Shot-2018-10-15-at-7.49.25-PM.png","width":500,"height":500,"caption":"L\u00e1mpara Esfera"},{"@type":"BreadcrumbList","@id":"https:\/\/teterete.com\/mx\/producto\/lampara-dora-cobre\/#breadcrumb","itemListElement":[{"@type":"ListItem","position":1,"name":"Home","item":"https:\/\/teterete.com\/mx\/"},{"@type":"ListItem","position":2,"name":"Productos","item":"https:\/\/teterete.com\/mx\/shop\/"},{"@type":"ListItem","position":3,"name":"L\u00e1mpara Dora Cobre"}]},{"@type":"WebSite","@id":"https:\/\/teterete.com\/mx\/#website","url":"https:\/\/teterete.com\/mx\/","name":"","description":"Tienda en L\u00ednea de Fina Artesanias y Dise\u00f1o Mexicano. Bellas piezas elaboradas a mano por los mejores artesanos del pa\u00eds as\u00ed como piezas de dise\u00f1o y decoraci\u00f3n con inspiraci\u00f3n artesanal.","potentialAction":[{"@type":"SearchAction","target":{"@type":"EntryPoint","urlTemplate":"https:\/\/teterete.com\/mx\/?s={search_term_string}"},"query-input":{"@type":"PropertyValueSpecification","valueRequired":true,"valueName":"search_term_string"}}],"inLanguage":"es"}]}},"_links":{"self":[{"href":"https:\/\/teterete.com\/mx\/wp-json\/wp\/v2\/product\/4352","targetHints":{"allow":["GET"]}}],"collection":[{"href":"https:\/\/teterete.com\/mx\/wp-json\/wp\/v2\/product"}],"about":[{"href":"https:\/\/teterete.com\/mx\/wp-json\/wp\/v2\/types\/product"}],"replies":[{"embeddable":true,"href":"https:\/\/teterete.com\/mx\/wp-json\/wp\/v2\/comments?post=4352"}],"wp:featuredmedia":[{"embeddable":true,"href":"https:\/\/teterete.com\/mx\/wp-json\/wp\/v2\/media\/4353"}],"wp:attachment":[{"href":"https:\/\/teterete.com\/mx\/wp-json\/wp\/v2\/media?parent=4352"}],"wp:term":[{"taxonomy":"product_brand","embeddable":true,"href":"https:\/\/teterete.com\/mx\/wp-json\/wp\/v2\/product_brand?post=4352"},{"taxonomy":"product_cat","embeddable":true,"href":"https:\/\/teterete.com\/mx\/wp-json\/wp\/v2\/product_cat?post=4352"},{"taxonomy":"product_tag","embeddable":true,"href":"https:\/\/teterete.com\/mx\/wp-json\/wp\/v2\/product_tag?post=4352"}],"curies":[{"name":"wp","href":"https:\/\/api.w.org\/{rel}","templated":true}]}}