{"id":4362,"date":"2018-10-16T01:14:36","date_gmt":"2018-10-16T01:14:36","guid":{"rendered":"https:\/\/mx.teterete.com\/?post_type=product&#038;p=4362"},"modified":"2023-03-03T15:20:36","modified_gmt":"2023-03-03T15:20:36","slug":"candil-pina-negra","status":"publish","type":"product","link":"https:\/\/teterete.com\/mx\/producto\/candil-pina-negra\/","title":{"rendered":"Candil Pina"},"content":{"rendered":"<p>Fabricado en acero color negro mate, cable para suspender 1,5m. Para 1 l\u00e1mpara MR16 GU10.<\/p>\n<p>Incluye 1 pieza<\/p>\n<p>Medidas: 5.4 cms de di\u00e1metro x 50 cms de altura<\/p>\n<p>Peso 1.5 kgs<\/p>\n<p>Color: Cobre, Negro \u00f3 Cromo.<\/p>\n","protected":false},"excerpt":{"rendered":"<div class=\"page\" title=\"Page 14\">\n<div class=\"section\">\n<div class=\"layoutArea\">\n<div class=\"column\">\n<div class=\"page\" title=\"Page 12\">\n<div class=\"section\">\n<div class=\"layoutArea\">\n<div class=\"column\">\n<div class=\"page\" title=\"Page 16\">\n<div class=\"section\">\n<div class=\"layoutArea\">\n<div class=\"column\">\n<div class=\"page\" title=\"Page 32\">\n<div class=\"section\">\n<div class=\"layoutArea\">\n<div class=\"column\">\n<p>Elegancia y sutileza fueron los ejes para el dise\u00f1o de Pi\u00f1a, un candil discreto y contempor\u00e1neo fabricado en acero con 3 diferentes acabados que encajar\u00e1n perfectamente en todos tus espacios.<\/p>\n<\/div>\n<\/div>\n<\/div>\n<\/div>\n<\/div>\n<\/div>\n<\/div>\n<\/div>\n<\/div>\n<\/div>\n<\/div>\n<\/div>\n<pre><\/pre>\n<\/div>\n<\/div>\n<\/div>\n<\/div>\n","protected":false},"featured_media":4622,"comment_status":"open","ping_status":"closed","template":"","meta":{"sfsi_plus_gutenberg_text_before_share":"","sfsi_plus_gutenberg_show_text_before_share":"","sfsi_plus_gutenberg_icon_type":"","sfsi_plus_gutenberg_icon_alignemt":"","sfsi_plus_gutenburg_max_per_row":""},"product_cat":[1200,351,774,973],"product_tag":[982,232,799,980,976,974,975,978,977],"acf":[],"yoast_head":"<!-- This site is optimized with the Yoast SEO plugin v23.5 - https:\/\/yoast.com\/wordpress\/plugins\/seo\/ -->\n<title>Candil Pina -<\/title>\n<meta name=\"robots\" content=\"index, follow, max-snippet:-1, max-image-preview:large, max-video-preview:-1\" \/>\n<link rel=\"canonical\" href=\"https:\/\/teterete.com\/mx\/producto\/candil-pina-negra\/\" \/>\n<meta property=\"og:locale\" content=\"es_ES\" \/>\n<meta property=\"og:type\" content=\"article\" \/>\n<meta property=\"og:title\" content=\"Candil Pina -\" \/>\n<meta property=\"og:description\" content=\"Elegancia y sutileza fueron los ejes para el dise\u00f1o de Pi\u00f1a, un candil discreto y contempor\u00e1neo fabricado en acero con 3 diferentes acabados que encajar\u00e1n perfectamente en todos tus espacios.\" \/>\n<meta property=\"og:url\" content=\"https:\/\/teterete.com\/mx\/producto\/candil-pina-negra\/\" \/>\n<meta property=\"article:publisher\" content=\"https:\/\/www.facebook.com\/TetereteHome\/\" \/>\n<meta property=\"article:modified_time\" content=\"2023-03-03T15:20:36+00:00\" \/>\n<meta property=\"og:image\" content=\"https:\/\/teterete.com\/mx\/wp-content\/uploads\/2018\/10\/Screen-Shot-2018-10-15-at-8.17.37-PM.png\" \/>\n\t<meta property=\"og:image:width\" content=\"500\" \/>\n\t<meta property=\"og:image:height\" content=\"500\" \/>\n\t<meta property=\"og:image:type\" content=\"image\/png\" \/>\n<meta name=\"twitter:card\" content=\"summary_large_image\" \/>\n<meta name=\"twitter:site\" content=\"@Teterete_Home\" \/>\n<script type=\"application\/ld+json\" class=\"yoast-schema-graph\">{\"@context\":\"https:\/\/schema.org\",\"@graph\":[{\"@type\":\"WebPage\",\"@id\":\"https:\/\/teterete.com\/mx\/producto\/candil-pina-negra\/\",\"url\":\"https:\/\/teterete.com\/mx\/producto\/candil-pina-negra\/\",\"name\":\"Candil Pina -\",\"isPartOf\":{\"@id\":\"https:\/\/teterete.com\/mx\/#website\"},\"primaryImageOfPage\":{\"@id\":\"https:\/\/teterete.com\/mx\/producto\/candil-pina-negra\/#primaryimage\"},\"image\":{\"@id\":\"https:\/\/teterete.com\/mx\/producto\/candil-pina-negra\/#primaryimage\"},\"thumbnailUrl\":\"https:\/\/teterete.com\/mx\/wp-content\/uploads\/2018\/10\/Screen-Shot-2018-10-15-at-8.17.37-PM.png\",\"datePublished\":\"2018-10-16T01:14:36+00:00\",\"dateModified\":\"2023-03-03T15:20:36+00:00\",\"breadcrumb\":{\"@id\":\"https:\/\/teterete.com\/mx\/producto\/candil-pina-negra\/#breadcrumb\"},\"inLanguage\":\"es\",\"potentialAction\":[{\"@type\":\"ReadAction\",\"target\":[\"https:\/\/teterete.com\/mx\/producto\/candil-pina-negra\/\"]}]},{\"@type\":\"ImageObject\",\"inLanguage\":\"es\",\"@id\":\"https:\/\/teterete.com\/mx\/producto\/candil-pina-negra\/#primaryimage\",\"url\":\"https:\/\/teterete.com\/mx\/wp-content\/uploads\/2018\/10\/Screen-Shot-2018-10-15-at-8.17.37-PM.png\",\"contentUrl\":\"https:\/\/teterete.com\/mx\/wp-content\/uploads\/2018\/10\/Screen-Shot-2018-10-15-at-8.17.37-PM.png\",\"width\":500,\"height\":500,\"caption\":\"L\u00e1mpara Pi\u00f1a\"},{\"@type\":\"BreadcrumbList\",\"@id\":\"https:\/\/teterete.com\/mx\/producto\/candil-pina-negra\/#breadcrumb\",\"itemListElement\":[{\"@type\":\"ListItem\",\"position\":1,\"name\":\"Home\",\"item\":\"https:\/\/teterete.com\/mx\/\"},{\"@type\":\"ListItem\",\"position\":2,\"name\":\"Productos\",\"item\":\"https:\/\/teterete.com\/mx\/shop\/\"},{\"@type\":\"ListItem\",\"position\":3,\"name\":\"Candil Pina\"}]},{\"@type\":\"WebSite\",\"@id\":\"https:\/\/teterete.com\/mx\/#website\",\"url\":\"https:\/\/teterete.com\/mx\/\",\"name\":\"\",\"description\":\"Tienda en L\u00ednea de Fina Artesanias y Dise\u00f1o Mexicano. Bellas piezas elaboradas a mano por los mejores artesanos del pa\u00eds as\u00ed como piezas de dise\u00f1o y decoraci\u00f3n con inspiraci\u00f3n artesanal.\",\"potentialAction\":[{\"@type\":\"SearchAction\",\"target\":{\"@type\":\"EntryPoint\",\"urlTemplate\":\"https:\/\/teterete.com\/mx\/?s={search_term_string}\"},\"query-input\":{\"@type\":\"PropertyValueSpecification\",\"valueRequired\":true,\"valueName\":\"search_term_string\"}}],\"inLanguage\":\"es\"}]}<\/script>\n<!-- \/ Yoast SEO plugin. -->","yoast_head_json":{"title":"Candil Pina -","robots":{"index":"index","follow":"follow","max-snippet":"max-snippet:-1","max-image-preview":"max-image-preview:large","max-video-preview":"max-video-preview:-1"},"canonical":"https:\/\/teterete.com\/mx\/producto\/candil-pina-negra\/","og_locale":"es_ES","og_type":"article","og_title":"Candil Pina -","og_description":"Elegancia y sutileza fueron los ejes para el dise\u00f1o de Pi\u00f1a, un candil discreto y contempor\u00e1neo fabricado en acero con 3 diferentes acabados que encajar\u00e1n perfectamente en todos tus espacios.","og_url":"https:\/\/teterete.com\/mx\/producto\/candil-pina-negra\/","article_publisher":"https:\/\/www.facebook.com\/TetereteHome\/","article_modified_time":"2023-03-03T15:20:36+00:00","og_image":[{"width":500,"height":500,"url":"https:\/\/teterete.com\/mx\/wp-content\/uploads\/2018\/10\/Screen-Shot-2018-10-15-at-8.17.37-PM.png","type":"image\/png"}],"twitter_card":"summary_large_image","twitter_site":"@Teterete_Home","schema":{"@context":"https:\/\/schema.org","@graph":[{"@type":"WebPage","@id":"https:\/\/teterete.com\/mx\/producto\/candil-pina-negra\/","url":"https:\/\/teterete.com\/mx\/producto\/candil-pina-negra\/","name":"Candil Pina -","isPartOf":{"@id":"https:\/\/teterete.com\/mx\/#website"},"primaryImageOfPage":{"@id":"https:\/\/teterete.com\/mx\/producto\/candil-pina-negra\/#primaryimage"},"image":{"@id":"https:\/\/teterete.com\/mx\/producto\/candil-pina-negra\/#primaryimage"},"thumbnailUrl":"https:\/\/teterete.com\/mx\/wp-content\/uploads\/2018\/10\/Screen-Shot-2018-10-15-at-8.17.37-PM.png","datePublished":"2018-10-16T01:14:36+00:00","dateModified":"2023-03-03T15:20:36+00:00","breadcrumb":{"@id":"https:\/\/teterete.com\/mx\/producto\/candil-pina-negra\/#breadcrumb"},"inLanguage":"es","potentialAction":[{"@type":"ReadAction","target":["https:\/\/teterete.com\/mx\/producto\/candil-pina-negra\/"]}]},{"@type":"ImageObject","inLanguage":"es","@id":"https:\/\/teterete.com\/mx\/producto\/candil-pina-negra\/#primaryimage","url":"https:\/\/teterete.com\/mx\/wp-content\/uploads\/2018\/10\/Screen-Shot-2018-10-15-at-8.17.37-PM.png","contentUrl":"https:\/\/teterete.com\/mx\/wp-content\/uploads\/2018\/10\/Screen-Shot-2018-10-15-at-8.17.37-PM.png","width":500,"height":500,"caption":"L\u00e1mpara Pi\u00f1a"},{"@type":"BreadcrumbList","@id":"https:\/\/teterete.com\/mx\/producto\/candil-pina-negra\/#breadcrumb","itemListElement":[{"@type":"ListItem","position":1,"name":"Home","item":"https:\/\/teterete.com\/mx\/"},{"@type":"ListItem","position":2,"name":"Productos","item":"https:\/\/teterete.com\/mx\/shop\/"},{"@type":"ListItem","position":3,"name":"Candil Pina"}]},{"@type":"WebSite","@id":"https:\/\/teterete.com\/mx\/#website","url":"https:\/\/teterete.com\/mx\/","name":"","description":"Tienda en L\u00ednea de Fina Artesanias y Dise\u00f1o Mexicano. Bellas piezas elaboradas a mano por los mejores artesanos del pa\u00eds as\u00ed como piezas de dise\u00f1o y decoraci\u00f3n con inspiraci\u00f3n artesanal.","potentialAction":[{"@type":"SearchAction","target":{"@type":"EntryPoint","urlTemplate":"https:\/\/teterete.com\/mx\/?s={search_term_string}"},"query-input":{"@type":"PropertyValueSpecification","valueRequired":true,"valueName":"search_term_string"}}],"inLanguage":"es"}]}},"_links":{"self":[{"href":"https:\/\/teterete.com\/mx\/wp-json\/wp\/v2\/product\/4362"}],"collection":[{"href":"https:\/\/teterete.com\/mx\/wp-json\/wp\/v2\/product"}],"about":[{"href":"https:\/\/teterete.com\/mx\/wp-json\/wp\/v2\/types\/product"}],"replies":[{"embeddable":true,"href":"https:\/\/teterete.com\/mx\/wp-json\/wp\/v2\/comments?post=4362"}],"wp:featuredmedia":[{"embeddable":true,"href":"https:\/\/teterete.com\/mx\/wp-json\/wp\/v2\/media\/4622"}],"wp:attachment":[{"href":"https:\/\/teterete.com\/mx\/wp-json\/wp\/v2\/media?parent=4362"}],"wp:term":[{"taxonomy":"product_cat","embeddable":true,"href":"https:\/\/teterete.com\/mx\/wp-json\/wp\/v2\/product_cat?post=4362"},{"taxonomy":"product_tag","embeddable":true,"href":"https:\/\/teterete.com\/mx\/wp-json\/wp\/v2\/product_tag?post=4362"}],"curies":[{"name":"wp","href":"https:\/\/api.w.org\/{rel}","templated":true}]}}