{"id":4374,"date":"2018-10-16T01:53:08","date_gmt":"2018-10-16T01:53:08","guid":{"rendered":"https:\/\/mx.teterete.com\/?post_type=product&#038;p=4374"},"modified":"2025-10-19T23:42:01","modified_gmt":"2025-10-19T23:42:01","slug":"lampara-gui-n","status":"publish","type":"product","link":"https:\/\/teterete.com\/mx\/producto\/lampara-gui-n\/","title":{"rendered":"L\u00e1mpara Gui N"},"content":{"rendered":"<p>Fabricado en lamina de acero rolada en frio, campana de 30CM di\u00e1metro, cable para suspender 1.5m para una l\u00e1mpara A19 Base E26<\/p>\n<p>Medidas: 30 cms de di\u00e1metro x 25 cms de altura<\/p>\n<p>Peso 1.5 kgs<\/p>\n<p>Color: Negro<\/p>\n<p>*No incluye transformador y foco<\/p>\n","protected":false},"excerpt":{"rendered":"<div class=\"page\" title=\"Page 20\">\n<div class=\"section\">\n<div class=\"layoutArea\">\n<div class=\"column\">\n<p>Gui es un luminario dise\u00f1ado para iluminar de manera eficiente y pr\u00e1ctica cualquier espacio con una m\u00ednima inversi\u00f3n.<\/p>\n<\/div>\n<\/div>\n<\/div>\n<\/div>\n","protected":false},"featured_media":4375,"comment_status":"open","ping_status":"closed","template":"","meta":{"_acf_changed":false,"sfsi_plus_gutenberg_text_before_share":"","sfsi_plus_gutenberg_show_text_before_share":"","sfsi_plus_gutenberg_icon_type":"","sfsi_plus_gutenberg_icon_alignemt":"","sfsi_plus_gutenburg_max_per_row":""},"product_brand":[],"product_cat":[973,774,1200,351],"product_tag":[232,799,980,976,974,975,978,977],"class_list":{"0":"post-4374","1":"product","2":"type-product","3":"status-publish","4":"has-post-thumbnail","6":"product_cat-candela","7":"product_cat-especiales","8":"product_cat-iluminacion","9":"product_cat-lamparas","10":"product_tag-decoracion-mexicana","11":"product_tag-iluminacion","12":"product_tag-lampara-dirigida","13":"product_tag-lamparas-de-madera-y-acero","14":"product_tag-lamparas-mexicanas","15":"product_tag-lamparas-para-decorar","16":"product_tag-luminarias-para-decorar","17":"product_tag-tienda-decorativa","18":"product_shipping_class-standard","20":"first","21":"instock","22":"taxable","23":"shipping-taxable","24":"purchasable","25":"product-type-simple"},"acf":[],"yoast_head":"<!-- This site is optimized with the Yoast SEO plugin v27.5 - https:\/\/yoast.com\/product\/yoast-seo-wordpress\/ -->\n<title>L\u00e1mpara Gui N -<\/title>\n<meta name=\"robots\" content=\"index, follow, max-snippet:-1, max-image-preview:large, max-video-preview:-1\" \/>\n<link rel=\"canonical\" href=\"https:\/\/teterete.com\/mx\/producto\/lampara-gui-n\/\" \/>\n<meta property=\"og:locale\" content=\"es_ES\" \/>\n<meta property=\"og:type\" content=\"article\" \/>\n<meta property=\"og:title\" content=\"L\u00e1mpara Gui N -\" \/>\n<meta property=\"og:description\" content=\"Gui es un luminario dise\u00f1ado para iluminar de manera eficiente y pr\u00e1ctica cualquier espacio con una m\u00ednima inversi\u00f3n.\" \/>\n<meta property=\"og:url\" content=\"https:\/\/teterete.com\/mx\/producto\/lampara-gui-n\/\" \/>\n<meta property=\"article:publisher\" content=\"https:\/\/www.facebook.com\/TetereteHome\/\" \/>\n<meta property=\"article:modified_time\" content=\"2025-10-19T23:42:01+00:00\" \/>\n<meta property=\"og:image\" content=\"https:\/\/teterete.com\/mx\/wp-content\/uploads\/2018\/10\/Screen-Shot-2018-10-15-at-8.57.04-PM.png\" \/>\n\t<meta property=\"og:image:width\" content=\"500\" \/>\n\t<meta property=\"og:image:height\" content=\"500\" \/>\n\t<meta property=\"og:image:type\" content=\"image\/png\" \/>\n<meta name=\"twitter:card\" content=\"summary_large_image\" \/>\n<meta name=\"twitter:site\" content=\"@Teterete_Home\" \/>\n<script type=\"application\/ld+json\" class=\"yoast-schema-graph\">{\"@context\":\"https:\\\/\\\/schema.org\",\"@graph\":[{\"@type\":\"WebPage\",\"@id\":\"https:\\\/\\\/teterete.com\\\/mx\\\/producto\\\/lampara-gui-n\\\/\",\"url\":\"https:\\\/\\\/teterete.com\\\/mx\\\/producto\\\/lampara-gui-n\\\/\",\"name\":\"L\u00e1mpara Gui N -\",\"isPartOf\":{\"@id\":\"https:\\\/\\\/teterete.com\\\/mx\\\/#website\"},\"primaryImageOfPage\":{\"@id\":\"https:\\\/\\\/teterete.com\\\/mx\\\/producto\\\/lampara-gui-n\\\/#primaryimage\"},\"image\":{\"@id\":\"https:\\\/\\\/teterete.com\\\/mx\\\/producto\\\/lampara-gui-n\\\/#primaryimage\"},\"thumbnailUrl\":\"https:\\\/\\\/teterete.com\\\/mx\\\/wp-content\\\/uploads\\\/2018\\\/10\\\/Screen-Shot-2018-10-15-at-8.57.04-PM.png\",\"datePublished\":\"2018-10-16T01:53:08+00:00\",\"dateModified\":\"2025-10-19T23:42:01+00:00\",\"breadcrumb\":{\"@id\":\"https:\\\/\\\/teterete.com\\\/mx\\\/producto\\\/lampara-gui-n\\\/#breadcrumb\"},\"inLanguage\":\"es\",\"potentialAction\":[{\"@type\":\"ReadAction\",\"target\":[\"https:\\\/\\\/teterete.com\\\/mx\\\/producto\\\/lampara-gui-n\\\/\"]}]},{\"@type\":\"ImageObject\",\"inLanguage\":\"es\",\"@id\":\"https:\\\/\\\/teterete.com\\\/mx\\\/producto\\\/lampara-gui-n\\\/#primaryimage\",\"url\":\"https:\\\/\\\/teterete.com\\\/mx\\\/wp-content\\\/uploads\\\/2018\\\/10\\\/Screen-Shot-2018-10-15-at-8.57.04-PM.png\",\"contentUrl\":\"https:\\\/\\\/teterete.com\\\/mx\\\/wp-content\\\/uploads\\\/2018\\\/10\\\/Screen-Shot-2018-10-15-at-8.57.04-PM.png\",\"width\":500,\"height\":500,\"caption\":\"L\u00e1mpara Ovalada\"},{\"@type\":\"BreadcrumbList\",\"@id\":\"https:\\\/\\\/teterete.com\\\/mx\\\/producto\\\/lampara-gui-n\\\/#breadcrumb\",\"itemListElement\":[{\"@type\":\"ListItem\",\"position\":1,\"name\":\"Home\",\"item\":\"https:\\\/\\\/teterete.com\\\/mx\\\/\"},{\"@type\":\"ListItem\",\"position\":2,\"name\":\"Productos\",\"item\":\"https:\\\/\\\/teterete.com\\\/mx\\\/shop\\\/\"},{\"@type\":\"ListItem\",\"position\":3,\"name\":\"L\u00e1mpara Gui N\"}]},{\"@type\":\"WebSite\",\"@id\":\"https:\\\/\\\/teterete.com\\\/mx\\\/#website\",\"url\":\"https:\\\/\\\/teterete.com\\\/mx\\\/\",\"name\":\"\",\"description\":\"Tienda en L\u00ednea de Fina Artesanias y Dise\u00f1o Mexicano. Bellas piezas elaboradas a mano por los mejores artesanos del pa\u00eds as\u00ed como piezas de dise\u00f1o y decoraci\u00f3n con inspiraci\u00f3n artesanal.\",\"potentialAction\":[{\"@type\":\"SearchAction\",\"target\":{\"@type\":\"EntryPoint\",\"urlTemplate\":\"https:\\\/\\\/teterete.com\\\/mx\\\/?s={search_term_string}\"},\"query-input\":{\"@type\":\"PropertyValueSpecification\",\"valueRequired\":true,\"valueName\":\"search_term_string\"}}],\"inLanguage\":\"es\"}]}<\/script>\n<!-- \/ Yoast SEO plugin. -->","yoast_head_json":{"title":"L\u00e1mpara Gui N -","robots":{"index":"index","follow":"follow","max-snippet":"max-snippet:-1","max-image-preview":"max-image-preview:large","max-video-preview":"max-video-preview:-1"},"canonical":"https:\/\/teterete.com\/mx\/producto\/lampara-gui-n\/","og_locale":"es_ES","og_type":"article","og_title":"L\u00e1mpara Gui N -","og_description":"Gui es un luminario dise\u00f1ado para iluminar de manera eficiente y pr\u00e1ctica cualquier espacio con una m\u00ednima inversi\u00f3n.","og_url":"https:\/\/teterete.com\/mx\/producto\/lampara-gui-n\/","article_publisher":"https:\/\/www.facebook.com\/TetereteHome\/","article_modified_time":"2025-10-19T23:42:01+00:00","og_image":[{"width":500,"height":500,"url":"https:\/\/teterete.com\/mx\/wp-content\/uploads\/2018\/10\/Screen-Shot-2018-10-15-at-8.57.04-PM.png","type":"image\/png"}],"twitter_card":"summary_large_image","twitter_site":"@Teterete_Home","schema":{"@context":"https:\/\/schema.org","@graph":[{"@type":"WebPage","@id":"https:\/\/teterete.com\/mx\/producto\/lampara-gui-n\/","url":"https:\/\/teterete.com\/mx\/producto\/lampara-gui-n\/","name":"L\u00e1mpara Gui N -","isPartOf":{"@id":"https:\/\/teterete.com\/mx\/#website"},"primaryImageOfPage":{"@id":"https:\/\/teterete.com\/mx\/producto\/lampara-gui-n\/#primaryimage"},"image":{"@id":"https:\/\/teterete.com\/mx\/producto\/lampara-gui-n\/#primaryimage"},"thumbnailUrl":"https:\/\/teterete.com\/mx\/wp-content\/uploads\/2018\/10\/Screen-Shot-2018-10-15-at-8.57.04-PM.png","datePublished":"2018-10-16T01:53:08+00:00","dateModified":"2025-10-19T23:42:01+00:00","breadcrumb":{"@id":"https:\/\/teterete.com\/mx\/producto\/lampara-gui-n\/#breadcrumb"},"inLanguage":"es","potentialAction":[{"@type":"ReadAction","target":["https:\/\/teterete.com\/mx\/producto\/lampara-gui-n\/"]}]},{"@type":"ImageObject","inLanguage":"es","@id":"https:\/\/teterete.com\/mx\/producto\/lampara-gui-n\/#primaryimage","url":"https:\/\/teterete.com\/mx\/wp-content\/uploads\/2018\/10\/Screen-Shot-2018-10-15-at-8.57.04-PM.png","contentUrl":"https:\/\/teterete.com\/mx\/wp-content\/uploads\/2018\/10\/Screen-Shot-2018-10-15-at-8.57.04-PM.png","width":500,"height":500,"caption":"L\u00e1mpara Ovalada"},{"@type":"BreadcrumbList","@id":"https:\/\/teterete.com\/mx\/producto\/lampara-gui-n\/#breadcrumb","itemListElement":[{"@type":"ListItem","position":1,"name":"Home","item":"https:\/\/teterete.com\/mx\/"},{"@type":"ListItem","position":2,"name":"Productos","item":"https:\/\/teterete.com\/mx\/shop\/"},{"@type":"ListItem","position":3,"name":"L\u00e1mpara Gui N"}]},{"@type":"WebSite","@id":"https:\/\/teterete.com\/mx\/#website","url":"https:\/\/teterete.com\/mx\/","name":"","description":"Tienda en L\u00ednea de Fina Artesanias y Dise\u00f1o Mexicano. Bellas piezas elaboradas a mano por los mejores artesanos del pa\u00eds as\u00ed como piezas de dise\u00f1o y decoraci\u00f3n con inspiraci\u00f3n artesanal.","potentialAction":[{"@type":"SearchAction","target":{"@type":"EntryPoint","urlTemplate":"https:\/\/teterete.com\/mx\/?s={search_term_string}"},"query-input":{"@type":"PropertyValueSpecification","valueRequired":true,"valueName":"search_term_string"}}],"inLanguage":"es"}]}},"_links":{"self":[{"href":"https:\/\/teterete.com\/mx\/wp-json\/wp\/v2\/product\/4374","targetHints":{"allow":["GET"]}}],"collection":[{"href":"https:\/\/teterete.com\/mx\/wp-json\/wp\/v2\/product"}],"about":[{"href":"https:\/\/teterete.com\/mx\/wp-json\/wp\/v2\/types\/product"}],"replies":[{"embeddable":true,"href":"https:\/\/teterete.com\/mx\/wp-json\/wp\/v2\/comments?post=4374"}],"wp:featuredmedia":[{"embeddable":true,"href":"https:\/\/teterete.com\/mx\/wp-json\/wp\/v2\/media\/4375"}],"wp:attachment":[{"href":"https:\/\/teterete.com\/mx\/wp-json\/wp\/v2\/media?parent=4374"}],"wp:term":[{"taxonomy":"product_brand","embeddable":true,"href":"https:\/\/teterete.com\/mx\/wp-json\/wp\/v2\/product_brand?post=4374"},{"taxonomy":"product_cat","embeddable":true,"href":"https:\/\/teterete.com\/mx\/wp-json\/wp\/v2\/product_cat?post=4374"},{"taxonomy":"product_tag","embeddable":true,"href":"https:\/\/teterete.com\/mx\/wp-json\/wp\/v2\/product_tag?post=4374"}],"curies":[{"name":"wp","href":"https:\/\/api.w.org\/{rel}","templated":true}]}}