{"id":4387,"date":"2018-10-16T02:22:59","date_gmt":"2018-10-16T02:22:59","guid":{"rendered":"https:\/\/mx.teterete.com\/?post_type=product&#038;p=4387"},"modified":"2023-03-03T15:16:33","modified_gmt":"2023-03-03T15:16:33","slug":"lampara-xitse-blanca-3","status":"publish","type":"product","link":"https:\/\/teterete.com\/mx\/producto\/lampara-xitse-blanca-3\/","title":{"rendered":"L\u00e1mpara Xitse Blanca"},"content":{"rendered":"<p>La familia de luminarios Xitse se compone de discretos y refinados candiles que&nbsp;funcionan tanto para &nbsp;iluminaci\u00f3n de trabajo como iluminaci\u00f3n decorativa. Por su&nbsp;variedad de acabados, se pueden utilizar&nbsp;en todo tipo de espacios.<\/p>\n<p>Fabricado en acero, terminado en pintura electrost\u00e1tica, cable para suspender 1,5m. Para 1 l\u00e1mpara.<\/p>\n<p>Medidas: 3 diferentes medidas a seleccionar<\/p>\n<p>Peso 1.5 kgs<\/p>\n<p>Color: Blanca<\/p>\n<p>*No incluye transformador y foco<br \/>\n**El Precio es por 1 pieza con accesorios<\/p>\n","protected":false},"excerpt":{"rendered":"<p>La familia de luminarios Xitse se compone por discretos y refinados modelos de candiles (la diferencia de cada modelo es la medida) que funcionan tanto para iluminaci\u00f3n de trabajo como iluminaci\u00f3n decorativa. Por su variedad de acabados, se pueden utilizar en todo tipo de espacio.<\/p>\n","protected":false},"featured_media":4607,"comment_status":"open","ping_status":"closed","template":"","meta":{"_acf_changed":false,"sfsi_plus_gutenberg_text_before_share":"","sfsi_plus_gutenberg_show_text_before_share":"","sfsi_plus_gutenberg_icon_type":"","sfsi_plus_gutenberg_icon_alignemt":"","sfsi_plus_gutenburg_max_per_row":""},"product_brand":[],"product_cat":[973,774,1200,351],"product_tag":[232,799,980,976,974,975,978,977],"class_list":{"0":"post-4387","1":"product","2":"type-product","3":"status-publish","4":"has-post-thumbnail","6":"product_cat-candela","7":"product_cat-especiales","8":"product_cat-iluminacion","9":"product_cat-lamparas","10":"product_tag-decoracion-mexicana","11":"product_tag-iluminacion","12":"product_tag-lampara-dirigida","13":"product_tag-lamparas-de-madera-y-acero","14":"product_tag-lamparas-mexicanas","15":"product_tag-lamparas-para-decorar","16":"product_tag-luminarias-para-decorar","17":"product_tag-tienda-decorativa","18":"product_shipping_class-standard","20":"first","21":"instock","22":"taxable","23":"shipping-taxable","24":"purchasable","25":"product-type-variable"},"acf":[],"yoast_head":"<!-- This site is optimized with the Yoast SEO plugin v27.6 - https:\/\/yoast.com\/product\/yoast-seo-wordpress\/ -->\n<title>L\u00e1mpara Xitse Blanca -<\/title>\n<meta name=\"description\" content=\"La familia de luminarios Xitse se compone por discretos y refinados modelos de candiles que funcionan tanto para iluminaci\u00f3n de trabajo como iluminaci\u00f3n decorativa.\" \/>\n<meta name=\"robots\" content=\"index, follow, max-snippet:-1, max-image-preview:large, max-video-preview:-1\" \/>\n<link rel=\"canonical\" href=\"https:\/\/teterete.com\/mx\/producto\/lampara-xitse-blanca-3\/\" \/>\n<meta property=\"og:locale\" content=\"es_ES\" \/>\n<meta property=\"og:type\" content=\"article\" \/>\n<meta property=\"og:title\" content=\"L\u00e1mpara Xitse Blanca -\" \/>\n<meta property=\"og:description\" content=\"La familia de luminarios Xitse se compone por discretos y refinados modelos de candiles que funcionan tanto para iluminaci\u00f3n de trabajo como iluminaci\u00f3n decorativa.\" \/>\n<meta property=\"og:url\" content=\"https:\/\/teterete.com\/mx\/producto\/lampara-xitse-blanca-3\/\" \/>\n<meta property=\"article:publisher\" content=\"https:\/\/www.facebook.com\/TetereteHome\/\" \/>\n<meta property=\"article:modified_time\" content=\"2023-03-03T15:16:33+00:00\" \/>\n<meta property=\"og:image\" content=\"https:\/\/teterete.com\/mx\/wp-content\/uploads\/2018\/10\/Screen-Shot-2018-10-15-at-9.19.33-PM.png\" \/>\n\t<meta property=\"og:image:width\" content=\"500\" \/>\n\t<meta property=\"og:image:height\" content=\"500\" \/>\n\t<meta property=\"og:image:type\" content=\"image\/png\" \/>\n<meta name=\"twitter:card\" content=\"summary_large_image\" \/>\n<meta name=\"twitter:site\" content=\"@Teterete_Home\" \/>\n<meta name=\"twitter:label1\" content=\"Tiempo de lectura\" \/>\n\t<meta name=\"twitter:data1\" content=\"1 minuto\" \/>\n<script type=\"application\/ld+json\" class=\"yoast-schema-graph\">{\"@context\":\"https:\\\/\\\/schema.org\",\"@graph\":[{\"@type\":\"WebPage\",\"@id\":\"https:\\\/\\\/teterete.com\\\/mx\\\/producto\\\/lampara-xitse-blanca-3\\\/\",\"url\":\"https:\\\/\\\/teterete.com\\\/mx\\\/producto\\\/lampara-xitse-blanca-3\\\/\",\"name\":\"L\u00e1mpara Xitse Blanca -\",\"isPartOf\":{\"@id\":\"https:\\\/\\\/teterete.com\\\/mx\\\/#website\"},\"primaryImageOfPage\":{\"@id\":\"https:\\\/\\\/teterete.com\\\/mx\\\/producto\\\/lampara-xitse-blanca-3\\\/#primaryimage\"},\"image\":{\"@id\":\"https:\\\/\\\/teterete.com\\\/mx\\\/producto\\\/lampara-xitse-blanca-3\\\/#primaryimage\"},\"thumbnailUrl\":\"https:\\\/\\\/teterete.com\\\/mx\\\/wp-content\\\/uploads\\\/2018\\\/10\\\/Screen-Shot-2018-10-15-at-9.19.33-PM.png\",\"datePublished\":\"2018-10-16T02:22:59+00:00\",\"dateModified\":\"2023-03-03T15:16:33+00:00\",\"description\":\"La familia de luminarios Xitse se compone por discretos y refinados modelos de candiles que funcionan tanto para iluminaci\u00f3n de trabajo como iluminaci\u00f3n decorativa.\",\"breadcrumb\":{\"@id\":\"https:\\\/\\\/teterete.com\\\/mx\\\/producto\\\/lampara-xitse-blanca-3\\\/#breadcrumb\"},\"inLanguage\":\"es\",\"potentialAction\":[{\"@type\":\"ReadAction\",\"target\":[\"https:\\\/\\\/teterete.com\\\/mx\\\/producto\\\/lampara-xitse-blanca-3\\\/\"]}]},{\"@type\":\"ImageObject\",\"inLanguage\":\"es\",\"@id\":\"https:\\\/\\\/teterete.com\\\/mx\\\/producto\\\/lampara-xitse-blanca-3\\\/#primaryimage\",\"url\":\"https:\\\/\\\/teterete.com\\\/mx\\\/wp-content\\\/uploads\\\/2018\\\/10\\\/Screen-Shot-2018-10-15-at-9.19.33-PM.png\",\"contentUrl\":\"https:\\\/\\\/teterete.com\\\/mx\\\/wp-content\\\/uploads\\\/2018\\\/10\\\/Screen-Shot-2018-10-15-at-9.19.33-PM.png\",\"width\":500,\"height\":500,\"caption\":\"Xitse Blanca\"},{\"@type\":\"BreadcrumbList\",\"@id\":\"https:\\\/\\\/teterete.com\\\/mx\\\/producto\\\/lampara-xitse-blanca-3\\\/#breadcrumb\",\"itemListElement\":[{\"@type\":\"ListItem\",\"position\":1,\"name\":\"Home\",\"item\":\"https:\\\/\\\/teterete.com\\\/mx\\\/\"},{\"@type\":\"ListItem\",\"position\":2,\"name\":\"Productos\",\"item\":\"https:\\\/\\\/teterete.com\\\/mx\\\/shop\\\/\"},{\"@type\":\"ListItem\",\"position\":3,\"name\":\"L\u00e1mpara Xitse Blanca\"}]},{\"@type\":\"WebSite\",\"@id\":\"https:\\\/\\\/teterete.com\\\/mx\\\/#website\",\"url\":\"https:\\\/\\\/teterete.com\\\/mx\\\/\",\"name\":\"\",\"description\":\"Tienda en L\u00ednea de Fina Artesanias y Dise\u00f1o Mexicano. Bellas piezas elaboradas a mano por los mejores artesanos del pa\u00eds as\u00ed como piezas de dise\u00f1o y decoraci\u00f3n con inspiraci\u00f3n artesanal.\",\"potentialAction\":[{\"@type\":\"SearchAction\",\"target\":{\"@type\":\"EntryPoint\",\"urlTemplate\":\"https:\\\/\\\/teterete.com\\\/mx\\\/?s={search_term_string}\"},\"query-input\":{\"@type\":\"PropertyValueSpecification\",\"valueRequired\":true,\"valueName\":\"search_term_string\"}}],\"inLanguage\":\"es\"}]}<\/script>\n<!-- \/ Yoast SEO plugin. -->","yoast_head_json":{"title":"L\u00e1mpara Xitse Blanca -","description":"La familia de luminarios Xitse se compone por discretos y refinados modelos de candiles que funcionan tanto para iluminaci\u00f3n de trabajo como iluminaci\u00f3n decorativa.","robots":{"index":"index","follow":"follow","max-snippet":"max-snippet:-1","max-image-preview":"max-image-preview:large","max-video-preview":"max-video-preview:-1"},"canonical":"https:\/\/teterete.com\/mx\/producto\/lampara-xitse-blanca-3\/","og_locale":"es_ES","og_type":"article","og_title":"L\u00e1mpara Xitse Blanca -","og_description":"La familia de luminarios Xitse se compone por discretos y refinados modelos de candiles que funcionan tanto para iluminaci\u00f3n de trabajo como iluminaci\u00f3n decorativa.","og_url":"https:\/\/teterete.com\/mx\/producto\/lampara-xitse-blanca-3\/","article_publisher":"https:\/\/www.facebook.com\/TetereteHome\/","article_modified_time":"2023-03-03T15:16:33+00:00","og_image":[{"width":500,"height":500,"url":"https:\/\/teterete.com\/mx\/wp-content\/uploads\/2018\/10\/Screen-Shot-2018-10-15-at-9.19.33-PM.png","type":"image\/png"}],"twitter_card":"summary_large_image","twitter_site":"@Teterete_Home","twitter_misc":{"Tiempo de lectura":"1 minuto"},"schema":{"@context":"https:\/\/schema.org","@graph":[{"@type":"WebPage","@id":"https:\/\/teterete.com\/mx\/producto\/lampara-xitse-blanca-3\/","url":"https:\/\/teterete.com\/mx\/producto\/lampara-xitse-blanca-3\/","name":"L\u00e1mpara Xitse Blanca -","isPartOf":{"@id":"https:\/\/teterete.com\/mx\/#website"},"primaryImageOfPage":{"@id":"https:\/\/teterete.com\/mx\/producto\/lampara-xitse-blanca-3\/#primaryimage"},"image":{"@id":"https:\/\/teterete.com\/mx\/producto\/lampara-xitse-blanca-3\/#primaryimage"},"thumbnailUrl":"https:\/\/teterete.com\/mx\/wp-content\/uploads\/2018\/10\/Screen-Shot-2018-10-15-at-9.19.33-PM.png","datePublished":"2018-10-16T02:22:59+00:00","dateModified":"2023-03-03T15:16:33+00:00","description":"La familia de luminarios Xitse se compone por discretos y refinados modelos de candiles que funcionan tanto para iluminaci\u00f3n de trabajo como iluminaci\u00f3n decorativa.","breadcrumb":{"@id":"https:\/\/teterete.com\/mx\/producto\/lampara-xitse-blanca-3\/#breadcrumb"},"inLanguage":"es","potentialAction":[{"@type":"ReadAction","target":["https:\/\/teterete.com\/mx\/producto\/lampara-xitse-blanca-3\/"]}]},{"@type":"ImageObject","inLanguage":"es","@id":"https:\/\/teterete.com\/mx\/producto\/lampara-xitse-blanca-3\/#primaryimage","url":"https:\/\/teterete.com\/mx\/wp-content\/uploads\/2018\/10\/Screen-Shot-2018-10-15-at-9.19.33-PM.png","contentUrl":"https:\/\/teterete.com\/mx\/wp-content\/uploads\/2018\/10\/Screen-Shot-2018-10-15-at-9.19.33-PM.png","width":500,"height":500,"caption":"Xitse Blanca"},{"@type":"BreadcrumbList","@id":"https:\/\/teterete.com\/mx\/producto\/lampara-xitse-blanca-3\/#breadcrumb","itemListElement":[{"@type":"ListItem","position":1,"name":"Home","item":"https:\/\/teterete.com\/mx\/"},{"@type":"ListItem","position":2,"name":"Productos","item":"https:\/\/teterete.com\/mx\/shop\/"},{"@type":"ListItem","position":3,"name":"L\u00e1mpara Xitse Blanca"}]},{"@type":"WebSite","@id":"https:\/\/teterete.com\/mx\/#website","url":"https:\/\/teterete.com\/mx\/","name":"","description":"Tienda en L\u00ednea de Fina Artesanias y Dise\u00f1o Mexicano. Bellas piezas elaboradas a mano por los mejores artesanos del pa\u00eds as\u00ed como piezas de dise\u00f1o y decoraci\u00f3n con inspiraci\u00f3n artesanal.","potentialAction":[{"@type":"SearchAction","target":{"@type":"EntryPoint","urlTemplate":"https:\/\/teterete.com\/mx\/?s={search_term_string}"},"query-input":{"@type":"PropertyValueSpecification","valueRequired":true,"valueName":"search_term_string"}}],"inLanguage":"es"}]}},"_links":{"self":[{"href":"https:\/\/teterete.com\/mx\/wp-json\/wp\/v2\/product\/4387","targetHints":{"allow":["GET"]}}],"collection":[{"href":"https:\/\/teterete.com\/mx\/wp-json\/wp\/v2\/product"}],"about":[{"href":"https:\/\/teterete.com\/mx\/wp-json\/wp\/v2\/types\/product"}],"replies":[{"embeddable":true,"href":"https:\/\/teterete.com\/mx\/wp-json\/wp\/v2\/comments?post=4387"}],"wp:featuredmedia":[{"embeddable":true,"href":"https:\/\/teterete.com\/mx\/wp-json\/wp\/v2\/media\/4607"}],"wp:attachment":[{"href":"https:\/\/teterete.com\/mx\/wp-json\/wp\/v2\/media?parent=4387"}],"wp:term":[{"taxonomy":"product_brand","embeddable":true,"href":"https:\/\/teterete.com\/mx\/wp-json\/wp\/v2\/product_brand?post=4387"},{"taxonomy":"product_cat","embeddable":true,"href":"https:\/\/teterete.com\/mx\/wp-json\/wp\/v2\/product_cat?post=4387"},{"taxonomy":"product_tag","embeddable":true,"href":"https:\/\/teterete.com\/mx\/wp-json\/wp\/v2\/product_tag?post=4387"}],"curies":[{"name":"wp","href":"https:\/\/api.w.org\/{rel}","templated":true}]}}