{"id":4515,"date":"2018-10-25T15:52:05","date_gmt":"2018-10-25T15:52:05","guid":{"rendered":"https:\/\/mx.teterete.com\/?post_type=product&#038;p=4515"},"modified":"2024-08-29T16:41:13","modified_gmt":"2024-08-29T16:41:13","slug":"sombrero-flores-de-verano-negro","status":"publish","type":"product","link":"https:\/\/teterete.com\/mx\/producto\/sombrero-flores-de-verano-negro\/","title":{"rendered":"Sombrero Flores de Verano"},"content":{"rendered":"<p>Sombrero en tela r\u00edgido en loneta de algod\u00f3n<\/p>\n<p>Color: Estampado hecho a mano color negro, rosa y verde.<\/p>\n<p>Medidas: Talla M 57-58 cms<\/p>\n<p>*Limpiar con trapo h\u00famedo\/Mantener en lugar seco<\/p>\n<p>&nbsp;<\/p>\n","protected":false},"excerpt":{"rendered":"<p>Sombrero impreso en serigraf\u00eda con tintes amigables con el ambiente. Edici\u00f3n limitada<\/p>\n","protected":false},"featured_media":4726,"comment_status":"open","ping_status":"closed","template":"","meta":{"_acf_changed":false,"sfsi_plus_gutenberg_text_before_share":"","sfsi_plus_gutenberg_show_text_before_share":"","sfsi_plus_gutenberg_icon_type":"","sfsi_plus_gutenberg_icon_alignemt":"","sfsi_plus_gutenburg_max_per_row":""},"product_brand":[],"product_cat":[1216,774,1263,61,1012,2057,55],"product_tag":[236,1003,963,1016,1023,1025,1024,1022,1027,1026,223],"class_list":{"0":"post-4515","1":"product","2":"type-product","3":"status-publish","4":"has-post-thumbnail","6":"product_cat-especial-playa","7":"product_cat-especiales","8":"product_cat-moda-mexicana","9":"product_cat-para_ella","10":"product_cat-polypol","11":"product_cat-regalos-mama","12":"product_cat-ropa_tradicional","13":"product_tag-arte-mexicano","14":"product_tag-diseno-artesanal","15":"product_tag-diseno-mexicano","16":"product_tag-mexico-artesanal","17":"product_tag-moda-mexicana-para-playa","18":"product_tag-moda-para-playa","19":"product_tag-mujer-mexicana","20":"product_tag-sombreros","21":"product_tag-sombreros-mexicanos","22":"product_tag-sombreros-para-mujer","23":"product_tag-textiles-mexicanos","24":"product_shipping_class-fast-delivery","26":"first","27":"instock","28":"taxable","29":"shipping-taxable","30":"purchasable","31":"product-type-variable"},"acf":[],"yoast_head":"<!-- This site is optimized with the Yoast SEO plugin v27.6 - https:\/\/yoast.com\/product\/yoast-seo-wordpress\/ -->\n<title>Sombrero Flores de Verano -<\/title>\n<meta name=\"description\" content=\"Sombreros con dise\u00f1o de flores para playa o esas fiestas con sol en exteriores.\" \/>\n<meta name=\"robots\" content=\"index, follow, max-snippet:-1, max-image-preview:large, max-video-preview:-1\" \/>\n<link rel=\"canonical\" href=\"https:\/\/teterete.com\/mx\/producto\/sombrero-flores-de-verano-negro\/\" \/>\n<meta property=\"og:locale\" content=\"es_ES\" \/>\n<meta property=\"og:type\" content=\"article\" \/>\n<meta property=\"og:title\" content=\"Sombrero Flores de Verano -\" \/>\n<meta property=\"og:description\" content=\"Sombreros con dise\u00f1o de flores para playa o esas fiestas con sol en exteriores.\" \/>\n<meta property=\"og:url\" content=\"https:\/\/teterete.com\/mx\/producto\/sombrero-flores-de-verano-negro\/\" \/>\n<meta property=\"article:publisher\" content=\"https:\/\/www.facebook.com\/TetereteHome\/\" \/>\n<meta property=\"article:modified_time\" content=\"2024-08-29T16:41:13+00:00\" \/>\n<meta property=\"og:image\" content=\"https:\/\/teterete.com\/mx\/wp-content\/uploads\/2018\/10\/Screen-Shot-2018-11-23-at-8.17.26-AM.png\" \/>\n\t<meta property=\"og:image:width\" content=\"600\" \/>\n\t<meta property=\"og:image:height\" content=\"600\" \/>\n\t<meta property=\"og:image:type\" content=\"image\/png\" \/>\n<meta name=\"twitter:card\" content=\"summary_large_image\" \/>\n<meta name=\"twitter:site\" content=\"@Teterete_Home\" \/>\n<meta name=\"twitter:label1\" content=\"Tiempo de lectura\" \/>\n\t<meta name=\"twitter:data1\" content=\"1 minuto\" \/>\n<script type=\"application\/ld+json\" class=\"yoast-schema-graph\">{\"@context\":\"https:\\\/\\\/schema.org\",\"@graph\":[{\"@type\":\"WebPage\",\"@id\":\"https:\\\/\\\/teterete.com\\\/mx\\\/producto\\\/sombrero-flores-de-verano-negro\\\/\",\"url\":\"https:\\\/\\\/teterete.com\\\/mx\\\/producto\\\/sombrero-flores-de-verano-negro\\\/\",\"name\":\"Sombrero Flores de Verano -\",\"isPartOf\":{\"@id\":\"https:\\\/\\\/teterete.com\\\/mx\\\/#website\"},\"primaryImageOfPage\":{\"@id\":\"https:\\\/\\\/teterete.com\\\/mx\\\/producto\\\/sombrero-flores-de-verano-negro\\\/#primaryimage\"},\"image\":{\"@id\":\"https:\\\/\\\/teterete.com\\\/mx\\\/producto\\\/sombrero-flores-de-verano-negro\\\/#primaryimage\"},\"thumbnailUrl\":\"https:\\\/\\\/teterete.com\\\/mx\\\/wp-content\\\/uploads\\\/2018\\\/10\\\/Screen-Shot-2018-11-23-at-8.17.26-AM.png\",\"datePublished\":\"2018-10-25T15:52:05+00:00\",\"dateModified\":\"2024-08-29T16:41:13+00:00\",\"description\":\"Sombreros con dise\u00f1o de flores para playa o esas fiestas con sol en exteriores.\",\"breadcrumb\":{\"@id\":\"https:\\\/\\\/teterete.com\\\/mx\\\/producto\\\/sombrero-flores-de-verano-negro\\\/#breadcrumb\"},\"inLanguage\":\"es\",\"potentialAction\":[{\"@type\":\"ReadAction\",\"target\":[\"https:\\\/\\\/teterete.com\\\/mx\\\/producto\\\/sombrero-flores-de-verano-negro\\\/\"]}]},{\"@type\":\"ImageObject\",\"inLanguage\":\"es\",\"@id\":\"https:\\\/\\\/teterete.com\\\/mx\\\/producto\\\/sombrero-flores-de-verano-negro\\\/#primaryimage\",\"url\":\"https:\\\/\\\/teterete.com\\\/mx\\\/wp-content\\\/uploads\\\/2018\\\/10\\\/Screen-Shot-2018-11-23-at-8.17.26-AM.png\",\"contentUrl\":\"https:\\\/\\\/teterete.com\\\/mx\\\/wp-content\\\/uploads\\\/2018\\\/10\\\/Screen-Shot-2018-11-23-at-8.17.26-AM.png\",\"width\":600,\"height\":600,\"caption\":\"Sombreros de Loneta\"},{\"@type\":\"BreadcrumbList\",\"@id\":\"https:\\\/\\\/teterete.com\\\/mx\\\/producto\\\/sombrero-flores-de-verano-negro\\\/#breadcrumb\",\"itemListElement\":[{\"@type\":\"ListItem\",\"position\":1,\"name\":\"Home\",\"item\":\"https:\\\/\\\/teterete.com\\\/mx\\\/\"},{\"@type\":\"ListItem\",\"position\":2,\"name\":\"Productos\",\"item\":\"https:\\\/\\\/teterete.com\\\/mx\\\/shop\\\/\"},{\"@type\":\"ListItem\",\"position\":3,\"name\":\"Sombrero Flores de Verano\"}]},{\"@type\":\"WebSite\",\"@id\":\"https:\\\/\\\/teterete.com\\\/mx\\\/#website\",\"url\":\"https:\\\/\\\/teterete.com\\\/mx\\\/\",\"name\":\"\",\"description\":\"Tienda en L\u00ednea de Fina Artesanias y Dise\u00f1o Mexicano. Bellas piezas elaboradas a mano por los mejores artesanos del pa\u00eds as\u00ed como piezas de dise\u00f1o y decoraci\u00f3n con inspiraci\u00f3n artesanal.\",\"potentialAction\":[{\"@type\":\"SearchAction\",\"target\":{\"@type\":\"EntryPoint\",\"urlTemplate\":\"https:\\\/\\\/teterete.com\\\/mx\\\/?s={search_term_string}\"},\"query-input\":{\"@type\":\"PropertyValueSpecification\",\"valueRequired\":true,\"valueName\":\"search_term_string\"}}],\"inLanguage\":\"es\"}]}<\/script>\n<!-- \/ Yoast SEO plugin. -->","yoast_head_json":{"title":"Sombrero Flores de Verano -","description":"Sombreros con dise\u00f1o de flores para playa o esas fiestas con sol en exteriores.","robots":{"index":"index","follow":"follow","max-snippet":"max-snippet:-1","max-image-preview":"max-image-preview:large","max-video-preview":"max-video-preview:-1"},"canonical":"https:\/\/teterete.com\/mx\/producto\/sombrero-flores-de-verano-negro\/","og_locale":"es_ES","og_type":"article","og_title":"Sombrero Flores de Verano -","og_description":"Sombreros con dise\u00f1o de flores para playa o esas fiestas con sol en exteriores.","og_url":"https:\/\/teterete.com\/mx\/producto\/sombrero-flores-de-verano-negro\/","article_publisher":"https:\/\/www.facebook.com\/TetereteHome\/","article_modified_time":"2024-08-29T16:41:13+00:00","og_image":[{"width":600,"height":600,"url":"https:\/\/teterete.com\/mx\/wp-content\/uploads\/2018\/10\/Screen-Shot-2018-11-23-at-8.17.26-AM.png","type":"image\/png"}],"twitter_card":"summary_large_image","twitter_site":"@Teterete_Home","twitter_misc":{"Tiempo de lectura":"1 minuto"},"schema":{"@context":"https:\/\/schema.org","@graph":[{"@type":"WebPage","@id":"https:\/\/teterete.com\/mx\/producto\/sombrero-flores-de-verano-negro\/","url":"https:\/\/teterete.com\/mx\/producto\/sombrero-flores-de-verano-negro\/","name":"Sombrero Flores de Verano -","isPartOf":{"@id":"https:\/\/teterete.com\/mx\/#website"},"primaryImageOfPage":{"@id":"https:\/\/teterete.com\/mx\/producto\/sombrero-flores-de-verano-negro\/#primaryimage"},"image":{"@id":"https:\/\/teterete.com\/mx\/producto\/sombrero-flores-de-verano-negro\/#primaryimage"},"thumbnailUrl":"https:\/\/teterete.com\/mx\/wp-content\/uploads\/2018\/10\/Screen-Shot-2018-11-23-at-8.17.26-AM.png","datePublished":"2018-10-25T15:52:05+00:00","dateModified":"2024-08-29T16:41:13+00:00","description":"Sombreros con dise\u00f1o de flores para playa o esas fiestas con sol en exteriores.","breadcrumb":{"@id":"https:\/\/teterete.com\/mx\/producto\/sombrero-flores-de-verano-negro\/#breadcrumb"},"inLanguage":"es","potentialAction":[{"@type":"ReadAction","target":["https:\/\/teterete.com\/mx\/producto\/sombrero-flores-de-verano-negro\/"]}]},{"@type":"ImageObject","inLanguage":"es","@id":"https:\/\/teterete.com\/mx\/producto\/sombrero-flores-de-verano-negro\/#primaryimage","url":"https:\/\/teterete.com\/mx\/wp-content\/uploads\/2018\/10\/Screen-Shot-2018-11-23-at-8.17.26-AM.png","contentUrl":"https:\/\/teterete.com\/mx\/wp-content\/uploads\/2018\/10\/Screen-Shot-2018-11-23-at-8.17.26-AM.png","width":600,"height":600,"caption":"Sombreros de Loneta"},{"@type":"BreadcrumbList","@id":"https:\/\/teterete.com\/mx\/producto\/sombrero-flores-de-verano-negro\/#breadcrumb","itemListElement":[{"@type":"ListItem","position":1,"name":"Home","item":"https:\/\/teterete.com\/mx\/"},{"@type":"ListItem","position":2,"name":"Productos","item":"https:\/\/teterete.com\/mx\/shop\/"},{"@type":"ListItem","position":3,"name":"Sombrero Flores de Verano"}]},{"@type":"WebSite","@id":"https:\/\/teterete.com\/mx\/#website","url":"https:\/\/teterete.com\/mx\/","name":"","description":"Tienda en L\u00ednea de Fina Artesanias y Dise\u00f1o Mexicano. Bellas piezas elaboradas a mano por los mejores artesanos del pa\u00eds as\u00ed como piezas de dise\u00f1o y decoraci\u00f3n con inspiraci\u00f3n artesanal.","potentialAction":[{"@type":"SearchAction","target":{"@type":"EntryPoint","urlTemplate":"https:\/\/teterete.com\/mx\/?s={search_term_string}"},"query-input":{"@type":"PropertyValueSpecification","valueRequired":true,"valueName":"search_term_string"}}],"inLanguage":"es"}]}},"_links":{"self":[{"href":"https:\/\/teterete.com\/mx\/wp-json\/wp\/v2\/product\/4515","targetHints":{"allow":["GET"]}}],"collection":[{"href":"https:\/\/teterete.com\/mx\/wp-json\/wp\/v2\/product"}],"about":[{"href":"https:\/\/teterete.com\/mx\/wp-json\/wp\/v2\/types\/product"}],"replies":[{"embeddable":true,"href":"https:\/\/teterete.com\/mx\/wp-json\/wp\/v2\/comments?post=4515"}],"wp:featuredmedia":[{"embeddable":true,"href":"https:\/\/teterete.com\/mx\/wp-json\/wp\/v2\/media\/4726"}],"wp:attachment":[{"href":"https:\/\/teterete.com\/mx\/wp-json\/wp\/v2\/media?parent=4515"}],"wp:term":[{"taxonomy":"product_brand","embeddable":true,"href":"https:\/\/teterete.com\/mx\/wp-json\/wp\/v2\/product_brand?post=4515"},{"taxonomy":"product_cat","embeddable":true,"href":"https:\/\/teterete.com\/mx\/wp-json\/wp\/v2\/product_cat?post=4515"},{"taxonomy":"product_tag","embeddable":true,"href":"https:\/\/teterete.com\/mx\/wp-json\/wp\/v2\/product_tag?post=4515"}],"curies":[{"name":"wp","href":"https:\/\/api.w.org\/{rel}","templated":true}]}}