{"id":4928,"date":"2018-11-25T18:56:10","date_gmt":"2018-11-25T18:56:10","guid":{"rendered":"https:\/\/teterete.com\/mx\/?post_type=product&#038;p=4928"},"modified":"2020-10-25T21:46:02","modified_gmt":"2020-10-25T21:46:02","slug":"cojin-de-lana-hecho-en-telar-secuencia-vi","status":"publish","type":"product","link":"https:\/\/teterete.com\/mx\/producto\/cojin-de-lana-hecho-en-telar-secuencia-vi\/","title":{"rendered":"Cojin de Lana Hecho en Telar Secuencia VI"},"content":{"rendered":"<p>Cuidados:<\/p>\n<p>-Evitar contacto con cloro y detergentes fuertes.<\/p>\n<p>-No lavar en casa, para limpieza profunda se recomienda lavado profesional en seco.<\/p>\n<p>-Evitar exposici\u00f3n directa al sol.<\/p>\n<p>*NO INCLUYE EL RELLENO*<\/p>\n","protected":false},"excerpt":{"rendered":"<p>Funda de cojin decorativo de lana mexicana tejido en telar de pedal por artesanos mexicanos.<\/p>\n<p>Te\u00f1ido con laurel, copal y nuez.<\/p>\n<p>Medidas: 35&#215;55 cm<\/p>\n<p>Composici\u00f3n:<\/p>\n<p>Exterior: Lana 100%<\/p>\n<p>Interior: Poli\u00e9ster 100%<\/p>\n<p>Sobre pedido: Entrega 15-20 d\u00edas<\/p>\n","protected":false},"featured_media":4919,"comment_status":"open","ping_status":"closed","template":"","meta":{"_acf_changed":false,"sfsi_plus_gutenberg_text_before_share":"","sfsi_plus_gutenberg_show_text_before_share":"","sfsi_plus_gutenberg_icon_type":"","sfsi_plus_gutenberg_icon_alignemt":"","sfsi_plus_gutenburg_max_per_row":""},"product_brand":[],"product_cat":[1048,210,336,1842],"product_tag":[236,1045,1046,1047,1018,1017,517,232,1003,963,1016,223,1019],"class_list":{"0":"post-4928","1":"product","2":"type-product","3":"status-publish","4":"has-post-thumbnail","6":"product_cat-arudeko","7":"product_cat-cojines","8":"product_cat-cojines-decorativos","9":"product_cat-oaxaca","10":"product_tag-arte-mexicano","11":"product_tag-cojin-de-lana","12":"product_tag-cojin-de-oaxaca","13":"product_tag-cojin-diseno-artesanal","14":"product_tag-cojin-sustentable","15":"product_tag-cojines","16":"product_tag-cojines-mexicanos","17":"product_tag-decoracion-mexicana","18":"product_tag-diseno-artesanal","19":"product_tag-diseno-mexicano","20":"product_tag-mexico-artesanal","21":"product_tag-textiles-mexicanos","22":"product_tag-textiles-para-casa","23":"product_shipping_class-fast-delivery","25":"first","26":"instock","27":"taxable","28":"shipping-taxable","29":"purchasable","30":"product-type-simple"},"acf":[],"yoast_head":"<!-- This site is optimized with the Yoast SEO plugin v27.5 - https:\/\/yoast.com\/product\/yoast-seo-wordpress\/ -->\n<title>Cojin de Lana Hecho en Telar Secuencia VI -<\/title>\n<meta name=\"robots\" content=\"index, follow, max-snippet:-1, max-image-preview:large, max-video-preview:-1\" \/>\n<link rel=\"canonical\" href=\"https:\/\/teterete.com\/mx\/producto\/cojin-de-lana-hecho-en-telar-secuencia-vi\/\" \/>\n<meta property=\"og:locale\" content=\"es_ES\" \/>\n<meta property=\"og:type\" content=\"article\" \/>\n<meta property=\"og:title\" content=\"Cojin de Lana Hecho en Telar Secuencia VI -\" \/>\n<meta property=\"og:description\" content=\"Funda de cojin decorativo de lana mexicana tejido en telar de pedal por artesanos mexicanos.  Te\u00f1ido con laurel, copal y nuez.  Medidas: 35x55 cm  Composici\u00f3n:  Exterior: Lana 100%  Interior: Poli\u00e9ster 100%  Sobre pedido: Entrega 15-20 d\u00edas\" \/>\n<meta property=\"og:url\" content=\"https:\/\/teterete.com\/mx\/producto\/cojin-de-lana-hecho-en-telar-secuencia-vi\/\" \/>\n<meta property=\"article:publisher\" content=\"https:\/\/www.facebook.com\/TetereteHome\/\" \/>\n<meta property=\"article:modified_time\" content=\"2020-10-25T21:46:02+00:00\" \/>\n<meta property=\"og:image\" content=\"https:\/\/teterete.com\/mx\/wp-content\/uploads\/2018\/11\/Screen-Shot-2018-11-25-at-12.06.26-PM.png\" \/>\n\t<meta property=\"og:image:width\" content=\"500\" \/>\n\t<meta property=\"og:image:height\" content=\"500\" \/>\n\t<meta property=\"og:image:type\" content=\"image\/png\" \/>\n<meta name=\"twitter:card\" content=\"summary_large_image\" \/>\n<meta name=\"twitter:site\" content=\"@Teterete_Home\" \/>\n<script type=\"application\/ld+json\" class=\"yoast-schema-graph\">{\"@context\":\"https:\\\/\\\/schema.org\",\"@graph\":[{\"@type\":\"WebPage\",\"@id\":\"https:\\\/\\\/teterete.com\\\/mx\\\/producto\\\/cojin-de-lana-hecho-en-telar-secuencia-vi\\\/\",\"url\":\"https:\\\/\\\/teterete.com\\\/mx\\\/producto\\\/cojin-de-lana-hecho-en-telar-secuencia-vi\\\/\",\"name\":\"Cojin de Lana Hecho en Telar Secuencia VI -\",\"isPartOf\":{\"@id\":\"https:\\\/\\\/teterete.com\\\/mx\\\/#website\"},\"primaryImageOfPage\":{\"@id\":\"https:\\\/\\\/teterete.com\\\/mx\\\/producto\\\/cojin-de-lana-hecho-en-telar-secuencia-vi\\\/#primaryimage\"},\"image\":{\"@id\":\"https:\\\/\\\/teterete.com\\\/mx\\\/producto\\\/cojin-de-lana-hecho-en-telar-secuencia-vi\\\/#primaryimage\"},\"thumbnailUrl\":\"https:\\\/\\\/teterete.com\\\/mx\\\/wp-content\\\/uploads\\\/2018\\\/11\\\/Screen-Shot-2018-11-25-at-12.06.26-PM.png\",\"datePublished\":\"2018-11-25T18:56:10+00:00\",\"dateModified\":\"2020-10-25T21:46:02+00:00\",\"breadcrumb\":{\"@id\":\"https:\\\/\\\/teterete.com\\\/mx\\\/producto\\\/cojin-de-lana-hecho-en-telar-secuencia-vi\\\/#breadcrumb\"},\"inLanguage\":\"es\",\"potentialAction\":[{\"@type\":\"ReadAction\",\"target\":[\"https:\\\/\\\/teterete.com\\\/mx\\\/producto\\\/cojin-de-lana-hecho-en-telar-secuencia-vi\\\/\"]}]},{\"@type\":\"ImageObject\",\"inLanguage\":\"es\",\"@id\":\"https:\\\/\\\/teterete.com\\\/mx\\\/producto\\\/cojin-de-lana-hecho-en-telar-secuencia-vi\\\/#primaryimage\",\"url\":\"https:\\\/\\\/teterete.com\\\/mx\\\/wp-content\\\/uploads\\\/2018\\\/11\\\/Screen-Shot-2018-11-25-at-12.06.26-PM.png\",\"contentUrl\":\"https:\\\/\\\/teterete.com\\\/mx\\\/wp-content\\\/uploads\\\/2018\\\/11\\\/Screen-Shot-2018-11-25-at-12.06.26-PM.png\",\"width\":500,\"height\":500,\"caption\":\"Cojin Gris y Caf\u00e9 de Lana\"},{\"@type\":\"BreadcrumbList\",\"@id\":\"https:\\\/\\\/teterete.com\\\/mx\\\/producto\\\/cojin-de-lana-hecho-en-telar-secuencia-vi\\\/#breadcrumb\",\"itemListElement\":[{\"@type\":\"ListItem\",\"position\":1,\"name\":\"Home\",\"item\":\"https:\\\/\\\/teterete.com\\\/mx\\\/\"},{\"@type\":\"ListItem\",\"position\":2,\"name\":\"Productos\",\"item\":\"https:\\\/\\\/teterete.com\\\/mx\\\/shop\\\/\"},{\"@type\":\"ListItem\",\"position\":3,\"name\":\"Cojin de Lana Hecho en Telar Secuencia VI\"}]},{\"@type\":\"WebSite\",\"@id\":\"https:\\\/\\\/teterete.com\\\/mx\\\/#website\",\"url\":\"https:\\\/\\\/teterete.com\\\/mx\\\/\",\"name\":\"\",\"description\":\"Tienda en L\u00ednea de Fina Artesanias y Dise\u00f1o Mexicano. Bellas piezas elaboradas a mano por los mejores artesanos del pa\u00eds as\u00ed como piezas de dise\u00f1o y decoraci\u00f3n con inspiraci\u00f3n artesanal.\",\"potentialAction\":[{\"@type\":\"SearchAction\",\"target\":{\"@type\":\"EntryPoint\",\"urlTemplate\":\"https:\\\/\\\/teterete.com\\\/mx\\\/?s={search_term_string}\"},\"query-input\":{\"@type\":\"PropertyValueSpecification\",\"valueRequired\":true,\"valueName\":\"search_term_string\"}}],\"inLanguage\":\"es\"}]}<\/script>\n<!-- \/ Yoast SEO plugin. -->","yoast_head_json":{"title":"Cojin de Lana Hecho en Telar Secuencia VI -","robots":{"index":"index","follow":"follow","max-snippet":"max-snippet:-1","max-image-preview":"max-image-preview:large","max-video-preview":"max-video-preview:-1"},"canonical":"https:\/\/teterete.com\/mx\/producto\/cojin-de-lana-hecho-en-telar-secuencia-vi\/","og_locale":"es_ES","og_type":"article","og_title":"Cojin de Lana Hecho en Telar Secuencia VI -","og_description":"Funda de cojin decorativo de lana mexicana tejido en telar de pedal por artesanos mexicanos.  Te\u00f1ido con laurel, copal y nuez.  Medidas: 35x55 cm  Composici\u00f3n:  Exterior: Lana 100%  Interior: Poli\u00e9ster 100%  Sobre pedido: Entrega 15-20 d\u00edas","og_url":"https:\/\/teterete.com\/mx\/producto\/cojin-de-lana-hecho-en-telar-secuencia-vi\/","article_publisher":"https:\/\/www.facebook.com\/TetereteHome\/","article_modified_time":"2020-10-25T21:46:02+00:00","og_image":[{"width":500,"height":500,"url":"https:\/\/teterete.com\/mx\/wp-content\/uploads\/2018\/11\/Screen-Shot-2018-11-25-at-12.06.26-PM.png","type":"image\/png"}],"twitter_card":"summary_large_image","twitter_site":"@Teterete_Home","schema":{"@context":"https:\/\/schema.org","@graph":[{"@type":"WebPage","@id":"https:\/\/teterete.com\/mx\/producto\/cojin-de-lana-hecho-en-telar-secuencia-vi\/","url":"https:\/\/teterete.com\/mx\/producto\/cojin-de-lana-hecho-en-telar-secuencia-vi\/","name":"Cojin de Lana Hecho en Telar Secuencia VI -","isPartOf":{"@id":"https:\/\/teterete.com\/mx\/#website"},"primaryImageOfPage":{"@id":"https:\/\/teterete.com\/mx\/producto\/cojin-de-lana-hecho-en-telar-secuencia-vi\/#primaryimage"},"image":{"@id":"https:\/\/teterete.com\/mx\/producto\/cojin-de-lana-hecho-en-telar-secuencia-vi\/#primaryimage"},"thumbnailUrl":"https:\/\/teterete.com\/mx\/wp-content\/uploads\/2018\/11\/Screen-Shot-2018-11-25-at-12.06.26-PM.png","datePublished":"2018-11-25T18:56:10+00:00","dateModified":"2020-10-25T21:46:02+00:00","breadcrumb":{"@id":"https:\/\/teterete.com\/mx\/producto\/cojin-de-lana-hecho-en-telar-secuencia-vi\/#breadcrumb"},"inLanguage":"es","potentialAction":[{"@type":"ReadAction","target":["https:\/\/teterete.com\/mx\/producto\/cojin-de-lana-hecho-en-telar-secuencia-vi\/"]}]},{"@type":"ImageObject","inLanguage":"es","@id":"https:\/\/teterete.com\/mx\/producto\/cojin-de-lana-hecho-en-telar-secuencia-vi\/#primaryimage","url":"https:\/\/teterete.com\/mx\/wp-content\/uploads\/2018\/11\/Screen-Shot-2018-11-25-at-12.06.26-PM.png","contentUrl":"https:\/\/teterete.com\/mx\/wp-content\/uploads\/2018\/11\/Screen-Shot-2018-11-25-at-12.06.26-PM.png","width":500,"height":500,"caption":"Cojin Gris y Caf\u00e9 de Lana"},{"@type":"BreadcrumbList","@id":"https:\/\/teterete.com\/mx\/producto\/cojin-de-lana-hecho-en-telar-secuencia-vi\/#breadcrumb","itemListElement":[{"@type":"ListItem","position":1,"name":"Home","item":"https:\/\/teterete.com\/mx\/"},{"@type":"ListItem","position":2,"name":"Productos","item":"https:\/\/teterete.com\/mx\/shop\/"},{"@type":"ListItem","position":3,"name":"Cojin de Lana Hecho en Telar Secuencia VI"}]},{"@type":"WebSite","@id":"https:\/\/teterete.com\/mx\/#website","url":"https:\/\/teterete.com\/mx\/","name":"","description":"Tienda en L\u00ednea de Fina Artesanias y Dise\u00f1o Mexicano. Bellas piezas elaboradas a mano por los mejores artesanos del pa\u00eds as\u00ed como piezas de dise\u00f1o y decoraci\u00f3n con inspiraci\u00f3n artesanal.","potentialAction":[{"@type":"SearchAction","target":{"@type":"EntryPoint","urlTemplate":"https:\/\/teterete.com\/mx\/?s={search_term_string}"},"query-input":{"@type":"PropertyValueSpecification","valueRequired":true,"valueName":"search_term_string"}}],"inLanguage":"es"}]}},"_links":{"self":[{"href":"https:\/\/teterete.com\/mx\/wp-json\/wp\/v2\/product\/4928","targetHints":{"allow":["GET"]}}],"collection":[{"href":"https:\/\/teterete.com\/mx\/wp-json\/wp\/v2\/product"}],"about":[{"href":"https:\/\/teterete.com\/mx\/wp-json\/wp\/v2\/types\/product"}],"replies":[{"embeddable":true,"href":"https:\/\/teterete.com\/mx\/wp-json\/wp\/v2\/comments?post=4928"}],"wp:featuredmedia":[{"embeddable":true,"href":"https:\/\/teterete.com\/mx\/wp-json\/wp\/v2\/media\/4919"}],"wp:attachment":[{"href":"https:\/\/teterete.com\/mx\/wp-json\/wp\/v2\/media?parent=4928"}],"wp:term":[{"taxonomy":"product_brand","embeddable":true,"href":"https:\/\/teterete.com\/mx\/wp-json\/wp\/v2\/product_brand?post=4928"},{"taxonomy":"product_cat","embeddable":true,"href":"https:\/\/teterete.com\/mx\/wp-json\/wp\/v2\/product_cat?post=4928"},{"taxonomy":"product_tag","embeddable":true,"href":"https:\/\/teterete.com\/mx\/wp-json\/wp\/v2\/product_tag?post=4928"}],"curies":[{"name":"wp","href":"https:\/\/api.w.org\/{rel}","templated":true}]}}