{"id":5199,"date":"2019-01-21T15:14:52","date_gmt":"2019-01-21T15:14:52","guid":{"rendered":"https:\/\/teterete.com\/mx\/?post_type=product&#038;p=5199"},"modified":"2025-05-23T22:00:32","modified_gmt":"2025-05-23T22:00:32","slug":"urchin-mini-pendiente-plata","status":"publish","type":"product","link":"https:\/\/teterete.com\/mx\/producto\/urchin-mini-pendiente-plata\/","title":{"rendered":"Urchin Mini Pendiente Plata"},"content":{"rendered":"<p>Esta colecci\u00f3n combina diferentes elementos y texturas como el coral, erizo marino y las figuras creadas en la arena por un pez muy especial.<\/p>\n<p>This collection combined different elements and textures such as the coral, the sea urchin and the beautiful symbol created in the sand by a very special fish.<\/p>\n<p>Material: Plata .925<\/p>\n<p>Color: Plata<\/p>\n","protected":false},"excerpt":{"rendered":"<p>El significado de HARAMARA es &#8220;Oc\u00e9ano Sagrado&#8221; para los Huicholes. Esta colecci\u00f3n esta inspirada en los misterios y belleza de los oc\u00e9anos.<\/p>\n<p>HARAMARA means &#8220;The sacred Ocean&#8221; in Huichol. This collection is inspired in the mysteries and beauty of our oceans.<\/p>\n","protected":false},"featured_media":5197,"comment_status":"open","ping_status":"closed","template":"","meta":{"_acf_changed":false,"sfsi_plus_gutenberg_text_before_share":"","sfsi_plus_gutenberg_show_text_before_share":"","sfsi_plus_gutenberg_icon_type":"","sfsi_plus_gutenberg_icon_alignemt":"","sfsi_plus_gutenburg_max_per_row":""},"product_brand":[],"product_cat":[1216,1144,1671,1263,61],"product_tag":[236,1092,1104,1096,963,1094,1091,1030,1102,1103,1098],"class_list":{"0":"post-5199","1":"product","2":"type-product","3":"status-publish","4":"has-post-thumbnail","6":"product_cat-especial-playa","7":"product_cat-eye_sea_you","8":"product_cat-joyeria-y-accesorios","9":"product_cat-moda-mexicana","10":"product_cat-para_ella","11":"product_tag-arte-mexicano","12":"product_tag-bano-en-oro","13":"product_tag-collar","14":"product_tag-diseno-huichol","15":"product_tag-diseno-mexicano","16":"product_tag-joya-mexicana","17":"product_tag-joyeria-mexicana","18":"product_tag-moda-mexicana","19":"product_tag-pendiente-de-oro","20":"product_tag-pendiente-para-mujer","21":"product_tag-regalo-para-mujer","22":"product_shipping_class-fast-delivery","24":"first","25":"instock","26":"taxable","27":"shipping-taxable","28":"purchasable","29":"product-type-simple"},"acf":[],"yoast_head":"<!-- This site is optimized with the Yoast SEO plugin v27.5 - https:\/\/yoast.com\/product\/yoast-seo-wordpress\/ -->\n<title>Urchin Mini Pendiente Plata -<\/title>\n<meta name=\"robots\" content=\"index, follow, max-snippet:-1, max-image-preview:large, max-video-preview:-1\" \/>\n<link rel=\"canonical\" href=\"https:\/\/teterete.com\/mx\/producto\/urchin-mini-pendiente-plata\/\" \/>\n<meta property=\"og:locale\" content=\"es_ES\" \/>\n<meta property=\"og:type\" content=\"article\" \/>\n<meta property=\"og:title\" content=\"Urchin Mini Pendiente Plata -\" \/>\n<meta property=\"og:description\" content=\"El significado de HARAMARA es &quot;Oc\u00e9ano Sagrado&quot; para los Huicholes. Esta colecci\u00f3n esta inspirada en los misterios y belleza de los oc\u00e9anos.  HARAMARA means &quot;The sacred Ocean&quot; in Huichol. This collection is inspired in the mysteries and beauty of our oceans.\" \/>\n<meta property=\"og:url\" content=\"https:\/\/teterete.com\/mx\/producto\/urchin-mini-pendiente-plata\/\" \/>\n<meta property=\"article:publisher\" content=\"https:\/\/www.facebook.com\/TetereteHome\/\" \/>\n<meta property=\"article:modified_time\" content=\"2025-05-23T22:00:32+00:00\" \/>\n<meta property=\"og:image\" content=\"https:\/\/teterete.com\/mx\/wp-content\/uploads\/2019\/01\/Screen-Shot-2019-01-21-at-9.02.10-AM.png\" \/>\n\t<meta property=\"og:image:width\" content=\"640\" \/>\n\t<meta property=\"og:image:height\" content=\"640\" \/>\n\t<meta property=\"og:image:type\" content=\"image\/png\" \/>\n<meta name=\"twitter:card\" content=\"summary_large_image\" \/>\n<meta name=\"twitter:site\" content=\"@Teterete_Home\" \/>\n<meta name=\"twitter:label1\" content=\"Tiempo de lectura\" \/>\n\t<meta name=\"twitter:data1\" content=\"1 minuto\" \/>\n<script type=\"application\/ld+json\" class=\"yoast-schema-graph\">{\"@context\":\"https:\\\/\\\/schema.org\",\"@graph\":[{\"@type\":\"WebPage\",\"@id\":\"https:\\\/\\\/teterete.com\\\/mx\\\/producto\\\/urchin-mini-pendiente-plata\\\/\",\"url\":\"https:\\\/\\\/teterete.com\\\/mx\\\/producto\\\/urchin-mini-pendiente-plata\\\/\",\"name\":\"Urchin Mini Pendiente Plata -\",\"isPartOf\":{\"@id\":\"https:\\\/\\\/teterete.com\\\/mx\\\/#website\"},\"primaryImageOfPage\":{\"@id\":\"https:\\\/\\\/teterete.com\\\/mx\\\/producto\\\/urchin-mini-pendiente-plata\\\/#primaryimage\"},\"image\":{\"@id\":\"https:\\\/\\\/teterete.com\\\/mx\\\/producto\\\/urchin-mini-pendiente-plata\\\/#primaryimage\"},\"thumbnailUrl\":\"https:\\\/\\\/teterete.com\\\/mx\\\/wp-content\\\/uploads\\\/2019\\\/01\\\/Screen-Shot-2019-01-21-at-9.02.10-AM.png\",\"datePublished\":\"2019-01-21T15:14:52+00:00\",\"dateModified\":\"2025-05-23T22:00:32+00:00\",\"breadcrumb\":{\"@id\":\"https:\\\/\\\/teterete.com\\\/mx\\\/producto\\\/urchin-mini-pendiente-plata\\\/#breadcrumb\"},\"inLanguage\":\"es\",\"potentialAction\":[{\"@type\":\"ReadAction\",\"target\":[\"https:\\\/\\\/teterete.com\\\/mx\\\/producto\\\/urchin-mini-pendiente-plata\\\/\"]}]},{\"@type\":\"ImageObject\",\"inLanguage\":\"es\",\"@id\":\"https:\\\/\\\/teterete.com\\\/mx\\\/producto\\\/urchin-mini-pendiente-plata\\\/#primaryimage\",\"url\":\"https:\\\/\\\/teterete.com\\\/mx\\\/wp-content\\\/uploads\\\/2019\\\/01\\\/Screen-Shot-2019-01-21-at-9.02.10-AM.png\",\"contentUrl\":\"https:\\\/\\\/teterete.com\\\/mx\\\/wp-content\\\/uploads\\\/2019\\\/01\\\/Screen-Shot-2019-01-21-at-9.02.10-AM.png\",\"width\":640,\"height\":640,\"caption\":\"Pendiente de Oro\"},{\"@type\":\"BreadcrumbList\",\"@id\":\"https:\\\/\\\/teterete.com\\\/mx\\\/producto\\\/urchin-mini-pendiente-plata\\\/#breadcrumb\",\"itemListElement\":[{\"@type\":\"ListItem\",\"position\":1,\"name\":\"Home\",\"item\":\"https:\\\/\\\/teterete.com\\\/mx\\\/\"},{\"@type\":\"ListItem\",\"position\":2,\"name\":\"Productos\",\"item\":\"https:\\\/\\\/teterete.com\\\/mx\\\/shop\\\/\"},{\"@type\":\"ListItem\",\"position\":3,\"name\":\"Urchin Mini Pendiente Plata\"}]},{\"@type\":\"WebSite\",\"@id\":\"https:\\\/\\\/teterete.com\\\/mx\\\/#website\",\"url\":\"https:\\\/\\\/teterete.com\\\/mx\\\/\",\"name\":\"\",\"description\":\"Tienda en L\u00ednea de Fina Artesanias y Dise\u00f1o Mexicano. Bellas piezas elaboradas a mano por los mejores artesanos del pa\u00eds as\u00ed como piezas de dise\u00f1o y decoraci\u00f3n con inspiraci\u00f3n artesanal.\",\"potentialAction\":[{\"@type\":\"SearchAction\",\"target\":{\"@type\":\"EntryPoint\",\"urlTemplate\":\"https:\\\/\\\/teterete.com\\\/mx\\\/?s={search_term_string}\"},\"query-input\":{\"@type\":\"PropertyValueSpecification\",\"valueRequired\":true,\"valueName\":\"search_term_string\"}}],\"inLanguage\":\"es\"}]}<\/script>\n<!-- \/ Yoast SEO plugin. -->","yoast_head_json":{"title":"Urchin Mini Pendiente Plata -","robots":{"index":"index","follow":"follow","max-snippet":"max-snippet:-1","max-image-preview":"max-image-preview:large","max-video-preview":"max-video-preview:-1"},"canonical":"https:\/\/teterete.com\/mx\/producto\/urchin-mini-pendiente-plata\/","og_locale":"es_ES","og_type":"article","og_title":"Urchin Mini Pendiente Plata -","og_description":"El significado de HARAMARA es \"Oc\u00e9ano Sagrado\" para los Huicholes. Esta colecci\u00f3n esta inspirada en los misterios y belleza de los oc\u00e9anos.  HARAMARA means \"The sacred Ocean\" in Huichol. This collection is inspired in the mysteries and beauty of our oceans.","og_url":"https:\/\/teterete.com\/mx\/producto\/urchin-mini-pendiente-plata\/","article_publisher":"https:\/\/www.facebook.com\/TetereteHome\/","article_modified_time":"2025-05-23T22:00:32+00:00","og_image":[{"width":640,"height":640,"url":"https:\/\/teterete.com\/mx\/wp-content\/uploads\/2019\/01\/Screen-Shot-2019-01-21-at-9.02.10-AM.png","type":"image\/png"}],"twitter_card":"summary_large_image","twitter_site":"@Teterete_Home","twitter_misc":{"Tiempo de lectura":"1 minuto"},"schema":{"@context":"https:\/\/schema.org","@graph":[{"@type":"WebPage","@id":"https:\/\/teterete.com\/mx\/producto\/urchin-mini-pendiente-plata\/","url":"https:\/\/teterete.com\/mx\/producto\/urchin-mini-pendiente-plata\/","name":"Urchin Mini Pendiente Plata -","isPartOf":{"@id":"https:\/\/teterete.com\/mx\/#website"},"primaryImageOfPage":{"@id":"https:\/\/teterete.com\/mx\/producto\/urchin-mini-pendiente-plata\/#primaryimage"},"image":{"@id":"https:\/\/teterete.com\/mx\/producto\/urchin-mini-pendiente-plata\/#primaryimage"},"thumbnailUrl":"https:\/\/teterete.com\/mx\/wp-content\/uploads\/2019\/01\/Screen-Shot-2019-01-21-at-9.02.10-AM.png","datePublished":"2019-01-21T15:14:52+00:00","dateModified":"2025-05-23T22:00:32+00:00","breadcrumb":{"@id":"https:\/\/teterete.com\/mx\/producto\/urchin-mini-pendiente-plata\/#breadcrumb"},"inLanguage":"es","potentialAction":[{"@type":"ReadAction","target":["https:\/\/teterete.com\/mx\/producto\/urchin-mini-pendiente-plata\/"]}]},{"@type":"ImageObject","inLanguage":"es","@id":"https:\/\/teterete.com\/mx\/producto\/urchin-mini-pendiente-plata\/#primaryimage","url":"https:\/\/teterete.com\/mx\/wp-content\/uploads\/2019\/01\/Screen-Shot-2019-01-21-at-9.02.10-AM.png","contentUrl":"https:\/\/teterete.com\/mx\/wp-content\/uploads\/2019\/01\/Screen-Shot-2019-01-21-at-9.02.10-AM.png","width":640,"height":640,"caption":"Pendiente de Oro"},{"@type":"BreadcrumbList","@id":"https:\/\/teterete.com\/mx\/producto\/urchin-mini-pendiente-plata\/#breadcrumb","itemListElement":[{"@type":"ListItem","position":1,"name":"Home","item":"https:\/\/teterete.com\/mx\/"},{"@type":"ListItem","position":2,"name":"Productos","item":"https:\/\/teterete.com\/mx\/shop\/"},{"@type":"ListItem","position":3,"name":"Urchin Mini Pendiente Plata"}]},{"@type":"WebSite","@id":"https:\/\/teterete.com\/mx\/#website","url":"https:\/\/teterete.com\/mx\/","name":"","description":"Tienda en L\u00ednea de Fina Artesanias y Dise\u00f1o Mexicano. Bellas piezas elaboradas a mano por los mejores artesanos del pa\u00eds as\u00ed como piezas de dise\u00f1o y decoraci\u00f3n con inspiraci\u00f3n artesanal.","potentialAction":[{"@type":"SearchAction","target":{"@type":"EntryPoint","urlTemplate":"https:\/\/teterete.com\/mx\/?s={search_term_string}"},"query-input":{"@type":"PropertyValueSpecification","valueRequired":true,"valueName":"search_term_string"}}],"inLanguage":"es"}]}},"_links":{"self":[{"href":"https:\/\/teterete.com\/mx\/wp-json\/wp\/v2\/product\/5199","targetHints":{"allow":["GET"]}}],"collection":[{"href":"https:\/\/teterete.com\/mx\/wp-json\/wp\/v2\/product"}],"about":[{"href":"https:\/\/teterete.com\/mx\/wp-json\/wp\/v2\/types\/product"}],"replies":[{"embeddable":true,"href":"https:\/\/teterete.com\/mx\/wp-json\/wp\/v2\/comments?post=5199"}],"wp:featuredmedia":[{"embeddable":true,"href":"https:\/\/teterete.com\/mx\/wp-json\/wp\/v2\/media\/5197"}],"wp:attachment":[{"href":"https:\/\/teterete.com\/mx\/wp-json\/wp\/v2\/media?parent=5199"}],"wp:term":[{"taxonomy":"product_brand","embeddable":true,"href":"https:\/\/teterete.com\/mx\/wp-json\/wp\/v2\/product_brand?post=5199"},{"taxonomy":"product_cat","embeddable":true,"href":"https:\/\/teterete.com\/mx\/wp-json\/wp\/v2\/product_cat?post=5199"},{"taxonomy":"product_tag","embeddable":true,"href":"https:\/\/teterete.com\/mx\/wp-json\/wp\/v2\/product_tag?post=5199"}],"curies":[{"name":"wp","href":"https:\/\/api.w.org\/{rel}","templated":true}]}}