{"id":5201,"date":"2019-01-21T15:25:10","date_gmt":"2019-01-21T15:25:10","guid":{"rendered":"https:\/\/teterete.com\/mx\/?post_type=product&#038;p=5201"},"modified":"2022-09-05T19:10:49","modified_gmt":"2022-09-05T19:10:49","slug":"anillo-erizo-marino","status":"publish","type":"product","link":"https:\/\/teterete.com\/mx\/producto\/anillo-erizo-marino\/","title":{"rendered":"Anillo Erizo Marino"},"content":{"rendered":"<p>Esta colecci\u00f3n combina diferentes elementos y texturas como el coral, erizo marino y las figuras creadas en la arena por un pez muy especial.<\/p>\n<p>This collection combined different elements and textures such as the coral, the sea urchin and the beautiful symbol created in the sand by a very special fish.<\/p>\n<p>Material: Metal con ba\u00f1o en oro de 22K<\/p>\n<p>Color: Oro<\/p>\n","protected":false},"excerpt":{"rendered":"<p>El significado de HARAMARA es &#8220;Oc\u00e9ano Sagrado&#8221; para los Huicholes. Esta colecci\u00f3n esta inspirada en los misterios y belleza de los oc\u00e9anos. <\/p>\n<p>HARAMARA means &#8220;The sacred Ocean&#8221; in Huichol. This collection is inspired in the mysteries and beauty of our oceans.<\/p>\n","protected":false},"featured_media":5202,"comment_status":"open","ping_status":"closed","template":"","meta":{"sfsi_plus_gutenberg_text_before_share":"","sfsi_plus_gutenberg_show_text_before_share":"","sfsi_plus_gutenberg_icon_type":"","sfsi_plus_gutenberg_icon_alignemt":"","sfsi_plus_gutenburg_max_per_row":""},"product_cat":[1216,1671,1263,1144,61],"product_tag":[1089,1097,236,1092,1096,963,1094,1091,1030,1098],"acf":[],"yoast_head":"<!-- This site is optimized with the Yoast SEO plugin v23.5 - https:\/\/yoast.com\/wordpress\/plugins\/seo\/ -->\n<title>Anillo Erizo Marino -<\/title>\n<meta name=\"robots\" content=\"index, follow, max-snippet:-1, max-image-preview:large, max-video-preview:-1\" \/>\n<link rel=\"canonical\" href=\"https:\/\/teterete.com\/mx\/producto\/anillo-erizo-marino\/\" \/>\n<meta property=\"og:locale\" content=\"es_ES\" \/>\n<meta property=\"og:type\" content=\"article\" \/>\n<meta property=\"og:title\" content=\"Anillo Erizo Marino -\" \/>\n<meta property=\"og:description\" content=\"El significado de HARAMARA es &quot;Oc\u00e9ano Sagrado&quot; para los Huicholes. Esta colecci\u00f3n esta inspirada en los misterios y belleza de los oc\u00e9anos.   HARAMARA means &quot;The sacred Ocean&quot; in Huichol. This collection is inspired in the mysteries and beauty of our oceans.\" \/>\n<meta property=\"og:url\" content=\"https:\/\/teterete.com\/mx\/producto\/anillo-erizo-marino\/\" \/>\n<meta property=\"article:publisher\" content=\"https:\/\/www.facebook.com\/TetereteHome\/\" \/>\n<meta property=\"article:modified_time\" content=\"2022-09-05T19:10:49+00:00\" \/>\n<meta property=\"og:image\" content=\"https:\/\/teterete.com\/mx\/wp-content\/uploads\/2019\/01\/Anillo-Urchin-Grande-EYESEAYOU-YG.jpg\" \/>\n\t<meta property=\"og:image:width\" content=\"1000\" \/>\n\t<meta property=\"og:image:height\" content=\"1000\" \/>\n\t<meta property=\"og:image:type\" content=\"image\/jpeg\" \/>\n<meta name=\"twitter:card\" content=\"summary_large_image\" \/>\n<meta name=\"twitter:site\" content=\"@Teterete_Home\" \/>\n<script type=\"application\/ld+json\" class=\"yoast-schema-graph\">{\"@context\":\"https:\/\/schema.org\",\"@graph\":[{\"@type\":\"WebPage\",\"@id\":\"https:\/\/teterete.com\/mx\/producto\/anillo-erizo-marino\/\",\"url\":\"https:\/\/teterete.com\/mx\/producto\/anillo-erizo-marino\/\",\"name\":\"Anillo Erizo Marino -\",\"isPartOf\":{\"@id\":\"https:\/\/teterete.com\/mx\/#website\"},\"primaryImageOfPage\":{\"@id\":\"https:\/\/teterete.com\/mx\/producto\/anillo-erizo-marino\/#primaryimage\"},\"image\":{\"@id\":\"https:\/\/teterete.com\/mx\/producto\/anillo-erizo-marino\/#primaryimage\"},\"thumbnailUrl\":\"https:\/\/teterete.com\/mx\/wp-content\/uploads\/2019\/01\/Anillo-Urchin-Grande-EYESEAYOU-YG.jpg\",\"datePublished\":\"2019-01-21T15:25:10+00:00\",\"dateModified\":\"2022-09-05T19:10:49+00:00\",\"breadcrumb\":{\"@id\":\"https:\/\/teterete.com\/mx\/producto\/anillo-erizo-marino\/#breadcrumb\"},\"inLanguage\":\"es\",\"potentialAction\":[{\"@type\":\"ReadAction\",\"target\":[\"https:\/\/teterete.com\/mx\/producto\/anillo-erizo-marino\/\"]}]},{\"@type\":\"ImageObject\",\"inLanguage\":\"es\",\"@id\":\"https:\/\/teterete.com\/mx\/producto\/anillo-erizo-marino\/#primaryimage\",\"url\":\"https:\/\/teterete.com\/mx\/wp-content\/uploads\/2019\/01\/Anillo-Urchin-Grande-EYESEAYOU-YG.jpg\",\"contentUrl\":\"https:\/\/teterete.com\/mx\/wp-content\/uploads\/2019\/01\/Anillo-Urchin-Grande-EYESEAYOU-YG.jpg\",\"width\":1000,\"height\":1000,\"caption\":\"Anillo Urchin Grande\"},{\"@type\":\"BreadcrumbList\",\"@id\":\"https:\/\/teterete.com\/mx\/producto\/anillo-erizo-marino\/#breadcrumb\",\"itemListElement\":[{\"@type\":\"ListItem\",\"position\":1,\"name\":\"Home\",\"item\":\"https:\/\/teterete.com\/mx\/\"},{\"@type\":\"ListItem\",\"position\":2,\"name\":\"Productos\",\"item\":\"https:\/\/teterete.com\/mx\/shop\/\"},{\"@type\":\"ListItem\",\"position\":3,\"name\":\"Anillo Erizo Marino\"}]},{\"@type\":\"WebSite\",\"@id\":\"https:\/\/teterete.com\/mx\/#website\",\"url\":\"https:\/\/teterete.com\/mx\/\",\"name\":\"\",\"description\":\"Tienda en L\u00ednea de Fina Artesanias y Dise\u00f1o Mexicano. Bellas piezas elaboradas a mano por los mejores artesanos del pa\u00eds as\u00ed como piezas de dise\u00f1o y decoraci\u00f3n con inspiraci\u00f3n artesanal.\",\"potentialAction\":[{\"@type\":\"SearchAction\",\"target\":{\"@type\":\"EntryPoint\",\"urlTemplate\":\"https:\/\/teterete.com\/mx\/?s={search_term_string}\"},\"query-input\":{\"@type\":\"PropertyValueSpecification\",\"valueRequired\":true,\"valueName\":\"search_term_string\"}}],\"inLanguage\":\"es\"}]}<\/script>\n<!-- \/ Yoast SEO plugin. -->","yoast_head_json":{"title":"Anillo Erizo Marino -","robots":{"index":"index","follow":"follow","max-snippet":"max-snippet:-1","max-image-preview":"max-image-preview:large","max-video-preview":"max-video-preview:-1"},"canonical":"https:\/\/teterete.com\/mx\/producto\/anillo-erizo-marino\/","og_locale":"es_ES","og_type":"article","og_title":"Anillo Erizo Marino -","og_description":"El significado de HARAMARA es \"Oc\u00e9ano Sagrado\" para los Huicholes. Esta colecci\u00f3n esta inspirada en los misterios y belleza de los oc\u00e9anos.   HARAMARA means \"The sacred Ocean\" in Huichol. This collection is inspired in the mysteries and beauty of our oceans.","og_url":"https:\/\/teterete.com\/mx\/producto\/anillo-erizo-marino\/","article_publisher":"https:\/\/www.facebook.com\/TetereteHome\/","article_modified_time":"2022-09-05T19:10:49+00:00","og_image":[{"width":1000,"height":1000,"url":"https:\/\/teterete.com\/mx\/wp-content\/uploads\/2019\/01\/Anillo-Urchin-Grande-EYESEAYOU-YG.jpg","type":"image\/jpeg"}],"twitter_card":"summary_large_image","twitter_site":"@Teterete_Home","schema":{"@context":"https:\/\/schema.org","@graph":[{"@type":"WebPage","@id":"https:\/\/teterete.com\/mx\/producto\/anillo-erizo-marino\/","url":"https:\/\/teterete.com\/mx\/producto\/anillo-erizo-marino\/","name":"Anillo Erizo Marino -","isPartOf":{"@id":"https:\/\/teterete.com\/mx\/#website"},"primaryImageOfPage":{"@id":"https:\/\/teterete.com\/mx\/producto\/anillo-erizo-marino\/#primaryimage"},"image":{"@id":"https:\/\/teterete.com\/mx\/producto\/anillo-erizo-marino\/#primaryimage"},"thumbnailUrl":"https:\/\/teterete.com\/mx\/wp-content\/uploads\/2019\/01\/Anillo-Urchin-Grande-EYESEAYOU-YG.jpg","datePublished":"2019-01-21T15:25:10+00:00","dateModified":"2022-09-05T19:10:49+00:00","breadcrumb":{"@id":"https:\/\/teterete.com\/mx\/producto\/anillo-erizo-marino\/#breadcrumb"},"inLanguage":"es","potentialAction":[{"@type":"ReadAction","target":["https:\/\/teterete.com\/mx\/producto\/anillo-erizo-marino\/"]}]},{"@type":"ImageObject","inLanguage":"es","@id":"https:\/\/teterete.com\/mx\/producto\/anillo-erizo-marino\/#primaryimage","url":"https:\/\/teterete.com\/mx\/wp-content\/uploads\/2019\/01\/Anillo-Urchin-Grande-EYESEAYOU-YG.jpg","contentUrl":"https:\/\/teterete.com\/mx\/wp-content\/uploads\/2019\/01\/Anillo-Urchin-Grande-EYESEAYOU-YG.jpg","width":1000,"height":1000,"caption":"Anillo Urchin Grande"},{"@type":"BreadcrumbList","@id":"https:\/\/teterete.com\/mx\/producto\/anillo-erizo-marino\/#breadcrumb","itemListElement":[{"@type":"ListItem","position":1,"name":"Home","item":"https:\/\/teterete.com\/mx\/"},{"@type":"ListItem","position":2,"name":"Productos","item":"https:\/\/teterete.com\/mx\/shop\/"},{"@type":"ListItem","position":3,"name":"Anillo Erizo Marino"}]},{"@type":"WebSite","@id":"https:\/\/teterete.com\/mx\/#website","url":"https:\/\/teterete.com\/mx\/","name":"","description":"Tienda en L\u00ednea de Fina Artesanias y Dise\u00f1o Mexicano. Bellas piezas elaboradas a mano por los mejores artesanos del pa\u00eds as\u00ed como piezas de dise\u00f1o y decoraci\u00f3n con inspiraci\u00f3n artesanal.","potentialAction":[{"@type":"SearchAction","target":{"@type":"EntryPoint","urlTemplate":"https:\/\/teterete.com\/mx\/?s={search_term_string}"},"query-input":{"@type":"PropertyValueSpecification","valueRequired":true,"valueName":"search_term_string"}}],"inLanguage":"es"}]}},"_links":{"self":[{"href":"https:\/\/teterete.com\/mx\/wp-json\/wp\/v2\/product\/5201"}],"collection":[{"href":"https:\/\/teterete.com\/mx\/wp-json\/wp\/v2\/product"}],"about":[{"href":"https:\/\/teterete.com\/mx\/wp-json\/wp\/v2\/types\/product"}],"replies":[{"embeddable":true,"href":"https:\/\/teterete.com\/mx\/wp-json\/wp\/v2\/comments?post=5201"}],"wp:featuredmedia":[{"embeddable":true,"href":"https:\/\/teterete.com\/mx\/wp-json\/wp\/v2\/media\/5202"}],"wp:attachment":[{"href":"https:\/\/teterete.com\/mx\/wp-json\/wp\/v2\/media?parent=5201"}],"wp:term":[{"taxonomy":"product_cat","embeddable":true,"href":"https:\/\/teterete.com\/mx\/wp-json\/wp\/v2\/product_cat?post=5201"},{"taxonomy":"product_tag","embeddable":true,"href":"https:\/\/teterete.com\/mx\/wp-json\/wp\/v2\/product_tag?post=5201"}],"curies":[{"name":"wp","href":"https:\/\/api.w.org\/{rel}","templated":true}]}}