{"id":5209,"date":"2019-01-22T15:22:48","date_gmt":"2019-01-22T15:22:48","guid":{"rendered":"https:\/\/teterete.com\/mx\/?post_type=product&#038;p=5209"},"modified":"2025-06-02T01:59:56","modified_gmt":"2025-06-02T01:59:56","slug":"anillo-nierika","status":"publish","type":"product","link":"https:\/\/teterete.com\/mx\/producto\/anillo-nierika\/","title":{"rendered":"Anillo NIERIKA"},"content":{"rendered":"<p>Material: Ba\u00f1o de oro de 22K<\/p>\n<p>Medidas: Se ajusta a todas las medidas<\/p>\n<p>In the Huichol culture a NIERIKA is a mirror with two faces, and for that reason often both sides are covered with yarn designs and the hole in the middle is considered a mirror. This &#8216;hole&#8217; or &#8216;mirror&#8217; is the magical eye through which man and God can see each other<\/p>\n","protected":false},"excerpt":{"rendered":"<p>En la cultura Huichol NIERIKA es un espejo con 2 lados, cada lado se cubre con colorido estambre, y el agujero en el centro es considerado un espejo. Este agujero es el ojo sagrado por el que el hombre y su Dios pueden verse uno al otro.<\/p>\n<p>Este anillo te sirve como tu propio NIERIKA, un amuleto que puede volver los sue\u00f1os realidad.<\/p>\n","protected":false},"featured_media":5210,"comment_status":"open","ping_status":"closed","template":"","meta":{"sfsi_plus_gutenberg_text_before_share":"","sfsi_plus_gutenberg_show_text_before_share":"","sfsi_plus_gutenberg_icon_type":"","sfsi_plus_gutenberg_icon_alignemt":"","sfsi_plus_gutenburg_max_per_row":""},"product_cat":[1216,1671,1263,1142,61],"product_tag":[792,1110,230,1003,963,782,1109,1108,1091,1030],"acf":[],"yoast_head":"<!-- This site is optimized with the Yoast SEO plugin v23.5 - https:\/\/yoast.com\/wordpress\/plugins\/seo\/ -->\n<title>Anillo NIERIKA -<\/title>\n<meta name=\"description\" content=\"Este anillo te sirve como tu propio NIERIKA, un amuleto que puede volver los sue\u00f1os realidad.\" \/>\n<meta name=\"robots\" content=\"index, follow, max-snippet:-1, max-image-preview:large, max-video-preview:-1\" \/>\n<link rel=\"canonical\" href=\"https:\/\/teterete.com\/mx\/producto\/anillo-nierika\/\" \/>\n<meta property=\"og:locale\" content=\"es_ES\" \/>\n<meta property=\"og:type\" content=\"article\" \/>\n<meta property=\"og:title\" content=\"Anillo NIERIKA -\" \/>\n<meta property=\"og:description\" content=\"Este anillo te sirve como tu propio NIERIKA, un amuleto que puede volver los sue\u00f1os realidad.\" \/>\n<meta property=\"og:url\" content=\"https:\/\/teterete.com\/mx\/producto\/anillo-nierika\/\" \/>\n<meta property=\"article:publisher\" content=\"https:\/\/www.facebook.com\/TetereteHome\/\" \/>\n<meta property=\"article:modified_time\" content=\"2025-06-02T01:59:56+00:00\" \/>\n<meta property=\"og:image\" content=\"https:\/\/teterete.com\/mx\/wp-content\/uploads\/2019\/01\/Screen-Shot-2019-01-22-at-9.43.03-AM.png\" \/>\n\t<meta property=\"og:image:width\" content=\"320\" \/>\n\t<meta property=\"og:image:height\" content=\"320\" \/>\n\t<meta property=\"og:image:type\" content=\"image\/png\" \/>\n<meta name=\"twitter:card\" content=\"summary_large_image\" \/>\n<meta name=\"twitter:site\" content=\"@Teterete_Home\" \/>\n<meta name=\"twitter:label1\" content=\"Tiempo de lectura\" \/>\n\t<meta name=\"twitter:data1\" content=\"1 minuto\" \/>\n<script type=\"application\/ld+json\" class=\"yoast-schema-graph\">{\"@context\":\"https:\/\/schema.org\",\"@graph\":[{\"@type\":\"WebPage\",\"@id\":\"https:\/\/teterete.com\/mx\/producto\/anillo-nierika\/\",\"url\":\"https:\/\/teterete.com\/mx\/producto\/anillo-nierika\/\",\"name\":\"Anillo NIERIKA -\",\"isPartOf\":{\"@id\":\"https:\/\/teterete.com\/mx\/#website\"},\"primaryImageOfPage\":{\"@id\":\"https:\/\/teterete.com\/mx\/producto\/anillo-nierika\/#primaryimage\"},\"image\":{\"@id\":\"https:\/\/teterete.com\/mx\/producto\/anillo-nierika\/#primaryimage\"},\"thumbnailUrl\":\"https:\/\/teterete.com\/mx\/wp-content\/uploads\/2019\/01\/Screen-Shot-2019-01-22-at-9.43.03-AM.png\",\"datePublished\":\"2019-01-22T15:22:48+00:00\",\"dateModified\":\"2025-06-02T01:59:56+00:00\",\"description\":\"Este anillo te sirve como tu propio NIERIKA, un amuleto que puede volver los sue\u00f1os realidad.\",\"breadcrumb\":{\"@id\":\"https:\/\/teterete.com\/mx\/producto\/anillo-nierika\/#breadcrumb\"},\"inLanguage\":\"es\",\"potentialAction\":[{\"@type\":\"ReadAction\",\"target\":[\"https:\/\/teterete.com\/mx\/producto\/anillo-nierika\/\"]}]},{\"@type\":\"ImageObject\",\"inLanguage\":\"es\",\"@id\":\"https:\/\/teterete.com\/mx\/producto\/anillo-nierika\/#primaryimage\",\"url\":\"https:\/\/teterete.com\/mx\/wp-content\/uploads\/2019\/01\/Screen-Shot-2019-01-22-at-9.43.03-AM.png\",\"contentUrl\":\"https:\/\/teterete.com\/mx\/wp-content\/uploads\/2019\/01\/Screen-Shot-2019-01-22-at-9.43.03-AM.png\",\"width\":320,\"height\":320,\"caption\":\"Anillo Nierika\"},{\"@type\":\"BreadcrumbList\",\"@id\":\"https:\/\/teterete.com\/mx\/producto\/anillo-nierika\/#breadcrumb\",\"itemListElement\":[{\"@type\":\"ListItem\",\"position\":1,\"name\":\"Home\",\"item\":\"https:\/\/teterete.com\/mx\/\"},{\"@type\":\"ListItem\",\"position\":2,\"name\":\"Productos\",\"item\":\"https:\/\/teterete.com\/mx\/shop\/\"},{\"@type\":\"ListItem\",\"position\":3,\"name\":\"Anillo NIERIKA\"}]},{\"@type\":\"WebSite\",\"@id\":\"https:\/\/teterete.com\/mx\/#website\",\"url\":\"https:\/\/teterete.com\/mx\/\",\"name\":\"\",\"description\":\"Tienda en L\u00ednea de Fina Artesanias y Dise\u00f1o Mexicano. Bellas piezas elaboradas a mano por los mejores artesanos del pa\u00eds as\u00ed como piezas de dise\u00f1o y decoraci\u00f3n con inspiraci\u00f3n artesanal.\",\"potentialAction\":[{\"@type\":\"SearchAction\",\"target\":{\"@type\":\"EntryPoint\",\"urlTemplate\":\"https:\/\/teterete.com\/mx\/?s={search_term_string}\"},\"query-input\":{\"@type\":\"PropertyValueSpecification\",\"valueRequired\":true,\"valueName\":\"search_term_string\"}}],\"inLanguage\":\"es\"}]}<\/script>\n<!-- \/ Yoast SEO plugin. -->","yoast_head_json":{"title":"Anillo NIERIKA -","description":"Este anillo te sirve como tu propio NIERIKA, un amuleto que puede volver los sue\u00f1os realidad.","robots":{"index":"index","follow":"follow","max-snippet":"max-snippet:-1","max-image-preview":"max-image-preview:large","max-video-preview":"max-video-preview:-1"},"canonical":"https:\/\/teterete.com\/mx\/producto\/anillo-nierika\/","og_locale":"es_ES","og_type":"article","og_title":"Anillo NIERIKA -","og_description":"Este anillo te sirve como tu propio NIERIKA, un amuleto que puede volver los sue\u00f1os realidad.","og_url":"https:\/\/teterete.com\/mx\/producto\/anillo-nierika\/","article_publisher":"https:\/\/www.facebook.com\/TetereteHome\/","article_modified_time":"2025-06-02T01:59:56+00:00","og_image":[{"width":320,"height":320,"url":"https:\/\/teterete.com\/mx\/wp-content\/uploads\/2019\/01\/Screen-Shot-2019-01-22-at-9.43.03-AM.png","type":"image\/png"}],"twitter_card":"summary_large_image","twitter_site":"@Teterete_Home","twitter_misc":{"Tiempo de lectura":"1 minuto"},"schema":{"@context":"https:\/\/schema.org","@graph":[{"@type":"WebPage","@id":"https:\/\/teterete.com\/mx\/producto\/anillo-nierika\/","url":"https:\/\/teterete.com\/mx\/producto\/anillo-nierika\/","name":"Anillo NIERIKA -","isPartOf":{"@id":"https:\/\/teterete.com\/mx\/#website"},"primaryImageOfPage":{"@id":"https:\/\/teterete.com\/mx\/producto\/anillo-nierika\/#primaryimage"},"image":{"@id":"https:\/\/teterete.com\/mx\/producto\/anillo-nierika\/#primaryimage"},"thumbnailUrl":"https:\/\/teterete.com\/mx\/wp-content\/uploads\/2019\/01\/Screen-Shot-2019-01-22-at-9.43.03-AM.png","datePublished":"2019-01-22T15:22:48+00:00","dateModified":"2025-06-02T01:59:56+00:00","description":"Este anillo te sirve como tu propio NIERIKA, un amuleto que puede volver los sue\u00f1os realidad.","breadcrumb":{"@id":"https:\/\/teterete.com\/mx\/producto\/anillo-nierika\/#breadcrumb"},"inLanguage":"es","potentialAction":[{"@type":"ReadAction","target":["https:\/\/teterete.com\/mx\/producto\/anillo-nierika\/"]}]},{"@type":"ImageObject","inLanguage":"es","@id":"https:\/\/teterete.com\/mx\/producto\/anillo-nierika\/#primaryimage","url":"https:\/\/teterete.com\/mx\/wp-content\/uploads\/2019\/01\/Screen-Shot-2019-01-22-at-9.43.03-AM.png","contentUrl":"https:\/\/teterete.com\/mx\/wp-content\/uploads\/2019\/01\/Screen-Shot-2019-01-22-at-9.43.03-AM.png","width":320,"height":320,"caption":"Anillo Nierika"},{"@type":"BreadcrumbList","@id":"https:\/\/teterete.com\/mx\/producto\/anillo-nierika\/#breadcrumb","itemListElement":[{"@type":"ListItem","position":1,"name":"Home","item":"https:\/\/teterete.com\/mx\/"},{"@type":"ListItem","position":2,"name":"Productos","item":"https:\/\/teterete.com\/mx\/shop\/"},{"@type":"ListItem","position":3,"name":"Anillo NIERIKA"}]},{"@type":"WebSite","@id":"https:\/\/teterete.com\/mx\/#website","url":"https:\/\/teterete.com\/mx\/","name":"","description":"Tienda en L\u00ednea de Fina Artesanias y Dise\u00f1o Mexicano. Bellas piezas elaboradas a mano por los mejores artesanos del pa\u00eds as\u00ed como piezas de dise\u00f1o y decoraci\u00f3n con inspiraci\u00f3n artesanal.","potentialAction":[{"@type":"SearchAction","target":{"@type":"EntryPoint","urlTemplate":"https:\/\/teterete.com\/mx\/?s={search_term_string}"},"query-input":{"@type":"PropertyValueSpecification","valueRequired":true,"valueName":"search_term_string"}}],"inLanguage":"es"}]}},"_links":{"self":[{"href":"https:\/\/teterete.com\/mx\/wp-json\/wp\/v2\/product\/5209"}],"collection":[{"href":"https:\/\/teterete.com\/mx\/wp-json\/wp\/v2\/product"}],"about":[{"href":"https:\/\/teterete.com\/mx\/wp-json\/wp\/v2\/types\/product"}],"replies":[{"embeddable":true,"href":"https:\/\/teterete.com\/mx\/wp-json\/wp\/v2\/comments?post=5209"}],"wp:featuredmedia":[{"embeddable":true,"href":"https:\/\/teterete.com\/mx\/wp-json\/wp\/v2\/media\/5210"}],"wp:attachment":[{"href":"https:\/\/teterete.com\/mx\/wp-json\/wp\/v2\/media?parent=5209"}],"wp:term":[{"taxonomy":"product_cat","embeddable":true,"href":"https:\/\/teterete.com\/mx\/wp-json\/wp\/v2\/product_cat?post=5209"},{"taxonomy":"product_tag","embeddable":true,"href":"https:\/\/teterete.com\/mx\/wp-json\/wp\/v2\/product_tag?post=5209"}],"curies":[{"name":"wp","href":"https:\/\/api.w.org\/{rel}","templated":true}]}}