{"id":5226,"date":"2019-01-22T16:53:15","date_gmt":"2019-01-22T16:53:15","guid":{"rendered":"https:\/\/teterete.com\/mx\/?post_type=product&#038;p=5226"},"modified":"2025-06-02T02:43:54","modified_gmt":"2025-06-02T02:43:54","slug":"collar-y-pendiente-largo-tuqui","status":"publish","type":"product","link":"https:\/\/teterete.com\/mx\/producto\/collar-y-pendiente-largo-tuqui\/","title":{"rendered":"Collar y Pendiente Largo TUQUI"},"content":{"rendered":"<p>Los Huicholes llevan a cabo peregrinaciones a la tierra sagrada de Wirikuta entre Octubre y Marzo. Siguen el camino de los dioses -del oc\u00e9ano Haramara hacia el lugar donde naci\u00f3 el sol (Reunax)- llamado Cerro Quemado (Leunaxu). Esos dioses fueron guiados por Tatewari, el abuelo fuego. Ah\u00ed, un venado (Max) us\u00f3 sus cuernos para elevar el sol al cielo, iluminando el mundo.<\/p>\n<p>Huichols carry out yearly pilgrimages to Wirikuta between October and March. They follow the journey of their deities from Haramara&#8217;s sea to the place where the Sun appeared (Reunax), the Cerro Quemado (Leunaxu). Those Gods were guided by Tatewari, the Grandfather Fire. There, a Deer (max) used his horns to rise the sun to the sky, illuminating the world.<\/p>\n","protected":false},"excerpt":{"rendered":"<p>Los Huicholes tienen su propia cosmogon\u00eda, que habla de como los Huicholes fueron formados por elementos del mundo natural como: fuego, aire, agua y tierra. Por ello se consideran descendientes directos de la tierra, todos los aspectos de su vida est\u00e1n dedicados a asegurarse que la naturaleza se mantiene en armon\u00eda. Cuentan con ceremonias especiales dedicadas a esto.<\/p>\n<p>TUQUI significa templo Huichol.<\/p>\n<p>Material: Ba\u00f1o en Oro de 22K<\/p>\n<p>Color: Oro<\/p>\n<p>The Huicholes believe in cosmology, which tells of how all Huichols were formed by elements of the natural world: fire, air, water, and earth. Because the Huichols view themselves as descendants of the earth, all aspects of their life are dedicated to ensure that nature will be appeased and remain in balance. The Huichols have specific ceremonies for each season, intended to bring balance to the community.<\/p>\n<p>TUQUI means Huichol temple.<\/p>\n","protected":false},"featured_media":5227,"comment_status":"open","ping_status":"closed","template":"","meta":{"_acf_changed":false,"sfsi_plus_gutenberg_text_before_share":"","sfsi_plus_gutenberg_show_text_before_share":"","sfsi_plus_gutenberg_icon_type":"","sfsi_plus_gutenberg_icon_alignemt":"","sfsi_plus_gutenburg_max_per_row":""},"product_brand":[],"product_cat":[1216,1142,1671,1263,61,350,2057],"product_tag":[792,230,1121,1003,963,782,1109,1108,1091,1030,1120],"class_list":{"0":"post-5226","1":"product","2":"type-product","3":"status-publish","4":"has-post-thumbnail","6":"product_cat-especial-playa","7":"product_cat-hikuri","8":"product_cat-joyeria-y-accesorios","9":"product_cat-moda-mexicana","10":"product_cat-para_ella","11":"product_cat-piezas-unicas","12":"product_cat-regalos-mama","13":"product_tag-accesorios-para-mujer","14":"product_tag-arte-huichol","15":"product_tag-collar-huichol","16":"product_tag-diseno-artesanal","17":"product_tag-diseno-mexicano","18":"product_tag-hecho-a-mano","19":"product_tag-joyas","20":"product_tag-joyeria-huichol","21":"product_tag-joyeria-mexicana","22":"product_tag-moda-mexicana","23":"product_tag-pendiente-huichol","24":"product_shipping_class-fast-delivery","26":"first","27":"instock","28":"taxable","29":"shipping-taxable","30":"purchasable","31":"product-type-simple"},"acf":[],"yoast_head":"<!-- This site is optimized with the Yoast SEO plugin v27.5 - https:\/\/yoast.com\/product\/yoast-seo-wordpress\/ -->\n<title>Collar y Pendiente Largo TUQUI -<\/title>\n<meta name=\"robots\" content=\"index, follow, max-snippet:-1, max-image-preview:large, max-video-preview:-1\" \/>\n<link rel=\"canonical\" href=\"https:\/\/teterete.com\/mx\/producto\/collar-y-pendiente-largo-tuqui\/\" \/>\n<meta property=\"og:locale\" content=\"es_ES\" \/>\n<meta property=\"og:type\" content=\"article\" \/>\n<meta property=\"og:title\" content=\"Collar y Pendiente Largo TUQUI -\" \/>\n<meta property=\"og:description\" content=\"Los Huicholes tienen su propia cosmogon\u00eda, que habla de como los Huicholes fueron formados por elementos del mundo natural como: fuego, aire, agua y tierra. Por ello se consideran descendientes directos de la tierra, todos los aspectos de su vida est\u00e1n dedicados a asegurarse que la naturaleza se mantiene en armon\u00eda. Cuentan con ceremonias especiales dedicadas a esto.  TUQUI significa templo Huichol.  Material: Ba\u00f1o en Oro de 22K  Color: Oro  The Huicholes believe in cosmology, which tells of how all Huichols were formed by elements of the natural world: fire, air, water, and earth. Because the Huichols view themselves as descendants of the earth, all aspects of their life are dedicated to ensure that nature will be appeased and remain in balance. The Huichols have specific ceremonies for each season, intended to bring balance to the community.  TUQUI means Huichol temple.\" \/>\n<meta property=\"og:url\" content=\"https:\/\/teterete.com\/mx\/producto\/collar-y-pendiente-largo-tuqui\/\" \/>\n<meta property=\"article:publisher\" content=\"https:\/\/www.facebook.com\/TetereteHome\/\" \/>\n<meta property=\"article:modified_time\" content=\"2025-06-02T02:43:54+00:00\" \/>\n<meta property=\"og:image\" content=\"https:\/\/teterete.com\/mx\/wp-content\/uploads\/2019\/01\/Pendant-Large-Peyote-PEYOTE-YG.jpg\" \/>\n\t<meta property=\"og:image:width\" content=\"1000\" \/>\n\t<meta property=\"og:image:height\" content=\"1000\" \/>\n\t<meta property=\"og:image:type\" content=\"image\/jpeg\" \/>\n<meta name=\"twitter:card\" content=\"summary_large_image\" \/>\n<meta name=\"twitter:site\" content=\"@Teterete_Home\" \/>\n<meta name=\"twitter:label1\" content=\"Tiempo de lectura\" \/>\n\t<meta name=\"twitter:data1\" content=\"1 minuto\" \/>\n<script type=\"application\/ld+json\" class=\"yoast-schema-graph\">{\"@context\":\"https:\\\/\\\/schema.org\",\"@graph\":[{\"@type\":\"WebPage\",\"@id\":\"https:\\\/\\\/teterete.com\\\/mx\\\/producto\\\/collar-y-pendiente-largo-tuqui\\\/\",\"url\":\"https:\\\/\\\/teterete.com\\\/mx\\\/producto\\\/collar-y-pendiente-largo-tuqui\\\/\",\"name\":\"Collar y Pendiente Largo TUQUI -\",\"isPartOf\":{\"@id\":\"https:\\\/\\\/teterete.com\\\/mx\\\/#website\"},\"primaryImageOfPage\":{\"@id\":\"https:\\\/\\\/teterete.com\\\/mx\\\/producto\\\/collar-y-pendiente-largo-tuqui\\\/#primaryimage\"},\"image\":{\"@id\":\"https:\\\/\\\/teterete.com\\\/mx\\\/producto\\\/collar-y-pendiente-largo-tuqui\\\/#primaryimage\"},\"thumbnailUrl\":\"https:\\\/\\\/teterete.com\\\/mx\\\/wp-content\\\/uploads\\\/2019\\\/01\\\/Pendant-Large-Peyote-PEYOTE-YG.jpg\",\"datePublished\":\"2019-01-22T16:53:15+00:00\",\"dateModified\":\"2025-06-02T02:43:54+00:00\",\"breadcrumb\":{\"@id\":\"https:\\\/\\\/teterete.com\\\/mx\\\/producto\\\/collar-y-pendiente-largo-tuqui\\\/#breadcrumb\"},\"inLanguage\":\"es\",\"potentialAction\":[{\"@type\":\"ReadAction\",\"target\":[\"https:\\\/\\\/teterete.com\\\/mx\\\/producto\\\/collar-y-pendiente-largo-tuqui\\\/\"]}]},{\"@type\":\"ImageObject\",\"inLanguage\":\"es\",\"@id\":\"https:\\\/\\\/teterete.com\\\/mx\\\/producto\\\/collar-y-pendiente-largo-tuqui\\\/#primaryimage\",\"url\":\"https:\\\/\\\/teterete.com\\\/mx\\\/wp-content\\\/uploads\\\/2019\\\/01\\\/Pendant-Large-Peyote-PEYOTE-YG.jpg\",\"contentUrl\":\"https:\\\/\\\/teterete.com\\\/mx\\\/wp-content\\\/uploads\\\/2019\\\/01\\\/Pendant-Large-Peyote-PEYOTE-YG.jpg\",\"width\":1000,\"height\":1000,\"caption\":\"Pendiente Largo TUQUI\"},{\"@type\":\"BreadcrumbList\",\"@id\":\"https:\\\/\\\/teterete.com\\\/mx\\\/producto\\\/collar-y-pendiente-largo-tuqui\\\/#breadcrumb\",\"itemListElement\":[{\"@type\":\"ListItem\",\"position\":1,\"name\":\"Home\",\"item\":\"https:\\\/\\\/teterete.com\\\/mx\\\/\"},{\"@type\":\"ListItem\",\"position\":2,\"name\":\"Productos\",\"item\":\"https:\\\/\\\/teterete.com\\\/mx\\\/shop\\\/\"},{\"@type\":\"ListItem\",\"position\":3,\"name\":\"Collar y Pendiente Largo TUQUI\"}]},{\"@type\":\"WebSite\",\"@id\":\"https:\\\/\\\/teterete.com\\\/mx\\\/#website\",\"url\":\"https:\\\/\\\/teterete.com\\\/mx\\\/\",\"name\":\"\",\"description\":\"Tienda en L\u00ednea de Fina Artesanias y Dise\u00f1o Mexicano. Bellas piezas elaboradas a mano por los mejores artesanos del pa\u00eds as\u00ed como piezas de dise\u00f1o y decoraci\u00f3n con inspiraci\u00f3n artesanal.\",\"potentialAction\":[{\"@type\":\"SearchAction\",\"target\":{\"@type\":\"EntryPoint\",\"urlTemplate\":\"https:\\\/\\\/teterete.com\\\/mx\\\/?s={search_term_string}\"},\"query-input\":{\"@type\":\"PropertyValueSpecification\",\"valueRequired\":true,\"valueName\":\"search_term_string\"}}],\"inLanguage\":\"es\"}]}<\/script>\n<!-- \/ Yoast SEO plugin. -->","yoast_head_json":{"title":"Collar y Pendiente Largo TUQUI -","robots":{"index":"index","follow":"follow","max-snippet":"max-snippet:-1","max-image-preview":"max-image-preview:large","max-video-preview":"max-video-preview:-1"},"canonical":"https:\/\/teterete.com\/mx\/producto\/collar-y-pendiente-largo-tuqui\/","og_locale":"es_ES","og_type":"article","og_title":"Collar y Pendiente Largo TUQUI -","og_description":"Los Huicholes tienen su propia cosmogon\u00eda, que habla de como los Huicholes fueron formados por elementos del mundo natural como: fuego, aire, agua y tierra. Por ello se consideran descendientes directos de la tierra, todos los aspectos de su vida est\u00e1n dedicados a asegurarse que la naturaleza se mantiene en armon\u00eda. Cuentan con ceremonias especiales dedicadas a esto.  TUQUI significa templo Huichol.  Material: Ba\u00f1o en Oro de 22K  Color: Oro  The Huicholes believe in cosmology, which tells of how all Huichols were formed by elements of the natural world: fire, air, water, and earth. Because the Huichols view themselves as descendants of the earth, all aspects of their life are dedicated to ensure that nature will be appeased and remain in balance. The Huichols have specific ceremonies for each season, intended to bring balance to the community.  TUQUI means Huichol temple.","og_url":"https:\/\/teterete.com\/mx\/producto\/collar-y-pendiente-largo-tuqui\/","article_publisher":"https:\/\/www.facebook.com\/TetereteHome\/","article_modified_time":"2025-06-02T02:43:54+00:00","og_image":[{"width":1000,"height":1000,"url":"https:\/\/teterete.com\/mx\/wp-content\/uploads\/2019\/01\/Pendant-Large-Peyote-PEYOTE-YG.jpg","type":"image\/jpeg"}],"twitter_card":"summary_large_image","twitter_site":"@Teterete_Home","twitter_misc":{"Tiempo de lectura":"1 minuto"},"schema":{"@context":"https:\/\/schema.org","@graph":[{"@type":"WebPage","@id":"https:\/\/teterete.com\/mx\/producto\/collar-y-pendiente-largo-tuqui\/","url":"https:\/\/teterete.com\/mx\/producto\/collar-y-pendiente-largo-tuqui\/","name":"Collar y Pendiente Largo TUQUI -","isPartOf":{"@id":"https:\/\/teterete.com\/mx\/#website"},"primaryImageOfPage":{"@id":"https:\/\/teterete.com\/mx\/producto\/collar-y-pendiente-largo-tuqui\/#primaryimage"},"image":{"@id":"https:\/\/teterete.com\/mx\/producto\/collar-y-pendiente-largo-tuqui\/#primaryimage"},"thumbnailUrl":"https:\/\/teterete.com\/mx\/wp-content\/uploads\/2019\/01\/Pendant-Large-Peyote-PEYOTE-YG.jpg","datePublished":"2019-01-22T16:53:15+00:00","dateModified":"2025-06-02T02:43:54+00:00","breadcrumb":{"@id":"https:\/\/teterete.com\/mx\/producto\/collar-y-pendiente-largo-tuqui\/#breadcrumb"},"inLanguage":"es","potentialAction":[{"@type":"ReadAction","target":["https:\/\/teterete.com\/mx\/producto\/collar-y-pendiente-largo-tuqui\/"]}]},{"@type":"ImageObject","inLanguage":"es","@id":"https:\/\/teterete.com\/mx\/producto\/collar-y-pendiente-largo-tuqui\/#primaryimage","url":"https:\/\/teterete.com\/mx\/wp-content\/uploads\/2019\/01\/Pendant-Large-Peyote-PEYOTE-YG.jpg","contentUrl":"https:\/\/teterete.com\/mx\/wp-content\/uploads\/2019\/01\/Pendant-Large-Peyote-PEYOTE-YG.jpg","width":1000,"height":1000,"caption":"Pendiente Largo TUQUI"},{"@type":"BreadcrumbList","@id":"https:\/\/teterete.com\/mx\/producto\/collar-y-pendiente-largo-tuqui\/#breadcrumb","itemListElement":[{"@type":"ListItem","position":1,"name":"Home","item":"https:\/\/teterete.com\/mx\/"},{"@type":"ListItem","position":2,"name":"Productos","item":"https:\/\/teterete.com\/mx\/shop\/"},{"@type":"ListItem","position":3,"name":"Collar y Pendiente Largo TUQUI"}]},{"@type":"WebSite","@id":"https:\/\/teterete.com\/mx\/#website","url":"https:\/\/teterete.com\/mx\/","name":"","description":"Tienda en L\u00ednea de Fina Artesanias y Dise\u00f1o Mexicano. Bellas piezas elaboradas a mano por los mejores artesanos del pa\u00eds as\u00ed como piezas de dise\u00f1o y decoraci\u00f3n con inspiraci\u00f3n artesanal.","potentialAction":[{"@type":"SearchAction","target":{"@type":"EntryPoint","urlTemplate":"https:\/\/teterete.com\/mx\/?s={search_term_string}"},"query-input":{"@type":"PropertyValueSpecification","valueRequired":true,"valueName":"search_term_string"}}],"inLanguage":"es"}]}},"_links":{"self":[{"href":"https:\/\/teterete.com\/mx\/wp-json\/wp\/v2\/product\/5226","targetHints":{"allow":["GET"]}}],"collection":[{"href":"https:\/\/teterete.com\/mx\/wp-json\/wp\/v2\/product"}],"about":[{"href":"https:\/\/teterete.com\/mx\/wp-json\/wp\/v2\/types\/product"}],"replies":[{"embeddable":true,"href":"https:\/\/teterete.com\/mx\/wp-json\/wp\/v2\/comments?post=5226"}],"wp:featuredmedia":[{"embeddable":true,"href":"https:\/\/teterete.com\/mx\/wp-json\/wp\/v2\/media\/5227"}],"wp:attachment":[{"href":"https:\/\/teterete.com\/mx\/wp-json\/wp\/v2\/media?parent=5226"}],"wp:term":[{"taxonomy":"product_brand","embeddable":true,"href":"https:\/\/teterete.com\/mx\/wp-json\/wp\/v2\/product_brand?post=5226"},{"taxonomy":"product_cat","embeddable":true,"href":"https:\/\/teterete.com\/mx\/wp-json\/wp\/v2\/product_cat?post=5226"},{"taxonomy":"product_tag","embeddable":true,"href":"https:\/\/teterete.com\/mx\/wp-json\/wp\/v2\/product_tag?post=5226"}],"curies":[{"name":"wp","href":"https:\/\/api.w.org\/{rel}","templated":true}]}}