{"id":5284,"date":"2019-01-23T18:02:00","date_gmt":"2019-01-23T18:02:00","guid":{"rendered":"https:\/\/teterete.com\/mx\/?post_type=product&#038;p=5284"},"modified":"2025-06-02T02:02:20","modified_gmt":"2025-06-02T02:02:20","slug":"anillo-nopal-parado-oxidado","status":"publish","type":"product","link":"https:\/\/teterete.com\/mx\/producto\/anillo-nopal-parado-oxidado\/","title":{"rendered":"Anillo Nopal Parado Oxidado"},"content":{"rendered":"<p>Esta colecci\u00f3n esta inspirada en M\u00e9xico. Simone tiene una fascinaci\u00f3n por los cactus. Sol\u00eda admirarlos durante los recorridos en carretera por el pa\u00eds durante su infancia, impresionada por sus formas curiosas y tama\u00f1os. &#8220;Parecen m\u00e1gicos y misteriosos, creciendo orgullosamente en el medio del desierto&#8221;.<\/p>\n<p>This collection is inspired by Mexico. Simone has a fascination for cactus. She used to gaze<br \/>\nat them during long cross country road trips, mesmerized by their curious shapes and sizes. They<br \/>\nseemed magical and mysterious, growing stoically in the middle of vast deserts she says.<\/p>\n","protected":false},"excerpt":{"rendered":"<p>Estos anillos son un homenaje al NOPAL y a M\u00e9xico. <\/p>\n<p>Material: Bronce<\/p>\n<p>Medidas: 3 cms de ancho x 1.5 cms de Alto. La medida puede ser ajustable y se ajusta a cualquier tama\u00f1o de anillo.<\/p>\n<p>Color: Gris<\/p>\n","protected":false},"featured_media":5286,"comment_status":"open","ping_status":"closed","template":"","meta":{"sfsi_plus_gutenberg_text_before_share":"","sfsi_plus_gutenberg_show_text_before_share":"","sfsi_plus_gutenberg_icon_type":"","sfsi_plus_gutenberg_icon_alignemt":"","sfsi_plus_gutenburg_max_per_row":""},"product_cat":[1671,1146,61],"product_tag":[1125,1131,236,1126,1129,1128,1127,1091,1130],"acf":[],"yoast_head":"<!-- This site is optimized with the Yoast SEO plugin v23.5 - https:\/\/yoast.com\/wordpress\/plugins\/seo\/ -->\n<title>Anillo Nopal Parado Oxidado -<\/title>\n<meta name=\"robots\" content=\"index, follow, max-snippet:-1, max-image-preview:large, max-video-preview:-1\" \/>\n<link rel=\"canonical\" href=\"https:\/\/teterete.com\/mx\/producto\/anillo-nopal-parado-oxidado\/\" \/>\n<meta property=\"og:locale\" content=\"es_ES\" \/>\n<meta property=\"og:type\" content=\"article\" \/>\n<meta property=\"og:title\" content=\"Anillo Nopal Parado Oxidado -\" \/>\n<meta property=\"og:description\" content=\"Estos anillos son un homenaje al NOPAL y a M\u00e9xico.   Material: Bronce  Medidas: 3 cms de ancho x 1.5 cms de Alto. La medida puede ser ajustable y se ajusta a cualquier tama\u00f1o de anillo.  Color: Gris\" \/>\n<meta property=\"og:url\" content=\"https:\/\/teterete.com\/mx\/producto\/anillo-nopal-parado-oxidado\/\" \/>\n<meta property=\"article:publisher\" content=\"https:\/\/www.facebook.com\/TetereteHome\/\" \/>\n<meta property=\"article:modified_time\" content=\"2025-06-02T02:02:20+00:00\" \/>\n<meta property=\"og:image\" content=\"https:\/\/teterete.com\/mx\/wp-content\/uploads\/2019\/01\/Ring_Cactus_PAV.jpg\" \/>\n\t<meta property=\"og:image:width\" content=\"1000\" \/>\n\t<meta property=\"og:image:height\" content=\"1000\" \/>\n\t<meta property=\"og:image:type\" content=\"image\/jpeg\" \/>\n<meta name=\"twitter:card\" content=\"summary_large_image\" \/>\n<meta name=\"twitter:site\" content=\"@Teterete_Home\" \/>\n<script type=\"application\/ld+json\" class=\"yoast-schema-graph\">{\"@context\":\"https:\/\/schema.org\",\"@graph\":[{\"@type\":\"WebPage\",\"@id\":\"https:\/\/teterete.com\/mx\/producto\/anillo-nopal-parado-oxidado\/\",\"url\":\"https:\/\/teterete.com\/mx\/producto\/anillo-nopal-parado-oxidado\/\",\"name\":\"Anillo Nopal Parado Oxidado -\",\"isPartOf\":{\"@id\":\"https:\/\/teterete.com\/mx\/#website\"},\"primaryImageOfPage\":{\"@id\":\"https:\/\/teterete.com\/mx\/producto\/anillo-nopal-parado-oxidado\/#primaryimage\"},\"image\":{\"@id\":\"https:\/\/teterete.com\/mx\/producto\/anillo-nopal-parado-oxidado\/#primaryimage\"},\"thumbnailUrl\":\"https:\/\/teterete.com\/mx\/wp-content\/uploads\/2019\/01\/Ring_Cactus_PAV.jpg\",\"datePublished\":\"2019-01-23T18:02:00+00:00\",\"dateModified\":\"2025-06-02T02:02:20+00:00\",\"breadcrumb\":{\"@id\":\"https:\/\/teterete.com\/mx\/producto\/anillo-nopal-parado-oxidado\/#breadcrumb\"},\"inLanguage\":\"es\",\"potentialAction\":[{\"@type\":\"ReadAction\",\"target\":[\"https:\/\/teterete.com\/mx\/producto\/anillo-nopal-parado-oxidado\/\"]}]},{\"@type\":\"ImageObject\",\"inLanguage\":\"es\",\"@id\":\"https:\/\/teterete.com\/mx\/producto\/anillo-nopal-parado-oxidado\/#primaryimage\",\"url\":\"https:\/\/teterete.com\/mx\/wp-content\/uploads\/2019\/01\/Ring_Cactus_PAV.jpg\",\"contentUrl\":\"https:\/\/teterete.com\/mx\/wp-content\/uploads\/2019\/01\/Ring_Cactus_PAV.jpg\",\"width\":1000,\"height\":1000,\"caption\":\"Anillo Cactus Oxidado\"},{\"@type\":\"BreadcrumbList\",\"@id\":\"https:\/\/teterete.com\/mx\/producto\/anillo-nopal-parado-oxidado\/#breadcrumb\",\"itemListElement\":[{\"@type\":\"ListItem\",\"position\":1,\"name\":\"Home\",\"item\":\"https:\/\/teterete.com\/mx\/\"},{\"@type\":\"ListItem\",\"position\":2,\"name\":\"Productos\",\"item\":\"https:\/\/teterete.com\/mx\/shop\/\"},{\"@type\":\"ListItem\",\"position\":3,\"name\":\"Anillo Nopal Parado Oxidado\"}]},{\"@type\":\"WebSite\",\"@id\":\"https:\/\/teterete.com\/mx\/#website\",\"url\":\"https:\/\/teterete.com\/mx\/\",\"name\":\"\",\"description\":\"Tienda en L\u00ednea de Fina Artesanias y Dise\u00f1o Mexicano. Bellas piezas elaboradas a mano por los mejores artesanos del pa\u00eds as\u00ed como piezas de dise\u00f1o y decoraci\u00f3n con inspiraci\u00f3n artesanal.\",\"potentialAction\":[{\"@type\":\"SearchAction\",\"target\":{\"@type\":\"EntryPoint\",\"urlTemplate\":\"https:\/\/teterete.com\/mx\/?s={search_term_string}\"},\"query-input\":{\"@type\":\"PropertyValueSpecification\",\"valueRequired\":true,\"valueName\":\"search_term_string\"}}],\"inLanguage\":\"es\"}]}<\/script>\n<!-- \/ Yoast SEO plugin. -->","yoast_head_json":{"title":"Anillo Nopal Parado Oxidado -","robots":{"index":"index","follow":"follow","max-snippet":"max-snippet:-1","max-image-preview":"max-image-preview:large","max-video-preview":"max-video-preview:-1"},"canonical":"https:\/\/teterete.com\/mx\/producto\/anillo-nopal-parado-oxidado\/","og_locale":"es_ES","og_type":"article","og_title":"Anillo Nopal Parado Oxidado -","og_description":"Estos anillos son un homenaje al NOPAL y a M\u00e9xico.   Material: Bronce  Medidas: 3 cms de ancho x 1.5 cms de Alto. La medida puede ser ajustable y se ajusta a cualquier tama\u00f1o de anillo.  Color: Gris","og_url":"https:\/\/teterete.com\/mx\/producto\/anillo-nopal-parado-oxidado\/","article_publisher":"https:\/\/www.facebook.com\/TetereteHome\/","article_modified_time":"2025-06-02T02:02:20+00:00","og_image":[{"width":1000,"height":1000,"url":"https:\/\/teterete.com\/mx\/wp-content\/uploads\/2019\/01\/Ring_Cactus_PAV.jpg","type":"image\/jpeg"}],"twitter_card":"summary_large_image","twitter_site":"@Teterete_Home","schema":{"@context":"https:\/\/schema.org","@graph":[{"@type":"WebPage","@id":"https:\/\/teterete.com\/mx\/producto\/anillo-nopal-parado-oxidado\/","url":"https:\/\/teterete.com\/mx\/producto\/anillo-nopal-parado-oxidado\/","name":"Anillo Nopal Parado Oxidado -","isPartOf":{"@id":"https:\/\/teterete.com\/mx\/#website"},"primaryImageOfPage":{"@id":"https:\/\/teterete.com\/mx\/producto\/anillo-nopal-parado-oxidado\/#primaryimage"},"image":{"@id":"https:\/\/teterete.com\/mx\/producto\/anillo-nopal-parado-oxidado\/#primaryimage"},"thumbnailUrl":"https:\/\/teterete.com\/mx\/wp-content\/uploads\/2019\/01\/Ring_Cactus_PAV.jpg","datePublished":"2019-01-23T18:02:00+00:00","dateModified":"2025-06-02T02:02:20+00:00","breadcrumb":{"@id":"https:\/\/teterete.com\/mx\/producto\/anillo-nopal-parado-oxidado\/#breadcrumb"},"inLanguage":"es","potentialAction":[{"@type":"ReadAction","target":["https:\/\/teterete.com\/mx\/producto\/anillo-nopal-parado-oxidado\/"]}]},{"@type":"ImageObject","inLanguage":"es","@id":"https:\/\/teterete.com\/mx\/producto\/anillo-nopal-parado-oxidado\/#primaryimage","url":"https:\/\/teterete.com\/mx\/wp-content\/uploads\/2019\/01\/Ring_Cactus_PAV.jpg","contentUrl":"https:\/\/teterete.com\/mx\/wp-content\/uploads\/2019\/01\/Ring_Cactus_PAV.jpg","width":1000,"height":1000,"caption":"Anillo Cactus Oxidado"},{"@type":"BreadcrumbList","@id":"https:\/\/teterete.com\/mx\/producto\/anillo-nopal-parado-oxidado\/#breadcrumb","itemListElement":[{"@type":"ListItem","position":1,"name":"Home","item":"https:\/\/teterete.com\/mx\/"},{"@type":"ListItem","position":2,"name":"Productos","item":"https:\/\/teterete.com\/mx\/shop\/"},{"@type":"ListItem","position":3,"name":"Anillo Nopal Parado Oxidado"}]},{"@type":"WebSite","@id":"https:\/\/teterete.com\/mx\/#website","url":"https:\/\/teterete.com\/mx\/","name":"","description":"Tienda en L\u00ednea de Fina Artesanias y Dise\u00f1o Mexicano. Bellas piezas elaboradas a mano por los mejores artesanos del pa\u00eds as\u00ed como piezas de dise\u00f1o y decoraci\u00f3n con inspiraci\u00f3n artesanal.","potentialAction":[{"@type":"SearchAction","target":{"@type":"EntryPoint","urlTemplate":"https:\/\/teterete.com\/mx\/?s={search_term_string}"},"query-input":{"@type":"PropertyValueSpecification","valueRequired":true,"valueName":"search_term_string"}}],"inLanguage":"es"}]}},"_links":{"self":[{"href":"https:\/\/teterete.com\/mx\/wp-json\/wp\/v2\/product\/5284"}],"collection":[{"href":"https:\/\/teterete.com\/mx\/wp-json\/wp\/v2\/product"}],"about":[{"href":"https:\/\/teterete.com\/mx\/wp-json\/wp\/v2\/types\/product"}],"replies":[{"embeddable":true,"href":"https:\/\/teterete.com\/mx\/wp-json\/wp\/v2\/comments?post=5284"}],"wp:featuredmedia":[{"embeddable":true,"href":"https:\/\/teterete.com\/mx\/wp-json\/wp\/v2\/media\/5286"}],"wp:attachment":[{"href":"https:\/\/teterete.com\/mx\/wp-json\/wp\/v2\/media?parent=5284"}],"wp:term":[{"taxonomy":"product_cat","embeddable":true,"href":"https:\/\/teterete.com\/mx\/wp-json\/wp\/v2\/product_cat?post=5284"},{"taxonomy":"product_tag","embeddable":true,"href":"https:\/\/teterete.com\/mx\/wp-json\/wp\/v2\/product_tag?post=5284"}],"curies":[{"name":"wp","href":"https:\/\/api.w.org\/{rel}","templated":true}]}}