{"id":5293,"date":"2019-01-23T18:31:22","date_gmt":"2019-01-23T18:31:22","guid":{"rendered":"https:\/\/teterete.com\/mx\/?post_type=product&#038;p=5293"},"modified":"2025-06-02T02:10:20","modified_gmt":"2025-06-02T02:10:20","slug":"aretes-frida","status":"publish","type":"product","link":"https:\/\/teterete.com\/mx\/producto\/aretes-frida\/","title":{"rendered":"Aretes FRIDA"},"content":{"rendered":"<p>&#8220;Mi cultura mexicana y su patrimonio ha sido siempre como un fuego que se enciende dentro de mi. Igual que este cactus, con sus ra\u00edces sujetas al coraz\u00f3n, as\u00ed me siento yo. Frida Kahlo fue una mujer que dej\u00f3 un gran legado en M\u00e9xico y el mundo. Era una artista audaz, apasionada y valiente. Esta pieza es un humilde homenaje a esta incre\u00edble artista&#8221;.<\/p>\n<p>My Mexican culture and heritage has always felt like a fire that burns from deep within. And so this cactus, with its roots tangled around a heart, is also me. Frida Kahlo was a woman who left her mark in Mexico and around the world. She was a fearless, passionate and brave artist. This piece is a humble homage to this incredible artist.<\/p>\n<p>Simone<\/p>\n","protected":false},"excerpt":{"rendered":"<p>Esta colecci\u00f3n es un homenaje a Frida Kahlo y a M\u00e9xico.<\/p>\n<p>Material: Ba\u00f1o de Oro 22K<\/p>\n<p>Medidas: 1 cms de ancho x 2 cms de Alto.<\/p>\n<p>Color: Oro<\/p>\n","protected":false},"featured_media":5294,"comment_status":"open","ping_status":"closed","template":"","meta":{"sfsi_plus_gutenberg_text_before_share":"","sfsi_plus_gutenberg_show_text_before_share":"","sfsi_plus_gutenberg_icon_type":"","sfsi_plus_gutenberg_icon_alignemt":"","sfsi_plus_gutenburg_max_per_row":""},"product_cat":[1671,1263,2057,1145,61],"product_tag":[236,1132,1133,1126,1129,1134,1128,1127,1091,1130],"acf":[],"yoast_head":"<!-- This site is optimized with the Yoast SEO plugin v23.5 - https:\/\/yoast.com\/wordpress\/plugins\/seo\/ -->\n<title>Aretes FRIDA -<\/title>\n<meta name=\"robots\" content=\"index, follow, max-snippet:-1, max-image-preview:large, max-video-preview:-1\" \/>\n<link rel=\"canonical\" href=\"https:\/\/teterete.com\/mx\/producto\/aretes-frida\/\" \/>\n<meta property=\"og:locale\" content=\"es_ES\" \/>\n<meta property=\"og:type\" content=\"article\" \/>\n<meta property=\"og:title\" content=\"Aretes FRIDA -\" \/>\n<meta property=\"og:description\" content=\"Esta colecci\u00f3n es un homenaje a Frida Kahlo y a M\u00e9xico.  Material: Ba\u00f1o de Oro 22K  Medidas: 1 cms de ancho x 2 cms de Alto.  Color: Oro\" \/>\n<meta property=\"og:url\" content=\"https:\/\/teterete.com\/mx\/producto\/aretes-frida\/\" \/>\n<meta property=\"article:publisher\" content=\"https:\/\/www.facebook.com\/TetereteHome\/\" \/>\n<meta property=\"article:modified_time\" content=\"2025-06-02T02:10:20+00:00\" \/>\n<meta property=\"og:image\" content=\"https:\/\/teterete.com\/mx\/wp-content\/uploads\/2019\/01\/Aretes-FRIDA-YG.jpg\" \/>\n\t<meta property=\"og:image:width\" content=\"1000\" \/>\n\t<meta property=\"og:image:height\" content=\"1000\" \/>\n\t<meta property=\"og:image:type\" content=\"image\/jpeg\" \/>\n<meta name=\"twitter:card\" content=\"summary_large_image\" \/>\n<meta name=\"twitter:site\" content=\"@Teterete_Home\" \/>\n<meta name=\"twitter:label1\" content=\"Tiempo de lectura\" \/>\n\t<meta name=\"twitter:data1\" content=\"1 minuto\" \/>\n<script type=\"application\/ld+json\" class=\"yoast-schema-graph\">{\"@context\":\"https:\/\/schema.org\",\"@graph\":[{\"@type\":\"WebPage\",\"@id\":\"https:\/\/teterete.com\/mx\/producto\/aretes-frida\/\",\"url\":\"https:\/\/teterete.com\/mx\/producto\/aretes-frida\/\",\"name\":\"Aretes FRIDA -\",\"isPartOf\":{\"@id\":\"https:\/\/teterete.com\/mx\/#website\"},\"primaryImageOfPage\":{\"@id\":\"https:\/\/teterete.com\/mx\/producto\/aretes-frida\/#primaryimage\"},\"image\":{\"@id\":\"https:\/\/teterete.com\/mx\/producto\/aretes-frida\/#primaryimage\"},\"thumbnailUrl\":\"https:\/\/teterete.com\/mx\/wp-content\/uploads\/2019\/01\/Aretes-FRIDA-YG.jpg\",\"datePublished\":\"2019-01-23T18:31:22+00:00\",\"dateModified\":\"2025-06-02T02:10:20+00:00\",\"breadcrumb\":{\"@id\":\"https:\/\/teterete.com\/mx\/producto\/aretes-frida\/#breadcrumb\"},\"inLanguage\":\"es\",\"potentialAction\":[{\"@type\":\"ReadAction\",\"target\":[\"https:\/\/teterete.com\/mx\/producto\/aretes-frida\/\"]}]},{\"@type\":\"ImageObject\",\"inLanguage\":\"es\",\"@id\":\"https:\/\/teterete.com\/mx\/producto\/aretes-frida\/#primaryimage\",\"url\":\"https:\/\/teterete.com\/mx\/wp-content\/uploads\/2019\/01\/Aretes-FRIDA-YG.jpg\",\"contentUrl\":\"https:\/\/teterete.com\/mx\/wp-content\/uploads\/2019\/01\/Aretes-FRIDA-YG.jpg\",\"width\":1000,\"height\":1000,\"caption\":\"Aretes Oro Frida\"},{\"@type\":\"BreadcrumbList\",\"@id\":\"https:\/\/teterete.com\/mx\/producto\/aretes-frida\/#breadcrumb\",\"itemListElement\":[{\"@type\":\"ListItem\",\"position\":1,\"name\":\"Home\",\"item\":\"https:\/\/teterete.com\/mx\/\"},{\"@type\":\"ListItem\",\"position\":2,\"name\":\"Productos\",\"item\":\"https:\/\/teterete.com\/mx\/shop\/\"},{\"@type\":\"ListItem\",\"position\":3,\"name\":\"Aretes FRIDA\"}]},{\"@type\":\"WebSite\",\"@id\":\"https:\/\/teterete.com\/mx\/#website\",\"url\":\"https:\/\/teterete.com\/mx\/\",\"name\":\"\",\"description\":\"Tienda en L\u00ednea de Fina Artesanias y Dise\u00f1o Mexicano. Bellas piezas elaboradas a mano por los mejores artesanos del pa\u00eds as\u00ed como piezas de dise\u00f1o y decoraci\u00f3n con inspiraci\u00f3n artesanal.\",\"potentialAction\":[{\"@type\":\"SearchAction\",\"target\":{\"@type\":\"EntryPoint\",\"urlTemplate\":\"https:\/\/teterete.com\/mx\/?s={search_term_string}\"},\"query-input\":{\"@type\":\"PropertyValueSpecification\",\"valueRequired\":true,\"valueName\":\"search_term_string\"}}],\"inLanguage\":\"es\"}]}<\/script>\n<!-- \/ Yoast SEO plugin. -->","yoast_head_json":{"title":"Aretes FRIDA -","robots":{"index":"index","follow":"follow","max-snippet":"max-snippet:-1","max-image-preview":"max-image-preview:large","max-video-preview":"max-video-preview:-1"},"canonical":"https:\/\/teterete.com\/mx\/producto\/aretes-frida\/","og_locale":"es_ES","og_type":"article","og_title":"Aretes FRIDA -","og_description":"Esta colecci\u00f3n es un homenaje a Frida Kahlo y a M\u00e9xico.  Material: Ba\u00f1o de Oro 22K  Medidas: 1 cms de ancho x 2 cms de Alto.  Color: Oro","og_url":"https:\/\/teterete.com\/mx\/producto\/aretes-frida\/","article_publisher":"https:\/\/www.facebook.com\/TetereteHome\/","article_modified_time":"2025-06-02T02:10:20+00:00","og_image":[{"width":1000,"height":1000,"url":"https:\/\/teterete.com\/mx\/wp-content\/uploads\/2019\/01\/Aretes-FRIDA-YG.jpg","type":"image\/jpeg"}],"twitter_card":"summary_large_image","twitter_site":"@Teterete_Home","twitter_misc":{"Tiempo de lectura":"1 minuto"},"schema":{"@context":"https:\/\/schema.org","@graph":[{"@type":"WebPage","@id":"https:\/\/teterete.com\/mx\/producto\/aretes-frida\/","url":"https:\/\/teterete.com\/mx\/producto\/aretes-frida\/","name":"Aretes FRIDA -","isPartOf":{"@id":"https:\/\/teterete.com\/mx\/#website"},"primaryImageOfPage":{"@id":"https:\/\/teterete.com\/mx\/producto\/aretes-frida\/#primaryimage"},"image":{"@id":"https:\/\/teterete.com\/mx\/producto\/aretes-frida\/#primaryimage"},"thumbnailUrl":"https:\/\/teterete.com\/mx\/wp-content\/uploads\/2019\/01\/Aretes-FRIDA-YG.jpg","datePublished":"2019-01-23T18:31:22+00:00","dateModified":"2025-06-02T02:10:20+00:00","breadcrumb":{"@id":"https:\/\/teterete.com\/mx\/producto\/aretes-frida\/#breadcrumb"},"inLanguage":"es","potentialAction":[{"@type":"ReadAction","target":["https:\/\/teterete.com\/mx\/producto\/aretes-frida\/"]}]},{"@type":"ImageObject","inLanguage":"es","@id":"https:\/\/teterete.com\/mx\/producto\/aretes-frida\/#primaryimage","url":"https:\/\/teterete.com\/mx\/wp-content\/uploads\/2019\/01\/Aretes-FRIDA-YG.jpg","contentUrl":"https:\/\/teterete.com\/mx\/wp-content\/uploads\/2019\/01\/Aretes-FRIDA-YG.jpg","width":1000,"height":1000,"caption":"Aretes Oro Frida"},{"@type":"BreadcrumbList","@id":"https:\/\/teterete.com\/mx\/producto\/aretes-frida\/#breadcrumb","itemListElement":[{"@type":"ListItem","position":1,"name":"Home","item":"https:\/\/teterete.com\/mx\/"},{"@type":"ListItem","position":2,"name":"Productos","item":"https:\/\/teterete.com\/mx\/shop\/"},{"@type":"ListItem","position":3,"name":"Aretes FRIDA"}]},{"@type":"WebSite","@id":"https:\/\/teterete.com\/mx\/#website","url":"https:\/\/teterete.com\/mx\/","name":"","description":"Tienda en L\u00ednea de Fina Artesanias y Dise\u00f1o Mexicano. Bellas piezas elaboradas a mano por los mejores artesanos del pa\u00eds as\u00ed como piezas de dise\u00f1o y decoraci\u00f3n con inspiraci\u00f3n artesanal.","potentialAction":[{"@type":"SearchAction","target":{"@type":"EntryPoint","urlTemplate":"https:\/\/teterete.com\/mx\/?s={search_term_string}"},"query-input":{"@type":"PropertyValueSpecification","valueRequired":true,"valueName":"search_term_string"}}],"inLanguage":"es"}]}},"_links":{"self":[{"href":"https:\/\/teterete.com\/mx\/wp-json\/wp\/v2\/product\/5293"}],"collection":[{"href":"https:\/\/teterete.com\/mx\/wp-json\/wp\/v2\/product"}],"about":[{"href":"https:\/\/teterete.com\/mx\/wp-json\/wp\/v2\/types\/product"}],"replies":[{"embeddable":true,"href":"https:\/\/teterete.com\/mx\/wp-json\/wp\/v2\/comments?post=5293"}],"wp:featuredmedia":[{"embeddable":true,"href":"https:\/\/teterete.com\/mx\/wp-json\/wp\/v2\/media\/5294"}],"wp:attachment":[{"href":"https:\/\/teterete.com\/mx\/wp-json\/wp\/v2\/media?parent=5293"}],"wp:term":[{"taxonomy":"product_cat","embeddable":true,"href":"https:\/\/teterete.com\/mx\/wp-json\/wp\/v2\/product_cat?post=5293"},{"taxonomy":"product_tag","embeddable":true,"href":"https:\/\/teterete.com\/mx\/wp-json\/wp\/v2\/product_tag?post=5293"}],"curies":[{"name":"wp","href":"https:\/\/api.w.org\/{rel}","templated":true}]}}