{"id":5425,"date":"2019-01-31T19:10:20","date_gmt":"2019-01-31T19:10:20","guid":{"rendered":"https:\/\/teterete.com\/mx\/?post_type=product&#038;p=5425"},"modified":"2025-07-22T19:40:26","modified_gmt":"2025-07-22T19:40:26","slug":"servilletas-rayadas-de-tela-37-x-37-cms","status":"publish","type":"product","link":"https:\/\/teterete.com\/mx\/producto\/servilletas-rayadas-de-tela-37-x-37-cms\/","title":{"rendered":"Set de 6 Servilletas Rayadas de Tela 37 x 37"},"content":{"rendered":"<p>Material: Hilo de algod\u00f3n bordado m\u00e1quina<\/p>\n<p>Medidas: 37 x 37 cms<\/p>\n<p>Set de\u00a06 servilletas<\/p>\n","protected":false},"excerpt":{"rendered":"<p>Bonitas servilletas para mesa en coloridos colores<\/p>\n","protected":false},"featured_media":5406,"comment_status":"open","ping_status":"closed","template":"","meta":{"sfsi_plus_gutenberg_text_before_share":"","sfsi_plus_gutenberg_show_text_before_share":"","sfsi_plus_gutenberg_icon_type":"","sfsi_plus_gutenberg_icon_alignemt":"","sfsi_plus_gutenburg_max_per_row":""},"product_cat":[1584,1842,2606,347],"product_tag":[222,47,513,24,22,514,515,248,48],"acf":[],"yoast_head":"<!-- This site is optimized with the Yoast SEO plugin v23.5 - https:\/\/yoast.com\/wordpress\/plugins\/seo\/ -->\n<title>Set de 6 Servilletas Rayadas de Tela 37 x 37 -<\/title>\n<meta name=\"robots\" content=\"index, follow, max-snippet:-1, max-image-preview:large, max-video-preview:-1\" \/>\n<link rel=\"canonical\" href=\"https:\/\/teterete.com\/mx\/producto\/servilletas-rayadas-de-tela-37-x-37-cms\/\" \/>\n<meta property=\"og:locale\" content=\"es_ES\" \/>\n<meta property=\"og:type\" content=\"article\" \/>\n<meta property=\"og:title\" content=\"Set de 6 Servilletas Rayadas de Tela 37 x 37 -\" \/>\n<meta property=\"og:description\" content=\"Bonitas servilletas para mesa en coloridos colores\" \/>\n<meta property=\"og:url\" content=\"https:\/\/teterete.com\/mx\/producto\/servilletas-rayadas-de-tela-37-x-37-cms\/\" \/>\n<meta property=\"article:publisher\" content=\"https:\/\/www.facebook.com\/TetereteHome\/\" \/>\n<meta property=\"article:modified_time\" content=\"2025-07-22T19:40:26+00:00\" \/>\n<meta property=\"og:image\" content=\"https:\/\/teterete.com\/mx\/wp-content\/uploads\/2019\/01\/IMG_2650.jpg\" \/>\n\t<meta property=\"og:image:width\" content=\"1280\" \/>\n\t<meta property=\"og:image:height\" content=\"853\" \/>\n\t<meta property=\"og:image:type\" content=\"image\/jpeg\" \/>\n<meta name=\"twitter:card\" content=\"summary_large_image\" \/>\n<meta name=\"twitter:site\" content=\"@Teterete_Home\" \/>\n<script type=\"application\/ld+json\" class=\"yoast-schema-graph\">{\"@context\":\"https:\/\/schema.org\",\"@graph\":[{\"@type\":\"WebPage\",\"@id\":\"https:\/\/teterete.com\/mx\/producto\/servilletas-rayadas-de-tela-37-x-37-cms\/\",\"url\":\"https:\/\/teterete.com\/mx\/producto\/servilletas-rayadas-de-tela-37-x-37-cms\/\",\"name\":\"Set de 6 Servilletas Rayadas de Tela 37 x 37 -\",\"isPartOf\":{\"@id\":\"https:\/\/teterete.com\/mx\/#website\"},\"primaryImageOfPage\":{\"@id\":\"https:\/\/teterete.com\/mx\/producto\/servilletas-rayadas-de-tela-37-x-37-cms\/#primaryimage\"},\"image\":{\"@id\":\"https:\/\/teterete.com\/mx\/producto\/servilletas-rayadas-de-tela-37-x-37-cms\/#primaryimage\"},\"thumbnailUrl\":\"https:\/\/teterete.com\/mx\/wp-content\/uploads\/2019\/01\/IMG_2650.jpg\",\"datePublished\":\"2019-01-31T19:10:20+00:00\",\"dateModified\":\"2025-07-22T19:40:26+00:00\",\"breadcrumb\":{\"@id\":\"https:\/\/teterete.com\/mx\/producto\/servilletas-rayadas-de-tela-37-x-37-cms\/#breadcrumb\"},\"inLanguage\":\"es\",\"potentialAction\":[{\"@type\":\"ReadAction\",\"target\":[\"https:\/\/teterete.com\/mx\/producto\/servilletas-rayadas-de-tela-37-x-37-cms\/\"]}]},{\"@type\":\"ImageObject\",\"inLanguage\":\"es\",\"@id\":\"https:\/\/teterete.com\/mx\/producto\/servilletas-rayadas-de-tela-37-x-37-cms\/#primaryimage\",\"url\":\"https:\/\/teterete.com\/mx\/wp-content\/uploads\/2019\/01\/IMG_2650.jpg\",\"contentUrl\":\"https:\/\/teterete.com\/mx\/wp-content\/uploads\/2019\/01\/IMG_2650.jpg\",\"width\":1280,\"height\":853,\"caption\":\"Servilleta de Tela\"},{\"@type\":\"BreadcrumbList\",\"@id\":\"https:\/\/teterete.com\/mx\/producto\/servilletas-rayadas-de-tela-37-x-37-cms\/#breadcrumb\",\"itemListElement\":[{\"@type\":\"ListItem\",\"position\":1,\"name\":\"Home\",\"item\":\"https:\/\/teterete.com\/mx\/\"},{\"@type\":\"ListItem\",\"position\":2,\"name\":\"Productos\",\"item\":\"https:\/\/teterete.com\/mx\/shop\/\"},{\"@type\":\"ListItem\",\"position\":3,\"name\":\"Set de 6 Servilletas Rayadas de Tela 37 x 37\"}]},{\"@type\":\"WebSite\",\"@id\":\"https:\/\/teterete.com\/mx\/#website\",\"url\":\"https:\/\/teterete.com\/mx\/\",\"name\":\"\",\"description\":\"Tienda en L\u00ednea de Fina Artesanias y Dise\u00f1o Mexicano. Bellas piezas elaboradas a mano por los mejores artesanos del pa\u00eds as\u00ed como piezas de dise\u00f1o y decoraci\u00f3n con inspiraci\u00f3n artesanal.\",\"potentialAction\":[{\"@type\":\"SearchAction\",\"target\":{\"@type\":\"EntryPoint\",\"urlTemplate\":\"https:\/\/teterete.com\/mx\/?s={search_term_string}\"},\"query-input\":{\"@type\":\"PropertyValueSpecification\",\"valueRequired\":true,\"valueName\":\"search_term_string\"}}],\"inLanguage\":\"es\"}]}<\/script>\n<!-- \/ Yoast SEO plugin. -->","yoast_head_json":{"title":"Set de 6 Servilletas Rayadas de Tela 37 x 37 -","robots":{"index":"index","follow":"follow","max-snippet":"max-snippet:-1","max-image-preview":"max-image-preview:large","max-video-preview":"max-video-preview:-1"},"canonical":"https:\/\/teterete.com\/mx\/producto\/servilletas-rayadas-de-tela-37-x-37-cms\/","og_locale":"es_ES","og_type":"article","og_title":"Set de 6 Servilletas Rayadas de Tela 37 x 37 -","og_description":"Bonitas servilletas para mesa en coloridos colores","og_url":"https:\/\/teterete.com\/mx\/producto\/servilletas-rayadas-de-tela-37-x-37-cms\/","article_publisher":"https:\/\/www.facebook.com\/TetereteHome\/","article_modified_time":"2025-07-22T19:40:26+00:00","og_image":[{"width":1280,"height":853,"url":"https:\/\/teterete.com\/mx\/wp-content\/uploads\/2019\/01\/IMG_2650.jpg","type":"image\/jpeg"}],"twitter_card":"summary_large_image","twitter_site":"@Teterete_Home","schema":{"@context":"https:\/\/schema.org","@graph":[{"@type":"WebPage","@id":"https:\/\/teterete.com\/mx\/producto\/servilletas-rayadas-de-tela-37-x-37-cms\/","url":"https:\/\/teterete.com\/mx\/producto\/servilletas-rayadas-de-tela-37-x-37-cms\/","name":"Set de 6 Servilletas Rayadas de Tela 37 x 37 -","isPartOf":{"@id":"https:\/\/teterete.com\/mx\/#website"},"primaryImageOfPage":{"@id":"https:\/\/teterete.com\/mx\/producto\/servilletas-rayadas-de-tela-37-x-37-cms\/#primaryimage"},"image":{"@id":"https:\/\/teterete.com\/mx\/producto\/servilletas-rayadas-de-tela-37-x-37-cms\/#primaryimage"},"thumbnailUrl":"https:\/\/teterete.com\/mx\/wp-content\/uploads\/2019\/01\/IMG_2650.jpg","datePublished":"2019-01-31T19:10:20+00:00","dateModified":"2025-07-22T19:40:26+00:00","breadcrumb":{"@id":"https:\/\/teterete.com\/mx\/producto\/servilletas-rayadas-de-tela-37-x-37-cms\/#breadcrumb"},"inLanguage":"es","potentialAction":[{"@type":"ReadAction","target":["https:\/\/teterete.com\/mx\/producto\/servilletas-rayadas-de-tela-37-x-37-cms\/"]}]},{"@type":"ImageObject","inLanguage":"es","@id":"https:\/\/teterete.com\/mx\/producto\/servilletas-rayadas-de-tela-37-x-37-cms\/#primaryimage","url":"https:\/\/teterete.com\/mx\/wp-content\/uploads\/2019\/01\/IMG_2650.jpg","contentUrl":"https:\/\/teterete.com\/mx\/wp-content\/uploads\/2019\/01\/IMG_2650.jpg","width":1280,"height":853,"caption":"Servilleta de Tela"},{"@type":"BreadcrumbList","@id":"https:\/\/teterete.com\/mx\/producto\/servilletas-rayadas-de-tela-37-x-37-cms\/#breadcrumb","itemListElement":[{"@type":"ListItem","position":1,"name":"Home","item":"https:\/\/teterete.com\/mx\/"},{"@type":"ListItem","position":2,"name":"Productos","item":"https:\/\/teterete.com\/mx\/shop\/"},{"@type":"ListItem","position":3,"name":"Set de 6 Servilletas Rayadas de Tela 37 x 37"}]},{"@type":"WebSite","@id":"https:\/\/teterete.com\/mx\/#website","url":"https:\/\/teterete.com\/mx\/","name":"","description":"Tienda en L\u00ednea de Fina Artesanias y Dise\u00f1o Mexicano. Bellas piezas elaboradas a mano por los mejores artesanos del pa\u00eds as\u00ed como piezas de dise\u00f1o y decoraci\u00f3n con inspiraci\u00f3n artesanal.","potentialAction":[{"@type":"SearchAction","target":{"@type":"EntryPoint","urlTemplate":"https:\/\/teterete.com\/mx\/?s={search_term_string}"},"query-input":{"@type":"PropertyValueSpecification","valueRequired":true,"valueName":"search_term_string"}}],"inLanguage":"es"}]}},"_links":{"self":[{"href":"https:\/\/teterete.com\/mx\/wp-json\/wp\/v2\/product\/5425"}],"collection":[{"href":"https:\/\/teterete.com\/mx\/wp-json\/wp\/v2\/product"}],"about":[{"href":"https:\/\/teterete.com\/mx\/wp-json\/wp\/v2\/types\/product"}],"replies":[{"embeddable":true,"href":"https:\/\/teterete.com\/mx\/wp-json\/wp\/v2\/comments?post=5425"}],"wp:featuredmedia":[{"embeddable":true,"href":"https:\/\/teterete.com\/mx\/wp-json\/wp\/v2\/media\/5406"}],"wp:attachment":[{"href":"https:\/\/teterete.com\/mx\/wp-json\/wp\/v2\/media?parent=5425"}],"wp:term":[{"taxonomy":"product_cat","embeddable":true,"href":"https:\/\/teterete.com\/mx\/wp-json\/wp\/v2\/product_cat?post=5425"},{"taxonomy":"product_tag","embeddable":true,"href":"https:\/\/teterete.com\/mx\/wp-json\/wp\/v2\/product_tag?post=5425"}],"curies":[{"name":"wp","href":"https:\/\/api.w.org\/{rel}","templated":true}]}}