{"id":5428,"date":"2019-02-01T14:57:50","date_gmt":"2019-02-01T14:57:50","guid":{"rendered":"https:\/\/teterete.com\/mx\/?post_type=product&#038;p=5428"},"modified":"2025-10-19T23:41:29","modified_gmt":"2025-10-19T23:41:29","slug":"luminario-zhe","status":"publish","type":"product","link":"https:\/\/teterete.com\/mx\/producto\/luminario-zhe\/","title":{"rendered":"Luminario ZHE"},"content":{"rendered":"<p>Luminario decorativo para suspender modelo ZHE. Fabricado en acero rolaod en fr\u00edo, color negro mate, con cristal satinado 3mm.<\/p>\n<p>Cable para suspender forrado en tela de 1.5m. Para 4 A19 E26.<\/p>\n<p>88 cms de largo Incluye 4 l\u00e1mparas de 22 cms cada una y 14 cms de alto.<\/p>\n","protected":false},"excerpt":{"rendered":"<p>Zhe es un luminario lleno de peque\u00f1os y cuidadosos detalles. Desde las delicadas l\u00edneas asim\u00e9tricas de cada uno de los m\u00f3dulos, hasta las registros con los que se fijan los difusores de cristal. Es un luminario elegante y altamente funcional.<\/p>\n","protected":false},"featured_media":5432,"comment_status":"open","ping_status":"closed","template":"","meta":{"sfsi_plus_gutenberg_text_before_share":"","sfsi_plus_gutenberg_show_text_before_share":"","sfsi_plus_gutenberg_icon_type":"","sfsi_plus_gutenberg_icon_alignemt":"","sfsi_plus_gutenburg_max_per_row":""},"product_cat":[1200,351,774,973],"product_tag":[232,799,980,984,976,974,975,983,978,985,977],"acf":[],"yoast_head":"<!-- This site is optimized with the Yoast SEO plugin v23.5 - https:\/\/yoast.com\/wordpress\/plugins\/seo\/ -->\n<title>Luminario ZHE -<\/title>\n<meta name=\"robots\" content=\"index, follow, max-snippet:-1, max-image-preview:large, max-video-preview:-1\" \/>\n<link rel=\"canonical\" href=\"https:\/\/teterete.com\/mx\/producto\/luminario-zhe\/\" \/>\n<meta property=\"og:locale\" content=\"es_ES\" \/>\n<meta property=\"og:type\" content=\"article\" \/>\n<meta property=\"og:title\" content=\"Luminario ZHE -\" \/>\n<meta property=\"og:description\" content=\"Zhe es un luminario lleno de peque\u00f1os y cuidadosos detalles. Desde las delicadas l\u00edneas asim\u00e9tricas de cada uno de los m\u00f3dulos, hasta las registros con los que se fijan los difusores de cristal. Es un luminario elegante y altamente funcional.\" \/>\n<meta property=\"og:url\" content=\"https:\/\/teterete.com\/mx\/producto\/luminario-zhe\/\" \/>\n<meta property=\"article:publisher\" content=\"https:\/\/www.facebook.com\/TetereteHome\/\" \/>\n<meta property=\"article:modified_time\" content=\"2025-10-19T23:41:29+00:00\" \/>\n<meta property=\"og:image\" content=\"https:\/\/teterete.com\/mx\/wp-content\/uploads\/2019\/02\/Screen-Shot-2019-02-01-at-9.01.36-AM.png\" \/>\n\t<meta property=\"og:image:width\" content=\"640\" \/>\n\t<meta property=\"og:image:height\" content=\"640\" \/>\n\t<meta property=\"og:image:type\" content=\"image\/png\" \/>\n<meta name=\"twitter:card\" content=\"summary_large_image\" \/>\n<meta name=\"twitter:site\" content=\"@Teterete_Home\" \/>\n<meta name=\"twitter:label1\" content=\"Tiempo de lectura\" \/>\n\t<meta name=\"twitter:data1\" content=\"1 minuto\" \/>\n<script type=\"application\/ld+json\" class=\"yoast-schema-graph\">{\"@context\":\"https:\/\/schema.org\",\"@graph\":[{\"@type\":\"WebPage\",\"@id\":\"https:\/\/teterete.com\/mx\/producto\/luminario-zhe\/\",\"url\":\"https:\/\/teterete.com\/mx\/producto\/luminario-zhe\/\",\"name\":\"Luminario ZHE -\",\"isPartOf\":{\"@id\":\"https:\/\/teterete.com\/mx\/#website\"},\"primaryImageOfPage\":{\"@id\":\"https:\/\/teterete.com\/mx\/producto\/luminario-zhe\/#primaryimage\"},\"image\":{\"@id\":\"https:\/\/teterete.com\/mx\/producto\/luminario-zhe\/#primaryimage\"},\"thumbnailUrl\":\"https:\/\/teterete.com\/mx\/wp-content\/uploads\/2019\/02\/Screen-Shot-2019-02-01-at-9.01.36-AM.png\",\"datePublished\":\"2019-02-01T14:57:50+00:00\",\"dateModified\":\"2025-10-19T23:41:29+00:00\",\"breadcrumb\":{\"@id\":\"https:\/\/teterete.com\/mx\/producto\/luminario-zhe\/#breadcrumb\"},\"inLanguage\":\"es\",\"potentialAction\":[{\"@type\":\"ReadAction\",\"target\":[\"https:\/\/teterete.com\/mx\/producto\/luminario-zhe\/\"]}]},{\"@type\":\"ImageObject\",\"inLanguage\":\"es\",\"@id\":\"https:\/\/teterete.com\/mx\/producto\/luminario-zhe\/#primaryimage\",\"url\":\"https:\/\/teterete.com\/mx\/wp-content\/uploads\/2019\/02\/Screen-Shot-2019-02-01-at-9.01.36-AM.png\",\"contentUrl\":\"https:\/\/teterete.com\/mx\/wp-content\/uploads\/2019\/02\/Screen-Shot-2019-02-01-at-9.01.36-AM.png\",\"width\":640,\"height\":640,\"caption\":\"Luminario Zhe\"},{\"@type\":\"BreadcrumbList\",\"@id\":\"https:\/\/teterete.com\/mx\/producto\/luminario-zhe\/#breadcrumb\",\"itemListElement\":[{\"@type\":\"ListItem\",\"position\":1,\"name\":\"Home\",\"item\":\"https:\/\/teterete.com\/mx\/\"},{\"@type\":\"ListItem\",\"position\":2,\"name\":\"Productos\",\"item\":\"https:\/\/teterete.com\/mx\/shop\/\"},{\"@type\":\"ListItem\",\"position\":3,\"name\":\"Luminario ZHE\"}]},{\"@type\":\"WebSite\",\"@id\":\"https:\/\/teterete.com\/mx\/#website\",\"url\":\"https:\/\/teterete.com\/mx\/\",\"name\":\"\",\"description\":\"Tienda en L\u00ednea de Fina Artesanias y Dise\u00f1o Mexicano. Bellas piezas elaboradas a mano por los mejores artesanos del pa\u00eds as\u00ed como piezas de dise\u00f1o y decoraci\u00f3n con inspiraci\u00f3n artesanal.\",\"potentialAction\":[{\"@type\":\"SearchAction\",\"target\":{\"@type\":\"EntryPoint\",\"urlTemplate\":\"https:\/\/teterete.com\/mx\/?s={search_term_string}\"},\"query-input\":{\"@type\":\"PropertyValueSpecification\",\"valueRequired\":true,\"valueName\":\"search_term_string\"}}],\"inLanguage\":\"es\"}]}<\/script>\n<!-- \/ Yoast SEO plugin. -->","yoast_head_json":{"title":"Luminario ZHE -","robots":{"index":"index","follow":"follow","max-snippet":"max-snippet:-1","max-image-preview":"max-image-preview:large","max-video-preview":"max-video-preview:-1"},"canonical":"https:\/\/teterete.com\/mx\/producto\/luminario-zhe\/","og_locale":"es_ES","og_type":"article","og_title":"Luminario ZHE -","og_description":"Zhe es un luminario lleno de peque\u00f1os y cuidadosos detalles. Desde las delicadas l\u00edneas asim\u00e9tricas de cada uno de los m\u00f3dulos, hasta las registros con los que se fijan los difusores de cristal. Es un luminario elegante y altamente funcional.","og_url":"https:\/\/teterete.com\/mx\/producto\/luminario-zhe\/","article_publisher":"https:\/\/www.facebook.com\/TetereteHome\/","article_modified_time":"2025-10-19T23:41:29+00:00","og_image":[{"width":640,"height":640,"url":"https:\/\/teterete.com\/mx\/wp-content\/uploads\/2019\/02\/Screen-Shot-2019-02-01-at-9.01.36-AM.png","type":"image\/png"}],"twitter_card":"summary_large_image","twitter_site":"@Teterete_Home","twitter_misc":{"Tiempo de lectura":"1 minuto"},"schema":{"@context":"https:\/\/schema.org","@graph":[{"@type":"WebPage","@id":"https:\/\/teterete.com\/mx\/producto\/luminario-zhe\/","url":"https:\/\/teterete.com\/mx\/producto\/luminario-zhe\/","name":"Luminario ZHE -","isPartOf":{"@id":"https:\/\/teterete.com\/mx\/#website"},"primaryImageOfPage":{"@id":"https:\/\/teterete.com\/mx\/producto\/luminario-zhe\/#primaryimage"},"image":{"@id":"https:\/\/teterete.com\/mx\/producto\/luminario-zhe\/#primaryimage"},"thumbnailUrl":"https:\/\/teterete.com\/mx\/wp-content\/uploads\/2019\/02\/Screen-Shot-2019-02-01-at-9.01.36-AM.png","datePublished":"2019-02-01T14:57:50+00:00","dateModified":"2025-10-19T23:41:29+00:00","breadcrumb":{"@id":"https:\/\/teterete.com\/mx\/producto\/luminario-zhe\/#breadcrumb"},"inLanguage":"es","potentialAction":[{"@type":"ReadAction","target":["https:\/\/teterete.com\/mx\/producto\/luminario-zhe\/"]}]},{"@type":"ImageObject","inLanguage":"es","@id":"https:\/\/teterete.com\/mx\/producto\/luminario-zhe\/#primaryimage","url":"https:\/\/teterete.com\/mx\/wp-content\/uploads\/2019\/02\/Screen-Shot-2019-02-01-at-9.01.36-AM.png","contentUrl":"https:\/\/teterete.com\/mx\/wp-content\/uploads\/2019\/02\/Screen-Shot-2019-02-01-at-9.01.36-AM.png","width":640,"height":640,"caption":"Luminario Zhe"},{"@type":"BreadcrumbList","@id":"https:\/\/teterete.com\/mx\/producto\/luminario-zhe\/#breadcrumb","itemListElement":[{"@type":"ListItem","position":1,"name":"Home","item":"https:\/\/teterete.com\/mx\/"},{"@type":"ListItem","position":2,"name":"Productos","item":"https:\/\/teterete.com\/mx\/shop\/"},{"@type":"ListItem","position":3,"name":"Luminario ZHE"}]},{"@type":"WebSite","@id":"https:\/\/teterete.com\/mx\/#website","url":"https:\/\/teterete.com\/mx\/","name":"","description":"Tienda en L\u00ednea de Fina Artesanias y Dise\u00f1o Mexicano. Bellas piezas elaboradas a mano por los mejores artesanos del pa\u00eds as\u00ed como piezas de dise\u00f1o y decoraci\u00f3n con inspiraci\u00f3n artesanal.","potentialAction":[{"@type":"SearchAction","target":{"@type":"EntryPoint","urlTemplate":"https:\/\/teterete.com\/mx\/?s={search_term_string}"},"query-input":{"@type":"PropertyValueSpecification","valueRequired":true,"valueName":"search_term_string"}}],"inLanguage":"es"}]}},"_links":{"self":[{"href":"https:\/\/teterete.com\/mx\/wp-json\/wp\/v2\/product\/5428"}],"collection":[{"href":"https:\/\/teterete.com\/mx\/wp-json\/wp\/v2\/product"}],"about":[{"href":"https:\/\/teterete.com\/mx\/wp-json\/wp\/v2\/types\/product"}],"replies":[{"embeddable":true,"href":"https:\/\/teterete.com\/mx\/wp-json\/wp\/v2\/comments?post=5428"}],"wp:featuredmedia":[{"embeddable":true,"href":"https:\/\/teterete.com\/mx\/wp-json\/wp\/v2\/media\/5432"}],"wp:attachment":[{"href":"https:\/\/teterete.com\/mx\/wp-json\/wp\/v2\/media?parent=5428"}],"wp:term":[{"taxonomy":"product_cat","embeddable":true,"href":"https:\/\/teterete.com\/mx\/wp-json\/wp\/v2\/product_cat?post=5428"},{"taxonomy":"product_tag","embeddable":true,"href":"https:\/\/teterete.com\/mx\/wp-json\/wp\/v2\/product_tag?post=5428"}],"curies":[{"name":"wp","href":"https:\/\/api.w.org\/{rel}","templated":true}]}}