{"id":5470,"date":"2019-02-23T17:24:35","date_gmt":"2019-02-23T17:24:35","guid":{"rendered":"https:\/\/teterete.com\/mx\/?post_type=product&#038;p=5470"},"modified":"2023-07-28T21:52:27","modified_gmt":"2023-07-28T21:52:27","slug":"banco-fjorfur","status":"publish","type":"product","link":"https:\/\/teterete.com\/mx\/producto\/banco-fjorfur\/","title":{"rendered":"Banco Fiordo &#8211; Env\u00edo Gratis"},"content":{"rendered":"<p>Material: Tejido de algod\u00f3n sobre hule espuma firme con estructura de acero con pintura electr\u00f3statica<\/p>\n","protected":false},"excerpt":{"rendered":"<p>Tejido a mano por artesanos de la comunidad de Chiconcuac, famosa zona textil en el estado de M\u00e9xico.<\/p>\n<p>En la compra del este producto el env\u00edo es gratis.<\/p>\n","protected":false},"featured_media":5478,"comment_status":"open","ping_status":"closed","template":"","meta":{"_acf_changed":false,"sfsi_plus_gutenberg_text_before_share":"","sfsi_plus_gutenberg_show_text_before_share":"","sfsi_plus_gutenberg_icon_type":"","sfsi_plus_gutenberg_icon_alignemt":"","sfsi_plus_gutenburg_max_per_row":""},"product_brand":[],"product_cat":[2080,682],"product_tag":[1182,1185,1184,1183,1186,232,1187,1188],"class_list":{"0":"post-5470","1":"product","2":"type-product","3":"status-publish","4":"has-post-thumbnail","6":"product_cat-sillas-y-sillones","7":"product_cat-terraza","8":"product_tag-banco","9":"product_tag-banco-con-tejido","10":"product_tag-banco-pequeno","11":"product_tag-banco-tejido","12":"product_tag-decor","13":"product_tag-decoracion-mexicana","14":"product_tag-muebles","15":"product_tag-tienda-de-decoracion","17":"first","18":"instock","19":"taxable","20":"shipping-taxable","21":"purchasable","22":"product-type-variable"},"acf":[],"yoast_head":"<!-- This site is optimized with the Yoast SEO plugin v27.5 - https:\/\/yoast.com\/product\/yoast-seo-wordpress\/ -->\n<title>Banco Fiordo - Env\u00edo Gratis -<\/title>\n<meta name=\"robots\" content=\"index, follow, max-snippet:-1, max-image-preview:large, max-video-preview:-1\" \/>\n<link rel=\"canonical\" href=\"https:\/\/teterete.com\/mx\/producto\/banco-fjorfur\/\" \/>\n<meta property=\"og:locale\" content=\"es_ES\" \/>\n<meta property=\"og:type\" content=\"article\" \/>\n<meta property=\"og:title\" content=\"Banco Fiordo - Env\u00edo Gratis -\" \/>\n<meta property=\"og:description\" content=\"Tejido a mano por artesanos de la comunidad de Chiconcuac, famosa zona textil en el estado de M\u00e9xico.  En la compra del este producto el env\u00edo es gratis.\" \/>\n<meta property=\"og:url\" content=\"https:\/\/teterete.com\/mx\/producto\/banco-fjorfur\/\" \/>\n<meta property=\"article:publisher\" content=\"https:\/\/www.facebook.com\/TetereteHome\/\" \/>\n<meta property=\"article:modified_time\" content=\"2023-07-28T21:52:27+00:00\" \/>\n<meta property=\"og:image\" content=\"https:\/\/teterete.com\/mx\/wp-content\/uploads\/2019\/02\/BancoMenta.jpg\" \/>\n\t<meta property=\"og:image:width\" content=\"1218\" \/>\n\t<meta property=\"og:image:height\" content=\"1092\" \/>\n\t<meta property=\"og:image:type\" content=\"image\/jpeg\" \/>\n<meta name=\"twitter:card\" content=\"summary_large_image\" \/>\n<meta name=\"twitter:site\" content=\"@Teterete_Home\" \/>\n<script type=\"application\/ld+json\" class=\"yoast-schema-graph\">{\"@context\":\"https:\\\/\\\/schema.org\",\"@graph\":[{\"@type\":\"WebPage\",\"@id\":\"https:\\\/\\\/teterete.com\\\/mx\\\/producto\\\/banco-fjorfur\\\/\",\"url\":\"https:\\\/\\\/teterete.com\\\/mx\\\/producto\\\/banco-fjorfur\\\/\",\"name\":\"Banco Fiordo - Env\u00edo Gratis -\",\"isPartOf\":{\"@id\":\"https:\\\/\\\/teterete.com\\\/mx\\\/#website\"},\"primaryImageOfPage\":{\"@id\":\"https:\\\/\\\/teterete.com\\\/mx\\\/producto\\\/banco-fjorfur\\\/#primaryimage\"},\"image\":{\"@id\":\"https:\\\/\\\/teterete.com\\\/mx\\\/producto\\\/banco-fjorfur\\\/#primaryimage\"},\"thumbnailUrl\":\"https:\\\/\\\/teterete.com\\\/mx\\\/wp-content\\\/uploads\\\/2019\\\/02\\\/BancoMenta.jpg\",\"datePublished\":\"2019-02-23T17:24:35+00:00\",\"dateModified\":\"2023-07-28T21:52:27+00:00\",\"breadcrumb\":{\"@id\":\"https:\\\/\\\/teterete.com\\\/mx\\\/producto\\\/banco-fjorfur\\\/#breadcrumb\"},\"inLanguage\":\"es\",\"potentialAction\":[{\"@type\":\"ReadAction\",\"target\":[\"https:\\\/\\\/teterete.com\\\/mx\\\/producto\\\/banco-fjorfur\\\/\"]}]},{\"@type\":\"ImageObject\",\"inLanguage\":\"es\",\"@id\":\"https:\\\/\\\/teterete.com\\\/mx\\\/producto\\\/banco-fjorfur\\\/#primaryimage\",\"url\":\"https:\\\/\\\/teterete.com\\\/mx\\\/wp-content\\\/uploads\\\/2019\\\/02\\\/BancoMenta.jpg\",\"contentUrl\":\"https:\\\/\\\/teterete.com\\\/mx\\\/wp-content\\\/uploads\\\/2019\\\/02\\\/BancoMenta.jpg\",\"width\":1218,\"height\":1092,\"caption\":\"Banco Menta\"},{\"@type\":\"BreadcrumbList\",\"@id\":\"https:\\\/\\\/teterete.com\\\/mx\\\/producto\\\/banco-fjorfur\\\/#breadcrumb\",\"itemListElement\":[{\"@type\":\"ListItem\",\"position\":1,\"name\":\"Home\",\"item\":\"https:\\\/\\\/teterete.com\\\/mx\\\/\"},{\"@type\":\"ListItem\",\"position\":2,\"name\":\"Productos\",\"item\":\"https:\\\/\\\/teterete.com\\\/mx\\\/shop\\\/\"},{\"@type\":\"ListItem\",\"position\":3,\"name\":\"Banco Fiordo &#8211; Env\u00edo Gratis\"}]},{\"@type\":\"WebSite\",\"@id\":\"https:\\\/\\\/teterete.com\\\/mx\\\/#website\",\"url\":\"https:\\\/\\\/teterete.com\\\/mx\\\/\",\"name\":\"\",\"description\":\"Tienda en L\u00ednea de Fina Artesanias y Dise\u00f1o Mexicano. Bellas piezas elaboradas a mano por los mejores artesanos del pa\u00eds as\u00ed como piezas de dise\u00f1o y decoraci\u00f3n con inspiraci\u00f3n artesanal.\",\"potentialAction\":[{\"@type\":\"SearchAction\",\"target\":{\"@type\":\"EntryPoint\",\"urlTemplate\":\"https:\\\/\\\/teterete.com\\\/mx\\\/?s={search_term_string}\"},\"query-input\":{\"@type\":\"PropertyValueSpecification\",\"valueRequired\":true,\"valueName\":\"search_term_string\"}}],\"inLanguage\":\"es\"}]}<\/script>\n<!-- \/ Yoast SEO plugin. -->","yoast_head_json":{"title":"Banco Fiordo - Env\u00edo Gratis -","robots":{"index":"index","follow":"follow","max-snippet":"max-snippet:-1","max-image-preview":"max-image-preview:large","max-video-preview":"max-video-preview:-1"},"canonical":"https:\/\/teterete.com\/mx\/producto\/banco-fjorfur\/","og_locale":"es_ES","og_type":"article","og_title":"Banco Fiordo - Env\u00edo Gratis -","og_description":"Tejido a mano por artesanos de la comunidad de Chiconcuac, famosa zona textil en el estado de M\u00e9xico.  En la compra del este producto el env\u00edo es gratis.","og_url":"https:\/\/teterete.com\/mx\/producto\/banco-fjorfur\/","article_publisher":"https:\/\/www.facebook.com\/TetereteHome\/","article_modified_time":"2023-07-28T21:52:27+00:00","og_image":[{"width":1218,"height":1092,"url":"https:\/\/teterete.com\/mx\/wp-content\/uploads\/2019\/02\/BancoMenta.jpg","type":"image\/jpeg"}],"twitter_card":"summary_large_image","twitter_site":"@Teterete_Home","schema":{"@context":"https:\/\/schema.org","@graph":[{"@type":"WebPage","@id":"https:\/\/teterete.com\/mx\/producto\/banco-fjorfur\/","url":"https:\/\/teterete.com\/mx\/producto\/banco-fjorfur\/","name":"Banco Fiordo - Env\u00edo Gratis -","isPartOf":{"@id":"https:\/\/teterete.com\/mx\/#website"},"primaryImageOfPage":{"@id":"https:\/\/teterete.com\/mx\/producto\/banco-fjorfur\/#primaryimage"},"image":{"@id":"https:\/\/teterete.com\/mx\/producto\/banco-fjorfur\/#primaryimage"},"thumbnailUrl":"https:\/\/teterete.com\/mx\/wp-content\/uploads\/2019\/02\/BancoMenta.jpg","datePublished":"2019-02-23T17:24:35+00:00","dateModified":"2023-07-28T21:52:27+00:00","breadcrumb":{"@id":"https:\/\/teterete.com\/mx\/producto\/banco-fjorfur\/#breadcrumb"},"inLanguage":"es","potentialAction":[{"@type":"ReadAction","target":["https:\/\/teterete.com\/mx\/producto\/banco-fjorfur\/"]}]},{"@type":"ImageObject","inLanguage":"es","@id":"https:\/\/teterete.com\/mx\/producto\/banco-fjorfur\/#primaryimage","url":"https:\/\/teterete.com\/mx\/wp-content\/uploads\/2019\/02\/BancoMenta.jpg","contentUrl":"https:\/\/teterete.com\/mx\/wp-content\/uploads\/2019\/02\/BancoMenta.jpg","width":1218,"height":1092,"caption":"Banco Menta"},{"@type":"BreadcrumbList","@id":"https:\/\/teterete.com\/mx\/producto\/banco-fjorfur\/#breadcrumb","itemListElement":[{"@type":"ListItem","position":1,"name":"Home","item":"https:\/\/teterete.com\/mx\/"},{"@type":"ListItem","position":2,"name":"Productos","item":"https:\/\/teterete.com\/mx\/shop\/"},{"@type":"ListItem","position":3,"name":"Banco Fiordo &#8211; Env\u00edo Gratis"}]},{"@type":"WebSite","@id":"https:\/\/teterete.com\/mx\/#website","url":"https:\/\/teterete.com\/mx\/","name":"","description":"Tienda en L\u00ednea de Fina Artesanias y Dise\u00f1o Mexicano. Bellas piezas elaboradas a mano por los mejores artesanos del pa\u00eds as\u00ed como piezas de dise\u00f1o y decoraci\u00f3n con inspiraci\u00f3n artesanal.","potentialAction":[{"@type":"SearchAction","target":{"@type":"EntryPoint","urlTemplate":"https:\/\/teterete.com\/mx\/?s={search_term_string}"},"query-input":{"@type":"PropertyValueSpecification","valueRequired":true,"valueName":"search_term_string"}}],"inLanguage":"es"}]}},"_links":{"self":[{"href":"https:\/\/teterete.com\/mx\/wp-json\/wp\/v2\/product\/5470","targetHints":{"allow":["GET"]}}],"collection":[{"href":"https:\/\/teterete.com\/mx\/wp-json\/wp\/v2\/product"}],"about":[{"href":"https:\/\/teterete.com\/mx\/wp-json\/wp\/v2\/types\/product"}],"replies":[{"embeddable":true,"href":"https:\/\/teterete.com\/mx\/wp-json\/wp\/v2\/comments?post=5470"}],"wp:featuredmedia":[{"embeddable":true,"href":"https:\/\/teterete.com\/mx\/wp-json\/wp\/v2\/media\/5478"}],"wp:attachment":[{"href":"https:\/\/teterete.com\/mx\/wp-json\/wp\/v2\/media?parent=5470"}],"wp:term":[{"taxonomy":"product_brand","embeddable":true,"href":"https:\/\/teterete.com\/mx\/wp-json\/wp\/v2\/product_brand?post=5470"},{"taxonomy":"product_cat","embeddable":true,"href":"https:\/\/teterete.com\/mx\/wp-json\/wp\/v2\/product_cat?post=5470"},{"taxonomy":"product_tag","embeddable":true,"href":"https:\/\/teterete.com\/mx\/wp-json\/wp\/v2\/product_tag?post=5470"}],"curies":[{"name":"wp","href":"https:\/\/api.w.org\/{rel}","templated":true}]}}