{"id":5480,"date":"2019-02-24T16:18:43","date_gmt":"2019-02-24T16:18:43","guid":{"rendered":"https:\/\/teterete.com\/mx\/?post_type=product&#038;p=5480"},"modified":"2020-06-18T15:24:05","modified_gmt":"2020-06-18T15:24:05","slug":"luminaria-revolver","status":"publish","type":"product","link":"https:\/\/teterete.com\/mx\/producto\/luminaria-revolver\/","title":{"rendered":"Luminaria Revolver &#8211; Env\u00edo Gratis"},"content":{"rendered":"<p>Elaborada mediante el proceso de rechazado con un recubrimiento de barniz transparente para conservar la apariencia natural del acero \u00f3 terminado en pintura electrost\u00e1tica.<\/p>\n<p>Acero al carb\u00f3n terminado con barniz transparente.<\/p>\n","protected":false},"excerpt":{"rendered":"<p>Luminaria de techo fabricada en acero con acabado en barniz transparente y correa de piel. Incluye: 1.5 M de cable, socket para conexi\u00f3n est\u00e1ndar E26, foco par30 LED de 12 w color blanco neutro, canope.<\/p>\n<p>En la compra de este producto el env\u00edo es gratis<\/p>\n","protected":false},"featured_media":5485,"comment_status":"open","ping_status":"closed","template":"","meta":{"_acf_changed":false,"sfsi_plus_gutenberg_text_before_share":"","sfsi_plus_gutenberg_show_text_before_share":"","sfsi_plus_gutenberg_icon_type":"","sfsi_plus_gutenberg_icon_alignemt":"","sfsi_plus_gutenburg_max_per_row":""},"product_brand":[],"product_cat":[1200,351,538],"product_tag":[232,799,980,1190,1191,974,975,978,977],"class_list":{"0":"post-5480","1":"product","2":"type-product","3":"status-publish","4":"has-post-thumbnail","6":"product_cat-iluminacion","7":"product_cat-lamparas","8":"product_cat-para_el","9":"product_tag-decoracion-mexicana","10":"product_tag-iluminacion","11":"product_tag-lampara-dirigida","12":"product_tag-lampara-revolver","13":"product_tag-lamparas-de-acero","14":"product_tag-lamparas-mexicanas","15":"product_tag-lamparas-para-decorar","16":"product_tag-luminarias-para-decorar","17":"product_tag-tienda-decorativa","19":"first","20":"instock","21":"taxable","22":"shipping-taxable","23":"purchasable","24":"product-type-variable"},"acf":[],"yoast_head":"<!-- This site is optimized with the Yoast SEO plugin v27.5 - https:\/\/yoast.com\/product\/yoast-seo-wordpress\/ -->\n<title>Luminaria Revolver - Env\u00edo Gratis -<\/title>\n<meta name=\"robots\" content=\"index, follow, max-snippet:-1, max-image-preview:large, max-video-preview:-1\" \/>\n<link rel=\"canonical\" href=\"https:\/\/teterete.com\/mx\/producto\/luminaria-revolver\/\" \/>\n<meta property=\"og:locale\" content=\"es_ES\" \/>\n<meta property=\"og:type\" content=\"article\" \/>\n<meta property=\"og:title\" content=\"Luminaria Revolver - Env\u00edo Gratis -\" \/>\n<meta property=\"og:description\" content=\"Luminaria de techo fabricada en acero con acabado en barniz transparente y correa de piel. Incluye: 1.5 M de cable, socket para conexi\u00f3n est\u00e1ndar E26, foco par30 LED de 12 w color blanco neutro, canope.  En la compra de este producto el env\u00edo es gratis\" \/>\n<meta property=\"og:url\" content=\"https:\/\/teterete.com\/mx\/producto\/luminaria-revolver\/\" \/>\n<meta property=\"article:publisher\" content=\"https:\/\/www.facebook.com\/TetereteHome\/\" \/>\n<meta property=\"article:modified_time\" content=\"2020-06-18T15:24:05+00:00\" \/>\n<meta property=\"og:image\" content=\"https:\/\/teterete.com\/mx\/wp-content\/uploads\/2019\/02\/IsoFrente-Negro.jpg\" \/>\n\t<meta property=\"og:image:width\" content=\"1200\" \/>\n\t<meta property=\"og:image:height\" content=\"1200\" \/>\n\t<meta property=\"og:image:type\" content=\"image\/jpeg\" \/>\n<meta name=\"twitter:card\" content=\"summary_large_image\" \/>\n<meta name=\"twitter:site\" content=\"@Teterete_Home\" \/>\n<script type=\"application\/ld+json\" class=\"yoast-schema-graph\">{\"@context\":\"https:\\\/\\\/schema.org\",\"@graph\":[{\"@type\":\"WebPage\",\"@id\":\"https:\\\/\\\/teterete.com\\\/mx\\\/producto\\\/luminaria-revolver\\\/\",\"url\":\"https:\\\/\\\/teterete.com\\\/mx\\\/producto\\\/luminaria-revolver\\\/\",\"name\":\"Luminaria Revolver - Env\u00edo Gratis -\",\"isPartOf\":{\"@id\":\"https:\\\/\\\/teterete.com\\\/mx\\\/#website\"},\"primaryImageOfPage\":{\"@id\":\"https:\\\/\\\/teterete.com\\\/mx\\\/producto\\\/luminaria-revolver\\\/#primaryimage\"},\"image\":{\"@id\":\"https:\\\/\\\/teterete.com\\\/mx\\\/producto\\\/luminaria-revolver\\\/#primaryimage\"},\"thumbnailUrl\":\"https:\\\/\\\/teterete.com\\\/mx\\\/wp-content\\\/uploads\\\/2019\\\/02\\\/IsoFrente-Negro.jpg\",\"datePublished\":\"2019-02-24T16:18:43+00:00\",\"dateModified\":\"2020-06-18T15:24:05+00:00\",\"breadcrumb\":{\"@id\":\"https:\\\/\\\/teterete.com\\\/mx\\\/producto\\\/luminaria-revolver\\\/#breadcrumb\"},\"inLanguage\":\"es\",\"potentialAction\":[{\"@type\":\"ReadAction\",\"target\":[\"https:\\\/\\\/teterete.com\\\/mx\\\/producto\\\/luminaria-revolver\\\/\"]}]},{\"@type\":\"ImageObject\",\"inLanguage\":\"es\",\"@id\":\"https:\\\/\\\/teterete.com\\\/mx\\\/producto\\\/luminaria-revolver\\\/#primaryimage\",\"url\":\"https:\\\/\\\/teterete.com\\\/mx\\\/wp-content\\\/uploads\\\/2019\\\/02\\\/IsoFrente-Negro.jpg\",\"contentUrl\":\"https:\\\/\\\/teterete.com\\\/mx\\\/wp-content\\\/uploads\\\/2019\\\/02\\\/IsoFrente-Negro.jpg\",\"width\":1200,\"height\":1200,\"caption\":\"L\u00e1mpara Colgante Negra\"},{\"@type\":\"BreadcrumbList\",\"@id\":\"https:\\\/\\\/teterete.com\\\/mx\\\/producto\\\/luminaria-revolver\\\/#breadcrumb\",\"itemListElement\":[{\"@type\":\"ListItem\",\"position\":1,\"name\":\"Home\",\"item\":\"https:\\\/\\\/teterete.com\\\/mx\\\/\"},{\"@type\":\"ListItem\",\"position\":2,\"name\":\"Productos\",\"item\":\"https:\\\/\\\/teterete.com\\\/mx\\\/shop\\\/\"},{\"@type\":\"ListItem\",\"position\":3,\"name\":\"Luminaria Revolver &#8211; Env\u00edo Gratis\"}]},{\"@type\":\"WebSite\",\"@id\":\"https:\\\/\\\/teterete.com\\\/mx\\\/#website\",\"url\":\"https:\\\/\\\/teterete.com\\\/mx\\\/\",\"name\":\"\",\"description\":\"Tienda en L\u00ednea de Fina Artesanias y Dise\u00f1o Mexicano. Bellas piezas elaboradas a mano por los mejores artesanos del pa\u00eds as\u00ed como piezas de dise\u00f1o y decoraci\u00f3n con inspiraci\u00f3n artesanal.\",\"potentialAction\":[{\"@type\":\"SearchAction\",\"target\":{\"@type\":\"EntryPoint\",\"urlTemplate\":\"https:\\\/\\\/teterete.com\\\/mx\\\/?s={search_term_string}\"},\"query-input\":{\"@type\":\"PropertyValueSpecification\",\"valueRequired\":true,\"valueName\":\"search_term_string\"}}],\"inLanguage\":\"es\"}]}<\/script>\n<!-- \/ Yoast SEO plugin. -->","yoast_head_json":{"title":"Luminaria Revolver - Env\u00edo Gratis -","robots":{"index":"index","follow":"follow","max-snippet":"max-snippet:-1","max-image-preview":"max-image-preview:large","max-video-preview":"max-video-preview:-1"},"canonical":"https:\/\/teterete.com\/mx\/producto\/luminaria-revolver\/","og_locale":"es_ES","og_type":"article","og_title":"Luminaria Revolver - Env\u00edo Gratis -","og_description":"Luminaria de techo fabricada en acero con acabado en barniz transparente y correa de piel. Incluye: 1.5 M de cable, socket para conexi\u00f3n est\u00e1ndar E26, foco par30 LED de 12 w color blanco neutro, canope.  En la compra de este producto el env\u00edo es gratis","og_url":"https:\/\/teterete.com\/mx\/producto\/luminaria-revolver\/","article_publisher":"https:\/\/www.facebook.com\/TetereteHome\/","article_modified_time":"2020-06-18T15:24:05+00:00","og_image":[{"width":1200,"height":1200,"url":"https:\/\/teterete.com\/mx\/wp-content\/uploads\/2019\/02\/IsoFrente-Negro.jpg","type":"image\/jpeg"}],"twitter_card":"summary_large_image","twitter_site":"@Teterete_Home","schema":{"@context":"https:\/\/schema.org","@graph":[{"@type":"WebPage","@id":"https:\/\/teterete.com\/mx\/producto\/luminaria-revolver\/","url":"https:\/\/teterete.com\/mx\/producto\/luminaria-revolver\/","name":"Luminaria Revolver - Env\u00edo Gratis -","isPartOf":{"@id":"https:\/\/teterete.com\/mx\/#website"},"primaryImageOfPage":{"@id":"https:\/\/teterete.com\/mx\/producto\/luminaria-revolver\/#primaryimage"},"image":{"@id":"https:\/\/teterete.com\/mx\/producto\/luminaria-revolver\/#primaryimage"},"thumbnailUrl":"https:\/\/teterete.com\/mx\/wp-content\/uploads\/2019\/02\/IsoFrente-Negro.jpg","datePublished":"2019-02-24T16:18:43+00:00","dateModified":"2020-06-18T15:24:05+00:00","breadcrumb":{"@id":"https:\/\/teterete.com\/mx\/producto\/luminaria-revolver\/#breadcrumb"},"inLanguage":"es","potentialAction":[{"@type":"ReadAction","target":["https:\/\/teterete.com\/mx\/producto\/luminaria-revolver\/"]}]},{"@type":"ImageObject","inLanguage":"es","@id":"https:\/\/teterete.com\/mx\/producto\/luminaria-revolver\/#primaryimage","url":"https:\/\/teterete.com\/mx\/wp-content\/uploads\/2019\/02\/IsoFrente-Negro.jpg","contentUrl":"https:\/\/teterete.com\/mx\/wp-content\/uploads\/2019\/02\/IsoFrente-Negro.jpg","width":1200,"height":1200,"caption":"L\u00e1mpara Colgante Negra"},{"@type":"BreadcrumbList","@id":"https:\/\/teterete.com\/mx\/producto\/luminaria-revolver\/#breadcrumb","itemListElement":[{"@type":"ListItem","position":1,"name":"Home","item":"https:\/\/teterete.com\/mx\/"},{"@type":"ListItem","position":2,"name":"Productos","item":"https:\/\/teterete.com\/mx\/shop\/"},{"@type":"ListItem","position":3,"name":"Luminaria Revolver &#8211; Env\u00edo Gratis"}]},{"@type":"WebSite","@id":"https:\/\/teterete.com\/mx\/#website","url":"https:\/\/teterete.com\/mx\/","name":"","description":"Tienda en L\u00ednea de Fina Artesanias y Dise\u00f1o Mexicano. Bellas piezas elaboradas a mano por los mejores artesanos del pa\u00eds as\u00ed como piezas de dise\u00f1o y decoraci\u00f3n con inspiraci\u00f3n artesanal.","potentialAction":[{"@type":"SearchAction","target":{"@type":"EntryPoint","urlTemplate":"https:\/\/teterete.com\/mx\/?s={search_term_string}"},"query-input":{"@type":"PropertyValueSpecification","valueRequired":true,"valueName":"search_term_string"}}],"inLanguage":"es"}]}},"_links":{"self":[{"href":"https:\/\/teterete.com\/mx\/wp-json\/wp\/v2\/product\/5480","targetHints":{"allow":["GET"]}}],"collection":[{"href":"https:\/\/teterete.com\/mx\/wp-json\/wp\/v2\/product"}],"about":[{"href":"https:\/\/teterete.com\/mx\/wp-json\/wp\/v2\/types\/product"}],"replies":[{"embeddable":true,"href":"https:\/\/teterete.com\/mx\/wp-json\/wp\/v2\/comments?post=5480"}],"wp:featuredmedia":[{"embeddable":true,"href":"https:\/\/teterete.com\/mx\/wp-json\/wp\/v2\/media\/5485"}],"wp:attachment":[{"href":"https:\/\/teterete.com\/mx\/wp-json\/wp\/v2\/media?parent=5480"}],"wp:term":[{"taxonomy":"product_brand","embeddable":true,"href":"https:\/\/teterete.com\/mx\/wp-json\/wp\/v2\/product_brand?post=5480"},{"taxonomy":"product_cat","embeddable":true,"href":"https:\/\/teterete.com\/mx\/wp-json\/wp\/v2\/product_cat?post=5480"},{"taxonomy":"product_tag","embeddable":true,"href":"https:\/\/teterete.com\/mx\/wp-json\/wp\/v2\/product_tag?post=5480"}],"curies":[{"name":"wp","href":"https:\/\/api.w.org\/{rel}","templated":true}]}}