{"id":5492,"date":"2019-02-24T16:43:26","date_gmt":"2019-02-24T16:43:26","guid":{"rendered":"https:\/\/teterete.com\/mx\/?post_type=product&#038;p=5492"},"modified":"2025-01-18T16:47:05","modified_gmt":"2025-01-18T16:47:05","slug":"luminaria-tres-pies","status":"publish","type":"product","link":"https:\/\/teterete.com\/mx\/producto\/luminaria-tres-pies\/","title":{"rendered":"Luminaria Tres Pies"},"content":{"rendered":"<p>La iluminaci\u00f3n indirecta es perfecta para crear un ambiente acogedor en tu hogar. Personaliza tu espacio con un dise\u00f1o cl\u00e1sico de l\u00e1mpara de piso que gracias a la variedad de colores da un toque contempor\u00e1neo a tu entorno.<\/p>\n<p>No usar abrasivos para la limpieza de la pantalla y usar l\u00edquidos de limpieza para madera como pledge.<\/p>\n<p>&nbsp;<\/p>\n","protected":false},"excerpt":{"rendered":"<p>Pantallas fabricadas artesanalmente con tela de algod\u00f3n con repelente antimanchas. Terminado terso en las piezas de madera gracias al barniz de poliuretano.<\/p>\n<p>Madera de Pino + tela en algod\u00f3n 100% + Acero electropintado<\/p>\n","protected":false},"featured_media":5501,"comment_status":"open","ping_status":"closed","template":"","meta":{"_acf_changed":false,"sfsi_plus_gutenberg_text_before_share":"","sfsi_plus_gutenberg_show_text_before_share":"","sfsi_plus_gutenberg_icon_type":"","sfsi_plus_gutenberg_icon_alignemt":"","sfsi_plus_gutenburg_max_per_row":""},"product_brand":[],"product_cat":[1200,351,538],"product_tag":[232,799,1195,980,976,1197,974,975,1196,1178,978,1198,977],"class_list":{"0":"post-5492","1":"product","2":"type-product","3":"status-publish","4":"has-post-thumbnail","6":"product_cat-iluminacion","7":"product_cat-lamparas","8":"product_cat-para_el","9":"product_tag-decoracion-mexicana","10":"product_tag-iluminacion","11":"product_tag-lampara-de-piso","12":"product_tag-lampara-dirigida","13":"product_tag-lamparas-de-madera-y-acero","14":"product_tag-lamparas-en-mexico","15":"product_tag-lamparas-mexicanas","16":"product_tag-lamparas-para-decorar","17":"product_tag-luminaria-de-tres-pies","18":"product_tag-luminaria-decorativa","19":"product_tag-luminarias-para-decorar","20":"product_tag-tienda-de-lamparas","21":"product_tag-tienda-decorativa","22":"product_shipping_class-especial","24":"first","25":"instock","26":"taxable","27":"shipping-taxable","28":"purchasable","29":"product-type-variable"},"acf":[],"yoast_head":"<!-- This site is optimized with the Yoast SEO plugin v27.5 - https:\/\/yoast.com\/product\/yoast-seo-wordpress\/ -->\n<title>Luminaria Tres Pies -<\/title>\n<meta name=\"description\" content=\"L\u00e1mpara ripi\u00e9 en varios colores para tu estancia o rec\u00e1mara predilecta.\" \/>\n<meta name=\"robots\" content=\"index, follow, max-snippet:-1, max-image-preview:large, max-video-preview:-1\" \/>\n<link rel=\"canonical\" href=\"https:\/\/teterete.com\/mx\/producto\/luminaria-tres-pies\/\" \/>\n<meta property=\"og:locale\" content=\"es_ES\" \/>\n<meta property=\"og:type\" content=\"article\" \/>\n<meta property=\"og:title\" content=\"Luminaria Tres Pies -\" \/>\n<meta property=\"og:description\" content=\"L\u00e1mpara ripi\u00e9 en varios colores para tu estancia o rec\u00e1mara predilecta.\" \/>\n<meta property=\"og:url\" content=\"https:\/\/teterete.com\/mx\/producto\/luminaria-tres-pies\/\" \/>\n<meta property=\"article:publisher\" content=\"https:\/\/www.facebook.com\/TetereteHome\/\" \/>\n<meta property=\"article:modified_time\" content=\"2025-01-18T16:47:05+00:00\" \/>\n<meta property=\"og:image\" content=\"https:\/\/teterete.com\/mx\/wp-content\/uploads\/2019\/02\/LamparaTresPies-Iso-VerdeTortuga.jpg\" \/>\n\t<meta property=\"og:image:width\" content=\"1080\" \/>\n\t<meta property=\"og:image:height\" content=\"1080\" \/>\n\t<meta property=\"og:image:type\" content=\"image\/jpeg\" \/>\n<meta name=\"twitter:card\" content=\"summary_large_image\" \/>\n<meta name=\"twitter:site\" content=\"@Teterete_Home\" \/>\n<meta name=\"twitter:label1\" content=\"Tiempo de lectura\" \/>\n\t<meta name=\"twitter:data1\" content=\"1 minuto\" \/>\n<script type=\"application\/ld+json\" class=\"yoast-schema-graph\">{\"@context\":\"https:\\\/\\\/schema.org\",\"@graph\":[{\"@type\":\"WebPage\",\"@id\":\"https:\\\/\\\/teterete.com\\\/mx\\\/producto\\\/luminaria-tres-pies\\\/\",\"url\":\"https:\\\/\\\/teterete.com\\\/mx\\\/producto\\\/luminaria-tres-pies\\\/\",\"name\":\"Luminaria Tres Pies -\",\"isPartOf\":{\"@id\":\"https:\\\/\\\/teterete.com\\\/mx\\\/#website\"},\"primaryImageOfPage\":{\"@id\":\"https:\\\/\\\/teterete.com\\\/mx\\\/producto\\\/luminaria-tres-pies\\\/#primaryimage\"},\"image\":{\"@id\":\"https:\\\/\\\/teterete.com\\\/mx\\\/producto\\\/luminaria-tres-pies\\\/#primaryimage\"},\"thumbnailUrl\":\"https:\\\/\\\/teterete.com\\\/mx\\\/wp-content\\\/uploads\\\/2019\\\/02\\\/LamparaTresPies-Iso-VerdeTortuga.jpg\",\"datePublished\":\"2019-02-24T16:43:26+00:00\",\"dateModified\":\"2025-01-18T16:47:05+00:00\",\"description\":\"L\u00e1mpara ripi\u00e9 en varios colores para tu estancia o rec\u00e1mara predilecta.\",\"breadcrumb\":{\"@id\":\"https:\\\/\\\/teterete.com\\\/mx\\\/producto\\\/luminaria-tres-pies\\\/#breadcrumb\"},\"inLanguage\":\"es\",\"potentialAction\":[{\"@type\":\"ReadAction\",\"target\":[\"https:\\\/\\\/teterete.com\\\/mx\\\/producto\\\/luminaria-tres-pies\\\/\"]}]},{\"@type\":\"ImageObject\",\"inLanguage\":\"es\",\"@id\":\"https:\\\/\\\/teterete.com\\\/mx\\\/producto\\\/luminaria-tres-pies\\\/#primaryimage\",\"url\":\"https:\\\/\\\/teterete.com\\\/mx\\\/wp-content\\\/uploads\\\/2019\\\/02\\\/LamparaTresPies-Iso-VerdeTortuga.jpg\",\"contentUrl\":\"https:\\\/\\\/teterete.com\\\/mx\\\/wp-content\\\/uploads\\\/2019\\\/02\\\/LamparaTresPies-Iso-VerdeTortuga.jpg\",\"width\":1080,\"height\":1080,\"caption\":\"L\u00e1mpara de Piso Verde\"},{\"@type\":\"BreadcrumbList\",\"@id\":\"https:\\\/\\\/teterete.com\\\/mx\\\/producto\\\/luminaria-tres-pies\\\/#breadcrumb\",\"itemListElement\":[{\"@type\":\"ListItem\",\"position\":1,\"name\":\"Home\",\"item\":\"https:\\\/\\\/teterete.com\\\/mx\\\/\"},{\"@type\":\"ListItem\",\"position\":2,\"name\":\"Productos\",\"item\":\"https:\\\/\\\/teterete.com\\\/mx\\\/shop\\\/\"},{\"@type\":\"ListItem\",\"position\":3,\"name\":\"Luminaria Tres Pies\"}]},{\"@type\":\"WebSite\",\"@id\":\"https:\\\/\\\/teterete.com\\\/mx\\\/#website\",\"url\":\"https:\\\/\\\/teterete.com\\\/mx\\\/\",\"name\":\"\",\"description\":\"Tienda en L\u00ednea de Fina Artesanias y Dise\u00f1o Mexicano. Bellas piezas elaboradas a mano por los mejores artesanos del pa\u00eds as\u00ed como piezas de dise\u00f1o y decoraci\u00f3n con inspiraci\u00f3n artesanal.\",\"potentialAction\":[{\"@type\":\"SearchAction\",\"target\":{\"@type\":\"EntryPoint\",\"urlTemplate\":\"https:\\\/\\\/teterete.com\\\/mx\\\/?s={search_term_string}\"},\"query-input\":{\"@type\":\"PropertyValueSpecification\",\"valueRequired\":true,\"valueName\":\"search_term_string\"}}],\"inLanguage\":\"es\"}]}<\/script>\n<!-- \/ Yoast SEO plugin. -->","yoast_head_json":{"title":"Luminaria Tres Pies -","description":"L\u00e1mpara ripi\u00e9 en varios colores para tu estancia o rec\u00e1mara predilecta.","robots":{"index":"index","follow":"follow","max-snippet":"max-snippet:-1","max-image-preview":"max-image-preview:large","max-video-preview":"max-video-preview:-1"},"canonical":"https:\/\/teterete.com\/mx\/producto\/luminaria-tres-pies\/","og_locale":"es_ES","og_type":"article","og_title":"Luminaria Tres Pies -","og_description":"L\u00e1mpara ripi\u00e9 en varios colores para tu estancia o rec\u00e1mara predilecta.","og_url":"https:\/\/teterete.com\/mx\/producto\/luminaria-tres-pies\/","article_publisher":"https:\/\/www.facebook.com\/TetereteHome\/","article_modified_time":"2025-01-18T16:47:05+00:00","og_image":[{"width":1080,"height":1080,"url":"https:\/\/teterete.com\/mx\/wp-content\/uploads\/2019\/02\/LamparaTresPies-Iso-VerdeTortuga.jpg","type":"image\/jpeg"}],"twitter_card":"summary_large_image","twitter_site":"@Teterete_Home","twitter_misc":{"Tiempo de lectura":"1 minuto"},"schema":{"@context":"https:\/\/schema.org","@graph":[{"@type":"WebPage","@id":"https:\/\/teterete.com\/mx\/producto\/luminaria-tres-pies\/","url":"https:\/\/teterete.com\/mx\/producto\/luminaria-tres-pies\/","name":"Luminaria Tres Pies -","isPartOf":{"@id":"https:\/\/teterete.com\/mx\/#website"},"primaryImageOfPage":{"@id":"https:\/\/teterete.com\/mx\/producto\/luminaria-tres-pies\/#primaryimage"},"image":{"@id":"https:\/\/teterete.com\/mx\/producto\/luminaria-tres-pies\/#primaryimage"},"thumbnailUrl":"https:\/\/teterete.com\/mx\/wp-content\/uploads\/2019\/02\/LamparaTresPies-Iso-VerdeTortuga.jpg","datePublished":"2019-02-24T16:43:26+00:00","dateModified":"2025-01-18T16:47:05+00:00","description":"L\u00e1mpara ripi\u00e9 en varios colores para tu estancia o rec\u00e1mara predilecta.","breadcrumb":{"@id":"https:\/\/teterete.com\/mx\/producto\/luminaria-tres-pies\/#breadcrumb"},"inLanguage":"es","potentialAction":[{"@type":"ReadAction","target":["https:\/\/teterete.com\/mx\/producto\/luminaria-tres-pies\/"]}]},{"@type":"ImageObject","inLanguage":"es","@id":"https:\/\/teterete.com\/mx\/producto\/luminaria-tres-pies\/#primaryimage","url":"https:\/\/teterete.com\/mx\/wp-content\/uploads\/2019\/02\/LamparaTresPies-Iso-VerdeTortuga.jpg","contentUrl":"https:\/\/teterete.com\/mx\/wp-content\/uploads\/2019\/02\/LamparaTresPies-Iso-VerdeTortuga.jpg","width":1080,"height":1080,"caption":"L\u00e1mpara de Piso Verde"},{"@type":"BreadcrumbList","@id":"https:\/\/teterete.com\/mx\/producto\/luminaria-tres-pies\/#breadcrumb","itemListElement":[{"@type":"ListItem","position":1,"name":"Home","item":"https:\/\/teterete.com\/mx\/"},{"@type":"ListItem","position":2,"name":"Productos","item":"https:\/\/teterete.com\/mx\/shop\/"},{"@type":"ListItem","position":3,"name":"Luminaria Tres Pies"}]},{"@type":"WebSite","@id":"https:\/\/teterete.com\/mx\/#website","url":"https:\/\/teterete.com\/mx\/","name":"","description":"Tienda en L\u00ednea de Fina Artesanias y Dise\u00f1o Mexicano. Bellas piezas elaboradas a mano por los mejores artesanos del pa\u00eds as\u00ed como piezas de dise\u00f1o y decoraci\u00f3n con inspiraci\u00f3n artesanal.","potentialAction":[{"@type":"SearchAction","target":{"@type":"EntryPoint","urlTemplate":"https:\/\/teterete.com\/mx\/?s={search_term_string}"},"query-input":{"@type":"PropertyValueSpecification","valueRequired":true,"valueName":"search_term_string"}}],"inLanguage":"es"}]}},"_links":{"self":[{"href":"https:\/\/teterete.com\/mx\/wp-json\/wp\/v2\/product\/5492","targetHints":{"allow":["GET"]}}],"collection":[{"href":"https:\/\/teterete.com\/mx\/wp-json\/wp\/v2\/product"}],"about":[{"href":"https:\/\/teterete.com\/mx\/wp-json\/wp\/v2\/types\/product"}],"replies":[{"embeddable":true,"href":"https:\/\/teterete.com\/mx\/wp-json\/wp\/v2\/comments?post=5492"}],"wp:featuredmedia":[{"embeddable":true,"href":"https:\/\/teterete.com\/mx\/wp-json\/wp\/v2\/media\/5501"}],"wp:attachment":[{"href":"https:\/\/teterete.com\/mx\/wp-json\/wp\/v2\/media?parent=5492"}],"wp:term":[{"taxonomy":"product_brand","embeddable":true,"href":"https:\/\/teterete.com\/mx\/wp-json\/wp\/v2\/product_brand?post=5492"},{"taxonomy":"product_cat","embeddable":true,"href":"https:\/\/teterete.com\/mx\/wp-json\/wp\/v2\/product_cat?post=5492"},{"taxonomy":"product_tag","embeddable":true,"href":"https:\/\/teterete.com\/mx\/wp-json\/wp\/v2\/product_tag?post=5492"}],"curies":[{"name":"wp","href":"https:\/\/api.w.org\/{rel}","templated":true}]}}