{"id":5557,"date":"2019-03-03T00:34:58","date_gmt":"2019-03-03T00:34:58","guid":{"rendered":"https:\/\/teterete.com\/mx\/?post_type=product&#038;p=5557"},"modified":"2025-01-18T16:32:12","modified_gmt":"2025-01-18T16:32:12","slug":"tapetes-artesanal-otono","status":"publish","type":"product","link":"https:\/\/teterete.com\/mx\/producto\/tapetes-artesanal-otono\/","title":{"rendered":"Tapetes Artesanal OTO\u00d1O"},"content":{"rendered":"<p>Estos tapetes son piezas de gran calidad artesanal y materiales de la mejorar calidad, son un gran elemento decorativo para el espacio donde decidas ponerlo.<\/p>\n<p>Material: Lana<\/p>\n<p>*Los colores reales pueden presentar ligeros cambios, ya que nuestros procesos de entintado son artesanales.<\/p>\n<p>&nbsp;<\/p>\n","protected":false},"excerpt":{"rendered":"<p>Tapete geom\u00e9trico artesanal elaborado por artesanos oaxaque\u00f1os y tejidos en telar de pedal, dise\u00f1o elaborado por las hermanas Arnaiz. El entintado de los hilos se elabora con hojas, frutos, plantas e insectos que les brinda la Madre Tierra, trabajando en uni\u00f3n con ella.<\/p>\n<p>Verifica el tama\u00f1o para confirmar precio y tiempo de entrega.<\/p>\n","protected":false},"featured_media":5525,"comment_status":"open","ping_status":"closed","template":"","meta":{"sfsi_plus_gutenberg_text_before_share":"","sfsi_plus_gutenberg_show_text_before_share":"","sfsi_plus_gutenberg_icon_type":"","sfsi_plus_gutenberg_icon_alignemt":"","sfsi_plus_gutenburg_max_per_row":""},"product_cat":[1842,1516,209,1048,68,538],"product_tag":[232,399,21,767,330,764,768,223],"acf":[],"yoast_head":"<!-- This site is optimized with the Yoast SEO plugin v23.5 - https:\/\/yoast.com\/wordpress\/plugins\/seo\/ -->\n<title>Tapetes Artesanal OTO\u00d1O -<\/title>\n<meta name=\"description\" content=\"Tapete geom\u00e9trico elaborado en un color rico y variado que permitir\u00e1 dar vida y color a cualquier espacio donde se coloque\" \/>\n<meta name=\"robots\" content=\"index, follow, max-snippet:-1, max-image-preview:large, max-video-preview:-1\" \/>\n<link rel=\"canonical\" href=\"https:\/\/teterete.com\/mx\/producto\/tapetes-artesanal-otono\/\" \/>\n<meta property=\"og:locale\" content=\"es_ES\" \/>\n<meta property=\"og:type\" content=\"article\" \/>\n<meta property=\"og:title\" content=\"Tapetes Artesanal OTO\u00d1O -\" \/>\n<meta property=\"og:description\" content=\"Tapete geom\u00e9trico elaborado en un color rico y variado que permitir\u00e1 dar vida y color a cualquier espacio donde se coloque\" \/>\n<meta property=\"og:url\" content=\"https:\/\/teterete.com\/mx\/producto\/tapetes-artesanal-otono\/\" \/>\n<meta property=\"article:publisher\" content=\"https:\/\/www.facebook.com\/TetereteHome\/\" \/>\n<meta property=\"article:modified_time\" content=\"2025-01-18T16:32:12+00:00\" \/>\n<meta property=\"og:image\" content=\"https:\/\/teterete.com\/mx\/wp-content\/uploads\/2019\/03\/Screen-Shot-2019-03-02-at-2.40.43-PM.png\" \/>\n\t<meta property=\"og:image:width\" content=\"320\" \/>\n\t<meta property=\"og:image:height\" content=\"320\" \/>\n\t<meta property=\"og:image:type\" content=\"image\/png\" \/>\n<meta name=\"twitter:card\" content=\"summary_large_image\" \/>\n<meta name=\"twitter:site\" content=\"@Teterete_Home\" \/>\n<meta name=\"twitter:label1\" content=\"Tiempo de lectura\" \/>\n\t<meta name=\"twitter:data1\" content=\"1 minuto\" \/>\n<script type=\"application\/ld+json\" class=\"yoast-schema-graph\">{\"@context\":\"https:\/\/schema.org\",\"@graph\":[{\"@type\":\"WebPage\",\"@id\":\"https:\/\/teterete.com\/mx\/producto\/tapetes-artesanal-otono\/\",\"url\":\"https:\/\/teterete.com\/mx\/producto\/tapetes-artesanal-otono\/\",\"name\":\"Tapetes Artesanal OTO\u00d1O -\",\"isPartOf\":{\"@id\":\"https:\/\/teterete.com\/mx\/#website\"},\"primaryImageOfPage\":{\"@id\":\"https:\/\/teterete.com\/mx\/producto\/tapetes-artesanal-otono\/#primaryimage\"},\"image\":{\"@id\":\"https:\/\/teterete.com\/mx\/producto\/tapetes-artesanal-otono\/#primaryimage\"},\"thumbnailUrl\":\"https:\/\/teterete.com\/mx\/wp-content\/uploads\/2019\/03\/Screen-Shot-2019-03-02-at-2.40.43-PM.png\",\"datePublished\":\"2019-03-03T00:34:58+00:00\",\"dateModified\":\"2025-01-18T16:32:12+00:00\",\"description\":\"Tapete geom\u00e9trico elaborado en un color rico y variado que permitir\u00e1 dar vida y color a cualquier espacio donde se coloque\",\"breadcrumb\":{\"@id\":\"https:\/\/teterete.com\/mx\/producto\/tapetes-artesanal-otono\/#breadcrumb\"},\"inLanguage\":\"es\",\"potentialAction\":[{\"@type\":\"ReadAction\",\"target\":[\"https:\/\/teterete.com\/mx\/producto\/tapetes-artesanal-otono\/\"]}]},{\"@type\":\"ImageObject\",\"inLanguage\":\"es\",\"@id\":\"https:\/\/teterete.com\/mx\/producto\/tapetes-artesanal-otono\/#primaryimage\",\"url\":\"https:\/\/teterete.com\/mx\/wp-content\/uploads\/2019\/03\/Screen-Shot-2019-03-02-at-2.40.43-PM.png\",\"contentUrl\":\"https:\/\/teterete.com\/mx\/wp-content\/uploads\/2019\/03\/Screen-Shot-2019-03-02-at-2.40.43-PM.png\",\"width\":320,\"height\":320,\"caption\":\"Tapete Oto\u00f1o\"},{\"@type\":\"BreadcrumbList\",\"@id\":\"https:\/\/teterete.com\/mx\/producto\/tapetes-artesanal-otono\/#breadcrumb\",\"itemListElement\":[{\"@type\":\"ListItem\",\"position\":1,\"name\":\"Home\",\"item\":\"https:\/\/teterete.com\/mx\/\"},{\"@type\":\"ListItem\",\"position\":2,\"name\":\"Productos\",\"item\":\"https:\/\/teterete.com\/mx\/shop\/\"},{\"@type\":\"ListItem\",\"position\":3,\"name\":\"Tapetes Artesanal OTO\u00d1O\"}]},{\"@type\":\"WebSite\",\"@id\":\"https:\/\/teterete.com\/mx\/#website\",\"url\":\"https:\/\/teterete.com\/mx\/\",\"name\":\"\",\"description\":\"Tienda en L\u00ednea de Fina Artesanias y Dise\u00f1o Mexicano. Bellas piezas elaboradas a mano por los mejores artesanos del pa\u00eds as\u00ed como piezas de dise\u00f1o y decoraci\u00f3n con inspiraci\u00f3n artesanal.\",\"potentialAction\":[{\"@type\":\"SearchAction\",\"target\":{\"@type\":\"EntryPoint\",\"urlTemplate\":\"https:\/\/teterete.com\/mx\/?s={search_term_string}\"},\"query-input\":{\"@type\":\"PropertyValueSpecification\",\"valueRequired\":true,\"valueName\":\"search_term_string\"}}],\"inLanguage\":\"es\"}]}<\/script>\n<!-- \/ Yoast SEO plugin. -->","yoast_head_json":{"title":"Tapetes Artesanal OTO\u00d1O -","description":"Tapete geom\u00e9trico elaborado en un color rico y variado que permitir\u00e1 dar vida y color a cualquier espacio donde se coloque","robots":{"index":"index","follow":"follow","max-snippet":"max-snippet:-1","max-image-preview":"max-image-preview:large","max-video-preview":"max-video-preview:-1"},"canonical":"https:\/\/teterete.com\/mx\/producto\/tapetes-artesanal-otono\/","og_locale":"es_ES","og_type":"article","og_title":"Tapetes Artesanal OTO\u00d1O -","og_description":"Tapete geom\u00e9trico elaborado en un color rico y variado que permitir\u00e1 dar vida y color a cualquier espacio donde se coloque","og_url":"https:\/\/teterete.com\/mx\/producto\/tapetes-artesanal-otono\/","article_publisher":"https:\/\/www.facebook.com\/TetereteHome\/","article_modified_time":"2025-01-18T16:32:12+00:00","og_image":[{"width":320,"height":320,"url":"https:\/\/teterete.com\/mx\/wp-content\/uploads\/2019\/03\/Screen-Shot-2019-03-02-at-2.40.43-PM.png","type":"image\/png"}],"twitter_card":"summary_large_image","twitter_site":"@Teterete_Home","twitter_misc":{"Tiempo de lectura":"1 minuto"},"schema":{"@context":"https:\/\/schema.org","@graph":[{"@type":"WebPage","@id":"https:\/\/teterete.com\/mx\/producto\/tapetes-artesanal-otono\/","url":"https:\/\/teterete.com\/mx\/producto\/tapetes-artesanal-otono\/","name":"Tapetes Artesanal OTO\u00d1O -","isPartOf":{"@id":"https:\/\/teterete.com\/mx\/#website"},"primaryImageOfPage":{"@id":"https:\/\/teterete.com\/mx\/producto\/tapetes-artesanal-otono\/#primaryimage"},"image":{"@id":"https:\/\/teterete.com\/mx\/producto\/tapetes-artesanal-otono\/#primaryimage"},"thumbnailUrl":"https:\/\/teterete.com\/mx\/wp-content\/uploads\/2019\/03\/Screen-Shot-2019-03-02-at-2.40.43-PM.png","datePublished":"2019-03-03T00:34:58+00:00","dateModified":"2025-01-18T16:32:12+00:00","description":"Tapete geom\u00e9trico elaborado en un color rico y variado que permitir\u00e1 dar vida y color a cualquier espacio donde se coloque","breadcrumb":{"@id":"https:\/\/teterete.com\/mx\/producto\/tapetes-artesanal-otono\/#breadcrumb"},"inLanguage":"es","potentialAction":[{"@type":"ReadAction","target":["https:\/\/teterete.com\/mx\/producto\/tapetes-artesanal-otono\/"]}]},{"@type":"ImageObject","inLanguage":"es","@id":"https:\/\/teterete.com\/mx\/producto\/tapetes-artesanal-otono\/#primaryimage","url":"https:\/\/teterete.com\/mx\/wp-content\/uploads\/2019\/03\/Screen-Shot-2019-03-02-at-2.40.43-PM.png","contentUrl":"https:\/\/teterete.com\/mx\/wp-content\/uploads\/2019\/03\/Screen-Shot-2019-03-02-at-2.40.43-PM.png","width":320,"height":320,"caption":"Tapete Oto\u00f1o"},{"@type":"BreadcrumbList","@id":"https:\/\/teterete.com\/mx\/producto\/tapetes-artesanal-otono\/#breadcrumb","itemListElement":[{"@type":"ListItem","position":1,"name":"Home","item":"https:\/\/teterete.com\/mx\/"},{"@type":"ListItem","position":2,"name":"Productos","item":"https:\/\/teterete.com\/mx\/shop\/"},{"@type":"ListItem","position":3,"name":"Tapetes Artesanal OTO\u00d1O"}]},{"@type":"WebSite","@id":"https:\/\/teterete.com\/mx\/#website","url":"https:\/\/teterete.com\/mx\/","name":"","description":"Tienda en L\u00ednea de Fina Artesanias y Dise\u00f1o Mexicano. Bellas piezas elaboradas a mano por los mejores artesanos del pa\u00eds as\u00ed como piezas de dise\u00f1o y decoraci\u00f3n con inspiraci\u00f3n artesanal.","potentialAction":[{"@type":"SearchAction","target":{"@type":"EntryPoint","urlTemplate":"https:\/\/teterete.com\/mx\/?s={search_term_string}"},"query-input":{"@type":"PropertyValueSpecification","valueRequired":true,"valueName":"search_term_string"}}],"inLanguage":"es"}]}},"_links":{"self":[{"href":"https:\/\/teterete.com\/mx\/wp-json\/wp\/v2\/product\/5557"}],"collection":[{"href":"https:\/\/teterete.com\/mx\/wp-json\/wp\/v2\/product"}],"about":[{"href":"https:\/\/teterete.com\/mx\/wp-json\/wp\/v2\/types\/product"}],"replies":[{"embeddable":true,"href":"https:\/\/teterete.com\/mx\/wp-json\/wp\/v2\/comments?post=5557"}],"wp:featuredmedia":[{"embeddable":true,"href":"https:\/\/teterete.com\/mx\/wp-json\/wp\/v2\/media\/5525"}],"wp:attachment":[{"href":"https:\/\/teterete.com\/mx\/wp-json\/wp\/v2\/media?parent=5557"}],"wp:term":[{"taxonomy":"product_cat","embeddable":true,"href":"https:\/\/teterete.com\/mx\/wp-json\/wp\/v2\/product_cat?post=5557"},{"taxonomy":"product_tag","embeddable":true,"href":"https:\/\/teterete.com\/mx\/wp-json\/wp\/v2\/product_tag?post=5557"}],"curies":[{"name":"wp","href":"https:\/\/api.w.org\/{rel}","templated":true}]}}