{"id":5587,"date":"2019-03-19T08:25:22","date_gmt":"2019-03-19T08:25:22","guid":{"rendered":"https:\/\/teterete.com\/mx\/?post_type=product&#038;p=5587"},"modified":"2025-05-13T19:25:59","modified_gmt":"2025-05-13T19:25:59","slug":"lampara-de-pie-coleccion-mexicana","status":"publish","type":"product","link":"https:\/\/teterete.com\/mx\/producto\/lampara-de-pie-coleccion-mexicana\/","title":{"rendered":"L\u00e1mpara de Pie Colecci\u00f3n Mexicana"},"content":{"rendered":"<p>Luminaria decorativa de pie con cuerpo en lamina de acero inoxidable calibre 24 y difusor en N-HIPS formado calibre 80 y 40; compuesta por 3 portal\u00e1mparas de cer\u00e1mica para base E26, se sugiere el uso de l\u00e1mparas LED (A-19) de luz c\u00e1lida (2,800K) con una intensidad lum\u00ednica de 480 lm cada uno y se recomienda que el consumo de los focos no supere los 42w.<\/p>\n<p>Material: Acero Inoxidable y madera de Tzalam<\/p>\n<p>Cuenta con ranura en pata para ocultar cable.<\/p>\n","protected":false},"excerpt":{"rendered":"<p>Luminaria decorativa de pie con cuerpo en lamina de acero inoxidable con corte representativo de los diferentes dise\u00f1os artesanales del pa\u00eds, desde brocados de Chiapas, pasando por Talavera de Puebla hasta el barro negro de Oaxaca y mimbre de Tabasco sin dejar pasar el dise\u00f1o arquitect\u00f3nico de Mayas y Teotihuacanos.<\/p>\n","protected":false},"featured_media":5602,"comment_status":"open","ping_status":"closed","template":"","meta":{"sfsi_plus_gutenberg_text_before_share":"","sfsi_plus_gutenberg_show_text_before_share":"","sfsi_plus_gutenberg_icon_type":"","sfsi_plus_gutenberg_icon_alignemt":"","sfsi_plus_gutenburg_max_per_row":""},"product_cat":[1200,1205,351],"product_tag":[232,1206,799,1207,1210,1209,974,1208,977],"acf":[],"yoast_head":"<!-- This site is optimized with the Yoast SEO plugin v23.5 - https:\/\/yoast.com\/wordpress\/plugins\/seo\/ -->\n<title>L\u00e1mpara de Pie Colecci\u00f3n Mexicana -<\/title>\n<meta name=\"description\" content=\"Luminaria decorativa de pie con cuerpo en lamina de acero inoxidable con corte representativo de los diferentes dise\u00f1os artesanales del pa\u00eds\" \/>\n<meta name=\"robots\" content=\"index, follow, max-snippet:-1, max-image-preview:large, max-video-preview:-1\" \/>\n<link rel=\"canonical\" href=\"https:\/\/teterete.com\/mx\/producto\/lampara-de-pie-coleccion-mexicana\/\" \/>\n<meta property=\"og:locale\" content=\"es_ES\" \/>\n<meta property=\"og:type\" content=\"article\" \/>\n<meta property=\"og:title\" content=\"L\u00e1mpara de Pie Colecci\u00f3n Mexicana -\" \/>\n<meta property=\"og:description\" content=\"Luminaria decorativa de pie con cuerpo en lamina de acero inoxidable con corte representativo de los diferentes dise\u00f1os artesanales del pa\u00eds\" \/>\n<meta property=\"og:url\" content=\"https:\/\/teterete.com\/mx\/producto\/lampara-de-pie-coleccion-mexicana\/\" \/>\n<meta property=\"article:publisher\" content=\"https:\/\/www.facebook.com\/TetereteHome\/\" \/>\n<meta property=\"article:modified_time\" content=\"2025-05-13T19:25:59+00:00\" \/>\n<meta property=\"og:image\" content=\"https:\/\/teterete.com\/mx\/wp-content\/uploads\/2019\/03\/AMBIENTE6.png\" \/>\n\t<meta property=\"og:image:width\" content=\"640\" \/>\n\t<meta property=\"og:image:height\" content=\"640\" \/>\n\t<meta property=\"og:image:type\" content=\"image\/png\" \/>\n<meta name=\"twitter:card\" content=\"summary_large_image\" \/>\n<meta name=\"twitter:site\" content=\"@Teterete_Home\" \/>\n<meta name=\"twitter:label1\" content=\"Tiempo de lectura\" \/>\n\t<meta name=\"twitter:data1\" content=\"1 minuto\" \/>\n<script type=\"application\/ld+json\" class=\"yoast-schema-graph\">{\"@context\":\"https:\/\/schema.org\",\"@graph\":[{\"@type\":\"WebPage\",\"@id\":\"https:\/\/teterete.com\/mx\/producto\/lampara-de-pie-coleccion-mexicana\/\",\"url\":\"https:\/\/teterete.com\/mx\/producto\/lampara-de-pie-coleccion-mexicana\/\",\"name\":\"L\u00e1mpara de Pie Colecci\u00f3n Mexicana -\",\"isPartOf\":{\"@id\":\"https:\/\/teterete.com\/mx\/#website\"},\"primaryImageOfPage\":{\"@id\":\"https:\/\/teterete.com\/mx\/producto\/lampara-de-pie-coleccion-mexicana\/#primaryimage\"},\"image\":{\"@id\":\"https:\/\/teterete.com\/mx\/producto\/lampara-de-pie-coleccion-mexicana\/#primaryimage\"},\"thumbnailUrl\":\"https:\/\/teterete.com\/mx\/wp-content\/uploads\/2019\/03\/AMBIENTE6.png\",\"datePublished\":\"2019-03-19T08:25:22+00:00\",\"dateModified\":\"2025-05-13T19:25:59+00:00\",\"description\":\"Luminaria decorativa de pie con cuerpo en lamina de acero inoxidable con corte representativo de los diferentes dise\u00f1os artesanales del pa\u00eds\",\"breadcrumb\":{\"@id\":\"https:\/\/teterete.com\/mx\/producto\/lampara-de-pie-coleccion-mexicana\/#breadcrumb\"},\"inLanguage\":\"es\",\"potentialAction\":[{\"@type\":\"ReadAction\",\"target\":[\"https:\/\/teterete.com\/mx\/producto\/lampara-de-pie-coleccion-mexicana\/\"]}]},{\"@type\":\"ImageObject\",\"inLanguage\":\"es\",\"@id\":\"https:\/\/teterete.com\/mx\/producto\/lampara-de-pie-coleccion-mexicana\/#primaryimage\",\"url\":\"https:\/\/teterete.com\/mx\/wp-content\/uploads\/2019\/03\/AMBIENTE6.png\",\"contentUrl\":\"https:\/\/teterete.com\/mx\/wp-content\/uploads\/2019\/03\/AMBIENTE6.png\",\"width\":640,\"height\":640,\"caption\":\"L\u00e1mparas con Dise\u00f1o Mexicano\"},{\"@type\":\"BreadcrumbList\",\"@id\":\"https:\/\/teterete.com\/mx\/producto\/lampara-de-pie-coleccion-mexicana\/#breadcrumb\",\"itemListElement\":[{\"@type\":\"ListItem\",\"position\":1,\"name\":\"Home\",\"item\":\"https:\/\/teterete.com\/mx\/\"},{\"@type\":\"ListItem\",\"position\":2,\"name\":\"Productos\",\"item\":\"https:\/\/teterete.com\/mx\/shop\/\"},{\"@type\":\"ListItem\",\"position\":3,\"name\":\"L\u00e1mpara de Pie Colecci\u00f3n Mexicana\"}]},{\"@type\":\"WebSite\",\"@id\":\"https:\/\/teterete.com\/mx\/#website\",\"url\":\"https:\/\/teterete.com\/mx\/\",\"name\":\"\",\"description\":\"Tienda en L\u00ednea de Fina Artesanias y Dise\u00f1o Mexicano. Bellas piezas elaboradas a mano por los mejores artesanos del pa\u00eds as\u00ed como piezas de dise\u00f1o y decoraci\u00f3n con inspiraci\u00f3n artesanal.\",\"potentialAction\":[{\"@type\":\"SearchAction\",\"target\":{\"@type\":\"EntryPoint\",\"urlTemplate\":\"https:\/\/teterete.com\/mx\/?s={search_term_string}\"},\"query-input\":{\"@type\":\"PropertyValueSpecification\",\"valueRequired\":true,\"valueName\":\"search_term_string\"}}],\"inLanguage\":\"es\"}]}<\/script>\n<!-- \/ Yoast SEO plugin. -->","yoast_head_json":{"title":"L\u00e1mpara de Pie Colecci\u00f3n Mexicana -","description":"Luminaria decorativa de pie con cuerpo en lamina de acero inoxidable con corte representativo de los diferentes dise\u00f1os artesanales del pa\u00eds","robots":{"index":"index","follow":"follow","max-snippet":"max-snippet:-1","max-image-preview":"max-image-preview:large","max-video-preview":"max-video-preview:-1"},"canonical":"https:\/\/teterete.com\/mx\/producto\/lampara-de-pie-coleccion-mexicana\/","og_locale":"es_ES","og_type":"article","og_title":"L\u00e1mpara de Pie Colecci\u00f3n Mexicana -","og_description":"Luminaria decorativa de pie con cuerpo en lamina de acero inoxidable con corte representativo de los diferentes dise\u00f1os artesanales del pa\u00eds","og_url":"https:\/\/teterete.com\/mx\/producto\/lampara-de-pie-coleccion-mexicana\/","article_publisher":"https:\/\/www.facebook.com\/TetereteHome\/","article_modified_time":"2025-05-13T19:25:59+00:00","og_image":[{"width":640,"height":640,"url":"https:\/\/teterete.com\/mx\/wp-content\/uploads\/2019\/03\/AMBIENTE6.png","type":"image\/png"}],"twitter_card":"summary_large_image","twitter_site":"@Teterete_Home","twitter_misc":{"Tiempo de lectura":"1 minuto"},"schema":{"@context":"https:\/\/schema.org","@graph":[{"@type":"WebPage","@id":"https:\/\/teterete.com\/mx\/producto\/lampara-de-pie-coleccion-mexicana\/","url":"https:\/\/teterete.com\/mx\/producto\/lampara-de-pie-coleccion-mexicana\/","name":"L\u00e1mpara de Pie Colecci\u00f3n Mexicana -","isPartOf":{"@id":"https:\/\/teterete.com\/mx\/#website"},"primaryImageOfPage":{"@id":"https:\/\/teterete.com\/mx\/producto\/lampara-de-pie-coleccion-mexicana\/#primaryimage"},"image":{"@id":"https:\/\/teterete.com\/mx\/producto\/lampara-de-pie-coleccion-mexicana\/#primaryimage"},"thumbnailUrl":"https:\/\/teterete.com\/mx\/wp-content\/uploads\/2019\/03\/AMBIENTE6.png","datePublished":"2019-03-19T08:25:22+00:00","dateModified":"2025-05-13T19:25:59+00:00","description":"Luminaria decorativa de pie con cuerpo en lamina de acero inoxidable con corte representativo de los diferentes dise\u00f1os artesanales del pa\u00eds","breadcrumb":{"@id":"https:\/\/teterete.com\/mx\/producto\/lampara-de-pie-coleccion-mexicana\/#breadcrumb"},"inLanguage":"es","potentialAction":[{"@type":"ReadAction","target":["https:\/\/teterete.com\/mx\/producto\/lampara-de-pie-coleccion-mexicana\/"]}]},{"@type":"ImageObject","inLanguage":"es","@id":"https:\/\/teterete.com\/mx\/producto\/lampara-de-pie-coleccion-mexicana\/#primaryimage","url":"https:\/\/teterete.com\/mx\/wp-content\/uploads\/2019\/03\/AMBIENTE6.png","contentUrl":"https:\/\/teterete.com\/mx\/wp-content\/uploads\/2019\/03\/AMBIENTE6.png","width":640,"height":640,"caption":"L\u00e1mparas con Dise\u00f1o Mexicano"},{"@type":"BreadcrumbList","@id":"https:\/\/teterete.com\/mx\/producto\/lampara-de-pie-coleccion-mexicana\/#breadcrumb","itemListElement":[{"@type":"ListItem","position":1,"name":"Home","item":"https:\/\/teterete.com\/mx\/"},{"@type":"ListItem","position":2,"name":"Productos","item":"https:\/\/teterete.com\/mx\/shop\/"},{"@type":"ListItem","position":3,"name":"L\u00e1mpara de Pie Colecci\u00f3n Mexicana"}]},{"@type":"WebSite","@id":"https:\/\/teterete.com\/mx\/#website","url":"https:\/\/teterete.com\/mx\/","name":"","description":"Tienda en L\u00ednea de Fina Artesanias y Dise\u00f1o Mexicano. Bellas piezas elaboradas a mano por los mejores artesanos del pa\u00eds as\u00ed como piezas de dise\u00f1o y decoraci\u00f3n con inspiraci\u00f3n artesanal.","potentialAction":[{"@type":"SearchAction","target":{"@type":"EntryPoint","urlTemplate":"https:\/\/teterete.com\/mx\/?s={search_term_string}"},"query-input":{"@type":"PropertyValueSpecification","valueRequired":true,"valueName":"search_term_string"}}],"inLanguage":"es"}]}},"_links":{"self":[{"href":"https:\/\/teterete.com\/mx\/wp-json\/wp\/v2\/product\/5587"}],"collection":[{"href":"https:\/\/teterete.com\/mx\/wp-json\/wp\/v2\/product"}],"about":[{"href":"https:\/\/teterete.com\/mx\/wp-json\/wp\/v2\/types\/product"}],"replies":[{"embeddable":true,"href":"https:\/\/teterete.com\/mx\/wp-json\/wp\/v2\/comments?post=5587"}],"wp:featuredmedia":[{"embeddable":true,"href":"https:\/\/teterete.com\/mx\/wp-json\/wp\/v2\/media\/5602"}],"wp:attachment":[{"href":"https:\/\/teterete.com\/mx\/wp-json\/wp\/v2\/media?parent=5587"}],"wp:term":[{"taxonomy":"product_cat","embeddable":true,"href":"https:\/\/teterete.com\/mx\/wp-json\/wp\/v2\/product_cat?post=5587"},{"taxonomy":"product_tag","embeddable":true,"href":"https:\/\/teterete.com\/mx\/wp-json\/wp\/v2\/product_tag?post=5587"}],"curies":[{"name":"wp","href":"https:\/\/api.w.org\/{rel}","templated":true}]}}