{"id":5603,"date":"2019-03-21T08:04:47","date_gmt":"2019-03-21T08:04:47","guid":{"rendered":"https:\/\/teterete.com\/mx\/?post_type=product&#038;p=5603"},"modified":"2025-05-13T18:58:33","modified_gmt":"2025-05-13T18:58:33","slug":"lampara-para-mesa-coleccion-mexicana","status":"publish","type":"product","link":"https:\/\/teterete.com\/mx\/producto\/lampara-para-mesa-coleccion-mexicana\/","title":{"rendered":"L\u00e1mpara Para Mesa Colecci\u00f3n Mexicana"},"content":{"rendered":"<p>Luminaria decorativa para mesa con cuerpo en lamina de acero inoxidable calibre 24 y difusor en N-HIPS formado calibre 80 y 40 compuesta por 1 portal\u00e1mparas de cer\u00e1mica para base E26, se sugiere el uso de l\u00e1mparas LED (A-19) de luz c\u00e1lida (2,800K) con una intensidad lum\u00ednica de 480 lm cada uno y se recomienda que el consumo de los focos no supere los 14w.<\/p>\n","protected":false},"excerpt":{"rendered":"<p>Luminaria decorativa para mesa con cuerpo en lamina de acero inoxidable con corte originario de distintas culturas representativas de M\u00e9xico. Brocado de Chiapas, Talavera de Puebla, Barro Negro de Oaxaca, Mimbre de Tabasco y Dise\u00f1o Kay de los Mayas.<\/p>\n<p>Material: Acero Inoxidable y madera de Tzalam<\/p>\n<p>Cuenta con ranura en pata para ocultar cable.<\/p>\n","protected":false},"featured_media":5755,"comment_status":"open","ping_status":"closed","template":"","meta":{"sfsi_plus_gutenberg_text_before_share":"","sfsi_plus_gutenberg_show_text_before_share":"","sfsi_plus_gutenberg_icon_type":"","sfsi_plus_gutenberg_icon_alignemt":"","sfsi_plus_gutenburg_max_per_row":""},"product_cat":[1200,1205,351,538],"product_tag":[232,1206,799,1211,1207,1210,1209,974,1208,977],"acf":[],"yoast_head":"<!-- This site is optimized with the Yoast SEO plugin v23.5 - https:\/\/yoast.com\/wordpress\/plugins\/seo\/ -->\n<title>L\u00e1mpara Para Mesa Colecci\u00f3n Mexicana -<\/title>\n<meta name=\"robots\" content=\"index, follow, max-snippet:-1, max-image-preview:large, max-video-preview:-1\" \/>\n<link rel=\"canonical\" href=\"https:\/\/teterete.com\/mx\/producto\/lampara-para-mesa-coleccion-mexicana\/\" \/>\n<meta property=\"og:locale\" content=\"es_ES\" \/>\n<meta property=\"og:type\" content=\"article\" \/>\n<meta property=\"og:title\" content=\"L\u00e1mpara Para Mesa Colecci\u00f3n Mexicana -\" \/>\n<meta property=\"og:description\" content=\"Luminaria decorativa para mesa con cuerpo en lamina de acero inoxidable con corte originario de distintas culturas representativas de M\u00e9xico. Brocado de Chiapas, Talavera de Puebla, Barro Negro de Oaxaca, Mimbre de Tabasco y Dise\u00f1o Kay de los Mayas.  Material: Acero Inoxidable y madera de Tzalam  Cuenta con ranura en pata para ocultar cable.\" \/>\n<meta property=\"og:url\" content=\"https:\/\/teterete.com\/mx\/producto\/lampara-para-mesa-coleccion-mexicana\/\" \/>\n<meta property=\"article:publisher\" content=\"https:\/\/www.facebook.com\/TetereteHome\/\" \/>\n<meta property=\"article:modified_time\" content=\"2025-05-13T18:58:33+00:00\" \/>\n<meta property=\"og:image\" content=\"https:\/\/teterete.com\/mx\/wp-content\/uploads\/2019\/03\/Ambiente-AIME35.jpg\" \/>\n\t<meta property=\"og:image:width\" content=\"860\" \/>\n\t<meta property=\"og:image:height\" content=\"860\" \/>\n\t<meta property=\"og:image:type\" content=\"image\/jpeg\" \/>\n<meta name=\"twitter:card\" content=\"summary_large_image\" \/>\n<meta name=\"twitter:site\" content=\"@Teterete_Home\" \/>\n<meta name=\"twitter:label1\" content=\"Tiempo de lectura\" \/>\n\t<meta name=\"twitter:data1\" content=\"1 minuto\" \/>\n<script type=\"application\/ld+json\" class=\"yoast-schema-graph\">{\"@context\":\"https:\/\/schema.org\",\"@graph\":[{\"@type\":\"WebPage\",\"@id\":\"https:\/\/teterete.com\/mx\/producto\/lampara-para-mesa-coleccion-mexicana\/\",\"url\":\"https:\/\/teterete.com\/mx\/producto\/lampara-para-mesa-coleccion-mexicana\/\",\"name\":\"L\u00e1mpara Para Mesa Colecci\u00f3n Mexicana -\",\"isPartOf\":{\"@id\":\"https:\/\/teterete.com\/mx\/#website\"},\"primaryImageOfPage\":{\"@id\":\"https:\/\/teterete.com\/mx\/producto\/lampara-para-mesa-coleccion-mexicana\/#primaryimage\"},\"image\":{\"@id\":\"https:\/\/teterete.com\/mx\/producto\/lampara-para-mesa-coleccion-mexicana\/#primaryimage\"},\"thumbnailUrl\":\"https:\/\/teterete.com\/mx\/wp-content\/uploads\/2019\/03\/Ambiente-AIME35.jpg\",\"datePublished\":\"2019-03-21T08:04:47+00:00\",\"dateModified\":\"2025-05-13T18:58:33+00:00\",\"breadcrumb\":{\"@id\":\"https:\/\/teterete.com\/mx\/producto\/lampara-para-mesa-coleccion-mexicana\/#breadcrumb\"},\"inLanguage\":\"es\",\"potentialAction\":[{\"@type\":\"ReadAction\",\"target\":[\"https:\/\/teterete.com\/mx\/producto\/lampara-para-mesa-coleccion-mexicana\/\"]}]},{\"@type\":\"ImageObject\",\"inLanguage\":\"es\",\"@id\":\"https:\/\/teterete.com\/mx\/producto\/lampara-para-mesa-coleccion-mexicana\/#primaryimage\",\"url\":\"https:\/\/teterete.com\/mx\/wp-content\/uploads\/2019\/03\/Ambiente-AIME35.jpg\",\"contentUrl\":\"https:\/\/teterete.com\/mx\/wp-content\/uploads\/2019\/03\/Ambiente-AIME35.jpg\",\"width\":860,\"height\":860,\"caption\":\"L\u00e1mpara de Mesa Dise\u00f1o Talavera\"},{\"@type\":\"BreadcrumbList\",\"@id\":\"https:\/\/teterete.com\/mx\/producto\/lampara-para-mesa-coleccion-mexicana\/#breadcrumb\",\"itemListElement\":[{\"@type\":\"ListItem\",\"position\":1,\"name\":\"Home\",\"item\":\"https:\/\/teterete.com\/mx\/\"},{\"@type\":\"ListItem\",\"position\":2,\"name\":\"Productos\",\"item\":\"https:\/\/teterete.com\/mx\/shop\/\"},{\"@type\":\"ListItem\",\"position\":3,\"name\":\"L\u00e1mpara Para Mesa Colecci\u00f3n Mexicana\"}]},{\"@type\":\"WebSite\",\"@id\":\"https:\/\/teterete.com\/mx\/#website\",\"url\":\"https:\/\/teterete.com\/mx\/\",\"name\":\"\",\"description\":\"Tienda en L\u00ednea de Fina Artesanias y Dise\u00f1o Mexicano. Bellas piezas elaboradas a mano por los mejores artesanos del pa\u00eds as\u00ed como piezas de dise\u00f1o y decoraci\u00f3n con inspiraci\u00f3n artesanal.\",\"potentialAction\":[{\"@type\":\"SearchAction\",\"target\":{\"@type\":\"EntryPoint\",\"urlTemplate\":\"https:\/\/teterete.com\/mx\/?s={search_term_string}\"},\"query-input\":{\"@type\":\"PropertyValueSpecification\",\"valueRequired\":true,\"valueName\":\"search_term_string\"}}],\"inLanguage\":\"es\"}]}<\/script>\n<!-- \/ Yoast SEO plugin. -->","yoast_head_json":{"title":"L\u00e1mpara Para Mesa Colecci\u00f3n Mexicana -","robots":{"index":"index","follow":"follow","max-snippet":"max-snippet:-1","max-image-preview":"max-image-preview:large","max-video-preview":"max-video-preview:-1"},"canonical":"https:\/\/teterete.com\/mx\/producto\/lampara-para-mesa-coleccion-mexicana\/","og_locale":"es_ES","og_type":"article","og_title":"L\u00e1mpara Para Mesa Colecci\u00f3n Mexicana -","og_description":"Luminaria decorativa para mesa con cuerpo en lamina de acero inoxidable con corte originario de distintas culturas representativas de M\u00e9xico. Brocado de Chiapas, Talavera de Puebla, Barro Negro de Oaxaca, Mimbre de Tabasco y Dise\u00f1o Kay de los Mayas.  Material: Acero Inoxidable y madera de Tzalam  Cuenta con ranura en pata para ocultar cable.","og_url":"https:\/\/teterete.com\/mx\/producto\/lampara-para-mesa-coleccion-mexicana\/","article_publisher":"https:\/\/www.facebook.com\/TetereteHome\/","article_modified_time":"2025-05-13T18:58:33+00:00","og_image":[{"width":860,"height":860,"url":"https:\/\/teterete.com\/mx\/wp-content\/uploads\/2019\/03\/Ambiente-AIME35.jpg","type":"image\/jpeg"}],"twitter_card":"summary_large_image","twitter_site":"@Teterete_Home","twitter_misc":{"Tiempo de lectura":"1 minuto"},"schema":{"@context":"https:\/\/schema.org","@graph":[{"@type":"WebPage","@id":"https:\/\/teterete.com\/mx\/producto\/lampara-para-mesa-coleccion-mexicana\/","url":"https:\/\/teterete.com\/mx\/producto\/lampara-para-mesa-coleccion-mexicana\/","name":"L\u00e1mpara Para Mesa Colecci\u00f3n Mexicana -","isPartOf":{"@id":"https:\/\/teterete.com\/mx\/#website"},"primaryImageOfPage":{"@id":"https:\/\/teterete.com\/mx\/producto\/lampara-para-mesa-coleccion-mexicana\/#primaryimage"},"image":{"@id":"https:\/\/teterete.com\/mx\/producto\/lampara-para-mesa-coleccion-mexicana\/#primaryimage"},"thumbnailUrl":"https:\/\/teterete.com\/mx\/wp-content\/uploads\/2019\/03\/Ambiente-AIME35.jpg","datePublished":"2019-03-21T08:04:47+00:00","dateModified":"2025-05-13T18:58:33+00:00","breadcrumb":{"@id":"https:\/\/teterete.com\/mx\/producto\/lampara-para-mesa-coleccion-mexicana\/#breadcrumb"},"inLanguage":"es","potentialAction":[{"@type":"ReadAction","target":["https:\/\/teterete.com\/mx\/producto\/lampara-para-mesa-coleccion-mexicana\/"]}]},{"@type":"ImageObject","inLanguage":"es","@id":"https:\/\/teterete.com\/mx\/producto\/lampara-para-mesa-coleccion-mexicana\/#primaryimage","url":"https:\/\/teterete.com\/mx\/wp-content\/uploads\/2019\/03\/Ambiente-AIME35.jpg","contentUrl":"https:\/\/teterete.com\/mx\/wp-content\/uploads\/2019\/03\/Ambiente-AIME35.jpg","width":860,"height":860,"caption":"L\u00e1mpara de Mesa Dise\u00f1o Talavera"},{"@type":"BreadcrumbList","@id":"https:\/\/teterete.com\/mx\/producto\/lampara-para-mesa-coleccion-mexicana\/#breadcrumb","itemListElement":[{"@type":"ListItem","position":1,"name":"Home","item":"https:\/\/teterete.com\/mx\/"},{"@type":"ListItem","position":2,"name":"Productos","item":"https:\/\/teterete.com\/mx\/shop\/"},{"@type":"ListItem","position":3,"name":"L\u00e1mpara Para Mesa Colecci\u00f3n Mexicana"}]},{"@type":"WebSite","@id":"https:\/\/teterete.com\/mx\/#website","url":"https:\/\/teterete.com\/mx\/","name":"","description":"Tienda en L\u00ednea de Fina Artesanias y Dise\u00f1o Mexicano. Bellas piezas elaboradas a mano por los mejores artesanos del pa\u00eds as\u00ed como piezas de dise\u00f1o y decoraci\u00f3n con inspiraci\u00f3n artesanal.","potentialAction":[{"@type":"SearchAction","target":{"@type":"EntryPoint","urlTemplate":"https:\/\/teterete.com\/mx\/?s={search_term_string}"},"query-input":{"@type":"PropertyValueSpecification","valueRequired":true,"valueName":"search_term_string"}}],"inLanguage":"es"}]}},"_links":{"self":[{"href":"https:\/\/teterete.com\/mx\/wp-json\/wp\/v2\/product\/5603"}],"collection":[{"href":"https:\/\/teterete.com\/mx\/wp-json\/wp\/v2\/product"}],"about":[{"href":"https:\/\/teterete.com\/mx\/wp-json\/wp\/v2\/types\/product"}],"replies":[{"embeddable":true,"href":"https:\/\/teterete.com\/mx\/wp-json\/wp\/v2\/comments?post=5603"}],"wp:featuredmedia":[{"embeddable":true,"href":"https:\/\/teterete.com\/mx\/wp-json\/wp\/v2\/media\/5755"}],"wp:attachment":[{"href":"https:\/\/teterete.com\/mx\/wp-json\/wp\/v2\/media?parent=5603"}],"wp:term":[{"taxonomy":"product_cat","embeddable":true,"href":"https:\/\/teterete.com\/mx\/wp-json\/wp\/v2\/product_cat?post=5603"},{"taxonomy":"product_tag","embeddable":true,"href":"https:\/\/teterete.com\/mx\/wp-json\/wp\/v2\/product_tag?post=5603"}],"curies":[{"name":"wp","href":"https:\/\/api.w.org\/{rel}","templated":true}]}}