{"id":5673,"date":"2019-03-22T12:14:41","date_gmt":"2019-03-22T12:14:41","guid":{"rendered":"https:\/\/teterete.com\/mx\/?post_type=product&#038;p=5673"},"modified":"2024-11-06T19:19:07","modified_gmt":"2024-11-06T19:19:07","slug":"lampara-de-mesa-coleccion-cesteria-ii","status":"publish","type":"product","link":"https:\/\/teterete.com\/mx\/producto\/lampara-de-mesa-coleccion-cesteria-ii\/","title":{"rendered":"L\u00e1mpara de Mesa Colecci\u00f3n Cester\u00eda II"},"content":{"rendered":"<p>Luminaria decorativa de pie con cuerpo en lamina de acero inoxidable calibre 24 y difusor en N-HIPS formado calibre 80 y 40; compuesta por 3 portal\u00e1mparas de cer\u00e1mica para base E26, se sugiere el uso de l\u00e1mparas LED (A-19) de luz c\u00e1lida (2,800K) con una intensidad lum\u00ednica de 480 lm cada uno y se recomienda que el consumo de los focos no supere los 42w.<\/p>\n<p>Material: Pol\u00edmero antireflejante y madera de Tzalam.<\/p>\n<p>Cuenta con ranura en una de las patas para esconder cable.<\/p>\n","protected":false},"excerpt":{"rendered":"<p>Luminaria decorativa de pie con cuerpo en Polimero Antireflejante que representa La Cesteria originada de la Rama joven y flexible del sauce que se teje para crear objetos diversos; dando origen a esta que es una de las actividades artesanales m\u00e1s antiguas. Diferentes colores.<\/p>\n","protected":false},"featured_media":5684,"comment_status":"open","ping_status":"closed","template":"","meta":{"_acf_changed":false,"sfsi_plus_gutenberg_text_before_share":"","sfsi_plus_gutenberg_show_text_before_share":"","sfsi_plus_gutenberg_icon_type":"","sfsi_plus_gutenberg_icon_alignemt":"","sfsi_plus_gutenburg_max_per_row":""},"product_brand":[],"product_cat":[1200,1205,351,538,2057],"product_tag":[232,1206,799,1207,1214,1210,1209,974,1208,977],"class_list":{"0":"post-5673","1":"product","2":"type-product","3":"status-publish","4":"has-post-thumbnail","6":"product_cat-iluminacion","7":"product_cat-kookay","8":"product_cat-lamparas","9":"product_cat-para_el","10":"product_cat-regalos-mama","11":"product_tag-decoracion-mexicana","12":"product_tag-estilo-mexicano","13":"product_tag-iluminacion","14":"product_tag-lamparas","15":"product_tag-lamparas-cesteria","16":"product_tag-lamparas-con-diseno-mexicano","17":"product_tag-lamparas-en-mexicano","18":"product_tag-lamparas-mexicanas","19":"product_tag-luminarias-en-mexico","20":"product_tag-tienda-decorativa","21":"product_shipping_class-big-size","23":"first","24":"instock","25":"taxable","26":"shipping-taxable","27":"purchasable","28":"product-type-variable"},"acf":[],"yoast_head":"<!-- This site is optimized with the Yoast SEO plugin v27.5 - https:\/\/yoast.com\/product\/yoast-seo-wordpress\/ -->\n<title>L\u00e1mpara de Mesa Colecci\u00f3n Cester\u00eda II -<\/title>\n<meta name=\"description\" content=\"Luminaria decorativa de pie con cuerpo en Polimero Antireflejante que representa La Cesteria originada de la Rama joven y flexible del sauce\" \/>\n<meta name=\"robots\" content=\"index, follow, max-snippet:-1, max-image-preview:large, max-video-preview:-1\" \/>\n<link rel=\"canonical\" href=\"https:\/\/teterete.com\/mx\/producto\/lampara-de-mesa-coleccion-cesteria-ii\/\" \/>\n<meta property=\"og:locale\" content=\"es_ES\" \/>\n<meta property=\"og:type\" content=\"article\" \/>\n<meta property=\"og:title\" content=\"L\u00e1mpara de Mesa Colecci\u00f3n Cester\u00eda II -\" \/>\n<meta property=\"og:description\" content=\"Luminaria decorativa de pie con cuerpo en Polimero Antireflejante que representa La Cesteria originada de la Rama joven y flexible del sauce\" \/>\n<meta property=\"og:url\" content=\"https:\/\/teterete.com\/mx\/producto\/lampara-de-mesa-coleccion-cesteria-ii\/\" \/>\n<meta property=\"article:publisher\" content=\"https:\/\/www.facebook.com\/TetereteHome\/\" \/>\n<meta property=\"article:modified_time\" content=\"2024-11-06T19:19:07+00:00\" \/>\n<meta property=\"og:image\" content=\"https:\/\/teterete.com\/mx\/wp-content\/uploads\/2019\/03\/ACMECON35-NEGRO.png\" \/>\n\t<meta property=\"og:image:width\" content=\"500\" \/>\n\t<meta property=\"og:image:height\" content=\"500\" \/>\n\t<meta property=\"og:image:type\" content=\"image\/png\" \/>\n<meta name=\"twitter:card\" content=\"summary_large_image\" \/>\n<meta name=\"twitter:site\" content=\"@Teterete_Home\" \/>\n<meta name=\"twitter:label1\" content=\"Tiempo de lectura\" \/>\n\t<meta name=\"twitter:data1\" content=\"1 minuto\" \/>\n<script type=\"application\/ld+json\" class=\"yoast-schema-graph\">{\"@context\":\"https:\\\/\\\/schema.org\",\"@graph\":[{\"@type\":\"WebPage\",\"@id\":\"https:\\\/\\\/teterete.com\\\/mx\\\/producto\\\/lampara-de-mesa-coleccion-cesteria-ii\\\/\",\"url\":\"https:\\\/\\\/teterete.com\\\/mx\\\/producto\\\/lampara-de-mesa-coleccion-cesteria-ii\\\/\",\"name\":\"L\u00e1mpara de Mesa Colecci\u00f3n Cester\u00eda II -\",\"isPartOf\":{\"@id\":\"https:\\\/\\\/teterete.com\\\/mx\\\/#website\"},\"primaryImageOfPage\":{\"@id\":\"https:\\\/\\\/teterete.com\\\/mx\\\/producto\\\/lampara-de-mesa-coleccion-cesteria-ii\\\/#primaryimage\"},\"image\":{\"@id\":\"https:\\\/\\\/teterete.com\\\/mx\\\/producto\\\/lampara-de-mesa-coleccion-cesteria-ii\\\/#primaryimage\"},\"thumbnailUrl\":\"https:\\\/\\\/teterete.com\\\/mx\\\/wp-content\\\/uploads\\\/2019\\\/03\\\/ACMECON35-NEGRO.png\",\"datePublished\":\"2019-03-22T12:14:41+00:00\",\"dateModified\":\"2024-11-06T19:19:07+00:00\",\"description\":\"Luminaria decorativa de pie con cuerpo en Polimero Antireflejante que representa La Cesteria originada de la Rama joven y flexible del sauce\",\"breadcrumb\":{\"@id\":\"https:\\\/\\\/teterete.com\\\/mx\\\/producto\\\/lampara-de-mesa-coleccion-cesteria-ii\\\/#breadcrumb\"},\"inLanguage\":\"es\",\"potentialAction\":[{\"@type\":\"ReadAction\",\"target\":[\"https:\\\/\\\/teterete.com\\\/mx\\\/producto\\\/lampara-de-mesa-coleccion-cesteria-ii\\\/\"]}]},{\"@type\":\"ImageObject\",\"inLanguage\":\"es\",\"@id\":\"https:\\\/\\\/teterete.com\\\/mx\\\/producto\\\/lampara-de-mesa-coleccion-cesteria-ii\\\/#primaryimage\",\"url\":\"https:\\\/\\\/teterete.com\\\/mx\\\/wp-content\\\/uploads\\\/2019\\\/03\\\/ACMECON35-NEGRO.png\",\"contentUrl\":\"https:\\\/\\\/teterete.com\\\/mx\\\/wp-content\\\/uploads\\\/2019\\\/03\\\/ACMECON35-NEGRO.png\",\"width\":500,\"height\":500,\"caption\":\"L\u00e1mpara Tripi\u00e9 de Mesa\"},{\"@type\":\"BreadcrumbList\",\"@id\":\"https:\\\/\\\/teterete.com\\\/mx\\\/producto\\\/lampara-de-mesa-coleccion-cesteria-ii\\\/#breadcrumb\",\"itemListElement\":[{\"@type\":\"ListItem\",\"position\":1,\"name\":\"Home\",\"item\":\"https:\\\/\\\/teterete.com\\\/mx\\\/\"},{\"@type\":\"ListItem\",\"position\":2,\"name\":\"Productos\",\"item\":\"https:\\\/\\\/teterete.com\\\/mx\\\/shop\\\/\"},{\"@type\":\"ListItem\",\"position\":3,\"name\":\"L\u00e1mpara de Mesa Colecci\u00f3n Cester\u00eda II\"}]},{\"@type\":\"WebSite\",\"@id\":\"https:\\\/\\\/teterete.com\\\/mx\\\/#website\",\"url\":\"https:\\\/\\\/teterete.com\\\/mx\\\/\",\"name\":\"\",\"description\":\"Tienda en L\u00ednea de Fina Artesanias y Dise\u00f1o Mexicano. Bellas piezas elaboradas a mano por los mejores artesanos del pa\u00eds as\u00ed como piezas de dise\u00f1o y decoraci\u00f3n con inspiraci\u00f3n artesanal.\",\"potentialAction\":[{\"@type\":\"SearchAction\",\"target\":{\"@type\":\"EntryPoint\",\"urlTemplate\":\"https:\\\/\\\/teterete.com\\\/mx\\\/?s={search_term_string}\"},\"query-input\":{\"@type\":\"PropertyValueSpecification\",\"valueRequired\":true,\"valueName\":\"search_term_string\"}}],\"inLanguage\":\"es\"}]}<\/script>\n<!-- \/ Yoast SEO plugin. -->","yoast_head_json":{"title":"L\u00e1mpara de Mesa Colecci\u00f3n Cester\u00eda II -","description":"Luminaria decorativa de pie con cuerpo en Polimero Antireflejante que representa La Cesteria originada de la Rama joven y flexible del sauce","robots":{"index":"index","follow":"follow","max-snippet":"max-snippet:-1","max-image-preview":"max-image-preview:large","max-video-preview":"max-video-preview:-1"},"canonical":"https:\/\/teterete.com\/mx\/producto\/lampara-de-mesa-coleccion-cesteria-ii\/","og_locale":"es_ES","og_type":"article","og_title":"L\u00e1mpara de Mesa Colecci\u00f3n Cester\u00eda II -","og_description":"Luminaria decorativa de pie con cuerpo en Polimero Antireflejante que representa La Cesteria originada de la Rama joven y flexible del sauce","og_url":"https:\/\/teterete.com\/mx\/producto\/lampara-de-mesa-coleccion-cesteria-ii\/","article_publisher":"https:\/\/www.facebook.com\/TetereteHome\/","article_modified_time":"2024-11-06T19:19:07+00:00","og_image":[{"width":500,"height":500,"url":"https:\/\/teterete.com\/mx\/wp-content\/uploads\/2019\/03\/ACMECON35-NEGRO.png","type":"image\/png"}],"twitter_card":"summary_large_image","twitter_site":"@Teterete_Home","twitter_misc":{"Tiempo de lectura":"1 minuto"},"schema":{"@context":"https:\/\/schema.org","@graph":[{"@type":"WebPage","@id":"https:\/\/teterete.com\/mx\/producto\/lampara-de-mesa-coleccion-cesteria-ii\/","url":"https:\/\/teterete.com\/mx\/producto\/lampara-de-mesa-coleccion-cesteria-ii\/","name":"L\u00e1mpara de Mesa Colecci\u00f3n Cester\u00eda II -","isPartOf":{"@id":"https:\/\/teterete.com\/mx\/#website"},"primaryImageOfPage":{"@id":"https:\/\/teterete.com\/mx\/producto\/lampara-de-mesa-coleccion-cesteria-ii\/#primaryimage"},"image":{"@id":"https:\/\/teterete.com\/mx\/producto\/lampara-de-mesa-coleccion-cesteria-ii\/#primaryimage"},"thumbnailUrl":"https:\/\/teterete.com\/mx\/wp-content\/uploads\/2019\/03\/ACMECON35-NEGRO.png","datePublished":"2019-03-22T12:14:41+00:00","dateModified":"2024-11-06T19:19:07+00:00","description":"Luminaria decorativa de pie con cuerpo en Polimero Antireflejante que representa La Cesteria originada de la Rama joven y flexible del sauce","breadcrumb":{"@id":"https:\/\/teterete.com\/mx\/producto\/lampara-de-mesa-coleccion-cesteria-ii\/#breadcrumb"},"inLanguage":"es","potentialAction":[{"@type":"ReadAction","target":["https:\/\/teterete.com\/mx\/producto\/lampara-de-mesa-coleccion-cesteria-ii\/"]}]},{"@type":"ImageObject","inLanguage":"es","@id":"https:\/\/teterete.com\/mx\/producto\/lampara-de-mesa-coleccion-cesteria-ii\/#primaryimage","url":"https:\/\/teterete.com\/mx\/wp-content\/uploads\/2019\/03\/ACMECON35-NEGRO.png","contentUrl":"https:\/\/teterete.com\/mx\/wp-content\/uploads\/2019\/03\/ACMECON35-NEGRO.png","width":500,"height":500,"caption":"L\u00e1mpara Tripi\u00e9 de Mesa"},{"@type":"BreadcrumbList","@id":"https:\/\/teterete.com\/mx\/producto\/lampara-de-mesa-coleccion-cesteria-ii\/#breadcrumb","itemListElement":[{"@type":"ListItem","position":1,"name":"Home","item":"https:\/\/teterete.com\/mx\/"},{"@type":"ListItem","position":2,"name":"Productos","item":"https:\/\/teterete.com\/mx\/shop\/"},{"@type":"ListItem","position":3,"name":"L\u00e1mpara de Mesa Colecci\u00f3n Cester\u00eda II"}]},{"@type":"WebSite","@id":"https:\/\/teterete.com\/mx\/#website","url":"https:\/\/teterete.com\/mx\/","name":"","description":"Tienda en L\u00ednea de Fina Artesanias y Dise\u00f1o Mexicano. Bellas piezas elaboradas a mano por los mejores artesanos del pa\u00eds as\u00ed como piezas de dise\u00f1o y decoraci\u00f3n con inspiraci\u00f3n artesanal.","potentialAction":[{"@type":"SearchAction","target":{"@type":"EntryPoint","urlTemplate":"https:\/\/teterete.com\/mx\/?s={search_term_string}"},"query-input":{"@type":"PropertyValueSpecification","valueRequired":true,"valueName":"search_term_string"}}],"inLanguage":"es"}]}},"_links":{"self":[{"href":"https:\/\/teterete.com\/mx\/wp-json\/wp\/v2\/product\/5673","targetHints":{"allow":["GET"]}}],"collection":[{"href":"https:\/\/teterete.com\/mx\/wp-json\/wp\/v2\/product"}],"about":[{"href":"https:\/\/teterete.com\/mx\/wp-json\/wp\/v2\/types\/product"}],"replies":[{"embeddable":true,"href":"https:\/\/teterete.com\/mx\/wp-json\/wp\/v2\/comments?post=5673"}],"wp:featuredmedia":[{"embeddable":true,"href":"https:\/\/teterete.com\/mx\/wp-json\/wp\/v2\/media\/5684"}],"wp:attachment":[{"href":"https:\/\/teterete.com\/mx\/wp-json\/wp\/v2\/media?parent=5673"}],"wp:term":[{"taxonomy":"product_brand","embeddable":true,"href":"https:\/\/teterete.com\/mx\/wp-json\/wp\/v2\/product_brand?post=5673"},{"taxonomy":"product_cat","embeddable":true,"href":"https:\/\/teterete.com\/mx\/wp-json\/wp\/v2\/product_cat?post=5673"},{"taxonomy":"product_tag","embeddable":true,"href":"https:\/\/teterete.com\/mx\/wp-json\/wp\/v2\/product_tag?post=5673"}],"curies":[{"name":"wp","href":"https:\/\/api.w.org\/{rel}","templated":true}]}}