{"id":5813,"date":"2019-04-21T15:21:37","date_gmt":"2019-04-21T15:21:37","guid":{"rendered":"https:\/\/teterete.com\/mx\/?post_type=product&#038;p=5813"},"modified":"2021-03-11T17:46:56","modified_gmt":"2021-03-11T17:46:56","slug":"mama-gallina-set-para-te","status":"publish","type":"product","link":"https:\/\/teterete.com\/mx\/producto\/mama-gallina-set-para-te\/","title":{"rendered":"Mam\u00e1 Gallina Set para T\u00e9"},"content":{"rendered":"<p>Colores: Blanco con azul, Blanco con gris, Gris con negro y azul, Morado con naranja y verde, Verde con naranja.<\/p>\n<p>Medidas (en cm):\u00a0Tetera: 14 x 14 x 17 &#8211; Cremera: 9 x 9 x 11.5 &#8211; Taza: 8 x 8 x 8<\/p>\n<p>Entrega 3-5 d\u00edas h\u00e1biles<\/p>\n<p>&nbsp;<\/p>\n","protected":false},"excerpt":{"rendered":"<p>Es un juego para infusiones en cer\u00e1mica con su\u00e9teres bordados, se rescataron las formas de jarras mestizas de barro, d\u00e1ndole un alto valor de identidad cultural. Conformada por l\u00edneas rectas y curvas que dan un aspecto de simplicidad y equilibrio.<\/p>\n","protected":false},"featured_media":5817,"comment_status":"open","ping_status":"closed","template":"","meta":{"sfsi_plus_gutenberg_text_before_share":"","sfsi_plus_gutenberg_show_text_before_share":"","sfsi_plus_gutenberg_icon_type":"","sfsi_plus_gutenberg_icon_alignemt":"","sfsi_plus_gutenburg_max_per_row":""},"product_cat":[1584,346,60,61],"product_tag":[236,222,780,228,232,963,1236,1150,1237,671],"acf":[],"yoast_head":"<!-- This site is optimized with the Yoast SEO plugin v23.5 - https:\/\/yoast.com\/wordpress\/plugins\/seo\/ -->\n<title>Mam\u00e1 Gallina Set para T\u00e9 -<\/title>\n<meta name=\"robots\" content=\"index, follow, max-snippet:-1, max-image-preview:large, max-video-preview:-1\" \/>\n<link rel=\"canonical\" href=\"https:\/\/teterete.com\/mx\/producto\/mama-gallina-set-para-te\/\" \/>\n<meta property=\"og:locale\" content=\"es_ES\" \/>\n<meta property=\"og:type\" content=\"article\" \/>\n<meta property=\"og:title\" content=\"Mam\u00e1 Gallina Set para T\u00e9 -\" \/>\n<meta property=\"og:description\" content=\"Es un juego para infusiones en cer\u00e1mica con su\u00e9teres bordados, se rescataron las formas de jarras mestizas de barro, d\u00e1ndole un alto valor de identidad cultural. Conformada por l\u00edneas rectas y curvas que dan un aspecto de simplicidad y equilibrio.\" \/>\n<meta property=\"og:url\" content=\"https:\/\/teterete.com\/mx\/producto\/mama-gallina-set-para-te\/\" \/>\n<meta property=\"article:publisher\" content=\"https:\/\/www.facebook.com\/TetereteHome\/\" \/>\n<meta property=\"article:modified_time\" content=\"2021-03-11T17:46:56+00:00\" \/>\n<meta property=\"og:image\" content=\"https:\/\/teterete.com\/mx\/wp-content\/uploads\/2019\/04\/Screen-Shot-2019-04-21-at-10.29.29-AM.png\" \/>\n\t<meta property=\"og:image:width\" content=\"500\" \/>\n\t<meta property=\"og:image:height\" content=\"316\" \/>\n\t<meta property=\"og:image:type\" content=\"image\/png\" \/>\n<meta name=\"twitter:card\" content=\"summary_large_image\" \/>\n<meta name=\"twitter:site\" content=\"@Teterete_Home\" \/>\n<script type=\"application\/ld+json\" class=\"yoast-schema-graph\">{\"@context\":\"https:\/\/schema.org\",\"@graph\":[{\"@type\":\"WebPage\",\"@id\":\"https:\/\/teterete.com\/mx\/producto\/mama-gallina-set-para-te\/\",\"url\":\"https:\/\/teterete.com\/mx\/producto\/mama-gallina-set-para-te\/\",\"name\":\"Mam\u00e1 Gallina Set para T\u00e9 -\",\"isPartOf\":{\"@id\":\"https:\/\/teterete.com\/mx\/#website\"},\"primaryImageOfPage\":{\"@id\":\"https:\/\/teterete.com\/mx\/producto\/mama-gallina-set-para-te\/#primaryimage\"},\"image\":{\"@id\":\"https:\/\/teterete.com\/mx\/producto\/mama-gallina-set-para-te\/#primaryimage\"},\"thumbnailUrl\":\"https:\/\/teterete.com\/mx\/wp-content\/uploads\/2019\/04\/Screen-Shot-2019-04-21-at-10.29.29-AM.png\",\"datePublished\":\"2019-04-21T15:21:37+00:00\",\"dateModified\":\"2021-03-11T17:46:56+00:00\",\"breadcrumb\":{\"@id\":\"https:\/\/teterete.com\/mx\/producto\/mama-gallina-set-para-te\/#breadcrumb\"},\"inLanguage\":\"es\",\"potentialAction\":[{\"@type\":\"ReadAction\",\"target\":[\"https:\/\/teterete.com\/mx\/producto\/mama-gallina-set-para-te\/\"]}]},{\"@type\":\"ImageObject\",\"inLanguage\":\"es\",\"@id\":\"https:\/\/teterete.com\/mx\/producto\/mama-gallina-set-para-te\/#primaryimage\",\"url\":\"https:\/\/teterete.com\/mx\/wp-content\/uploads\/2019\/04\/Screen-Shot-2019-04-21-at-10.29.29-AM.png\",\"contentUrl\":\"https:\/\/teterete.com\/mx\/wp-content\/uploads\/2019\/04\/Screen-Shot-2019-04-21-at-10.29.29-AM.png\",\"width\":500,\"height\":316,\"caption\":\"Set para T\u00e9 en Cer\u00e1mica\"},{\"@type\":\"BreadcrumbList\",\"@id\":\"https:\/\/teterete.com\/mx\/producto\/mama-gallina-set-para-te\/#breadcrumb\",\"itemListElement\":[{\"@type\":\"ListItem\",\"position\":1,\"name\":\"Home\",\"item\":\"https:\/\/teterete.com\/mx\/\"},{\"@type\":\"ListItem\",\"position\":2,\"name\":\"Productos\",\"item\":\"https:\/\/teterete.com\/mx\/shop\/\"},{\"@type\":\"ListItem\",\"position\":3,\"name\":\"Mam\u00e1 Gallina Set para T\u00e9\"}]},{\"@type\":\"WebSite\",\"@id\":\"https:\/\/teterete.com\/mx\/#website\",\"url\":\"https:\/\/teterete.com\/mx\/\",\"name\":\"\",\"description\":\"Tienda en L\u00ednea de Fina Artesanias y Dise\u00f1o Mexicano. Bellas piezas elaboradas a mano por los mejores artesanos del pa\u00eds as\u00ed como piezas de dise\u00f1o y decoraci\u00f3n con inspiraci\u00f3n artesanal.\",\"potentialAction\":[{\"@type\":\"SearchAction\",\"target\":{\"@type\":\"EntryPoint\",\"urlTemplate\":\"https:\/\/teterete.com\/mx\/?s={search_term_string}\"},\"query-input\":{\"@type\":\"PropertyValueSpecification\",\"valueRequired\":true,\"valueName\":\"search_term_string\"}}],\"inLanguage\":\"es\"}]}<\/script>\n<!-- \/ Yoast SEO plugin. -->","yoast_head_json":{"title":"Mam\u00e1 Gallina Set para T\u00e9 -","robots":{"index":"index","follow":"follow","max-snippet":"max-snippet:-1","max-image-preview":"max-image-preview:large","max-video-preview":"max-video-preview:-1"},"canonical":"https:\/\/teterete.com\/mx\/producto\/mama-gallina-set-para-te\/","og_locale":"es_ES","og_type":"article","og_title":"Mam\u00e1 Gallina Set para T\u00e9 -","og_description":"Es un juego para infusiones en cer\u00e1mica con su\u00e9teres bordados, se rescataron las formas de jarras mestizas de barro, d\u00e1ndole un alto valor de identidad cultural. Conformada por l\u00edneas rectas y curvas que dan un aspecto de simplicidad y equilibrio.","og_url":"https:\/\/teterete.com\/mx\/producto\/mama-gallina-set-para-te\/","article_publisher":"https:\/\/www.facebook.com\/TetereteHome\/","article_modified_time":"2021-03-11T17:46:56+00:00","og_image":[{"width":500,"height":316,"url":"https:\/\/teterete.com\/mx\/wp-content\/uploads\/2019\/04\/Screen-Shot-2019-04-21-at-10.29.29-AM.png","type":"image\/png"}],"twitter_card":"summary_large_image","twitter_site":"@Teterete_Home","schema":{"@context":"https:\/\/schema.org","@graph":[{"@type":"WebPage","@id":"https:\/\/teterete.com\/mx\/producto\/mama-gallina-set-para-te\/","url":"https:\/\/teterete.com\/mx\/producto\/mama-gallina-set-para-te\/","name":"Mam\u00e1 Gallina Set para T\u00e9 -","isPartOf":{"@id":"https:\/\/teterete.com\/mx\/#website"},"primaryImageOfPage":{"@id":"https:\/\/teterete.com\/mx\/producto\/mama-gallina-set-para-te\/#primaryimage"},"image":{"@id":"https:\/\/teterete.com\/mx\/producto\/mama-gallina-set-para-te\/#primaryimage"},"thumbnailUrl":"https:\/\/teterete.com\/mx\/wp-content\/uploads\/2019\/04\/Screen-Shot-2019-04-21-at-10.29.29-AM.png","datePublished":"2019-04-21T15:21:37+00:00","dateModified":"2021-03-11T17:46:56+00:00","breadcrumb":{"@id":"https:\/\/teterete.com\/mx\/producto\/mama-gallina-set-para-te\/#breadcrumb"},"inLanguage":"es","potentialAction":[{"@type":"ReadAction","target":["https:\/\/teterete.com\/mx\/producto\/mama-gallina-set-para-te\/"]}]},{"@type":"ImageObject","inLanguage":"es","@id":"https:\/\/teterete.com\/mx\/producto\/mama-gallina-set-para-te\/#primaryimage","url":"https:\/\/teterete.com\/mx\/wp-content\/uploads\/2019\/04\/Screen-Shot-2019-04-21-at-10.29.29-AM.png","contentUrl":"https:\/\/teterete.com\/mx\/wp-content\/uploads\/2019\/04\/Screen-Shot-2019-04-21-at-10.29.29-AM.png","width":500,"height":316,"caption":"Set para T\u00e9 en Cer\u00e1mica"},{"@type":"BreadcrumbList","@id":"https:\/\/teterete.com\/mx\/producto\/mama-gallina-set-para-te\/#breadcrumb","itemListElement":[{"@type":"ListItem","position":1,"name":"Home","item":"https:\/\/teterete.com\/mx\/"},{"@type":"ListItem","position":2,"name":"Productos","item":"https:\/\/teterete.com\/mx\/shop\/"},{"@type":"ListItem","position":3,"name":"Mam\u00e1 Gallina Set para T\u00e9"}]},{"@type":"WebSite","@id":"https:\/\/teterete.com\/mx\/#website","url":"https:\/\/teterete.com\/mx\/","name":"","description":"Tienda en L\u00ednea de Fina Artesanias y Dise\u00f1o Mexicano. Bellas piezas elaboradas a mano por los mejores artesanos del pa\u00eds as\u00ed como piezas de dise\u00f1o y decoraci\u00f3n con inspiraci\u00f3n artesanal.","potentialAction":[{"@type":"SearchAction","target":{"@type":"EntryPoint","urlTemplate":"https:\/\/teterete.com\/mx\/?s={search_term_string}"},"query-input":{"@type":"PropertyValueSpecification","valueRequired":true,"valueName":"search_term_string"}}],"inLanguage":"es"}]}},"_links":{"self":[{"href":"https:\/\/teterete.com\/mx\/wp-json\/wp\/v2\/product\/5813"}],"collection":[{"href":"https:\/\/teterete.com\/mx\/wp-json\/wp\/v2\/product"}],"about":[{"href":"https:\/\/teterete.com\/mx\/wp-json\/wp\/v2\/types\/product"}],"replies":[{"embeddable":true,"href":"https:\/\/teterete.com\/mx\/wp-json\/wp\/v2\/comments?post=5813"}],"wp:featuredmedia":[{"embeddable":true,"href":"https:\/\/teterete.com\/mx\/wp-json\/wp\/v2\/media\/5817"}],"wp:attachment":[{"href":"https:\/\/teterete.com\/mx\/wp-json\/wp\/v2\/media?parent=5813"}],"wp:term":[{"taxonomy":"product_cat","embeddable":true,"href":"https:\/\/teterete.com\/mx\/wp-json\/wp\/v2\/product_cat?post=5813"},{"taxonomy":"product_tag","embeddable":true,"href":"https:\/\/teterete.com\/mx\/wp-json\/wp\/v2\/product_tag?post=5813"}],"curies":[{"name":"wp","href":"https:\/\/api.w.org\/{rel}","templated":true}]}}