{"id":5834,"date":"2019-04-21T16:42:40","date_gmt":"2019-04-21T16:42:40","guid":{"rendered":"https:\/\/teterete.com\/mx\/?post_type=product&#038;p=5834"},"modified":"2024-04-12T19:48:04","modified_gmt":"2024-04-12T19:48:04","slug":"polka-con-vaso","status":"publish","type":"product","link":"https:\/\/teterete.com\/mx\/producto\/polka-con-vaso\/","title":{"rendered":"Polka con Vaso"},"content":{"rendered":"<p>Set de Jarra con vaso<br \/>\nCer\u00e1mica de alta temperatura<br \/>\nColor: Blanco brillante con calca de color edici\u00f3n especial por los 18 a\u00f1os de Arta Cer\u00e1mica.<br \/>\nMedidas generales: 8 x 8 x 26 cm<br \/>\nCapacidad:<br \/>\nJarra 425 ml \/ 14.5 oz<br \/>\nVaso: 250 ml \/ 8 oz<br \/>\nDise\u00f1ado por Gloria Rubio<br \/>\nGr\u00e1fico de Sophie Greenspan<\/p>\n<p>Entrega 3-5 d\u00edas h\u00e1biles<\/p>\n<p>&nbsp;<\/p>\n","protected":false},"excerpt":{"rendered":"<p>Jarra de agua con vaso ideal para tu mesa de noche. Producida m\u00e1s de 10,000 veces la convierte en uno de nuestros objetos favoritos, perfecta para regalo corporativo.<\/p>\n","protected":false},"featured_media":11572,"comment_status":"open","ping_status":"closed","template":"","meta":{"_acf_changed":false,"sfsi_plus_gutenberg_text_before_share":"","sfsi_plus_gutenberg_show_text_before_share":"","sfsi_plus_gutenberg_icon_type":"","sfsi_plus_gutenberg_icon_alignemt":"","sfsi_plus_gutenburg_max_per_row":""},"product_brand":[],"product_cat":[1882,15,538,346,338],"product_tag":[1246,1243,1150,1245,671,1188,1244],"class_list":{"0":"post-5834","1":"product","2":"type-product","3":"status-publish","4":"has-post-thumbnail","6":"product_cat-bar","7":"product_cat-ceramica","8":"product_cat-para_el","9":"product_cat-servicio-de-mesa","10":"product_cat-utensilio","11":"product_tag-jarra-para-agua-ceramica","12":"product_tag-polka","13":"product_tag-servicio-de-mesa","14":"product_tag-termo-para-agua-vaso-para-agua","15":"product_tag-tienda-de-artesanias","16":"product_tag-tienda-de-decoracion","17":"product_tag-vaso-de-cristal","18":"product_shipping_class-standard","20":"first","21":"instock","22":"taxable","23":"shipping-taxable","24":"purchasable","25":"product-type-simple"},"acf":[],"yoast_head":"<!-- This site is optimized with the Yoast SEO plugin v27.5 - https:\/\/yoast.com\/product\/yoast-seo-wordpress\/ -->\n<title>Polka con Vaso -<\/title>\n<meta name=\"description\" content=\"Polka con Vaso para tu escritorio o mesa de noche, incluye tu bebida favorita en una pieza divertida de cer\u00e1mica.\" \/>\n<meta name=\"robots\" content=\"index, follow, max-snippet:-1, max-image-preview:large, max-video-preview:-1\" \/>\n<link rel=\"canonical\" href=\"https:\/\/teterete.com\/mx\/producto\/polka-con-vaso\/\" \/>\n<meta property=\"og:locale\" content=\"es_ES\" \/>\n<meta property=\"og:type\" content=\"article\" \/>\n<meta property=\"og:title\" content=\"Polka con Vaso -\" \/>\n<meta property=\"og:description\" content=\"Polka con Vaso para tu escritorio o mesa de noche, incluye tu bebida favorita en una pieza divertida de cer\u00e1mica.\" \/>\n<meta property=\"og:url\" content=\"https:\/\/teterete.com\/mx\/producto\/polka-con-vaso\/\" \/>\n<meta property=\"article:publisher\" content=\"https:\/\/www.facebook.com\/TetereteHome\/\" \/>\n<meta property=\"article:modified_time\" content=\"2024-04-12T19:48:04+00:00\" \/>\n<meta property=\"og:image\" content=\"https:\/\/teterete.com\/mx\/wp-content\/uploads\/2019\/04\/polka-con-ilustracion.jpg.webp\" \/>\n\t<meta property=\"og:image:width\" content=\"1000\" \/>\n\t<meta property=\"og:image:height\" content=\"1000\" \/>\n\t<meta property=\"og:image:type\" content=\"image\/webp\" \/>\n<meta name=\"twitter:card\" content=\"summary_large_image\" \/>\n<meta name=\"twitter:site\" content=\"@Teterete_Home\" \/>\n<meta name=\"twitter:label1\" content=\"Tiempo de lectura\" \/>\n\t<meta name=\"twitter:data1\" content=\"1 minuto\" \/>\n<script type=\"application\/ld+json\" class=\"yoast-schema-graph\">{\"@context\":\"https:\\\/\\\/schema.org\",\"@graph\":[{\"@type\":\"WebPage\",\"@id\":\"https:\\\/\\\/teterete.com\\\/mx\\\/producto\\\/polka-con-vaso\\\/\",\"url\":\"https:\\\/\\\/teterete.com\\\/mx\\\/producto\\\/polka-con-vaso\\\/\",\"name\":\"Polka con Vaso -\",\"isPartOf\":{\"@id\":\"https:\\\/\\\/teterete.com\\\/mx\\\/#website\"},\"primaryImageOfPage\":{\"@id\":\"https:\\\/\\\/teterete.com\\\/mx\\\/producto\\\/polka-con-vaso\\\/#primaryimage\"},\"image\":{\"@id\":\"https:\\\/\\\/teterete.com\\\/mx\\\/producto\\\/polka-con-vaso\\\/#primaryimage\"},\"thumbnailUrl\":\"https:\\\/\\\/teterete.com\\\/mx\\\/wp-content\\\/uploads\\\/2019\\\/04\\\/polka-con-ilustracion.jpg.webp\",\"datePublished\":\"2019-04-21T16:42:40+00:00\",\"dateModified\":\"2024-04-12T19:48:04+00:00\",\"description\":\"Polka con Vaso para tu escritorio o mesa de noche, incluye tu bebida favorita en una pieza divertida de cer\u00e1mica.\",\"breadcrumb\":{\"@id\":\"https:\\\/\\\/teterete.com\\\/mx\\\/producto\\\/polka-con-vaso\\\/#breadcrumb\"},\"inLanguage\":\"es\",\"potentialAction\":[{\"@type\":\"ReadAction\",\"target\":[\"https:\\\/\\\/teterete.com\\\/mx\\\/producto\\\/polka-con-vaso\\\/\"]}]},{\"@type\":\"ImageObject\",\"inLanguage\":\"es\",\"@id\":\"https:\\\/\\\/teterete.com\\\/mx\\\/producto\\\/polka-con-vaso\\\/#primaryimage\",\"url\":\"https:\\\/\\\/teterete.com\\\/mx\\\/wp-content\\\/uploads\\\/2019\\\/04\\\/polka-con-ilustracion.jpg.webp\",\"contentUrl\":\"https:\\\/\\\/teterete.com\\\/mx\\\/wp-content\\\/uploads\\\/2019\\\/04\\\/polka-con-ilustracion.jpg.webp\",\"width\":1000,\"height\":1000,\"caption\":\"Polka con Ilustraci\u00f3n\"},{\"@type\":\"BreadcrumbList\",\"@id\":\"https:\\\/\\\/teterete.com\\\/mx\\\/producto\\\/polka-con-vaso\\\/#breadcrumb\",\"itemListElement\":[{\"@type\":\"ListItem\",\"position\":1,\"name\":\"Home\",\"item\":\"https:\\\/\\\/teterete.com\\\/mx\\\/\"},{\"@type\":\"ListItem\",\"position\":2,\"name\":\"Productos\",\"item\":\"https:\\\/\\\/teterete.com\\\/mx\\\/shop\\\/\"},{\"@type\":\"ListItem\",\"position\":3,\"name\":\"Polka con Vaso\"}]},{\"@type\":\"WebSite\",\"@id\":\"https:\\\/\\\/teterete.com\\\/mx\\\/#website\",\"url\":\"https:\\\/\\\/teterete.com\\\/mx\\\/\",\"name\":\"\",\"description\":\"Tienda en L\u00ednea de Fina Artesanias y Dise\u00f1o Mexicano. Bellas piezas elaboradas a mano por los mejores artesanos del pa\u00eds as\u00ed como piezas de dise\u00f1o y decoraci\u00f3n con inspiraci\u00f3n artesanal.\",\"potentialAction\":[{\"@type\":\"SearchAction\",\"target\":{\"@type\":\"EntryPoint\",\"urlTemplate\":\"https:\\\/\\\/teterete.com\\\/mx\\\/?s={search_term_string}\"},\"query-input\":{\"@type\":\"PropertyValueSpecification\",\"valueRequired\":true,\"valueName\":\"search_term_string\"}}],\"inLanguage\":\"es\"}]}<\/script>\n<!-- \/ Yoast SEO plugin. -->","yoast_head_json":{"title":"Polka con Vaso -","description":"Polka con Vaso para tu escritorio o mesa de noche, incluye tu bebida favorita en una pieza divertida de cer\u00e1mica.","robots":{"index":"index","follow":"follow","max-snippet":"max-snippet:-1","max-image-preview":"max-image-preview:large","max-video-preview":"max-video-preview:-1"},"canonical":"https:\/\/teterete.com\/mx\/producto\/polka-con-vaso\/","og_locale":"es_ES","og_type":"article","og_title":"Polka con Vaso -","og_description":"Polka con Vaso para tu escritorio o mesa de noche, incluye tu bebida favorita en una pieza divertida de cer\u00e1mica.","og_url":"https:\/\/teterete.com\/mx\/producto\/polka-con-vaso\/","article_publisher":"https:\/\/www.facebook.com\/TetereteHome\/","article_modified_time":"2024-04-12T19:48:04+00:00","og_image":[{"width":1000,"height":1000,"url":"https:\/\/teterete.com\/mx\/wp-content\/uploads\/2019\/04\/polka-con-ilustracion.jpg.webp","type":"image\/webp"}],"twitter_card":"summary_large_image","twitter_site":"@Teterete_Home","twitter_misc":{"Tiempo de lectura":"1 minuto"},"schema":{"@context":"https:\/\/schema.org","@graph":[{"@type":"WebPage","@id":"https:\/\/teterete.com\/mx\/producto\/polka-con-vaso\/","url":"https:\/\/teterete.com\/mx\/producto\/polka-con-vaso\/","name":"Polka con Vaso -","isPartOf":{"@id":"https:\/\/teterete.com\/mx\/#website"},"primaryImageOfPage":{"@id":"https:\/\/teterete.com\/mx\/producto\/polka-con-vaso\/#primaryimage"},"image":{"@id":"https:\/\/teterete.com\/mx\/producto\/polka-con-vaso\/#primaryimage"},"thumbnailUrl":"https:\/\/teterete.com\/mx\/wp-content\/uploads\/2019\/04\/polka-con-ilustracion.jpg.webp","datePublished":"2019-04-21T16:42:40+00:00","dateModified":"2024-04-12T19:48:04+00:00","description":"Polka con Vaso para tu escritorio o mesa de noche, incluye tu bebida favorita en una pieza divertida de cer\u00e1mica.","breadcrumb":{"@id":"https:\/\/teterete.com\/mx\/producto\/polka-con-vaso\/#breadcrumb"},"inLanguage":"es","potentialAction":[{"@type":"ReadAction","target":["https:\/\/teterete.com\/mx\/producto\/polka-con-vaso\/"]}]},{"@type":"ImageObject","inLanguage":"es","@id":"https:\/\/teterete.com\/mx\/producto\/polka-con-vaso\/#primaryimage","url":"https:\/\/teterete.com\/mx\/wp-content\/uploads\/2019\/04\/polka-con-ilustracion.jpg.webp","contentUrl":"https:\/\/teterete.com\/mx\/wp-content\/uploads\/2019\/04\/polka-con-ilustracion.jpg.webp","width":1000,"height":1000,"caption":"Polka con Ilustraci\u00f3n"},{"@type":"BreadcrumbList","@id":"https:\/\/teterete.com\/mx\/producto\/polka-con-vaso\/#breadcrumb","itemListElement":[{"@type":"ListItem","position":1,"name":"Home","item":"https:\/\/teterete.com\/mx\/"},{"@type":"ListItem","position":2,"name":"Productos","item":"https:\/\/teterete.com\/mx\/shop\/"},{"@type":"ListItem","position":3,"name":"Polka con Vaso"}]},{"@type":"WebSite","@id":"https:\/\/teterete.com\/mx\/#website","url":"https:\/\/teterete.com\/mx\/","name":"","description":"Tienda en L\u00ednea de Fina Artesanias y Dise\u00f1o Mexicano. Bellas piezas elaboradas a mano por los mejores artesanos del pa\u00eds as\u00ed como piezas de dise\u00f1o y decoraci\u00f3n con inspiraci\u00f3n artesanal.","potentialAction":[{"@type":"SearchAction","target":{"@type":"EntryPoint","urlTemplate":"https:\/\/teterete.com\/mx\/?s={search_term_string}"},"query-input":{"@type":"PropertyValueSpecification","valueRequired":true,"valueName":"search_term_string"}}],"inLanguage":"es"}]}},"_links":{"self":[{"href":"https:\/\/teterete.com\/mx\/wp-json\/wp\/v2\/product\/5834","targetHints":{"allow":["GET"]}}],"collection":[{"href":"https:\/\/teterete.com\/mx\/wp-json\/wp\/v2\/product"}],"about":[{"href":"https:\/\/teterete.com\/mx\/wp-json\/wp\/v2\/types\/product"}],"replies":[{"embeddable":true,"href":"https:\/\/teterete.com\/mx\/wp-json\/wp\/v2\/comments?post=5834"}],"wp:featuredmedia":[{"embeddable":true,"href":"https:\/\/teterete.com\/mx\/wp-json\/wp\/v2\/media\/11572"}],"wp:attachment":[{"href":"https:\/\/teterete.com\/mx\/wp-json\/wp\/v2\/media?parent=5834"}],"wp:term":[{"taxonomy":"product_brand","embeddable":true,"href":"https:\/\/teterete.com\/mx\/wp-json\/wp\/v2\/product_brand?post=5834"},{"taxonomy":"product_cat","embeddable":true,"href":"https:\/\/teterete.com\/mx\/wp-json\/wp\/v2\/product_cat?post=5834"},{"taxonomy":"product_tag","embeddable":true,"href":"https:\/\/teterete.com\/mx\/wp-json\/wp\/v2\/product_tag?post=5834"}],"curies":[{"name":"wp","href":"https:\/\/api.w.org\/{rel}","templated":true}]}}