{"id":6047,"date":"2019-06-13T17:03:49","date_gmt":"2019-06-13T17:03:49","guid":{"rendered":"https:\/\/teterete.com\/mx\/?post_type=product&#038;p=6047"},"modified":"2025-11-17T17:40:53","modified_gmt":"2025-11-17T17:40:53","slug":"mini-frida-en-barro","status":"publish","type":"product","link":"https:\/\/teterete.com\/mx\/producto\/mini-frida-en-barro\/","title":{"rendered":"Mini Frida en Barro"},"content":{"rendered":"<p>Material: Barro policromado.<\/p>\n<p>Medidas: 9 cms Largo x 6 cms de Ancho x 12 cms de Alto<\/p>\n","protected":false},"excerpt":{"rendered":"<p>Hermosa pieza de barro decorativo representado a Frida, pintada a mano.<\/p>\n","protected":false},"featured_media":9219,"comment_status":"open","ping_status":"closed","template":"","meta":{"_acf_changed":false,"sfsi_plus_gutenberg_text_before_share":"","sfsi_plus_gutenberg_show_text_before_share":"","sfsi_plus_gutenberg_icon_type":"","sfsi_plus_gutenberg_icon_alignemt":"","sfsi_plus_gutenburg_max_per_row":""},"product_brand":[],"product_cat":[354,15,2646,542,1263,61,658,2606],"product_tag":[236,359,1068,232,1003,1301,1300,1298],"class_list":{"0":"post-6047","1":"product","2":"type-product","3":"status-publish","4":"has-post-thumbnail","6":"product_cat-barro-decorativo","7":"product_cat-ceramica","8":"product_cat-ciber-monday","9":"product_cat-figurines_y_alebrijes","10":"product_cat-moda-mexicana","11":"product_cat-para_ella","12":"product_cat-rebajas","13":"product_cat-venta-de-verano","14":"product_tag-arte-mexicano","15":"product_tag-artesanias","16":"product_tag-barro-decorativo","17":"product_tag-decoracion-mexicana","18":"product_tag-diseno-artesanal","19":"product_tag-frida","20":"product_tag-frida-de-barro","21":"product_tag-piezas-de-barro","22":"product_shipping_class-fast-delivery","24":"first","25":"instock","26":"sale","27":"taxable","28":"shipping-taxable","29":"purchasable","30":"product-type-simple"},"acf":[],"yoast_head":"<!-- This site is optimized with the Yoast SEO plugin v27.5 - https:\/\/yoast.com\/product\/yoast-seo-wordpress\/ -->\n<title>Mini Frida en Barro -<\/title>\n<meta name=\"robots\" content=\"index, follow, max-snippet:-1, max-image-preview:large, max-video-preview:-1\" \/>\n<link rel=\"canonical\" href=\"https:\/\/teterete.com\/mx\/producto\/mini-frida-en-barro\/\" \/>\n<meta property=\"og:locale\" content=\"es_ES\" \/>\n<meta property=\"og:type\" content=\"article\" \/>\n<meta property=\"og:title\" content=\"Mini Frida en Barro -\" \/>\n<meta property=\"og:description\" content=\"Hermosa pieza de barro decorativo representado a Frida, pintada a mano.\" \/>\n<meta property=\"og:url\" content=\"https:\/\/teterete.com\/mx\/producto\/mini-frida-en-barro\/\" \/>\n<meta property=\"article:publisher\" content=\"https:\/\/www.facebook.com\/TetereteHome\/\" \/>\n<meta property=\"article:modified_time\" content=\"2025-11-17T17:40:53+00:00\" \/>\n<meta property=\"og:image\" content=\"https:\/\/teterete.com\/mx\/wp-content\/uploads\/2019\/06\/Mini-Frida.jpg\" \/>\n\t<meta property=\"og:image:width\" content=\"500\" \/>\n\t<meta property=\"og:image:height\" content=\"500\" \/>\n\t<meta property=\"og:image:type\" content=\"image\/jpeg\" \/>\n<meta name=\"twitter:card\" content=\"summary_large_image\" \/>\n<meta name=\"twitter:site\" content=\"@Teterete_Home\" \/>\n<script type=\"application\/ld+json\" class=\"yoast-schema-graph\">{\"@context\":\"https:\\\/\\\/schema.org\",\"@graph\":[{\"@type\":\"WebPage\",\"@id\":\"https:\\\/\\\/teterete.com\\\/mx\\\/producto\\\/mini-frida-en-barro\\\/\",\"url\":\"https:\\\/\\\/teterete.com\\\/mx\\\/producto\\\/mini-frida-en-barro\\\/\",\"name\":\"Mini Frida en Barro -\",\"isPartOf\":{\"@id\":\"https:\\\/\\\/teterete.com\\\/mx\\\/#website\"},\"primaryImageOfPage\":{\"@id\":\"https:\\\/\\\/teterete.com\\\/mx\\\/producto\\\/mini-frida-en-barro\\\/#primaryimage\"},\"image\":{\"@id\":\"https:\\\/\\\/teterete.com\\\/mx\\\/producto\\\/mini-frida-en-barro\\\/#primaryimage\"},\"thumbnailUrl\":\"https:\\\/\\\/teterete.com\\\/mx\\\/wp-content\\\/uploads\\\/2019\\\/06\\\/Mini-Frida.jpg\",\"datePublished\":\"2019-06-13T17:03:49+00:00\",\"dateModified\":\"2025-11-17T17:40:53+00:00\",\"breadcrumb\":{\"@id\":\"https:\\\/\\\/teterete.com\\\/mx\\\/producto\\\/mini-frida-en-barro\\\/#breadcrumb\"},\"inLanguage\":\"es\",\"potentialAction\":[{\"@type\":\"ReadAction\",\"target\":[\"https:\\\/\\\/teterete.com\\\/mx\\\/producto\\\/mini-frida-en-barro\\\/\"]}]},{\"@type\":\"ImageObject\",\"inLanguage\":\"es\",\"@id\":\"https:\\\/\\\/teterete.com\\\/mx\\\/producto\\\/mini-frida-en-barro\\\/#primaryimage\",\"url\":\"https:\\\/\\\/teterete.com\\\/mx\\\/wp-content\\\/uploads\\\/2019\\\/06\\\/Mini-Frida.jpg\",\"contentUrl\":\"https:\\\/\\\/teterete.com\\\/mx\\\/wp-content\\\/uploads\\\/2019\\\/06\\\/Mini-Frida.jpg\",\"width\":\"500\",\"height\":\"500\",\"caption\":\"Frida de barro.\"},{\"@type\":\"BreadcrumbList\",\"@id\":\"https:\\\/\\\/teterete.com\\\/mx\\\/producto\\\/mini-frida-en-barro\\\/#breadcrumb\",\"itemListElement\":[{\"@type\":\"ListItem\",\"position\":1,\"name\":\"Home\",\"item\":\"https:\\\/\\\/teterete.com\\\/mx\\\/\"},{\"@type\":\"ListItem\",\"position\":2,\"name\":\"Productos\",\"item\":\"https:\\\/\\\/teterete.com\\\/mx\\\/shop\\\/\"},{\"@type\":\"ListItem\",\"position\":3,\"name\":\"Mini Frida en Barro\"}]},{\"@type\":\"WebSite\",\"@id\":\"https:\\\/\\\/teterete.com\\\/mx\\\/#website\",\"url\":\"https:\\\/\\\/teterete.com\\\/mx\\\/\",\"name\":\"\",\"description\":\"Tienda en L\u00ednea de Fina Artesanias y Dise\u00f1o Mexicano. Bellas piezas elaboradas a mano por los mejores artesanos del pa\u00eds as\u00ed como piezas de dise\u00f1o y decoraci\u00f3n con inspiraci\u00f3n artesanal.\",\"potentialAction\":[{\"@type\":\"SearchAction\",\"target\":{\"@type\":\"EntryPoint\",\"urlTemplate\":\"https:\\\/\\\/teterete.com\\\/mx\\\/?s={search_term_string}\"},\"query-input\":{\"@type\":\"PropertyValueSpecification\",\"valueRequired\":true,\"valueName\":\"search_term_string\"}}],\"inLanguage\":\"es\"}]}<\/script>\n<!-- \/ Yoast SEO plugin. -->","yoast_head_json":{"title":"Mini Frida en Barro -","robots":{"index":"index","follow":"follow","max-snippet":"max-snippet:-1","max-image-preview":"max-image-preview:large","max-video-preview":"max-video-preview:-1"},"canonical":"https:\/\/teterete.com\/mx\/producto\/mini-frida-en-barro\/","og_locale":"es_ES","og_type":"article","og_title":"Mini Frida en Barro -","og_description":"Hermosa pieza de barro decorativo representado a Frida, pintada a mano.","og_url":"https:\/\/teterete.com\/mx\/producto\/mini-frida-en-barro\/","article_publisher":"https:\/\/www.facebook.com\/TetereteHome\/","article_modified_time":"2025-11-17T17:40:53+00:00","og_image":[{"width":500,"height":500,"url":"https:\/\/teterete.com\/mx\/wp-content\/uploads\/2019\/06\/Mini-Frida.jpg","type":"image\/jpeg"}],"twitter_card":"summary_large_image","twitter_site":"@Teterete_Home","schema":{"@context":"https:\/\/schema.org","@graph":[{"@type":"WebPage","@id":"https:\/\/teterete.com\/mx\/producto\/mini-frida-en-barro\/","url":"https:\/\/teterete.com\/mx\/producto\/mini-frida-en-barro\/","name":"Mini Frida en Barro -","isPartOf":{"@id":"https:\/\/teterete.com\/mx\/#website"},"primaryImageOfPage":{"@id":"https:\/\/teterete.com\/mx\/producto\/mini-frida-en-barro\/#primaryimage"},"image":{"@id":"https:\/\/teterete.com\/mx\/producto\/mini-frida-en-barro\/#primaryimage"},"thumbnailUrl":"https:\/\/teterete.com\/mx\/wp-content\/uploads\/2019\/06\/Mini-Frida.jpg","datePublished":"2019-06-13T17:03:49+00:00","dateModified":"2025-11-17T17:40:53+00:00","breadcrumb":{"@id":"https:\/\/teterete.com\/mx\/producto\/mini-frida-en-barro\/#breadcrumb"},"inLanguage":"es","potentialAction":[{"@type":"ReadAction","target":["https:\/\/teterete.com\/mx\/producto\/mini-frida-en-barro\/"]}]},{"@type":"ImageObject","inLanguage":"es","@id":"https:\/\/teterete.com\/mx\/producto\/mini-frida-en-barro\/#primaryimage","url":"https:\/\/teterete.com\/mx\/wp-content\/uploads\/2019\/06\/Mini-Frida.jpg","contentUrl":"https:\/\/teterete.com\/mx\/wp-content\/uploads\/2019\/06\/Mini-Frida.jpg","width":"500","height":"500","caption":"Frida de barro."},{"@type":"BreadcrumbList","@id":"https:\/\/teterete.com\/mx\/producto\/mini-frida-en-barro\/#breadcrumb","itemListElement":[{"@type":"ListItem","position":1,"name":"Home","item":"https:\/\/teterete.com\/mx\/"},{"@type":"ListItem","position":2,"name":"Productos","item":"https:\/\/teterete.com\/mx\/shop\/"},{"@type":"ListItem","position":3,"name":"Mini Frida en Barro"}]},{"@type":"WebSite","@id":"https:\/\/teterete.com\/mx\/#website","url":"https:\/\/teterete.com\/mx\/","name":"","description":"Tienda en L\u00ednea de Fina Artesanias y Dise\u00f1o Mexicano. Bellas piezas elaboradas a mano por los mejores artesanos del pa\u00eds as\u00ed como piezas de dise\u00f1o y decoraci\u00f3n con inspiraci\u00f3n artesanal.","potentialAction":[{"@type":"SearchAction","target":{"@type":"EntryPoint","urlTemplate":"https:\/\/teterete.com\/mx\/?s={search_term_string}"},"query-input":{"@type":"PropertyValueSpecification","valueRequired":true,"valueName":"search_term_string"}}],"inLanguage":"es"}]}},"_links":{"self":[{"href":"https:\/\/teterete.com\/mx\/wp-json\/wp\/v2\/product\/6047","targetHints":{"allow":["GET"]}}],"collection":[{"href":"https:\/\/teterete.com\/mx\/wp-json\/wp\/v2\/product"}],"about":[{"href":"https:\/\/teterete.com\/mx\/wp-json\/wp\/v2\/types\/product"}],"replies":[{"embeddable":true,"href":"https:\/\/teterete.com\/mx\/wp-json\/wp\/v2\/comments?post=6047"}],"wp:featuredmedia":[{"embeddable":true,"href":"https:\/\/teterete.com\/mx\/wp-json\/wp\/v2\/media\/9219"}],"wp:attachment":[{"href":"https:\/\/teterete.com\/mx\/wp-json\/wp\/v2\/media?parent=6047"}],"wp:term":[{"taxonomy":"product_brand","embeddable":true,"href":"https:\/\/teterete.com\/mx\/wp-json\/wp\/v2\/product_brand?post=6047"},{"taxonomy":"product_cat","embeddable":true,"href":"https:\/\/teterete.com\/mx\/wp-json\/wp\/v2\/product_cat?post=6047"},{"taxonomy":"product_tag","embeddable":true,"href":"https:\/\/teterete.com\/mx\/wp-json\/wp\/v2\/product_tag?post=6047"}],"curies":[{"name":"wp","href":"https:\/\/api.w.org\/{rel}","templated":true}]}}