{"id":6153,"date":"2019-06-23T17:13:56","date_gmt":"2019-06-23T17:13:56","guid":{"rendered":"https:\/\/teterete.com\/mx\/?post_type=product&#038;p=6153"},"modified":"2024-09-13T22:43:47","modified_gmt":"2024-09-13T22:43:47","slug":"cojin-granada-i","status":"publish","type":"product","link":"https:\/\/teterete.com\/mx\/producto\/cojin-granada-i\/","title":{"rendered":"Cojin Granada I"},"content":{"rendered":"<p>Cuidados:<\/p>\n<p>-Evitar contacto con cloro y detergentes fuertes.<\/p>\n<p>-No lavar en casa, para limpieza profunda se recomienda lavado profesional en seco.<\/p>\n<p>-Evitar exposici\u00f3n directa al sol.<\/p>\n<p>*NO INCLUYE EL RELLENO*<\/p>\n","protected":false},"excerpt":{"rendered":"<p>Coj\u00edn decorativo de lana mexicana tejido en telar de pedal.<\/p>\n<p>Te\u00f1ido con c\u00e1scara de granada y a\u00f1il.<\/p>\n<p>Frente: Lana 100%<\/p>\n<p>Trasero: Pa\u00f1o de lana<\/p>\n<p>Medidas: 50&#215;50 cm<\/p>\n<p>Sobre pedido: Entrega 15-20 d\u00edas<\/p>\n","protected":false},"featured_media":6141,"comment_status":"open","ping_status":"closed","template":"","meta":{"sfsi_plus_gutenberg_text_before_share":"","sfsi_plus_gutenberg_show_text_before_share":"","sfsi_plus_gutenberg_icon_type":"","sfsi_plus_gutenberg_icon_alignemt":"","sfsi_plus_gutenburg_max_per_row":""},"product_cat":[210,1048,336],"product_tag":[236,1045,1046,1047,1018,1017,517,232,1003,963,1016,223,1019],"acf":[],"yoast_head":"<!-- This site is optimized with the Yoast SEO plugin v23.5 - https:\/\/yoast.com\/wordpress\/plugins\/seo\/ -->\n<title>Cojin Granada I -<\/title>\n<meta name=\"robots\" content=\"index, follow, max-snippet:-1, max-image-preview:large, max-video-preview:-1\" \/>\n<link rel=\"canonical\" href=\"https:\/\/teterete.com\/mx\/producto\/cojin-granada-i\/\" \/>\n<meta property=\"og:locale\" content=\"es_ES\" \/>\n<meta property=\"og:type\" content=\"article\" \/>\n<meta property=\"og:title\" content=\"Cojin Granada I -\" \/>\n<meta property=\"og:description\" content=\"Coj\u00edn decorativo de lana mexicana tejido en telar de pedal.  Te\u00f1ido con c\u00e1scara de granada y a\u00f1il.  Frente: Lana 100%  Trasero: Pa\u00f1o de lana  Medidas: 50x50 cm  Sobre pedido: Entrega 15-20 d\u00edas\" \/>\n<meta property=\"og:url\" content=\"https:\/\/teterete.com\/mx\/producto\/cojin-granada-i\/\" \/>\n<meta property=\"article:publisher\" content=\"https:\/\/www.facebook.com\/TetereteHome\/\" \/>\n<meta property=\"article:modified_time\" content=\"2024-09-13T22:43:47+00:00\" \/>\n<meta property=\"og:image\" content=\"https:\/\/teterete.com\/mx\/wp-content\/uploads\/2019\/06\/cojin_de_lana_mexicana.png\" \/>\n\t<meta property=\"og:image:width\" content=\"500\" \/>\n\t<meta property=\"og:image:height\" content=\"500\" \/>\n\t<meta property=\"og:image:type\" content=\"image\/png\" \/>\n<meta name=\"twitter:card\" content=\"summary_large_image\" \/>\n<meta name=\"twitter:site\" content=\"@Teterete_Home\" \/>\n<script type=\"application\/ld+json\" class=\"yoast-schema-graph\">{\"@context\":\"https:\/\/schema.org\",\"@graph\":[{\"@type\":\"WebPage\",\"@id\":\"https:\/\/teterete.com\/mx\/producto\/cojin-granada-i\/\",\"url\":\"https:\/\/teterete.com\/mx\/producto\/cojin-granada-i\/\",\"name\":\"Cojin Granada I -\",\"isPartOf\":{\"@id\":\"https:\/\/teterete.com\/mx\/#website\"},\"primaryImageOfPage\":{\"@id\":\"https:\/\/teterete.com\/mx\/producto\/cojin-granada-i\/#primaryimage\"},\"image\":{\"@id\":\"https:\/\/teterete.com\/mx\/producto\/cojin-granada-i\/#primaryimage\"},\"thumbnailUrl\":\"https:\/\/teterete.com\/mx\/wp-content\/uploads\/2019\/06\/cojin_de_lana_mexicana.png\",\"datePublished\":\"2019-06-23T17:13:56+00:00\",\"dateModified\":\"2024-09-13T22:43:47+00:00\",\"breadcrumb\":{\"@id\":\"https:\/\/teterete.com\/mx\/producto\/cojin-granada-i\/#breadcrumb\"},\"inLanguage\":\"es\",\"potentialAction\":[{\"@type\":\"ReadAction\",\"target\":[\"https:\/\/teterete.com\/mx\/producto\/cojin-granada-i\/\"]}]},{\"@type\":\"ImageObject\",\"inLanguage\":\"es\",\"@id\":\"https:\/\/teterete.com\/mx\/producto\/cojin-granada-i\/#primaryimage\",\"url\":\"https:\/\/teterete.com\/mx\/wp-content\/uploads\/2019\/06\/cojin_de_lana_mexicana.png\",\"contentUrl\":\"https:\/\/teterete.com\/mx\/wp-content\/uploads\/2019\/06\/cojin_de_lana_mexicana.png\",\"width\":500,\"height\":500,\"caption\":\"Cojin de Lana Mexicana\"},{\"@type\":\"BreadcrumbList\",\"@id\":\"https:\/\/teterete.com\/mx\/producto\/cojin-granada-i\/#breadcrumb\",\"itemListElement\":[{\"@type\":\"ListItem\",\"position\":1,\"name\":\"Home\",\"item\":\"https:\/\/teterete.com\/mx\/\"},{\"@type\":\"ListItem\",\"position\":2,\"name\":\"Productos\",\"item\":\"https:\/\/teterete.com\/mx\/shop\/\"},{\"@type\":\"ListItem\",\"position\":3,\"name\":\"Cojin Granada I\"}]},{\"@type\":\"WebSite\",\"@id\":\"https:\/\/teterete.com\/mx\/#website\",\"url\":\"https:\/\/teterete.com\/mx\/\",\"name\":\"\",\"description\":\"Tienda en L\u00ednea de Fina Artesanias y Dise\u00f1o Mexicano. Bellas piezas elaboradas a mano por los mejores artesanos del pa\u00eds as\u00ed como piezas de dise\u00f1o y decoraci\u00f3n con inspiraci\u00f3n artesanal.\",\"potentialAction\":[{\"@type\":\"SearchAction\",\"target\":{\"@type\":\"EntryPoint\",\"urlTemplate\":\"https:\/\/teterete.com\/mx\/?s={search_term_string}\"},\"query-input\":{\"@type\":\"PropertyValueSpecification\",\"valueRequired\":true,\"valueName\":\"search_term_string\"}}],\"inLanguage\":\"es\"}]}<\/script>\n<!-- \/ Yoast SEO plugin. -->","yoast_head_json":{"title":"Cojin Granada I -","robots":{"index":"index","follow":"follow","max-snippet":"max-snippet:-1","max-image-preview":"max-image-preview:large","max-video-preview":"max-video-preview:-1"},"canonical":"https:\/\/teterete.com\/mx\/producto\/cojin-granada-i\/","og_locale":"es_ES","og_type":"article","og_title":"Cojin Granada I -","og_description":"Coj\u00edn decorativo de lana mexicana tejido en telar de pedal.  Te\u00f1ido con c\u00e1scara de granada y a\u00f1il.  Frente: Lana 100%  Trasero: Pa\u00f1o de lana  Medidas: 50x50 cm  Sobre pedido: Entrega 15-20 d\u00edas","og_url":"https:\/\/teterete.com\/mx\/producto\/cojin-granada-i\/","article_publisher":"https:\/\/www.facebook.com\/TetereteHome\/","article_modified_time":"2024-09-13T22:43:47+00:00","og_image":[{"width":500,"height":500,"url":"https:\/\/teterete.com\/mx\/wp-content\/uploads\/2019\/06\/cojin_de_lana_mexicana.png","type":"image\/png"}],"twitter_card":"summary_large_image","twitter_site":"@Teterete_Home","schema":{"@context":"https:\/\/schema.org","@graph":[{"@type":"WebPage","@id":"https:\/\/teterete.com\/mx\/producto\/cojin-granada-i\/","url":"https:\/\/teterete.com\/mx\/producto\/cojin-granada-i\/","name":"Cojin Granada I -","isPartOf":{"@id":"https:\/\/teterete.com\/mx\/#website"},"primaryImageOfPage":{"@id":"https:\/\/teterete.com\/mx\/producto\/cojin-granada-i\/#primaryimage"},"image":{"@id":"https:\/\/teterete.com\/mx\/producto\/cojin-granada-i\/#primaryimage"},"thumbnailUrl":"https:\/\/teterete.com\/mx\/wp-content\/uploads\/2019\/06\/cojin_de_lana_mexicana.png","datePublished":"2019-06-23T17:13:56+00:00","dateModified":"2024-09-13T22:43:47+00:00","breadcrumb":{"@id":"https:\/\/teterete.com\/mx\/producto\/cojin-granada-i\/#breadcrumb"},"inLanguage":"es","potentialAction":[{"@type":"ReadAction","target":["https:\/\/teterete.com\/mx\/producto\/cojin-granada-i\/"]}]},{"@type":"ImageObject","inLanguage":"es","@id":"https:\/\/teterete.com\/mx\/producto\/cojin-granada-i\/#primaryimage","url":"https:\/\/teterete.com\/mx\/wp-content\/uploads\/2019\/06\/cojin_de_lana_mexicana.png","contentUrl":"https:\/\/teterete.com\/mx\/wp-content\/uploads\/2019\/06\/cojin_de_lana_mexicana.png","width":500,"height":500,"caption":"Cojin de Lana Mexicana"},{"@type":"BreadcrumbList","@id":"https:\/\/teterete.com\/mx\/producto\/cojin-granada-i\/#breadcrumb","itemListElement":[{"@type":"ListItem","position":1,"name":"Home","item":"https:\/\/teterete.com\/mx\/"},{"@type":"ListItem","position":2,"name":"Productos","item":"https:\/\/teterete.com\/mx\/shop\/"},{"@type":"ListItem","position":3,"name":"Cojin Granada I"}]},{"@type":"WebSite","@id":"https:\/\/teterete.com\/mx\/#website","url":"https:\/\/teterete.com\/mx\/","name":"","description":"Tienda en L\u00ednea de Fina Artesanias y Dise\u00f1o Mexicano. Bellas piezas elaboradas a mano por los mejores artesanos del pa\u00eds as\u00ed como piezas de dise\u00f1o y decoraci\u00f3n con inspiraci\u00f3n artesanal.","potentialAction":[{"@type":"SearchAction","target":{"@type":"EntryPoint","urlTemplate":"https:\/\/teterete.com\/mx\/?s={search_term_string}"},"query-input":{"@type":"PropertyValueSpecification","valueRequired":true,"valueName":"search_term_string"}}],"inLanguage":"es"}]}},"_links":{"self":[{"href":"https:\/\/teterete.com\/mx\/wp-json\/wp\/v2\/product\/6153"}],"collection":[{"href":"https:\/\/teterete.com\/mx\/wp-json\/wp\/v2\/product"}],"about":[{"href":"https:\/\/teterete.com\/mx\/wp-json\/wp\/v2\/types\/product"}],"replies":[{"embeddable":true,"href":"https:\/\/teterete.com\/mx\/wp-json\/wp\/v2\/comments?post=6153"}],"wp:featuredmedia":[{"embeddable":true,"href":"https:\/\/teterete.com\/mx\/wp-json\/wp\/v2\/media\/6141"}],"wp:attachment":[{"href":"https:\/\/teterete.com\/mx\/wp-json\/wp\/v2\/media?parent=6153"}],"wp:term":[{"taxonomy":"product_cat","embeddable":true,"href":"https:\/\/teterete.com\/mx\/wp-json\/wp\/v2\/product_cat?post=6153"},{"taxonomy":"product_tag","embeddable":true,"href":"https:\/\/teterete.com\/mx\/wp-json\/wp\/v2\/product_tag?post=6153"}],"curies":[{"name":"wp","href":"https:\/\/api.w.org\/{rel}","templated":true}]}}