{"id":6249,"date":"2019-07-09T23:50:58","date_gmt":"2019-07-09T23:50:58","guid":{"rendered":"https:\/\/teterete.com\/mx\/?post_type=product&#038;p=6249"},"modified":"2021-03-11T19:24:58","modified_gmt":"2021-03-11T19:24:58","slug":"tapete-coleccion-pellizco","status":"publish","type":"product","link":"https:\/\/teterete.com\/mx\/producto\/tapete-coleccion-pellizco\/","title":{"rendered":"Tapete Colecci\u00f3n Pellizco 170 x 240"},"content":{"rendered":"<p>Tapete artesanal elaborado con lana cruda.<\/p>\n<p>Medidas: 170 x 240 cm<\/p>\n<p>* Los colores pueden presentar ligeros cambios, ya que el proceso de te\u00f1ido es artesanal.<\/p>\n<p>Sobre Pedido (1 mes de entrega)<\/p>\n","protected":false},"excerpt":{"rendered":"<p>La nueva colecci\u00f3n Tapetes Pellizco es una l\u00ednea accesible y conveniente para ambientar los espacios contempor\u00e1neos. Te\u00f1idos y tejidos en telar con lana del Estado de M\u00e9xico, nuestros tapetes son perfectos como acentos de textura para los espacios m\u00e1s \u00edntimos. Pensados para el uso cotidiano, el mantenimiento de los tapetes pellizco es m\u00ednimo, solo se recomienda lavarlos a mano.<\/p>\n","protected":false},"featured_media":7511,"comment_status":"open","ping_status":"closed","template":"","meta":{"_acf_changed":false,"sfsi_plus_gutenberg_text_before_share":"","sfsi_plus_gutenberg_show_text_before_share":"","sfsi_plus_gutenberg_icon_type":"","sfsi_plus_gutenberg_icon_alignemt":"","sfsi_plus_gutenburg_max_per_row":""},"product_brand":[],"product_cat":[1516,209,68],"product_tag":[236,232,767,327,330,1321,223],"class_list":{"0":"post-6249","1":"product","2":"type-product","3":"status-publish","4":"has-post-thumbnail","6":"product_cat-tapetes-decoracion","7":"product_cat-tapetes","8":"product_cat-tapetes_recamara","9":"product_tag-arte-mexicano","10":"product_tag-decoracion-mexicana","11":"product_tag-tapetes-artesanales","12":"product_tag-tapetes-de-lana","13":"product_tag-tapetes-hechos-a-mano","14":"product_tag-tapetes-mexicanos","15":"product_tag-textiles-mexicanos","16":"product_shipping_class-especial","18":"first","19":"instock","20":"taxable","21":"shipping-taxable","22":"purchasable","23":"product-type-variable"},"acf":[],"yoast_head":"<!-- This site is optimized with the Yoast SEO plugin v27.5 - https:\/\/yoast.com\/product\/yoast-seo-wordpress\/ -->\n<title>Tapete Colecci\u00f3n Pellizco 170 x 240 -<\/title>\n<meta name=\"robots\" content=\"index, follow, max-snippet:-1, max-image-preview:large, max-video-preview:-1\" \/>\n<link rel=\"canonical\" href=\"https:\/\/teterete.com\/mx\/producto\/tapete-coleccion-pellizco\/\" \/>\n<meta property=\"og:locale\" content=\"es_ES\" \/>\n<meta property=\"og:type\" content=\"article\" \/>\n<meta property=\"og:title\" content=\"Tapete Colecci\u00f3n Pellizco 170 x 240 -\" \/>\n<meta property=\"og:description\" content=\"La nueva colecci\u00f3n Tapetes Pellizco es una l\u00ednea accesible y conveniente para ambientar los espacios contempor\u00e1neos. Te\u00f1idos y tejidos en telar con lana del Estado de M\u00e9xico, nuestros tapetes son perfectos como acentos de textura para los espacios m\u00e1s \u00edntimos. Pensados para el uso cotidiano, el mantenimiento de los tapetes pellizco es m\u00ednimo, solo se recomienda lavarlos a mano.\" \/>\n<meta property=\"og:url\" content=\"https:\/\/teterete.com\/mx\/producto\/tapete-coleccion-pellizco\/\" \/>\n<meta property=\"article:publisher\" content=\"https:\/\/www.facebook.com\/TetereteHome\/\" \/>\n<meta property=\"article:modified_time\" content=\"2021-03-11T19:24:58+00:00\" \/>\n<meta property=\"og:image\" content=\"https:\/\/teterete.com\/mx\/wp-content\/uploads\/2019\/07\/tapete-pellizco.png\" \/>\n\t<meta property=\"og:image:width\" content=\"482\" \/>\n\t<meta property=\"og:image:height\" content=\"482\" \/>\n\t<meta property=\"og:image:type\" content=\"image\/png\" \/>\n<meta name=\"twitter:card\" content=\"summary_large_image\" \/>\n<meta name=\"twitter:site\" content=\"@Teterete_Home\" \/>\n<script type=\"application\/ld+json\" class=\"yoast-schema-graph\">{\"@context\":\"https:\\\/\\\/schema.org\",\"@graph\":[{\"@type\":\"WebPage\",\"@id\":\"https:\\\/\\\/teterete.com\\\/mx\\\/producto\\\/tapete-coleccion-pellizco\\\/\",\"url\":\"https:\\\/\\\/teterete.com\\\/mx\\\/producto\\\/tapete-coleccion-pellizco\\\/\",\"name\":\"Tapete Colecci\u00f3n Pellizco 170 x 240 -\",\"isPartOf\":{\"@id\":\"https:\\\/\\\/teterete.com\\\/mx\\\/#website\"},\"primaryImageOfPage\":{\"@id\":\"https:\\\/\\\/teterete.com\\\/mx\\\/producto\\\/tapete-coleccion-pellizco\\\/#primaryimage\"},\"image\":{\"@id\":\"https:\\\/\\\/teterete.com\\\/mx\\\/producto\\\/tapete-coleccion-pellizco\\\/#primaryimage\"},\"thumbnailUrl\":\"https:\\\/\\\/teterete.com\\\/mx\\\/wp-content\\\/uploads\\\/2019\\\/07\\\/tapete-pellizco.png\",\"datePublished\":\"2019-07-09T23:50:58+00:00\",\"dateModified\":\"2021-03-11T19:24:58+00:00\",\"breadcrumb\":{\"@id\":\"https:\\\/\\\/teterete.com\\\/mx\\\/producto\\\/tapete-coleccion-pellizco\\\/#breadcrumb\"},\"inLanguage\":\"es\",\"potentialAction\":[{\"@type\":\"ReadAction\",\"target\":[\"https:\\\/\\\/teterete.com\\\/mx\\\/producto\\\/tapete-coleccion-pellizco\\\/\"]}]},{\"@type\":\"ImageObject\",\"inLanguage\":\"es\",\"@id\":\"https:\\\/\\\/teterete.com\\\/mx\\\/producto\\\/tapete-coleccion-pellizco\\\/#primaryimage\",\"url\":\"https:\\\/\\\/teterete.com\\\/mx\\\/wp-content\\\/uploads\\\/2019\\\/07\\\/tapete-pellizco.png\",\"contentUrl\":\"https:\\\/\\\/teterete.com\\\/mx\\\/wp-content\\\/uploads\\\/2019\\\/07\\\/tapete-pellizco.png\",\"width\":\"482\",\"height\":\"482\",\"caption\":\"Tapete Pellizco\"},{\"@type\":\"BreadcrumbList\",\"@id\":\"https:\\\/\\\/teterete.com\\\/mx\\\/producto\\\/tapete-coleccion-pellizco\\\/#breadcrumb\",\"itemListElement\":[{\"@type\":\"ListItem\",\"position\":1,\"name\":\"Home\",\"item\":\"https:\\\/\\\/teterete.com\\\/mx\\\/\"},{\"@type\":\"ListItem\",\"position\":2,\"name\":\"Productos\",\"item\":\"https:\\\/\\\/teterete.com\\\/mx\\\/shop\\\/\"},{\"@type\":\"ListItem\",\"position\":3,\"name\":\"Tapete Colecci\u00f3n Pellizco 170 x 240\"}]},{\"@type\":\"WebSite\",\"@id\":\"https:\\\/\\\/teterete.com\\\/mx\\\/#website\",\"url\":\"https:\\\/\\\/teterete.com\\\/mx\\\/\",\"name\":\"\",\"description\":\"Tienda en L\u00ednea de Fina Artesanias y Dise\u00f1o Mexicano. Bellas piezas elaboradas a mano por los mejores artesanos del pa\u00eds as\u00ed como piezas de dise\u00f1o y decoraci\u00f3n con inspiraci\u00f3n artesanal.\",\"potentialAction\":[{\"@type\":\"SearchAction\",\"target\":{\"@type\":\"EntryPoint\",\"urlTemplate\":\"https:\\\/\\\/teterete.com\\\/mx\\\/?s={search_term_string}\"},\"query-input\":{\"@type\":\"PropertyValueSpecification\",\"valueRequired\":true,\"valueName\":\"search_term_string\"}}],\"inLanguage\":\"es\"}]}<\/script>\n<!-- \/ Yoast SEO plugin. -->","yoast_head_json":{"title":"Tapete Colecci\u00f3n Pellizco 170 x 240 -","robots":{"index":"index","follow":"follow","max-snippet":"max-snippet:-1","max-image-preview":"max-image-preview:large","max-video-preview":"max-video-preview:-1"},"canonical":"https:\/\/teterete.com\/mx\/producto\/tapete-coleccion-pellizco\/","og_locale":"es_ES","og_type":"article","og_title":"Tapete Colecci\u00f3n Pellizco 170 x 240 -","og_description":"La nueva colecci\u00f3n Tapetes Pellizco es una l\u00ednea accesible y conveniente para ambientar los espacios contempor\u00e1neos. Te\u00f1idos y tejidos en telar con lana del Estado de M\u00e9xico, nuestros tapetes son perfectos como acentos de textura para los espacios m\u00e1s \u00edntimos. Pensados para el uso cotidiano, el mantenimiento de los tapetes pellizco es m\u00ednimo, solo se recomienda lavarlos a mano.","og_url":"https:\/\/teterete.com\/mx\/producto\/tapete-coleccion-pellizco\/","article_publisher":"https:\/\/www.facebook.com\/TetereteHome\/","article_modified_time":"2021-03-11T19:24:58+00:00","og_image":[{"width":482,"height":482,"url":"https:\/\/teterete.com\/mx\/wp-content\/uploads\/2019\/07\/tapete-pellizco.png","type":"image\/png"}],"twitter_card":"summary_large_image","twitter_site":"@Teterete_Home","schema":{"@context":"https:\/\/schema.org","@graph":[{"@type":"WebPage","@id":"https:\/\/teterete.com\/mx\/producto\/tapete-coleccion-pellizco\/","url":"https:\/\/teterete.com\/mx\/producto\/tapete-coleccion-pellizco\/","name":"Tapete Colecci\u00f3n Pellizco 170 x 240 -","isPartOf":{"@id":"https:\/\/teterete.com\/mx\/#website"},"primaryImageOfPage":{"@id":"https:\/\/teterete.com\/mx\/producto\/tapete-coleccion-pellizco\/#primaryimage"},"image":{"@id":"https:\/\/teterete.com\/mx\/producto\/tapete-coleccion-pellizco\/#primaryimage"},"thumbnailUrl":"https:\/\/teterete.com\/mx\/wp-content\/uploads\/2019\/07\/tapete-pellizco.png","datePublished":"2019-07-09T23:50:58+00:00","dateModified":"2021-03-11T19:24:58+00:00","breadcrumb":{"@id":"https:\/\/teterete.com\/mx\/producto\/tapete-coleccion-pellizco\/#breadcrumb"},"inLanguage":"es","potentialAction":[{"@type":"ReadAction","target":["https:\/\/teterete.com\/mx\/producto\/tapete-coleccion-pellizco\/"]}]},{"@type":"ImageObject","inLanguage":"es","@id":"https:\/\/teterete.com\/mx\/producto\/tapete-coleccion-pellizco\/#primaryimage","url":"https:\/\/teterete.com\/mx\/wp-content\/uploads\/2019\/07\/tapete-pellizco.png","contentUrl":"https:\/\/teterete.com\/mx\/wp-content\/uploads\/2019\/07\/tapete-pellizco.png","width":"482","height":"482","caption":"Tapete Pellizco"},{"@type":"BreadcrumbList","@id":"https:\/\/teterete.com\/mx\/producto\/tapete-coleccion-pellizco\/#breadcrumb","itemListElement":[{"@type":"ListItem","position":1,"name":"Home","item":"https:\/\/teterete.com\/mx\/"},{"@type":"ListItem","position":2,"name":"Productos","item":"https:\/\/teterete.com\/mx\/shop\/"},{"@type":"ListItem","position":3,"name":"Tapete Colecci\u00f3n Pellizco 170 x 240"}]},{"@type":"WebSite","@id":"https:\/\/teterete.com\/mx\/#website","url":"https:\/\/teterete.com\/mx\/","name":"","description":"Tienda en L\u00ednea de Fina Artesanias y Dise\u00f1o Mexicano. Bellas piezas elaboradas a mano por los mejores artesanos del pa\u00eds as\u00ed como piezas de dise\u00f1o y decoraci\u00f3n con inspiraci\u00f3n artesanal.","potentialAction":[{"@type":"SearchAction","target":{"@type":"EntryPoint","urlTemplate":"https:\/\/teterete.com\/mx\/?s={search_term_string}"},"query-input":{"@type":"PropertyValueSpecification","valueRequired":true,"valueName":"search_term_string"}}],"inLanguage":"es"}]}},"_links":{"self":[{"href":"https:\/\/teterete.com\/mx\/wp-json\/wp\/v2\/product\/6249","targetHints":{"allow":["GET"]}}],"collection":[{"href":"https:\/\/teterete.com\/mx\/wp-json\/wp\/v2\/product"}],"about":[{"href":"https:\/\/teterete.com\/mx\/wp-json\/wp\/v2\/types\/product"}],"replies":[{"embeddable":true,"href":"https:\/\/teterete.com\/mx\/wp-json\/wp\/v2\/comments?post=6249"}],"wp:featuredmedia":[{"embeddable":true,"href":"https:\/\/teterete.com\/mx\/wp-json\/wp\/v2\/media\/7511"}],"wp:attachment":[{"href":"https:\/\/teterete.com\/mx\/wp-json\/wp\/v2\/media?parent=6249"}],"wp:term":[{"taxonomy":"product_brand","embeddable":true,"href":"https:\/\/teterete.com\/mx\/wp-json\/wp\/v2\/product_brand?post=6249"},{"taxonomy":"product_cat","embeddable":true,"href":"https:\/\/teterete.com\/mx\/wp-json\/wp\/v2\/product_cat?post=6249"},{"taxonomy":"product_tag","embeddable":true,"href":"https:\/\/teterete.com\/mx\/wp-json\/wp\/v2\/product_tag?post=6249"}],"curies":[{"name":"wp","href":"https:\/\/api.w.org\/{rel}","templated":true}]}}