{"id":6360,"date":"2019-07-21T17:31:58","date_gmt":"2019-07-21T17:31:58","guid":{"rendered":"https:\/\/teterete.com\/mx\/?post_type=product&#038;p=6360"},"modified":"2022-10-13T15:37:08","modified_gmt":"2022-10-13T15:37:08","slug":"cojin-estrellas-coloridas-chiapas","status":"publish","type":"product","link":"https:\/\/teterete.com\/mx\/producto\/cojin-estrellas-coloridas-chiapas\/","title":{"rendered":"Cojin Estrellas Coloridas Chiapas"},"content":{"rendered":"<p>Hermosa colecci\u00f3n de funda para cojines elaborada por tejedoras de San Andr\u00e9s Larraizar<\/p>\n<p>Material: Algod\u00f3n<\/p>\n<p>Medidas: 4 Medidas diferentes. No incluye relleno.<\/p>\n<p>Fondo Negro.<\/p>\n<p>*En caso de no contar con inventario el tiempo de producci\u00f3n es de 4 a 6 semanas<\/p>\n<p>&nbsp;<\/p>\n","protected":false},"excerpt":{"rendered":"<p>Eklektik contribuye a la sustentabilidad de las actividades culturales y las promueve a trav\u00e9s de la creaci\u00f3n de colecciones de arte, antig\u00fcedades, investigaci\u00f3n, difusi\u00f3n y catalogaci\u00f3n del patrimonio cultural de Chiapas. Las obras maestras que promueven llegan a sus manos a trav\u00e9s de los principios de comercio justo; compr\u00e1ndolas, contribuyes a mejorar la calidad de vida de los artesanos, a preservar nuestro patrimonio cultural y a instalar el primer centro para la investigaci\u00f3n y difusi\u00f3n de la historia del arte en Chiapas que albergar\u00e1 la Biblioteca de Est\u00e9ticas en San Crist\u00f3bal de Las Casas.<\/p>\n","protected":false},"featured_media":6350,"comment_status":"open","ping_status":"closed","template":"","meta":{"_acf_changed":false,"sfsi_plus_gutenberg_text_before_share":"","sfsi_plus_gutenberg_show_text_before_share":"","sfsi_plus_gutenberg_icon_type":"","sfsi_plus_gutenberg_icon_alignemt":"","sfsi_plus_gutenburg_max_per_row":""},"product_brand":[],"product_cat":[210,336,1371],"product_tag":[236,222,1352,289,516,232,310,1353,1351,223,1284],"class_list":{"0":"post-6360","1":"product","2":"type-product","3":"status-publish","4":"has-post-thumbnail","6":"product_cat-cojines","7":"product_cat-cojines-decorativos","8":"product_cat-eklektik","9":"product_tag-arte-mexicano","10":"product_tag-artesania-mexicana","11":"product_tag-cojin-en-telar","12":"product_tag-cojines-de-chiapas","13":"product_tag-cojines-decorativos","14":"product_tag-decoracion-mexicana","15":"product_tag-teterete-decoracion","16":"product_tag-textiles-de-san-andres-larraizar","17":"product_tag-textiles-decorativos","18":"product_tag-textiles-mexicanos","19":"product_tag-tienda-artesanal-mexicana","20":"product_shipping_class-fast-delivery","22":"first","23":"instock","24":"taxable","25":"shipping-taxable","26":"purchasable","27":"product-type-variable"},"acf":[],"yoast_head":"<!-- This site is optimized with the Yoast SEO plugin v27.5 - https:\/\/yoast.com\/product\/yoast-seo-wordpress\/ -->\n<title>Cojin Estrellas Coloridas Chiapas -<\/title>\n<meta name=\"robots\" content=\"index, follow, max-snippet:-1, max-image-preview:large, max-video-preview:-1\" \/>\n<link rel=\"canonical\" href=\"https:\/\/teterete.com\/mx\/producto\/cojin-estrellas-coloridas-chiapas\/\" \/>\n<meta property=\"og:locale\" content=\"es_ES\" \/>\n<meta property=\"og:type\" content=\"article\" \/>\n<meta property=\"og:title\" content=\"Cojin Estrellas Coloridas Chiapas -\" \/>\n<meta property=\"og:description\" content=\"Eklektik contribuye a la sustentabilidad de las actividades culturales y las promueve a trav\u00e9s de la creaci\u00f3n de colecciones de arte, antig\u00fcedades, investigaci\u00f3n, difusi\u00f3n y catalogaci\u00f3n del patrimonio cultural de Chiapas. Las obras maestras que promueven llegan a sus manos a trav\u00e9s de los principios de comercio justo; compr\u00e1ndolas, contribuyes a mejorar la calidad de vida de los artesanos, a preservar nuestro patrimonio cultural y a instalar el primer centro para la investigaci\u00f3n y difusi\u00f3n de la historia del arte en Chiapas que albergar\u00e1 la Biblioteca de Est\u00e9ticas en San Crist\u00f3bal de Las Casas.\" \/>\n<meta property=\"og:url\" content=\"https:\/\/teterete.com\/mx\/producto\/cojin-estrellas-coloridas-chiapas\/\" \/>\n<meta property=\"article:publisher\" content=\"https:\/\/www.facebook.com\/TetereteHome\/\" \/>\n<meta property=\"article:modified_time\" content=\"2022-10-13T15:37:08+00:00\" \/>\n<meta property=\"og:image\" content=\"https:\/\/teterete.com\/mx\/wp-content\/uploads\/2019\/07\/estrellas_coloridas.png\" \/>\n\t<meta property=\"og:image:width\" content=\"500\" \/>\n\t<meta property=\"og:image:height\" content=\"500\" \/>\n\t<meta property=\"og:image:type\" content=\"image\/png\" \/>\n<meta name=\"twitter:card\" content=\"summary_large_image\" \/>\n<meta name=\"twitter:site\" content=\"@Teterete_Home\" \/>\n<script type=\"application\/ld+json\" class=\"yoast-schema-graph\">{\"@context\":\"https:\\\/\\\/schema.org\",\"@graph\":[{\"@type\":\"WebPage\",\"@id\":\"https:\\\/\\\/teterete.com\\\/mx\\\/producto\\\/cojin-estrellas-coloridas-chiapas\\\/\",\"url\":\"https:\\\/\\\/teterete.com\\\/mx\\\/producto\\\/cojin-estrellas-coloridas-chiapas\\\/\",\"name\":\"Cojin Estrellas Coloridas Chiapas -\",\"isPartOf\":{\"@id\":\"https:\\\/\\\/teterete.com\\\/mx\\\/#website\"},\"primaryImageOfPage\":{\"@id\":\"https:\\\/\\\/teterete.com\\\/mx\\\/producto\\\/cojin-estrellas-coloridas-chiapas\\\/#primaryimage\"},\"image\":{\"@id\":\"https:\\\/\\\/teterete.com\\\/mx\\\/producto\\\/cojin-estrellas-coloridas-chiapas\\\/#primaryimage\"},\"thumbnailUrl\":\"https:\\\/\\\/teterete.com\\\/mx\\\/wp-content\\\/uploads\\\/2019\\\/07\\\/estrellas_coloridas.png\",\"datePublished\":\"2019-07-21T17:31:58+00:00\",\"dateModified\":\"2022-10-13T15:37:08+00:00\",\"breadcrumb\":{\"@id\":\"https:\\\/\\\/teterete.com\\\/mx\\\/producto\\\/cojin-estrellas-coloridas-chiapas\\\/#breadcrumb\"},\"inLanguage\":\"es\",\"potentialAction\":[{\"@type\":\"ReadAction\",\"target\":[\"https:\\\/\\\/teterete.com\\\/mx\\\/producto\\\/cojin-estrellas-coloridas-chiapas\\\/\"]}]},{\"@type\":\"ImageObject\",\"inLanguage\":\"es\",\"@id\":\"https:\\\/\\\/teterete.com\\\/mx\\\/producto\\\/cojin-estrellas-coloridas-chiapas\\\/#primaryimage\",\"url\":\"https:\\\/\\\/teterete.com\\\/mx\\\/wp-content\\\/uploads\\\/2019\\\/07\\\/estrellas_coloridas.png\",\"contentUrl\":\"https:\\\/\\\/teterete.com\\\/mx\\\/wp-content\\\/uploads\\\/2019\\\/07\\\/estrellas_coloridas.png\",\"width\":500,\"height\":500,\"caption\":\"Cojin Estrellas Coloridas\"},{\"@type\":\"BreadcrumbList\",\"@id\":\"https:\\\/\\\/teterete.com\\\/mx\\\/producto\\\/cojin-estrellas-coloridas-chiapas\\\/#breadcrumb\",\"itemListElement\":[{\"@type\":\"ListItem\",\"position\":1,\"name\":\"Home\",\"item\":\"https:\\\/\\\/teterete.com\\\/mx\\\/\"},{\"@type\":\"ListItem\",\"position\":2,\"name\":\"Productos\",\"item\":\"https:\\\/\\\/teterete.com\\\/mx\\\/shop\\\/\"},{\"@type\":\"ListItem\",\"position\":3,\"name\":\"Cojin Estrellas Coloridas Chiapas\"}]},{\"@type\":\"WebSite\",\"@id\":\"https:\\\/\\\/teterete.com\\\/mx\\\/#website\",\"url\":\"https:\\\/\\\/teterete.com\\\/mx\\\/\",\"name\":\"\",\"description\":\"Tienda en L\u00ednea de Fina Artesanias y Dise\u00f1o Mexicano. Bellas piezas elaboradas a mano por los mejores artesanos del pa\u00eds as\u00ed como piezas de dise\u00f1o y decoraci\u00f3n con inspiraci\u00f3n artesanal.\",\"potentialAction\":[{\"@type\":\"SearchAction\",\"target\":{\"@type\":\"EntryPoint\",\"urlTemplate\":\"https:\\\/\\\/teterete.com\\\/mx\\\/?s={search_term_string}\"},\"query-input\":{\"@type\":\"PropertyValueSpecification\",\"valueRequired\":true,\"valueName\":\"search_term_string\"}}],\"inLanguage\":\"es\"}]}<\/script>\n<!-- \/ Yoast SEO plugin. -->","yoast_head_json":{"title":"Cojin Estrellas Coloridas Chiapas -","robots":{"index":"index","follow":"follow","max-snippet":"max-snippet:-1","max-image-preview":"max-image-preview:large","max-video-preview":"max-video-preview:-1"},"canonical":"https:\/\/teterete.com\/mx\/producto\/cojin-estrellas-coloridas-chiapas\/","og_locale":"es_ES","og_type":"article","og_title":"Cojin Estrellas Coloridas Chiapas -","og_description":"Eklektik contribuye a la sustentabilidad de las actividades culturales y las promueve a trav\u00e9s de la creaci\u00f3n de colecciones de arte, antig\u00fcedades, investigaci\u00f3n, difusi\u00f3n y catalogaci\u00f3n del patrimonio cultural de Chiapas. Las obras maestras que promueven llegan a sus manos a trav\u00e9s de los principios de comercio justo; compr\u00e1ndolas, contribuyes a mejorar la calidad de vida de los artesanos, a preservar nuestro patrimonio cultural y a instalar el primer centro para la investigaci\u00f3n y difusi\u00f3n de la historia del arte en Chiapas que albergar\u00e1 la Biblioteca de Est\u00e9ticas en San Crist\u00f3bal de Las Casas.","og_url":"https:\/\/teterete.com\/mx\/producto\/cojin-estrellas-coloridas-chiapas\/","article_publisher":"https:\/\/www.facebook.com\/TetereteHome\/","article_modified_time":"2022-10-13T15:37:08+00:00","og_image":[{"width":500,"height":500,"url":"https:\/\/teterete.com\/mx\/wp-content\/uploads\/2019\/07\/estrellas_coloridas.png","type":"image\/png"}],"twitter_card":"summary_large_image","twitter_site":"@Teterete_Home","schema":{"@context":"https:\/\/schema.org","@graph":[{"@type":"WebPage","@id":"https:\/\/teterete.com\/mx\/producto\/cojin-estrellas-coloridas-chiapas\/","url":"https:\/\/teterete.com\/mx\/producto\/cojin-estrellas-coloridas-chiapas\/","name":"Cojin Estrellas Coloridas Chiapas -","isPartOf":{"@id":"https:\/\/teterete.com\/mx\/#website"},"primaryImageOfPage":{"@id":"https:\/\/teterete.com\/mx\/producto\/cojin-estrellas-coloridas-chiapas\/#primaryimage"},"image":{"@id":"https:\/\/teterete.com\/mx\/producto\/cojin-estrellas-coloridas-chiapas\/#primaryimage"},"thumbnailUrl":"https:\/\/teterete.com\/mx\/wp-content\/uploads\/2019\/07\/estrellas_coloridas.png","datePublished":"2019-07-21T17:31:58+00:00","dateModified":"2022-10-13T15:37:08+00:00","breadcrumb":{"@id":"https:\/\/teterete.com\/mx\/producto\/cojin-estrellas-coloridas-chiapas\/#breadcrumb"},"inLanguage":"es","potentialAction":[{"@type":"ReadAction","target":["https:\/\/teterete.com\/mx\/producto\/cojin-estrellas-coloridas-chiapas\/"]}]},{"@type":"ImageObject","inLanguage":"es","@id":"https:\/\/teterete.com\/mx\/producto\/cojin-estrellas-coloridas-chiapas\/#primaryimage","url":"https:\/\/teterete.com\/mx\/wp-content\/uploads\/2019\/07\/estrellas_coloridas.png","contentUrl":"https:\/\/teterete.com\/mx\/wp-content\/uploads\/2019\/07\/estrellas_coloridas.png","width":500,"height":500,"caption":"Cojin Estrellas Coloridas"},{"@type":"BreadcrumbList","@id":"https:\/\/teterete.com\/mx\/producto\/cojin-estrellas-coloridas-chiapas\/#breadcrumb","itemListElement":[{"@type":"ListItem","position":1,"name":"Home","item":"https:\/\/teterete.com\/mx\/"},{"@type":"ListItem","position":2,"name":"Productos","item":"https:\/\/teterete.com\/mx\/shop\/"},{"@type":"ListItem","position":3,"name":"Cojin Estrellas Coloridas Chiapas"}]},{"@type":"WebSite","@id":"https:\/\/teterete.com\/mx\/#website","url":"https:\/\/teterete.com\/mx\/","name":"","description":"Tienda en L\u00ednea de Fina Artesanias y Dise\u00f1o Mexicano. Bellas piezas elaboradas a mano por los mejores artesanos del pa\u00eds as\u00ed como piezas de dise\u00f1o y decoraci\u00f3n con inspiraci\u00f3n artesanal.","potentialAction":[{"@type":"SearchAction","target":{"@type":"EntryPoint","urlTemplate":"https:\/\/teterete.com\/mx\/?s={search_term_string}"},"query-input":{"@type":"PropertyValueSpecification","valueRequired":true,"valueName":"search_term_string"}}],"inLanguage":"es"}]}},"_links":{"self":[{"href":"https:\/\/teterete.com\/mx\/wp-json\/wp\/v2\/product\/6360","targetHints":{"allow":["GET"]}}],"collection":[{"href":"https:\/\/teterete.com\/mx\/wp-json\/wp\/v2\/product"}],"about":[{"href":"https:\/\/teterete.com\/mx\/wp-json\/wp\/v2\/types\/product"}],"replies":[{"embeddable":true,"href":"https:\/\/teterete.com\/mx\/wp-json\/wp\/v2\/comments?post=6360"}],"wp:featuredmedia":[{"embeddable":true,"href":"https:\/\/teterete.com\/mx\/wp-json\/wp\/v2\/media\/6350"}],"wp:attachment":[{"href":"https:\/\/teterete.com\/mx\/wp-json\/wp\/v2\/media?parent=6360"}],"wp:term":[{"taxonomy":"product_brand","embeddable":true,"href":"https:\/\/teterete.com\/mx\/wp-json\/wp\/v2\/product_brand?post=6360"},{"taxonomy":"product_cat","embeddable":true,"href":"https:\/\/teterete.com\/mx\/wp-json\/wp\/v2\/product_cat?post=6360"},{"taxonomy":"product_tag","embeddable":true,"href":"https:\/\/teterete.com\/mx\/wp-json\/wp\/v2\/product_tag?post=6360"}],"curies":[{"name":"wp","href":"https:\/\/api.w.org\/{rel}","templated":true}]}}