{"id":6494,"date":"2019-08-06T21:52:24","date_gmt":"2019-08-06T21:52:24","guid":{"rendered":"https:\/\/teterete.com\/mx\/?post_type=product&#038;p=6494"},"modified":"2023-07-27T03:47:32","modified_gmt":"2023-07-27T03:47:32","slug":"porta-panuelos-de-piedra","status":"publish","type":"product","link":"https:\/\/teterete.com\/mx\/producto\/porta-panuelos-de-piedra\/","title":{"rendered":"Porta Pa\u00f1uelos de Piedra"},"content":{"rendered":"<p>T\u00e9cnica: Tallado en Piedra<\/p>\n<p>Material: Crema Maya<\/p>\n<p>Medidas: 16 cms de ancho x 16 cms de alto.<\/p>\n","protected":false},"excerpt":{"rendered":"<p>Bello Porta Pa\u00f1uelos elaborado por artesanos de la zona Maya en Crema de Piedra. Original accesorio para tocador o ba\u00f1o<\/p>\n","protected":false},"featured_media":6495,"comment_status":"open","ping_status":"closed","template":"","meta":{"sfsi_plus_gutenberg_text_before_share":"","sfsi_plus_gutenberg_show_text_before_share":"","sfsi_plus_gutenberg_icon_type":"","sfsi_plus_gutenberg_icon_alignemt":"","sfsi_plus_gutenburg_max_per_row":""},"product_cat":[1434,334,15],"product_tag":[1377,1375,236,1387,1376,1378,1003,1386,1379],"acf":[],"yoast_head":"<!-- This site is optimized with the Yoast SEO plugin v23.5 - https:\/\/yoast.com\/wordpress\/plugins\/seo\/ -->\n<title>Porta Pa\u00f1uelos de Piedra -<\/title>\n<meta name=\"robots\" content=\"index, follow, max-snippet:-1, max-image-preview:large, max-video-preview:-1\" \/>\n<link rel=\"canonical\" href=\"https:\/\/teterete.com\/mx\/producto\/porta-panuelos-de-piedra\/\" \/>\n<meta property=\"og:locale\" content=\"es_ES\" \/>\n<meta property=\"og:type\" content=\"article\" \/>\n<meta property=\"og:title\" content=\"Porta Pa\u00f1uelos de Piedra -\" \/>\n<meta property=\"og:description\" content=\"Bello Porta Pa\u00f1uelos elaborado por artesanos de la zona Maya en Crema de Piedra. Original accesorio para tocador o ba\u00f1o\" \/>\n<meta property=\"og:url\" content=\"https:\/\/teterete.com\/mx\/producto\/porta-panuelos-de-piedra\/\" \/>\n<meta property=\"article:publisher\" content=\"https:\/\/www.facebook.com\/TetereteHome\/\" \/>\n<meta property=\"article:modified_time\" content=\"2023-07-27T03:47:32+00:00\" \/>\n<meta property=\"og:image\" content=\"https:\/\/teterete.com\/mx\/wp-content\/uploads\/2019\/08\/Porta_Pa\u00d1uelo.jpeg\" \/>\n\t<meta property=\"og:image:width\" content=\"1280\" \/>\n\t<meta property=\"og:image:height\" content=\"1280\" \/>\n\t<meta property=\"og:image:type\" content=\"image\/jpeg\" \/>\n<meta name=\"twitter:card\" content=\"summary_large_image\" \/>\n<meta name=\"twitter:site\" content=\"@Teterete_Home\" \/>\n<meta name=\"twitter:label1\" content=\"Tiempo de lectura\" \/>\n\t<meta name=\"twitter:data1\" content=\"1 minuto\" \/>\n<script type=\"application\/ld+json\" class=\"yoast-schema-graph\">{\"@context\":\"https:\/\/schema.org\",\"@graph\":[{\"@type\":\"WebPage\",\"@id\":\"https:\/\/teterete.com\/mx\/producto\/porta-panuelos-de-piedra\/\",\"url\":\"https:\/\/teterete.com\/mx\/producto\/porta-panuelos-de-piedra\/\",\"name\":\"Porta Pa\u00f1uelos de Piedra -\",\"isPartOf\":{\"@id\":\"https:\/\/teterete.com\/mx\/#website\"},\"primaryImageOfPage\":{\"@id\":\"https:\/\/teterete.com\/mx\/producto\/porta-panuelos-de-piedra\/#primaryimage\"},\"image\":{\"@id\":\"https:\/\/teterete.com\/mx\/producto\/porta-panuelos-de-piedra\/#primaryimage\"},\"thumbnailUrl\":\"https:\/\/teterete.com\/mx\/wp-content\/uploads\/2019\/08\/Porta_Pa\u00d1uelo.jpeg\",\"datePublished\":\"2019-08-06T21:52:24+00:00\",\"dateModified\":\"2023-07-27T03:47:32+00:00\",\"breadcrumb\":{\"@id\":\"https:\/\/teterete.com\/mx\/producto\/porta-panuelos-de-piedra\/#breadcrumb\"},\"inLanguage\":\"es\",\"potentialAction\":[{\"@type\":\"ReadAction\",\"target\":[\"https:\/\/teterete.com\/mx\/producto\/porta-panuelos-de-piedra\/\"]}]},{\"@type\":\"ImageObject\",\"inLanguage\":\"es\",\"@id\":\"https:\/\/teterete.com\/mx\/producto\/porta-panuelos-de-piedra\/#primaryimage\",\"url\":\"https:\/\/teterete.com\/mx\/wp-content\/uploads\/2019\/08\/Porta_Pa\u00d1uelo.jpeg\",\"contentUrl\":\"https:\/\/teterete.com\/mx\/wp-content\/uploads\/2019\/08\/Porta_Pa\u00d1uelo.jpeg\",\"width\":1280,\"height\":1280,\"caption\":\"Porta Pa\u00f1uelo de Piedra\"},{\"@type\":\"BreadcrumbList\",\"@id\":\"https:\/\/teterete.com\/mx\/producto\/porta-panuelos-de-piedra\/#breadcrumb\",\"itemListElement\":[{\"@type\":\"ListItem\",\"position\":1,\"name\":\"Home\",\"item\":\"https:\/\/teterete.com\/mx\/\"},{\"@type\":\"ListItem\",\"position\":2,\"name\":\"Productos\",\"item\":\"https:\/\/teterete.com\/mx\/shop\/\"},{\"@type\":\"ListItem\",\"position\":3,\"name\":\"Porta Pa\u00f1uelos de Piedra\"}]},{\"@type\":\"WebSite\",\"@id\":\"https:\/\/teterete.com\/mx\/#website\",\"url\":\"https:\/\/teterete.com\/mx\/\",\"name\":\"\",\"description\":\"Tienda en L\u00ednea de Fina Artesanias y Dise\u00f1o Mexicano. Bellas piezas elaboradas a mano por los mejores artesanos del pa\u00eds as\u00ed como piezas de dise\u00f1o y decoraci\u00f3n con inspiraci\u00f3n artesanal.\",\"potentialAction\":[{\"@type\":\"SearchAction\",\"target\":{\"@type\":\"EntryPoint\",\"urlTemplate\":\"https:\/\/teterete.com\/mx\/?s={search_term_string}\"},\"query-input\":{\"@type\":\"PropertyValueSpecification\",\"valueRequired\":true,\"valueName\":\"search_term_string\"}}],\"inLanguage\":\"es\"}]}<\/script>\n<!-- \/ Yoast SEO plugin. -->","yoast_head_json":{"title":"Porta Pa\u00f1uelos de Piedra -","robots":{"index":"index","follow":"follow","max-snippet":"max-snippet:-1","max-image-preview":"max-image-preview:large","max-video-preview":"max-video-preview:-1"},"canonical":"https:\/\/teterete.com\/mx\/producto\/porta-panuelos-de-piedra\/","og_locale":"es_ES","og_type":"article","og_title":"Porta Pa\u00f1uelos de Piedra -","og_description":"Bello Porta Pa\u00f1uelos elaborado por artesanos de la zona Maya en Crema de Piedra. Original accesorio para tocador o ba\u00f1o","og_url":"https:\/\/teterete.com\/mx\/producto\/porta-panuelos-de-piedra\/","article_publisher":"https:\/\/www.facebook.com\/TetereteHome\/","article_modified_time":"2023-07-27T03:47:32+00:00","og_image":[{"width":1280,"height":1280,"url":"https:\/\/teterete.com\/mx\/wp-content\/uploads\/2019\/08\/Porta_Pa\u00d1uelo.jpeg","type":"image\/jpeg"}],"twitter_card":"summary_large_image","twitter_site":"@Teterete_Home","twitter_misc":{"Tiempo de lectura":"1 minuto"},"schema":{"@context":"https:\/\/schema.org","@graph":[{"@type":"WebPage","@id":"https:\/\/teterete.com\/mx\/producto\/porta-panuelos-de-piedra\/","url":"https:\/\/teterete.com\/mx\/producto\/porta-panuelos-de-piedra\/","name":"Porta Pa\u00f1uelos de Piedra -","isPartOf":{"@id":"https:\/\/teterete.com\/mx\/#website"},"primaryImageOfPage":{"@id":"https:\/\/teterete.com\/mx\/producto\/porta-panuelos-de-piedra\/#primaryimage"},"image":{"@id":"https:\/\/teterete.com\/mx\/producto\/porta-panuelos-de-piedra\/#primaryimage"},"thumbnailUrl":"https:\/\/teterete.com\/mx\/wp-content\/uploads\/2019\/08\/Porta_Pa\u00d1uelo.jpeg","datePublished":"2019-08-06T21:52:24+00:00","dateModified":"2023-07-27T03:47:32+00:00","breadcrumb":{"@id":"https:\/\/teterete.com\/mx\/producto\/porta-panuelos-de-piedra\/#breadcrumb"},"inLanguage":"es","potentialAction":[{"@type":"ReadAction","target":["https:\/\/teterete.com\/mx\/producto\/porta-panuelos-de-piedra\/"]}]},{"@type":"ImageObject","inLanguage":"es","@id":"https:\/\/teterete.com\/mx\/producto\/porta-panuelos-de-piedra\/#primaryimage","url":"https:\/\/teterete.com\/mx\/wp-content\/uploads\/2019\/08\/Porta_Pa\u00d1uelo.jpeg","contentUrl":"https:\/\/teterete.com\/mx\/wp-content\/uploads\/2019\/08\/Porta_Pa\u00d1uelo.jpeg","width":1280,"height":1280,"caption":"Porta Pa\u00f1uelo de Piedra"},{"@type":"BreadcrumbList","@id":"https:\/\/teterete.com\/mx\/producto\/porta-panuelos-de-piedra\/#breadcrumb","itemListElement":[{"@type":"ListItem","position":1,"name":"Home","item":"https:\/\/teterete.com\/mx\/"},{"@type":"ListItem","position":2,"name":"Productos","item":"https:\/\/teterete.com\/mx\/shop\/"},{"@type":"ListItem","position":3,"name":"Porta Pa\u00f1uelos de Piedra"}]},{"@type":"WebSite","@id":"https:\/\/teterete.com\/mx\/#website","url":"https:\/\/teterete.com\/mx\/","name":"","description":"Tienda en L\u00ednea de Fina Artesanias y Dise\u00f1o Mexicano. Bellas piezas elaboradas a mano por los mejores artesanos del pa\u00eds as\u00ed como piezas de dise\u00f1o y decoraci\u00f3n con inspiraci\u00f3n artesanal.","potentialAction":[{"@type":"SearchAction","target":{"@type":"EntryPoint","urlTemplate":"https:\/\/teterete.com\/mx\/?s={search_term_string}"},"query-input":{"@type":"PropertyValueSpecification","valueRequired":true,"valueName":"search_term_string"}}],"inLanguage":"es"}]}},"_links":{"self":[{"href":"https:\/\/teterete.com\/mx\/wp-json\/wp\/v2\/product\/6494"}],"collection":[{"href":"https:\/\/teterete.com\/mx\/wp-json\/wp\/v2\/product"}],"about":[{"href":"https:\/\/teterete.com\/mx\/wp-json\/wp\/v2\/types\/product"}],"replies":[{"embeddable":true,"href":"https:\/\/teterete.com\/mx\/wp-json\/wp\/v2\/comments?post=6494"}],"wp:featuredmedia":[{"embeddable":true,"href":"https:\/\/teterete.com\/mx\/wp-json\/wp\/v2\/media\/6495"}],"wp:attachment":[{"href":"https:\/\/teterete.com\/mx\/wp-json\/wp\/v2\/media?parent=6494"}],"wp:term":[{"taxonomy":"product_cat","embeddable":true,"href":"https:\/\/teterete.com\/mx\/wp-json\/wp\/v2\/product_cat?post=6494"},{"taxonomy":"product_tag","embeddable":true,"href":"https:\/\/teterete.com\/mx\/wp-json\/wp\/v2\/product_tag?post=6494"}],"curies":[{"name":"wp","href":"https:\/\/api.w.org\/{rel}","templated":true}]}}