{"id":6524,"date":"2019-08-06T23:46:29","date_gmt":"2019-08-06T23:46:29","guid":{"rendered":"https:\/\/teterete.com\/mx\/?post_type=product&#038;p=6524"},"modified":"2024-08-28T23:29:56","modified_gmt":"2024-08-28T23:29:56","slug":"trinche-en-cuerno-tallado-a-mano","status":"publish","type":"product","link":"https:\/\/teterete.com\/mx\/producto\/trinche-en-cuerno-tallado-a-mano\/","title":{"rendered":"Trinche en Cuerno Tallado a Mano"},"content":{"rendered":"<p>T\u00e9cnica: Cuerno Tallado<\/p>\n<p>Medidas: 11 cms x 1.5 cms<\/p>\n","protected":false},"excerpt":{"rendered":"<p>Ingeniosas piezas realizadas en cuerno de vaca talladas a mano por artesanos del estado de Yucat\u00e1n.<\/p>\n","protected":false},"featured_media":6521,"comment_status":"open","ping_status":"closed","template":"","meta":{"_acf_changed":false,"sfsi_plus_gutenberg_text_before_share":"","sfsi_plus_gutenberg_show_text_before_share":"","sfsi_plus_gutenberg_icon_type":"","sfsi_plus_gutenberg_icon_alignemt":"","sfsi_plus_gutenburg_max_per_row":""},"product_brand":[],"product_cat":[1584,1434,338],"product_tag":[236,1403,222,232,310,224,1408,1409],"class_list":{"0":"post-6524","1":"product","2":"type-product","3":"status-publish","4":"has-post-thumbnail","6":"product_cat-mesa-mexicana","7":"product_cat-taller_maya","8":"product_cat-utensilio","9":"product_tag-arte-mexicano","10":"product_tag-artesania-maya","11":"product_tag-artesania-mexicana","12":"product_tag-decoracion-mexicana","13":"product_tag-teterete-decoracion","14":"product_tag-tienda-de-artesania","15":"product_tag-trinche-artesanal","16":"product_tag-trinche-de-hueso","17":"product_shipping_class-fast-delivery","19":"first","20":"instock","21":"taxable","22":"shipping-taxable","23":"purchasable","24":"product-type-simple"},"acf":[],"yoast_head":"<!-- This site is optimized with the Yoast SEO plugin v27.5 - https:\/\/yoast.com\/product\/yoast-seo-wordpress\/ -->\n<title>Trinche en Cuerno Tallado a Mano -<\/title>\n<meta name=\"robots\" content=\"index, follow, max-snippet:-1, max-image-preview:large, max-video-preview:-1\" \/>\n<link rel=\"canonical\" href=\"https:\/\/teterete.com\/mx\/producto\/trinche-en-cuerno-tallado-a-mano\/\" \/>\n<meta property=\"og:locale\" content=\"es_ES\" \/>\n<meta property=\"og:type\" content=\"article\" \/>\n<meta property=\"og:title\" content=\"Trinche en Cuerno Tallado a Mano -\" \/>\n<meta property=\"og:description\" content=\"Ingeniosas piezas realizadas en cuerno de vaca talladas a mano por artesanos del estado de Yucat\u00e1n.\" \/>\n<meta property=\"og:url\" content=\"https:\/\/teterete.com\/mx\/producto\/trinche-en-cuerno-tallado-a-mano\/\" \/>\n<meta property=\"article:publisher\" content=\"https:\/\/www.facebook.com\/TetereteHome\/\" \/>\n<meta property=\"article:modified_time\" content=\"2024-08-28T23:29:56+00:00\" \/>\n<meta property=\"og:image\" content=\"https:\/\/teterete.com\/mx\/wp-content\/uploads\/2019\/08\/cubiertos_en_cuerno.png\" \/>\n\t<meta property=\"og:image:width\" content=\"500\" \/>\n\t<meta property=\"og:image:height\" content=\"500\" \/>\n\t<meta property=\"og:image:type\" content=\"image\/png\" \/>\n<meta name=\"twitter:card\" content=\"summary_large_image\" \/>\n<meta name=\"twitter:site\" content=\"@Teterete_Home\" \/>\n<script type=\"application\/ld+json\" class=\"yoast-schema-graph\">{\"@context\":\"https:\\\/\\\/schema.org\",\"@graph\":[{\"@type\":\"WebPage\",\"@id\":\"https:\\\/\\\/teterete.com\\\/mx\\\/producto\\\/trinche-en-cuerno-tallado-a-mano\\\/\",\"url\":\"https:\\\/\\\/teterete.com\\\/mx\\\/producto\\\/trinche-en-cuerno-tallado-a-mano\\\/\",\"name\":\"Trinche en Cuerno Tallado a Mano -\",\"isPartOf\":{\"@id\":\"https:\\\/\\\/teterete.com\\\/mx\\\/#website\"},\"primaryImageOfPage\":{\"@id\":\"https:\\\/\\\/teterete.com\\\/mx\\\/producto\\\/trinche-en-cuerno-tallado-a-mano\\\/#primaryimage\"},\"image\":{\"@id\":\"https:\\\/\\\/teterete.com\\\/mx\\\/producto\\\/trinche-en-cuerno-tallado-a-mano\\\/#primaryimage\"},\"thumbnailUrl\":\"https:\\\/\\\/teterete.com\\\/mx\\\/wp-content\\\/uploads\\\/2019\\\/08\\\/cubiertos_en_cuerno.png\",\"datePublished\":\"2019-08-06T23:46:29+00:00\",\"dateModified\":\"2024-08-28T23:29:56+00:00\",\"breadcrumb\":{\"@id\":\"https:\\\/\\\/teterete.com\\\/mx\\\/producto\\\/trinche-en-cuerno-tallado-a-mano\\\/#breadcrumb\"},\"inLanguage\":\"es\",\"potentialAction\":[{\"@type\":\"ReadAction\",\"target\":[\"https:\\\/\\\/teterete.com\\\/mx\\\/producto\\\/trinche-en-cuerno-tallado-a-mano\\\/\"]}]},{\"@type\":\"ImageObject\",\"inLanguage\":\"es\",\"@id\":\"https:\\\/\\\/teterete.com\\\/mx\\\/producto\\\/trinche-en-cuerno-tallado-a-mano\\\/#primaryimage\",\"url\":\"https:\\\/\\\/teterete.com\\\/mx\\\/wp-content\\\/uploads\\\/2019\\\/08\\\/cubiertos_en_cuerno.png\",\"contentUrl\":\"https:\\\/\\\/teterete.com\\\/mx\\\/wp-content\\\/uploads\\\/2019\\\/08\\\/cubiertos_en_cuerno.png\",\"width\":500,\"height\":500,\"caption\":\"Cubiertos en Cuerno\"},{\"@type\":\"BreadcrumbList\",\"@id\":\"https:\\\/\\\/teterete.com\\\/mx\\\/producto\\\/trinche-en-cuerno-tallado-a-mano\\\/#breadcrumb\",\"itemListElement\":[{\"@type\":\"ListItem\",\"position\":1,\"name\":\"Home\",\"item\":\"https:\\\/\\\/teterete.com\\\/mx\\\/\"},{\"@type\":\"ListItem\",\"position\":2,\"name\":\"Productos\",\"item\":\"https:\\\/\\\/teterete.com\\\/mx\\\/shop\\\/\"},{\"@type\":\"ListItem\",\"position\":3,\"name\":\"Trinche en Cuerno Tallado a Mano\"}]},{\"@type\":\"WebSite\",\"@id\":\"https:\\\/\\\/teterete.com\\\/mx\\\/#website\",\"url\":\"https:\\\/\\\/teterete.com\\\/mx\\\/\",\"name\":\"\",\"description\":\"Tienda en L\u00ednea de Fina Artesanias y Dise\u00f1o Mexicano. Bellas piezas elaboradas a mano por los mejores artesanos del pa\u00eds as\u00ed como piezas de dise\u00f1o y decoraci\u00f3n con inspiraci\u00f3n artesanal.\",\"potentialAction\":[{\"@type\":\"SearchAction\",\"target\":{\"@type\":\"EntryPoint\",\"urlTemplate\":\"https:\\\/\\\/teterete.com\\\/mx\\\/?s={search_term_string}\"},\"query-input\":{\"@type\":\"PropertyValueSpecification\",\"valueRequired\":true,\"valueName\":\"search_term_string\"}}],\"inLanguage\":\"es\"}]}<\/script>\n<!-- \/ Yoast SEO plugin. -->","yoast_head_json":{"title":"Trinche en Cuerno Tallado a Mano -","robots":{"index":"index","follow":"follow","max-snippet":"max-snippet:-1","max-image-preview":"max-image-preview:large","max-video-preview":"max-video-preview:-1"},"canonical":"https:\/\/teterete.com\/mx\/producto\/trinche-en-cuerno-tallado-a-mano\/","og_locale":"es_ES","og_type":"article","og_title":"Trinche en Cuerno Tallado a Mano -","og_description":"Ingeniosas piezas realizadas en cuerno de vaca talladas a mano por artesanos del estado de Yucat\u00e1n.","og_url":"https:\/\/teterete.com\/mx\/producto\/trinche-en-cuerno-tallado-a-mano\/","article_publisher":"https:\/\/www.facebook.com\/TetereteHome\/","article_modified_time":"2024-08-28T23:29:56+00:00","og_image":[{"width":500,"height":500,"url":"https:\/\/teterete.com\/mx\/wp-content\/uploads\/2019\/08\/cubiertos_en_cuerno.png","type":"image\/png"}],"twitter_card":"summary_large_image","twitter_site":"@Teterete_Home","schema":{"@context":"https:\/\/schema.org","@graph":[{"@type":"WebPage","@id":"https:\/\/teterete.com\/mx\/producto\/trinche-en-cuerno-tallado-a-mano\/","url":"https:\/\/teterete.com\/mx\/producto\/trinche-en-cuerno-tallado-a-mano\/","name":"Trinche en Cuerno Tallado a Mano -","isPartOf":{"@id":"https:\/\/teterete.com\/mx\/#website"},"primaryImageOfPage":{"@id":"https:\/\/teterete.com\/mx\/producto\/trinche-en-cuerno-tallado-a-mano\/#primaryimage"},"image":{"@id":"https:\/\/teterete.com\/mx\/producto\/trinche-en-cuerno-tallado-a-mano\/#primaryimage"},"thumbnailUrl":"https:\/\/teterete.com\/mx\/wp-content\/uploads\/2019\/08\/cubiertos_en_cuerno.png","datePublished":"2019-08-06T23:46:29+00:00","dateModified":"2024-08-28T23:29:56+00:00","breadcrumb":{"@id":"https:\/\/teterete.com\/mx\/producto\/trinche-en-cuerno-tallado-a-mano\/#breadcrumb"},"inLanguage":"es","potentialAction":[{"@type":"ReadAction","target":["https:\/\/teterete.com\/mx\/producto\/trinche-en-cuerno-tallado-a-mano\/"]}]},{"@type":"ImageObject","inLanguage":"es","@id":"https:\/\/teterete.com\/mx\/producto\/trinche-en-cuerno-tallado-a-mano\/#primaryimage","url":"https:\/\/teterete.com\/mx\/wp-content\/uploads\/2019\/08\/cubiertos_en_cuerno.png","contentUrl":"https:\/\/teterete.com\/mx\/wp-content\/uploads\/2019\/08\/cubiertos_en_cuerno.png","width":500,"height":500,"caption":"Cubiertos en Cuerno"},{"@type":"BreadcrumbList","@id":"https:\/\/teterete.com\/mx\/producto\/trinche-en-cuerno-tallado-a-mano\/#breadcrumb","itemListElement":[{"@type":"ListItem","position":1,"name":"Home","item":"https:\/\/teterete.com\/mx\/"},{"@type":"ListItem","position":2,"name":"Productos","item":"https:\/\/teterete.com\/mx\/shop\/"},{"@type":"ListItem","position":3,"name":"Trinche en Cuerno Tallado a Mano"}]},{"@type":"WebSite","@id":"https:\/\/teterete.com\/mx\/#website","url":"https:\/\/teterete.com\/mx\/","name":"","description":"Tienda en L\u00ednea de Fina Artesanias y Dise\u00f1o Mexicano. Bellas piezas elaboradas a mano por los mejores artesanos del pa\u00eds as\u00ed como piezas de dise\u00f1o y decoraci\u00f3n con inspiraci\u00f3n artesanal.","potentialAction":[{"@type":"SearchAction","target":{"@type":"EntryPoint","urlTemplate":"https:\/\/teterete.com\/mx\/?s={search_term_string}"},"query-input":{"@type":"PropertyValueSpecification","valueRequired":true,"valueName":"search_term_string"}}],"inLanguage":"es"}]}},"_links":{"self":[{"href":"https:\/\/teterete.com\/mx\/wp-json\/wp\/v2\/product\/6524","targetHints":{"allow":["GET"]}}],"collection":[{"href":"https:\/\/teterete.com\/mx\/wp-json\/wp\/v2\/product"}],"about":[{"href":"https:\/\/teterete.com\/mx\/wp-json\/wp\/v2\/types\/product"}],"replies":[{"embeddable":true,"href":"https:\/\/teterete.com\/mx\/wp-json\/wp\/v2\/comments?post=6524"}],"wp:featuredmedia":[{"embeddable":true,"href":"https:\/\/teterete.com\/mx\/wp-json\/wp\/v2\/media\/6521"}],"wp:attachment":[{"href":"https:\/\/teterete.com\/mx\/wp-json\/wp\/v2\/media?parent=6524"}],"wp:term":[{"taxonomy":"product_brand","embeddable":true,"href":"https:\/\/teterete.com\/mx\/wp-json\/wp\/v2\/product_brand?post=6524"},{"taxonomy":"product_cat","embeddable":true,"href":"https:\/\/teterete.com\/mx\/wp-json\/wp\/v2\/product_cat?post=6524"},{"taxonomy":"product_tag","embeddable":true,"href":"https:\/\/teterete.com\/mx\/wp-json\/wp\/v2\/product_tag?post=6524"}],"curies":[{"name":"wp","href":"https:\/\/api.w.org\/{rel}","templated":true}]}}