{"id":6529,"date":"2019-08-07T16:04:52","date_gmt":"2019-08-07T16:04:52","guid":{"rendered":"https:\/\/teterete.com\/mx\/?post_type=product&#038;p=6529"},"modified":"2026-01-21T21:54:32","modified_gmt":"2026-01-21T21:54:32","slug":"hamaca-matrimonial-sansevieria","status":"publish","type":"product","link":"https:\/\/teterete.com\/mx\/producto\/hamaca-matrimonial-sansevieria\/","title":{"rendered":"Hamaca Matrimonial Sansevieria"},"content":{"rendered":"<p>T\u00e9cnica: Urdido<\/p>\n<p>Tama\u00f1o: matrimonial<\/p>\n<p>Color: Crudo\/caf\u00e9<\/p>\n<p>**Incluye par de sogas y bolsa de manta para guardarla.<\/p>\n","protected":false},"excerpt":{"rendered":"<p>Pieza \u00fanica de trabajo artesanal que conserva las formas antiguas de elaboraci\u00f3n de hamacas. Usando como materia prima el henequ\u00e9n y sansevieria, fibras naturales que cultivan, cosechan, hilan y tejen en bastidores de madera usando la t\u00e9cnica de urdido, conservando una tradici\u00f3n milenaria y dando como resultado estas bellas piezas.<\/p>\n","protected":false},"featured_media":6530,"comment_status":"open","ping_status":"closed","template":"","meta":{"_acf_changed":false,"sfsi_plus_gutenberg_text_before_share":"","sfsi_plus_gutenberg_show_text_before_share":"","sfsi_plus_gutenberg_icon_type":"","sfsi_plus_gutenberg_icon_alignemt":"","sfsi_plus_gutenburg_max_per_row":""},"product_brand":[],"product_cat":[538,350,1434,682],"product_tag":[236,232,1413,1414,1412,1415,248,223,1188],"class_list":{"0":"post-6529","1":"product","2":"type-product","3":"status-publish","4":"has-post-thumbnail","6":"product_cat-para_el","7":"product_cat-piezas-unicas","8":"product_cat-taller_maya","9":"product_cat-terraza","10":"product_tag-arte-mexicano","11":"product_tag-decoracion-mexicana","12":"product_tag-hamacas-artesanales","13":"product_tag-hamacas-de-yucatan","14":"product_tag-hamacas-mexicanas","15":"product_tag-hamacas-sansevieria","16":"product_tag-teterete-artesanias","17":"product_tag-textiles-mexicanos","18":"product_tag-tienda-de-decoracion","19":"product_shipping_class-standard","21":"first","22":"outofstock","23":"taxable","24":"shipping-taxable","25":"purchasable","26":"product-type-simple"},"acf":[],"yoast_head":"<!-- This site is optimized with the Yoast SEO plugin v27.5 - https:\/\/yoast.com\/product\/yoast-seo-wordpress\/ -->\n<title>Hamaca Matrimonial Sansevieria -<\/title>\n<meta name=\"robots\" content=\"index, follow, max-snippet:-1, max-image-preview:large, max-video-preview:-1\" \/>\n<link rel=\"canonical\" href=\"https:\/\/teterete.com\/mx\/producto\/hamaca-matrimonial-sansevieria\/\" \/>\n<meta property=\"og:locale\" content=\"es_ES\" \/>\n<meta property=\"og:type\" content=\"article\" \/>\n<meta property=\"og:title\" content=\"Hamaca Matrimonial Sansevieria -\" \/>\n<meta property=\"og:description\" content=\"Pieza \u00fanica de trabajo artesanal que conserva las formas antiguas de elaboraci\u00f3n de hamacas. Usando como materia prima el henequ\u00e9n y sansevieria, fibras naturales que cultivan, cosechan, hilan y tejen en bastidores de madera usando la t\u00e9cnica de urdido, conservando una tradici\u00f3n milenaria y dando como resultado estas bellas piezas.\" \/>\n<meta property=\"og:url\" content=\"https:\/\/teterete.com\/mx\/producto\/hamaca-matrimonial-sansevieria\/\" \/>\n<meta property=\"article:publisher\" content=\"https:\/\/www.facebook.com\/TetereteHome\/\" \/>\n<meta property=\"article:modified_time\" content=\"2026-01-21T21:54:32+00:00\" \/>\n<meta property=\"og:image\" content=\"https:\/\/teterete.com\/mx\/wp-content\/uploads\/2019\/08\/Hamaca_Sansevieria.jpeg\" \/>\n\t<meta property=\"og:image:width\" content=\"1280\" \/>\n\t<meta property=\"og:image:height\" content=\"1280\" \/>\n\t<meta property=\"og:image:type\" content=\"image\/jpeg\" \/>\n<meta name=\"twitter:card\" content=\"summary_large_image\" \/>\n<meta name=\"twitter:site\" content=\"@Teterete_Home\" \/>\n<meta name=\"twitter:label1\" content=\"Tiempo de lectura\" \/>\n\t<meta name=\"twitter:data1\" content=\"1 minuto\" \/>\n<script type=\"application\/ld+json\" class=\"yoast-schema-graph\">{\"@context\":\"https:\\\/\\\/schema.org\",\"@graph\":[{\"@type\":\"WebPage\",\"@id\":\"https:\\\/\\\/teterete.com\\\/mx\\\/producto\\\/hamaca-matrimonial-sansevieria\\\/\",\"url\":\"https:\\\/\\\/teterete.com\\\/mx\\\/producto\\\/hamaca-matrimonial-sansevieria\\\/\",\"name\":\"Hamaca Matrimonial Sansevieria -\",\"isPartOf\":{\"@id\":\"https:\\\/\\\/teterete.com\\\/mx\\\/#website\"},\"primaryImageOfPage\":{\"@id\":\"https:\\\/\\\/teterete.com\\\/mx\\\/producto\\\/hamaca-matrimonial-sansevieria\\\/#primaryimage\"},\"image\":{\"@id\":\"https:\\\/\\\/teterete.com\\\/mx\\\/producto\\\/hamaca-matrimonial-sansevieria\\\/#primaryimage\"},\"thumbnailUrl\":\"https:\\\/\\\/teterete.com\\\/mx\\\/wp-content\\\/uploads\\\/2019\\\/08\\\/Hamaca_Sansevieria.jpeg\",\"datePublished\":\"2019-08-07T16:04:52+00:00\",\"dateModified\":\"2026-01-21T21:54:32+00:00\",\"breadcrumb\":{\"@id\":\"https:\\\/\\\/teterete.com\\\/mx\\\/producto\\\/hamaca-matrimonial-sansevieria\\\/#breadcrumb\"},\"inLanguage\":\"es\",\"potentialAction\":[{\"@type\":\"ReadAction\",\"target\":[\"https:\\\/\\\/teterete.com\\\/mx\\\/producto\\\/hamaca-matrimonial-sansevieria\\\/\"]}]},{\"@type\":\"ImageObject\",\"inLanguage\":\"es\",\"@id\":\"https:\\\/\\\/teterete.com\\\/mx\\\/producto\\\/hamaca-matrimonial-sansevieria\\\/#primaryimage\",\"url\":\"https:\\\/\\\/teterete.com\\\/mx\\\/wp-content\\\/uploads\\\/2019\\\/08\\\/Hamaca_Sansevieria.jpeg\",\"contentUrl\":\"https:\\\/\\\/teterete.com\\\/mx\\\/wp-content\\\/uploads\\\/2019\\\/08\\\/Hamaca_Sansevieria.jpeg\",\"width\":1280,\"height\":1280,\"caption\":\"Hamaca Sansevieria\"},{\"@type\":\"BreadcrumbList\",\"@id\":\"https:\\\/\\\/teterete.com\\\/mx\\\/producto\\\/hamaca-matrimonial-sansevieria\\\/#breadcrumb\",\"itemListElement\":[{\"@type\":\"ListItem\",\"position\":1,\"name\":\"Home\",\"item\":\"https:\\\/\\\/teterete.com\\\/mx\\\/\"},{\"@type\":\"ListItem\",\"position\":2,\"name\":\"Productos\",\"item\":\"https:\\\/\\\/teterete.com\\\/mx\\\/shop\\\/\"},{\"@type\":\"ListItem\",\"position\":3,\"name\":\"Hamaca Matrimonial Sansevieria\"}]},{\"@type\":\"WebSite\",\"@id\":\"https:\\\/\\\/teterete.com\\\/mx\\\/#website\",\"url\":\"https:\\\/\\\/teterete.com\\\/mx\\\/\",\"name\":\"\",\"description\":\"Tienda en L\u00ednea de Fina Artesanias y Dise\u00f1o Mexicano. Bellas piezas elaboradas a mano por los mejores artesanos del pa\u00eds as\u00ed como piezas de dise\u00f1o y decoraci\u00f3n con inspiraci\u00f3n artesanal.\",\"potentialAction\":[{\"@type\":\"SearchAction\",\"target\":{\"@type\":\"EntryPoint\",\"urlTemplate\":\"https:\\\/\\\/teterete.com\\\/mx\\\/?s={search_term_string}\"},\"query-input\":{\"@type\":\"PropertyValueSpecification\",\"valueRequired\":true,\"valueName\":\"search_term_string\"}}],\"inLanguage\":\"es\"}]}<\/script>\n<!-- \/ Yoast SEO plugin. -->","yoast_head_json":{"title":"Hamaca Matrimonial Sansevieria -","robots":{"index":"index","follow":"follow","max-snippet":"max-snippet:-1","max-image-preview":"max-image-preview:large","max-video-preview":"max-video-preview:-1"},"canonical":"https:\/\/teterete.com\/mx\/producto\/hamaca-matrimonial-sansevieria\/","og_locale":"es_ES","og_type":"article","og_title":"Hamaca Matrimonial Sansevieria -","og_description":"Pieza \u00fanica de trabajo artesanal que conserva las formas antiguas de elaboraci\u00f3n de hamacas. Usando como materia prima el henequ\u00e9n y sansevieria, fibras naturales que cultivan, cosechan, hilan y tejen en bastidores de madera usando la t\u00e9cnica de urdido, conservando una tradici\u00f3n milenaria y dando como resultado estas bellas piezas.","og_url":"https:\/\/teterete.com\/mx\/producto\/hamaca-matrimonial-sansevieria\/","article_publisher":"https:\/\/www.facebook.com\/TetereteHome\/","article_modified_time":"2026-01-21T21:54:32+00:00","og_image":[{"width":1280,"height":1280,"url":"https:\/\/teterete.com\/mx\/wp-content\/uploads\/2019\/08\/Hamaca_Sansevieria.jpeg","type":"image\/jpeg"}],"twitter_card":"summary_large_image","twitter_site":"@Teterete_Home","twitter_misc":{"Tiempo de lectura":"1 minuto"},"schema":{"@context":"https:\/\/schema.org","@graph":[{"@type":"WebPage","@id":"https:\/\/teterete.com\/mx\/producto\/hamaca-matrimonial-sansevieria\/","url":"https:\/\/teterete.com\/mx\/producto\/hamaca-matrimonial-sansevieria\/","name":"Hamaca Matrimonial Sansevieria -","isPartOf":{"@id":"https:\/\/teterete.com\/mx\/#website"},"primaryImageOfPage":{"@id":"https:\/\/teterete.com\/mx\/producto\/hamaca-matrimonial-sansevieria\/#primaryimage"},"image":{"@id":"https:\/\/teterete.com\/mx\/producto\/hamaca-matrimonial-sansevieria\/#primaryimage"},"thumbnailUrl":"https:\/\/teterete.com\/mx\/wp-content\/uploads\/2019\/08\/Hamaca_Sansevieria.jpeg","datePublished":"2019-08-07T16:04:52+00:00","dateModified":"2026-01-21T21:54:32+00:00","breadcrumb":{"@id":"https:\/\/teterete.com\/mx\/producto\/hamaca-matrimonial-sansevieria\/#breadcrumb"},"inLanguage":"es","potentialAction":[{"@type":"ReadAction","target":["https:\/\/teterete.com\/mx\/producto\/hamaca-matrimonial-sansevieria\/"]}]},{"@type":"ImageObject","inLanguage":"es","@id":"https:\/\/teterete.com\/mx\/producto\/hamaca-matrimonial-sansevieria\/#primaryimage","url":"https:\/\/teterete.com\/mx\/wp-content\/uploads\/2019\/08\/Hamaca_Sansevieria.jpeg","contentUrl":"https:\/\/teterete.com\/mx\/wp-content\/uploads\/2019\/08\/Hamaca_Sansevieria.jpeg","width":1280,"height":1280,"caption":"Hamaca Sansevieria"},{"@type":"BreadcrumbList","@id":"https:\/\/teterete.com\/mx\/producto\/hamaca-matrimonial-sansevieria\/#breadcrumb","itemListElement":[{"@type":"ListItem","position":1,"name":"Home","item":"https:\/\/teterete.com\/mx\/"},{"@type":"ListItem","position":2,"name":"Productos","item":"https:\/\/teterete.com\/mx\/shop\/"},{"@type":"ListItem","position":3,"name":"Hamaca Matrimonial Sansevieria"}]},{"@type":"WebSite","@id":"https:\/\/teterete.com\/mx\/#website","url":"https:\/\/teterete.com\/mx\/","name":"","description":"Tienda en L\u00ednea de Fina Artesanias y Dise\u00f1o Mexicano. Bellas piezas elaboradas a mano por los mejores artesanos del pa\u00eds as\u00ed como piezas de dise\u00f1o y decoraci\u00f3n con inspiraci\u00f3n artesanal.","potentialAction":[{"@type":"SearchAction","target":{"@type":"EntryPoint","urlTemplate":"https:\/\/teterete.com\/mx\/?s={search_term_string}"},"query-input":{"@type":"PropertyValueSpecification","valueRequired":true,"valueName":"search_term_string"}}],"inLanguage":"es"}]}},"_links":{"self":[{"href":"https:\/\/teterete.com\/mx\/wp-json\/wp\/v2\/product\/6529","targetHints":{"allow":["GET"]}}],"collection":[{"href":"https:\/\/teterete.com\/mx\/wp-json\/wp\/v2\/product"}],"about":[{"href":"https:\/\/teterete.com\/mx\/wp-json\/wp\/v2\/types\/product"}],"replies":[{"embeddable":true,"href":"https:\/\/teterete.com\/mx\/wp-json\/wp\/v2\/comments?post=6529"}],"wp:featuredmedia":[{"embeddable":true,"href":"https:\/\/teterete.com\/mx\/wp-json\/wp\/v2\/media\/6530"}],"wp:attachment":[{"href":"https:\/\/teterete.com\/mx\/wp-json\/wp\/v2\/media?parent=6529"}],"wp:term":[{"taxonomy":"product_brand","embeddable":true,"href":"https:\/\/teterete.com\/mx\/wp-json\/wp\/v2\/product_brand?post=6529"},{"taxonomy":"product_cat","embeddable":true,"href":"https:\/\/teterete.com\/mx\/wp-json\/wp\/v2\/product_cat?post=6529"},{"taxonomy":"product_tag","embeddable":true,"href":"https:\/\/teterete.com\/mx\/wp-json\/wp\/v2\/product_tag?post=6529"}],"curies":[{"name":"wp","href":"https:\/\/api.w.org\/{rel}","templated":true}]}}